{"id":1049,"date":"2019-09-30T16:12:29","date_gmt":"2019-09-30T14:12:29","guid":{"rendered":"http:\/\/agora.xtec.cat\/ceip-timbaler\/?page_id=1049"},"modified":"2021-06-03T00:53:00","modified_gmt":"2021-06-02T22:53:00","slug":"programacio","status":"publish","type":"page","link":"https:\/\/agora.xtec.cat\/ceip-timbaler\/programacio\/","title":{"rendered":"Programaci\u00f3"},"content":{"rendered":"<h2><em><strong>Qu\u00e8 \u00e9s Google Workspace for Education?<\/strong><\/em><\/h2>\n<p>Google ofereix gratu\u00eftament als centres educatius, un seguit d\u2019eines online, administrades pel propi centre amb domini propi. El nostre domini \u00e9s\u00a0<em>@timbalerbruc.cat<\/em><\/p>\n<p>Disposem de les eines de Google, com el correu electr\u00f2nic, emmagatzament, calendari, serveis de xat, presentacions i documents compartits, tot centralitzat i administrat des de l\u2019escola.<\/p>\n<p>Si voleu saber-ne m\u00e9s, cliqueu sobre la imatge.<\/p>\n<p style=\"text-align: center;\"><a href=\"https:\/\/support.google.com\/a\/answer\/7370133?product_name=UnuFlow&amp;hl=es&amp;visit_id=637582709241447223-1140713023&amp;rd=1&amp;src=supportwidget0\" target=\"_blank\" rel=\"noopener noreferrer\"><img loading=\"lazy\" decoding=\"async\" class=\"aligncenter wp-image-21274\" src=\"https:\/\/agora.xtec.cat\/ceip-timbaler\/wp-content\/uploads\/usu1734\/2021\/06\/g-suite-cambia-a-google-workspace.jpg\" alt=\"\" width=\"479\" height=\"269\" srcset=\"https:\/\/agora.xtec.cat\/ceip-timbaler\/wp-content\/uploads\/usu1734\/2021\/06\/g-suite-cambia-a-google-workspace.jpg 1280w, https:\/\/agora.xtec.cat\/ceip-timbaler\/wp-content\/uploads\/usu1734\/2021\/06\/g-suite-cambia-a-google-workspace-300x169.jpg 300w, https:\/\/agora.xtec.cat\/ceip-timbaler\/wp-content\/uploads\/usu1734\/2021\/06\/g-suite-cambia-a-google-workspace-768x432.jpg 768w, https:\/\/agora.xtec.cat\/ceip-timbaler\/wp-content\/uploads\/usu1734\/2021\/06\/g-suite-cambia-a-google-workspace-1024x576.jpg 1024w\" sizes=\"auto, (max-width: 479px) 100vw, 479px\" \/><\/a><\/p>\n<p style=\"text-align: center;\"><iframe loading=\"lazy\" src=\"https:\/\/www.youtube.com\/embed\/8TgWVq3Or-w\" width=\"597\" height=\"392\" frameborder=\"0\"><\/iframe><\/p>\n<p>&nbsp;<\/p>\n<p>&nbsp;<\/p>\n<h2><strong><em>Qu\u00e8 \u00e9s Makey Makey?<\/em><\/strong><\/h2>\n<p><em><strong>Makey-Makey<\/strong><\/em>\u00a0\u00e9s una placa similar al mando d\u2019una videoconsola que simula ser un teclat o ratol\u00ed, el qu\u00e8 permet enviar ordres a l\u2019ordinador al que es troba conectat.<\/p>\n<p>En comptes de polsar els botons, el que fem \u00e9s tancar el circuit mitjan\u00e7ant contactes o pinces de cocodril i, d\u2019aquesta manera, es simula haver polsat un bot\u00f3. D\u2019aquesta manera, ens permet convertir qualsevol objecte de la vida quotidiana en un teclat, un mando o un ratol\u00ed.<\/p>\n<p style=\"text-align: center;\"><iframe loading=\"lazy\" src=\"https:\/\/www.youtube.com\/embed\/rfQqh7iCcOU\" width=\"697\" height=\"392\" frameborder=\"0\" data-mce-fragment=\"1\"><\/iframe><\/p>\n<p>&nbsp;<\/p>\n<h2><strong><em>Qu\u00e8 \u00e9s Micro:bit?<\/em><\/strong><\/h2>\n<p>BBC <a href=\"https:\/\/microbit.org\/es\/\" target=\"_blank\" rel=\"noopener noreferrer\">micro: bit<\/a> \u00e9s una petita targeta programable de 4&#215;5 cm dissenyada perqu\u00e8 aprendre a programar sigui\u00a0<strong>f\u00e0cil, divertit i l&#8217;abast de tots<\/strong>\u00a0.<\/p>\n<p>Gr\u00e0cies a la gran quantitat de sensors que incorpora, nom\u00e9s amb la targeta es poden dur a terme centenars de projectes.\u00a0BBC micro: bit tamb\u00e9 \u00e9s una plataforma Iot (Internet of Things), la qual cosa la fa <a href=\"https:\/\/agora.xtec.cat\/ceip-timbaler\/wp-content\/uploads\/usu1734\/2019\/10\/microbit-front-and-back.png\"><img loading=\"lazy\" decoding=\"async\" class=\"wp-image-19054 alignleft\" src=\"https:\/\/agora.xtec.cat\/ceip-timbaler\/wp-content\/uploads\/usu1734\/2019\/10\/microbit-front-and-back.png\" alt=\"\" width=\"366\" height=\"160\" srcset=\"https:\/\/agora.xtec.cat\/ceip-timbaler\/wp-content\/uploads\/usu1734\/2019\/10\/microbit-front-and-back.png 468w, https:\/\/agora.xtec.cat\/ceip-timbaler\/wp-content\/uploads\/usu1734\/2019\/10\/microbit-front-and-back-300x131.png 300w\" sizes=\"auto, (max-width: 366px) 100vw, 366px\" \/><\/a>molt interessant per a usuaris avan\u00e7ats.<\/p>\n<p><strong>I \u00e9s Open Source, \u00e9s clar<\/strong>\u00a0.\u00a0Tant el maquinari com el programari de &#8220;micro: bit&#8221; \u00e9s de codi obert.<\/p>\n<p>T\u00e9 un entorn gr\u00e0fic de propi:\u00a0<strong>MakeCode de Microsoft, un senzill editor gr\u00e0fic online molt potent i gratu\u00eft<\/strong>\u00a0que possibilita introduir-nos al m\u00f3n de la programaci\u00f3 de manera intu\u00eftiva a trav\u00e9s del llenguatge de programaci\u00f3 visual o de blocs.\u00a0Amb ell aprenem a pensar com un programador sense caure en els molestos errors de sintaxi.\u00a0MakeCode \u00e9s, sens dubte, una eina a tenir molt en compte pels nostres professors.<\/p>\n<p>&nbsp;<\/p>\n<p>&nbsp;<\/p>\n<p style=\"text-align: center;\"><iframe loading=\"lazy\" src=\"https:\/\/www.youtube.com\/embed\/Wuza5WXiMkc\" width=\"697\" height=\"392\" frameborder=\"0\" data-mce-fragment=\"1\"><span data-mce-type=\"bookmark\" style=\"display: inline-block; width: 0px; overflow: hidden; line-height: 0;\" class=\"mce_SELRES_start\">\ufeff<\/span><\/iframe><\/p>\n","protected":false},"excerpt":{"rendered":"<p>Qu\u00e8 \u00e9s Google Workspace for Education? Google ofereix gratu\u00eftament als centres educatius, un seguit d\u2019eines online, administrades pel propi centre amb domini propi. El nostre domini \u00e9s\u00a0@timbalerbruc.cat Disposem de les eines de Google, com el correu electr\u00f2nic, emmagatzament, calendari, serveis de xat, presentacions i documents compartits, tot centralitzat i administrat des de l\u2019escola. Si voleu [&hellip;]<\/p>\n","protected":false},"author":4,"featured_media":0,"parent":0,"menu_order":20,"comment_status":"closed","ping_status":"closed","template":"page-templates\/side-menu.php","meta":{"_bbp_topic_count":0,"_bbp_reply_count":0,"_bbp_total_topic_count":0,"_bbp_total_reply_count":0,"_bbp_voice_count":0,"_bbp_anonymous_reply_count":0,"_bbp_topic_count_hidden":0,"_bbp_reply_count_hidden":0,"_bbp_forum_subforum_count":0,"site-sidebar-layout":"default","site-content-layout":"","ast-site-content-layout":"","site-content-style":"default","site-sidebar-style":"default","ast-global-header-display":"","ast-banner-title-visibility":"","ast-main-header-display":"","ast-hfb-above-header-display":"","ast-hfb-below-header-display":"","ast-hfb-mobile-header-display":"","site-post-title":"","ast-breadcrumbs-content":"","ast-featured-img":"","footer-sml-layout":"","theme-transparent-header-meta":"","adv-header-id-meta":"","stick-header-meta":"","header-above-stick-meta":"","header-main-stick-meta":"","header-below-stick-meta":"","astra-migrate-meta-layouts":"default","ast-page-background-enabled":"default","ast-page-background-meta":{"desktop":{"background-color":"var(--ast-global-color-4)","background-image":"","background-repeat":"repeat","background-position":"center center","background-size":"auto","background-attachment":"scroll","background-type":"","background-media":"","overlay-type":"","overlay-color":"","overlay-opacity":"","overlay-gradient":""},"tablet":{"background-color":"","background-image":"","background-repeat":"repeat","background-position":"center center","background-size":"auto","background-attachment":"scroll","background-type":"","background-media":"","overlay-type":"","overlay-color":"","overlay-opacity":"","overlay-gradient":""},"mobile":{"background-color":"","background-image":"","background-repeat":"repeat","background-position":"center center","background-size":"auto","background-attachment":"scroll","background-type":"","background-media":"","overlay-type":"","overlay-color":"","overlay-opacity":"","overlay-gradient":""}},"ast-content-background-meta":{"desktop":{"background-color":"var(--ast-global-color-5)","background-image":"","background-repeat":"repeat","background-position":"center center","background-size":"auto","background-attachment":"scroll","background-type":"","background-media":"","overlay-type":"","overlay-color":"","overlay-opacity":"","overlay-gradient":""},"tablet":{"background-color":"var(--ast-global-color-5)","background-image":"","background-repeat":"repeat","background-position":"center center","background-size":"auto","background-attachment":"scroll","background-type":"","background-media":"","overlay-type":"","overlay-color":"","overlay-opacity":"","overlay-gradient":""},"mobile":{"background-color":"var(--ast-global-color-5)","background-image":"","background-repeat":"repeat","background-position":"center center","background-size":"auto","background-attachment":"scroll","background-type":"","background-media":"","overlay-type":"","overlay-color":"","overlay-opacity":"","overlay-gradient":""}},"footnotes":""},"class_list":["post-1049","page","type-page","status-publish","hentry"],"post_mailing_queue_ids":[],"_links":{"self":[{"href":"https:\/\/agora.xtec.cat\/ceip-timbaler\/wp-json\/wp\/v2\/pages\/1049","targetHints":{"allow":["GET"]}}],"collection":[{"href":"https:\/\/agora.xtec.cat\/ceip-timbaler\/wp-json\/wp\/v2\/pages"}],"about":[{"href":"https:\/\/agora.xtec.cat\/ceip-timbaler\/wp-json\/wp\/v2\/types\/page"}],"author":[{"embeddable":true,"href":"https:\/\/agora.xtec.cat\/ceip-timbaler\/wp-json\/wp\/v2\/users\/4"}],"replies":[{"embeddable":true,"href":"https:\/\/agora.xtec.cat\/ceip-timbaler\/wp-json\/wp\/v2\/comments?post=1049"}],"version-history":[{"count":3,"href":"https:\/\/agora.xtec.cat\/ceip-timbaler\/wp-json\/wp\/v2\/pages\/1049\/revisions"}],"predecessor-version":[{"id":21279,"href":"https:\/\/agora.xtec.cat\/ceip-timbaler\/wp-json\/wp\/v2\/pages\/1049\/revisions\/21279"}],"wp:attachment":[{"href":"https:\/\/agora.xtec.cat\/ceip-timbaler\/wp-json\/wp\/v2\/media?parent=1049"}],"curies":[{"name":"wp","href":"https:\/\/api.w.org\/{rel}","templated":true}]}}