{"id":30,"date":"2014-09-18T12:30:23","date_gmt":"2014-09-18T11:30:23","guid":{"rendered":"http:\/\/agora.xtec.cat\/ceip-til-lers\/?page_id=30"},"modified":"2021-09-07T13:52:19","modified_gmt":"2021-09-07T11:52:19","slug":"instal%c2%b7lacions","status":"publish","type":"page","link":"https:\/\/agora.xtec.cat\/ceip-til-lers\/lescola\/instal%c2%b7lacions\/","title":{"rendered":"Instal\u00b7lacions"},"content":{"rendered":"<p>La nostra escola va ser constru\u00efda a partir de l&#8217;any 1916. L&#8217;edifici que actualment cont\u00e9 les aules de Prim\u00e0ria, la biblioteca i els despatxos d&#8217;administraci\u00f3 \u00e9s aquest edifici centenari.<\/p>\n<p>Posteriorment, l&#8217;any 2000-2001 s&#8217;inici\u00e0 una primera ampliaci\u00f3 on s&#8217;ubic\u00e0 les aules d&#8217;educaci\u00f3 infantil (actualment psicomotricitat i P3).<\/p>\n<p>Ja l&#8217;any 2006 s&#8217;inaugur\u00e0 la segona ampliaci\u00f3, amb la continu\u00eftat de les aules d&#8217;infantil i menjador. Tamb\u00e9 es va construir el pavell\u00f3, les aules d&#8217;especialitat i aula de mestres en un edifici que ajunta els dos altres edificis.<\/p>\n<p><a href=\"https:\/\/photos.app.goo.gl\/ibWth2DWm955xUJS7\">Instal\u00b7lacions<\/a><\/p>\n","protected":false},"excerpt":{"rendered":"<p>La nostra escola va ser constru\u00efda a partir de l&#8217;any 1916. L&#8217;edifici que actualment cont\u00e9 les aules de Prim\u00e0ria, la biblioteca i els despatxos d&#8217;administraci\u00f3 \u00e9s aquest edifici centenari.<br \/>\nPosteriorment, l&#8217;any 2000-2001 s&#8217;inici\u00e0 una primera ampliaci\u00f3 on s&#8217;ubic\u00e0 les aules d&#8217;educaci\u00f3 infantil (actualment psicomotricitat i P3).<br \/>\nJa&hellip;  <a href=\"https:\/\/agora.xtec.cat\/ceip-til-lers\/lescola\/instal%c2%b7lacions\/\" title=\"Read Instal\u00b7lacions\">Llegeix m\u00e9s\u00bb<\/a><\/p>\n","protected":false},"author":1,"featured_media":0,"parent":22,"menu_order":40,"comment_status":"closed","ping_status":"closed","template":"page-templates\/side-menu.php","meta":{"_bbp_topic_count":0,"_bbp_reply_count":0,"_bbp_total_topic_count":0,"_bbp_total_reply_count":0,"_bbp_voice_count":0,"_bbp_anonymous_reply_count":0,"_bbp_topic_count_hidden":0,"_bbp_reply_count_hidden":0,"_bbp_forum_subforum_count":0,"footnotes":""},"class_list":["post-30","page","type-page","status-publish","hentry"],"post_mailing_queue_ids":[],"_links":{"self":[{"href":"https:\/\/agora.xtec.cat\/ceip-til-lers\/wp-json\/wp\/v2\/pages\/30","targetHints":{"allow":["GET"]}}],"collection":[{"href":"https:\/\/agora.xtec.cat\/ceip-til-lers\/wp-json\/wp\/v2\/pages"}],"about":[{"href":"https:\/\/agora.xtec.cat\/ceip-til-lers\/wp-json\/wp\/v2\/types\/page"}],"author":[{"embeddable":true,"href":"https:\/\/agora.xtec.cat\/ceip-til-lers\/wp-json\/wp\/v2\/users\/1"}],"replies":[{"embeddable":true,"href":"https:\/\/agora.xtec.cat\/ceip-til-lers\/wp-json\/wp\/v2\/comments?post=30"}],"version-history":[{"count":3,"href":"https:\/\/agora.xtec.cat\/ceip-til-lers\/wp-json\/wp\/v2\/pages\/30\/revisions"}],"predecessor-version":[{"id":712,"href":"https:\/\/agora.xtec.cat\/ceip-til-lers\/wp-json\/wp\/v2\/pages\/30\/revisions\/712"}],"up":[{"embeddable":true,"href":"https:\/\/agora.xtec.cat\/ceip-til-lers\/wp-json\/wp\/v2\/pages\/22"}],"wp:attachment":[{"href":"https:\/\/agora.xtec.cat\/ceip-til-lers\/wp-json\/wp\/v2\/media?parent=30"}],"curies":[{"name":"wp","href":"https:\/\/api.w.org\/{rel}","templated":true}]}}