{"id":28,"date":"2014-09-18T12:29:35","date_gmt":"2014-09-18T11:29:35","guid":{"rendered":"http:\/\/agora.xtec.cat\/ceip-til-lers\/?page_id=28"},"modified":"2026-02-24T16:39:44","modified_gmt":"2026-02-24T15:39:44","slug":"consell-escolar","status":"publish","type":"page","link":"https:\/\/agora.xtec.cat\/ceip-til-lers\/lescola\/consell-escolar\/","title":{"rendered":"Consell escolar"},"content":{"rendered":"<p>El consell escolar del centre \u00e9s l\u2019<strong>\u00f2rgan col\u00b7legiat de participaci\u00f3<\/strong> de la comunitat escolar en el govern del centre. En el consell escolar hi ha representats tots els col\u00b7lectius que intervenen en la comunitat educativa. D\u2019acord amb l\u2019estructura actual del centre de nou unitats, en s\u00f3n membres: el\/la directora\/a, el\/la Cap d\u2019Estudis, el\/la Secretari\/a, cinc mestres, quatre pares\/mares, un representant de la junta de l\u2019AFA, un representant del PAS\u00a0 i un representant de l&#8217;ajuntament.<\/p>\n<p>La funci\u00f3 principal del consell escolar \u00e9s participar en la presa de decisions en relaci\u00f3 amb aquells temes importants per al funcionament i l\u2019organitzaci\u00f3 del centre: el projecte educatiu, la programaci\u00f3 general, la gesti\u00f3 econ\u00f2mica, etc.<\/p>\n<p>Els membres del Consell Escolar s\u00f3n elegits per un per\u00edode de quatre anys i es renoven per meitats cada dos anys.<\/p>\n<p>Actualment els membres del nostre consell escolar s\u00f3n:<\/p>\n<table style=\"height: 280px; width: 96.3328%; border-style: none; border-color: #fafafa;\">\n<tbody>\n<tr style=\"height: 35px;\">\n<td style=\"width: 19.3669%; height: 35px; border-color: #a8a8a8; border-style: none;\"><span style=\"font-weight: 400;\">President<\/span><\/td>\n<td style=\"width: 26.8486%; height: 35px; border-color: #a8a8a8; border-style: none;\"><span style=\"font-weight: 400;\">Carles Aranda Dolcet<\/span><\/td>\n<td style=\"width: 12.0347%; height: 35px; background-color: #ffffff; border-style: none;\"><span style=\"font-weight: 400;\">\u00a0<\/span><\/td>\n<td style=\"width: 10.3436%; height: 35px; border-color: #a8a8a8; border-style: none;\"><span style=\"font-weight: 400;\">Professorat<\/span><\/td>\n<td style=\"width: 215.398%; height: 35px; border-color: #a8a8a8; border-style: none;\"><span style=\"font-weight: 400;\">Anna Corretj\u00e9 Farran<\/span><\/td>\n<\/tr>\n<tr style=\"height: 35px;\">\n<td style=\"width: 19.3669%; height: 35px; border-color: #a8a8a8; border-style: none;\"><span style=\"font-weight: 400;\">Cap d\u2019estudis<\/span><\/td>\n<td style=\"width: 26.8486%; height: 35px; border-color: #a8a8a8; border-style: none;\"><span style=\"font-weight: 400;\">\u00d2scar Campo Gallego<\/span><\/td>\n<td style=\"width: 12.0347%; height: 35px; background-color: #ffffff; border-style: none;\"><span style=\"font-weight: 400;\">\u00a0<\/span><\/td>\n<td style=\"width: 10.3436%; height: 35px; border-color: #a8a8a8; border-style: none;\"><span style=\"font-weight: 400;\">Professorat<\/span><\/td>\n<td style=\"width: 215.398%; height: 35px; border-color: #a8a8a8; border-style: none;\">Alexis Pint\u00f3 Subirada<\/td>\n<\/tr>\n<tr style=\"height: 35px;\">\n<td style=\"width: 19.3669%; height: 35px; border-color: #a8a8a8; border-style: none;\"><span style=\"font-weight: 400;\">Secret\u00e0ria<\/span><\/td>\n<td style=\"width: 26.8486%; height: 35px; border-color: #a8a8a8; border-style: none;\"><span style=\"font-weight: 400;\">Olga Teixid\u00f3 Sanjuan<\/span><\/td>\n<td style=\"width: 12.0347%; height: 35px; background-color: #ffffff; border-style: none;\"><span style=\"font-weight: 400;\">\u00a0<\/span><\/td>\n<td style=\"width: 10.3436%; height: 35px; border-color: #a8a8a8; border-style: none;\"><span style=\"font-weight: 400;\">Professorat<\/span><\/td>\n<td style=\"width: 215.398%; height: 35px; border-color: #a8a8a8; border-style: none;\"><span style=\"font-weight: 400;\">Araceli Sanahuja Navarro<\/span><\/td>\n<\/tr>\n<tr style=\"height: 35px;\">\n<td style=\"width: 19.3669%; height: 35px; border-color: #a8a8a8; border-style: none;\"><span style=\"font-weight: 400;\">Pares i mares<\/span><\/td>\n<td style=\"width: 26.8486%; height: 35px; border-color: #a8a8a8; border-style: none;\"><span style=\"font-weight: 400;\">Judit Novau Tom\u00e0s<\/span><\/td>\n<td style=\"width: 12.0347%; height: 35px; background-color: #ffffff; border-style: none;\"><span style=\"font-weight: 400;\">\u00a0<\/span><\/td>\n<td style=\"width: 10.3436%; height: 35px; border-color: #a8a8a8; border-style: none;\"><span style=\"font-weight: 400;\">Professorat<\/span><\/td>\n<td style=\"width: 215.398%; height: 35px; border-color: #a8a8a8; border-style: none;\">M. Llu\u00efsa Abert Pelegr\u00ed<\/td>\n<\/tr>\n<tr style=\"height: 35px;\">\n<td style=\"width: 19.3669%; height: 35px; border-color: #a8a8a8; border-style: none;\"><span style=\"font-weight: 400;\">Pares i mares<\/span><\/td>\n<td style=\"width: 26.8486%; height: 35px; border-color: #a8a8a8; border-style: none;\"><span style=\"font-weight: 400;\">Josep Ma. Esteve Mu\u00f1oz<\/span><\/td>\n<td style=\"width: 12.0347%; height: 35px; background-color: #ffffff; border-style: none;\"><span style=\"font-weight: 400;\">\u00a0<\/span><\/td>\n<td style=\"width: 10.3436%; height: 35px; border-color: #a8a8a8; border-style: none;\">Professorat<\/td>\n<td style=\"width: 215.398%; height: 35px; border-color: #a8a8a8; border-style: none;\">Laia Goixart Escart\u00edn<\/td>\n<\/tr>\n<tr style=\"height: 35px;\">\n<td style=\"width: 19.3669%; height: 35px; border-color: #a8a8a8; border-style: none;\">Pares i mares<\/td>\n<td style=\"width: 26.8486%; height: 35px; border-color: #a8a8a8; border-style: none;\">Elena Invernon Par\u00eds<\/td>\n<td style=\"width: 12.0347%; height: 35px; background-color: #ffffff; border-style: none;\"><span style=\"font-weight: 400;\">\u00a0<\/span><\/td>\n<td style=\"width: 10.3436%; height: 35px; border-color: #a8a8a8; border-style: none;\"><span style=\"font-weight: 400;\">PAS<\/span><\/td>\n<td style=\"width: 215.398%; height: 35px; border-color: #a8a8a8; border-style: none;\"><span style=\"font-weight: 400;\">Susanna Cases Novell<\/span><\/td>\n<\/tr>\n<tr style=\"height: 35px;\">\n<td style=\"width: 19.3669%; height: 35px; border-color: #a8a8a8; border-style: none;\">Pares i mares<\/td>\n<td style=\"width: 26.8486%; height: 35px; border-color: #a8a8a8; border-style: none;\">Nadia El Attabi<\/td>\n<td style=\"width: 12.0347%; background-color: #ffffff; border-style: none;\"><span style=\"font-weight: 400;\">\u00a0<\/span><\/td>\n<td style=\"width: 10.3436%; height: 35px; border-color: #a8a8a8; border-style: none;\"><span style=\"font-weight: 400;\">Ajuntament<\/span><\/td>\n<td style=\"width: 215.398%; height: 35px; border-color: #a8a8a8; border-style: none;\"><span style=\"font-weight: 400;\">Anna Or\u00f3 Betriu<\/span><\/td>\n<\/tr>\n<tr>\n<td style=\"width: 19.3669%; height: 35px; border-color: #a8a8a8; border-style: none;\"><span style=\"font-weight: 400;\">AFA<\/span><\/td>\n<td style=\"width: 26.8486%; height: 35px; border-color: #a8a8a8; border-style: none;\">Jose Megias Vargas<\/td>\n<td style=\"width: 12.0347%; background-color: #ffffff; border-style: none;\"><span style=\"font-weight: 400;\">\u00a0<\/span><\/td>\n<td style=\"width: 10.3436%; height: 35px; border-color: #a8a8a8; border-style: none;\"><\/td>\n<td style=\"width: 215.398%; height: 35px; border-color: #a8a8a8; border-style: none;\"><\/td>\n<\/tr>\n<\/tbody>\n<\/table>\n<p>Acords de les reunions de Consell Escolar del curs 2025-2026<\/p>\n<table style=\"height: 170px; width: 96.4733%; border-collapse: collapse;\">\n<tbody>\n<tr style=\"height: 32px;\">\n<td style=\"width: 14.7895%; height: 32px;\">DATA<\/td>\n<td style=\"width: 9.215%; text-align: center; height: 32px;\">SESSI\u00d3<\/td>\n<td style=\"width: 9.215%; text-align: center; height: 32px;\">N\u00daMERO<\/td>\n<td style=\"width: 63.2537%; height: 32px;\">ACORDS<\/td>\n<\/tr>\n<tr style=\"height: 176px;\">\n<td style=\"width: 14.7895%; height: 50px;\">09\/10\/2025<\/td>\n<td style=\"width: 9.215%; height: 50px;\">Ordin\u00e0ria<\/td>\n<td style=\"width: 9.215%; height: 50px;\">1<\/td>\n<td style=\"width: 63.2537%; height: 50px;\">\n<ul>\n<li>S\u2019aprova l\u2019acta del Consell Escolar del dia 27\/06\/25.<\/li>\n<li>S\u2019aprova la programaci\u00f3 anual per al curs 25-26.<\/li>\n<li>S\u2019aprova Pla de funcionament de menjador per al curs 25-26.<\/li>\n<li>S\u2019aprova la concreci\u00f3 del pla de transport per al curs 25-26.<\/li>\n<li>S\u2019aprova la modificaci\u00f3 del pressupost 2025.<\/li>\n<\/ul>\n<\/td>\n<\/tr>\n<tr style=\"height: 10px;\">\n<td style=\"width: 14.7895%; height: 10px;\">11\/12\/2025<\/td>\n<td style=\"width: 9.215%; height: 10px;\">Extraordin\u00e0ria<\/td>\n<td style=\"width: 9.215%; height: 10px;\">1<\/td>\n<td style=\"height: 10px;\">\n<ul>\n<li>Constituci\u00f3 nou Consell Escolar<\/li>\n<\/ul>\n<\/td>\n<\/tr>\n<tr style=\"height: 55px;\">\n<td style=\"width: 14.7895%; height: 10px;\">11\/12\/2025<\/td>\n<td style=\"width: 9.215%; height: 10px;\">Ordin\u00e0ria<\/td>\n<td style=\"width: 9.215%; height: 10px;\">2<\/td>\n<td style=\"height: 10px;\">\n<ul>\n<li>S\u2019aprova l\u2019acta del Consell Escolar del dia 09\/10\/25.<\/li>\n<li>S\u2019acorda que des de la direcci\u00f3 es comunicar\u00e0 al Departament, de no passar l\u2019enquesta ESSIC a l&#8217;alumnat de 5\u00e8.<\/li>\n<\/ul>\n<\/td>\n<\/tr>\n<tr style=\"height: 55px;\">\n<td style=\"width: 14.7895%; height: 10px;\">16\/12\/2025<\/td>\n<td style=\"width: 9.215%; height: 10px;\">Extraordin\u00e0ria<\/td>\n<td style=\"width: 9.215%; height: 10px;\">2<\/td>\n<td style=\"width: 63.2537%; height: 10px;\">\n<ul>\n<li>S\u2019aprova la col\u00b7laboraci\u00f3 volunt\u00e0ria de la mestra jubilada Montse Nicuesa Vilardell<\/li>\n<\/ul>\n<\/td>\n<\/tr>\n<tr style=\"height: 55px;\">\n<td style=\"width: 14.7895%; height: 10px;\">29\/01\/2026<\/td>\n<td style=\"width: 9.215%; height: 10px;\">Ordin\u00e0ria<\/td>\n<td style=\"width: 9.215%; height: 10px;\">3<\/td>\n<td style=\"width: 63.2537%; height: 10px;\">\n<ul>\n<li>S\u2019aprova l\u2019acta del Consell Escolar ordinari del dia 11\/12\/25.<\/li>\n<li>S\u2019aprova l\u2019acta del Consell Escolar extraordinari del dia 11\/12\/25.<\/li>\n<li>S\u2019aprova l\u2019acta del Consell Escolar virtual extraordinari del dia 16\/12\/25.<\/li>\n<li>S\u2019aprova la liquidaci\u00f3 del pressupost de l\u2019any 2025.<\/li>\n<li>S\u2019aprova el pressupost per a l\u2019any 2026.<\/li>\n<li>S\u2019aproven les modificacions a la PGA.<\/li>\n<\/ul>\n<\/td>\n<\/tr>\n<tr style=\"height: 55px;\">\n<td style=\"width: 14.7895%; height: 16px;\"><\/td>\n<td style=\"width: 9.215%; height: 16px; text-align: center;\"><\/td>\n<td style=\"width: 9.215%; text-align: center; height: 16px;\"><\/td>\n<td style=\"width: 63.2537%; height: 16px;\"><\/td>\n<\/tr>\n<tr style=\"height: 32px;\">\n<td style=\"width: 14.7895%; height: 32px;\"><\/td>\n<td style=\"width: 9.215%; text-align: center; height: 32px;\"><\/td>\n<td style=\"width: 9.215%; text-align: center; height: 32px;\"><\/td>\n<td style=\"width: 63.2537%; height: 32px;\"><\/td>\n<\/tr>\n<\/tbody>\n<\/table>\n<p>&nbsp;<\/p>\n<p>&nbsp;<\/p>\n","protected":false},"excerpt":{"rendered":"<p>El consell escolar del centre \u00e9s l\u2019\u00f2rgan col\u00b7legiat de participaci\u00f3 de la comunitat escolar en el govern del centre. En el consell escolar hi ha representats tots els col\u00b7lectius que intervenen en la comunitat educativa. D\u2019acord amb l\u2019estructura actual del centre de nou unitats, en&hellip;  <a href=\"https:\/\/agora.xtec.cat\/ceip-til-lers\/lescola\/consell-escolar\/\" title=\"Read Consell escolar\">Llegeix m\u00e9s\u00bb<\/a><\/p>\n","protected":false},"author":1,"featured_media":0,"parent":22,"menu_order":30,"comment_status":"closed","ping_status":"closed","template":"page-templates\/side-menu.php","meta":{"_bbp_topic_count":0,"_bbp_reply_count":0,"_bbp_total_topic_count":0,"_bbp_total_reply_count":0,"_bbp_voice_count":0,"_bbp_anonymous_reply_count":0,"_bbp_topic_count_hidden":0,"_bbp_reply_count_hidden":0,"_bbp_forum_subforum_count":0,"footnotes":""},"class_list":["post-28","page","type-page","status-publish","hentry"],"post_mailing_queue_ids":[],"_links":{"self":[{"href":"https:\/\/agora.xtec.cat\/ceip-til-lers\/wp-json\/wp\/v2\/pages\/28","targetHints":{"allow":["GET"]}}],"collection":[{"href":"https:\/\/agora.xtec.cat\/ceip-til-lers\/wp-json\/wp\/v2\/pages"}],"about":[{"href":"https:\/\/agora.xtec.cat\/ceip-til-lers\/wp-json\/wp\/v2\/types\/page"}],"author":[{"embeddable":true,"href":"https:\/\/agora.xtec.cat\/ceip-til-lers\/wp-json\/wp\/v2\/users\/1"}],"replies":[{"embeddable":true,"href":"https:\/\/agora.xtec.cat\/ceip-til-lers\/wp-json\/wp\/v2\/comments?post=28"}],"version-history":[{"count":7,"href":"https:\/\/agora.xtec.cat\/ceip-til-lers\/wp-json\/wp\/v2\/pages\/28\/revisions"}],"predecessor-version":[{"id":3693,"href":"https:\/\/agora.xtec.cat\/ceip-til-lers\/wp-json\/wp\/v2\/pages\/28\/revisions\/3693"}],"up":[{"embeddable":true,"href":"https:\/\/agora.xtec.cat\/ceip-til-lers\/wp-json\/wp\/v2\/pages\/22"}],"wp:attachment":[{"href":"https:\/\/agora.xtec.cat\/ceip-til-lers\/wp-json\/wp\/v2\/media?parent=28"}],"curies":[{"name":"wp","href":"https:\/\/api.w.org\/{rel}","templated":true}]}}