{"id":26,"date":"2014-09-18T12:24:32","date_gmt":"2014-09-18T11:24:32","guid":{"rendered":"http:\/\/agora.xtec.cat\/ceip-til-lers\/?page_id=26"},"modified":"2022-05-05T18:13:23","modified_gmt":"2022-05-05T16:13:23","slug":"historia","status":"publish","type":"page","link":"https:\/\/agora.xtec.cat\/ceip-til-lers\/lescola\/historia\/","title":{"rendered":"Hist\u00f2ria"},"content":{"rendered":"<p>El 8 d\u2019agost de 1736 els regidors i particulars de l\u2019Ajuntament contractaven un espai per a dur a terme l\u2019ensenyament dels nens i nenes de la poblaci\u00f3. No ser\u00e0, per\u00f2, fins als voltants de 1860 que Artesa disposar\u00e0 de les primeres escoles oficials.<\/p>\n<p class=\"Estilo35\" align=\"left\">El 1913 les escoles p\u00fabliques estaven en tan mal estat que l\u2019Inspector Provincial va amena\u00e7ar de tancar-les. Aquest fet propici\u00e0 la necessitat de construir unes noves escoles. Es compr\u00e0 el terreny on ara es basteix l\u2019escola i s\u2019inici\u00e0 la seva edificaci\u00f3. El gener de 1916 s\u2019adjudic\u00e0 el projecte a Isidre Gom\u00eds Quadrat, seguint les indicacions de l\u2019arquitecte Morera.<\/p>\n<p class=\"Estilo35\" align=\"left\">\u00a0El 4 de febrer del mateix any se celebr\u00e0 amb gran solemnitat l\u2019acte de col\u00b7locaci\u00f3 de la primera pedra on assistiren importants personalitats de l\u2019\u00e8poca, en un moment en qu\u00e8 Catalunya es troba immersa en un nou renaixement degut a l\u2019impuls de les classes benestants del pa\u00eds i de la <a href=\"http:\/\/www.mancomunitatdecatalunya.cat\/breu-historia-2\/\" target=\"_blank\" rel=\"noopener noreferrer\"><strong>Mancomunitat<\/strong>.<\/a><\/p>\n<p>El 1921 s\u2019inaugur\u00e0 el centre escolar i tamb\u00e9 una nova manera d\u2019educar que volia ser el reflex de la pedagogia i directrius el moment. El primer director de la nova escola fou Josep Calzada i Benet (1899-1969), el qual mostr\u00e0 sempre una dedicaci\u00f3 total.<\/p>\n<p>El 1984 s\u2019inici\u00e0 el proc\u00e8s de rehabilitaci\u00f3 de l\u2019edifici, ja que, acusant el pas dels anys, presentava un aspecte for\u00e7a dolent. Finalment s\u2019acord\u00e0 d\u2019encarregar un projecte d\u2019actuaci\u00f3 a l\u2019arquitecte municipal Jaume Alventosa i Cuadrat.<\/p>\n<p><span class=\"Estilo35\">El curs 2000-2001 s\u2019inici\u00e0 l\u2019ampliaci\u00f3 de l\u2019edifici, es compr\u00e0 un terreny al costat del pati de l\u2019escola i es comen\u00e7\u00e0 la primera fase de les obres. En un primer moment s\u2019inici\u00e0 la construcci\u00f3 de l\u2019edifici adjacent de la llar d\u2019infants i la part que actualment ocupa educaci\u00f3 infantil. <\/span><\/p>\n<p><span class=\"Estilo35\">Els anys 2003 fins al 2006 es va dur a terme l\u2019amplicaci\u00f3 i rehabilitaci\u00f3 de l\u2019edifici hist\u00f2ric de notable valor arquitect\u00f2nic, tot constru\u00efnt un edifici nou, amb aules de desdoblament, audiovisuals i pl\u00e0stica, una sala polivalent i un pavell\u00f3 esportiu escolar. Aquest edifici nou va relacionar l\u2019edifici antic i l\u2019aulari constru\u00eft al 2001. Tamb\u00e9, seguint el criteri iniciat amb anterioritat a la llar d\u2019infants, s\u2019edific\u00e0 el mejador. Finalment es milloraren les depend\u00e8ncies de l\u2019edifici antic. <\/span><\/p>\n<p><span class=\"Estilo35\">El dia 4 de febrer de 2016 es realitza un acte d\u2019inauguraci\u00f3 del centenari de la col\u00b7locaci\u00f3 de la primera pedra. Aquest \u00e9s l\u2019inici d\u2019un seguit d\u2019actes que s\u2019aniran fent al llarg del 2016.<br \/>\n<a href=\"http:\/\/blocs.xtec.cat\/escolaelstillers\/files\/2013\/10\/D\u00edptic-activitats-centenari.pdf\" target=\"_blank\" rel=\"noopener noreferrer\">D\u00edptic activitats centenari<\/a><\/span><\/p>\n<p><a href=\"https:\/\/photos.app.goo.gl\/vT7L4b6FmLzVKrtb6\" target=\"_blank\" rel=\"noopener\">FOTOS ANTIGUES<\/a><\/p>\n","protected":false},"excerpt":{"rendered":"<p>El 8 d\u2019agost de 1736 els regidors i particulars de l\u2019Ajuntament contractaven un espai per a dur a terme l\u2019ensenyament dels nens i nenes de la poblaci\u00f3. No ser\u00e0, per\u00f2, fins als voltants de 1860 que Artesa disposar\u00e0 de les primeres escoles oficials.<br \/>\nEl 1913 les&hellip;  <a href=\"https:\/\/agora.xtec.cat\/ceip-til-lers\/lescola\/historia\/\" title=\"Read Hist\u00f2ria\">Llegeix m\u00e9s\u00bb<\/a><\/p>\n","protected":false},"author":1,"featured_media":0,"parent":22,"menu_order":20,"comment_status":"closed","ping_status":"closed","template":"page-templates\/side-menu.php","meta":{"_bbp_topic_count":0,"_bbp_reply_count":0,"_bbp_total_topic_count":0,"_bbp_total_reply_count":0,"_bbp_voice_count":0,"_bbp_anonymous_reply_count":0,"_bbp_topic_count_hidden":0,"_bbp_reply_count_hidden":0,"_bbp_forum_subforum_count":0,"footnotes":""},"class_list":["post-26","page","type-page","status-publish","hentry"],"post_mailing_queue_ids":[],"_links":{"self":[{"href":"https:\/\/agora.xtec.cat\/ceip-til-lers\/wp-json\/wp\/v2\/pages\/26","targetHints":{"allow":["GET"]}}],"collection":[{"href":"https:\/\/agora.xtec.cat\/ceip-til-lers\/wp-json\/wp\/v2\/pages"}],"about":[{"href":"https:\/\/agora.xtec.cat\/ceip-til-lers\/wp-json\/wp\/v2\/types\/page"}],"author":[{"embeddable":true,"href":"https:\/\/agora.xtec.cat\/ceip-til-lers\/wp-json\/wp\/v2\/users\/1"}],"replies":[{"embeddable":true,"href":"https:\/\/agora.xtec.cat\/ceip-til-lers\/wp-json\/wp\/v2\/comments?post=26"}],"version-history":[{"count":3,"href":"https:\/\/agora.xtec.cat\/ceip-til-lers\/wp-json\/wp\/v2\/pages\/26\/revisions"}],"predecessor-version":[{"id":1605,"href":"https:\/\/agora.xtec.cat\/ceip-til-lers\/wp-json\/wp\/v2\/pages\/26\/revisions\/1605"}],"up":[{"embeddable":true,"href":"https:\/\/agora.xtec.cat\/ceip-til-lers\/wp-json\/wp\/v2\/pages\/22"}],"wp:attachment":[{"href":"https:\/\/agora.xtec.cat\/ceip-til-lers\/wp-json\/wp\/v2\/media?parent=26"}],"curies":[{"name":"wp","href":"https:\/\/api.w.org\/{rel}","templated":true}]}}