{"id":4528,"date":"2020-03-20T12:02:00","date_gmt":"2020-03-20T11:02:00","guid":{"rendered":"http:\/\/agora.xtec.cat\/ceip-terranostra\/?page_id=4528"},"modified":"2026-04-21T12:29:04","modified_gmt":"2026-04-21T10:29:04","slug":"preinscripcions-escolars-2020","status":"publish","type":"page","link":"https:\/\/agora.xtec.cat\/ceip-terranostra\/preinscripcions-escolars-2020\/","title":{"rendered":"PREINSCRIPCI\u00d3 CURS 2026-2027"},"content":{"rendered":"<p><span style=\"color: #000000;\"><strong>PREINSCRIPCI\u00d3 26-27<\/strong><\/span><\/p>\n<div class=\"flex flex-col text-sm pb-25\">\n<article class=\"text-token-text-primary w-full focus:outline-none [--shadow-height:45px] has-data-writing-block:pointer-events-none has-data-writing-block:-mt-(--shadow-height) has-data-writing-block:pt-(--shadow-height) [&amp;:has([data-writing-block])&gt;*]:pointer-events-auto scroll-mt-[calc(var(--header-height)+min(200px,max(70px,20svh)))]\" dir=\"auto\" tabindex=\"-1\" data-turn-id=\"request-WEB:3ab4886a-ee08-46ba-86ea-b17315bbb010-0\" data-testid=\"conversation-turn-2\" data-scroll-anchor=\"true\" data-turn=\"assistant\">\n<div class=\"text-base my-auto mx-auto pb-10 [--thread-content-margin:--spacing(4)] @w-sm\/main:[--thread-content-margin:--spacing(6)] @w-lg\/main:[--thread-content-margin:--spacing(16)] px-(--thread-content-margin)\">\n<div class=\"[--thread-content-max-width:40rem] @w-lg\/main:[--thread-content-max-width:48rem] mx-auto max-w-(--thread-content-max-width) flex-1 group\/turn-messages focus-visible:outline-hidden relative flex w-full min-w-0 flex-col agent-turn\" tabindex=\"-1\">\n<div class=\"flex max-w-full flex-col grow\">\n<div class=\"min-h-8 text-message relative flex w-full flex-col items-end gap-2 text-start break-words whitespace-normal [.text-message+&amp;]:mt-1\" dir=\"auto\" data-message-author-role=\"assistant\" data-message-id=\"841e7d44-fd07-4752-8d6e-0521a7dc19a8\" data-message-model-slug=\"gpt-5-2\">\n<div class=\"flex w-full flex-col gap-1 empty:hidden first:pt-[1px]\">\n<div class=\"markdown prose dark:prose-invert w-full wrap-break-word light markdown-new-styling\">\n<h5 data-start=\"122\" data-end=\"157\">Consulteu la\u00a0<a href=\"https:\/\/drive.google.com\/file\/d\/1ALrL9o2ussg1I8soI9ul_RGSo4PDpirb\/view?usp=drive_link\">\u201c<strong>Llista de sol\u00b7licituds que han demanat el centre i l\u2019ensenyament en primera petici\u00f3 amb la puntuaci\u00f3 provisional<\/strong>\u201d<\/a><\/h5>\n<p data-start=\"794\" data-end=\"904\">\n<hr data-start=\"906\" data-end=\"909\" \/>\n<h2 data-start=\"911\" data-end=\"943\">\ud83d\udcc5 Calendari de preinscripci\u00f3<\/h2>\n<p data-start=\"945\" data-end=\"998\">Les dates oficials de preinscripci\u00f3 s\u00f3n les seg\u00fcents:<\/p>\n<ul data-start=\"1000\" data-end=\"1163\">\n<li data-start=\"1000\" data-end=\"1086\">\n<p data-start=\"1002\" data-end=\"1086\"><strong data-start=\"1002\" data-end=\"1055\">Educaci\u00f3 infantil (3-6 anys) i educaci\u00f3 prim\u00e0ria:<\/strong><br data-start=\"1055\" data-end=\"1058\" \/>\ud83d\udccc Del <strong data-start=\"1067\" data-end=\"1086\">4 al 18 de mar\u00e7<\/strong><\/p>\n<\/li>\n<li data-start=\"1088\" data-end=\"1163\">\n<p data-start=\"1090\" data-end=\"1163\"><strong data-start=\"1090\" data-end=\"1132\">Educaci\u00f3 secund\u00e0ria obligat\u00f2ria (ESO):<\/strong><br data-start=\"1132\" data-end=\"1135\" \/>\ud83d\udccc Del <strong data-start=\"1144\" data-end=\"1163\">6 al 18 de mar\u00e7<\/strong><\/p>\n<\/li>\n<\/ul>\n<p data-start=\"1165\" data-end=\"1336\">\u00c9s molt important presentar la sol\u00b7licitud dins el termini establert, ja que fora d\u2019aquest per\u00edode no es garanteix l\u2019assignaci\u00f3 de pla\u00e7a segons les prefer\u00e8ncies indicades.<\/p>\n<hr data-start=\"1338\" data-end=\"1341\" \/>\n<p data-start=\"1343\" data-end=\"1517\" data-is-last-node=\"\" data-is-only-node=\"\">Si necessites m\u00e9s informaci\u00f3 o assessorament personalitzat, no dubtis a posar-te en contacte amb la secretaria del centre. Estarem encantats d\u2019acompanyar-te en aquest proc\u00e9s.<\/p>\n<\/div>\n<\/div>\n<\/div>\n<\/div>\n<div class=\"z-0 flex min-h-[46px] justify-start\"><\/div>\n<\/div>\n<\/div>\n<\/article>\n<\/div>\n<div class=\"pointer-events-none h-px w-px absolute bottom-0\" aria-hidden=\"true\" data-edge=\"true\"><\/div>\n<p><a href=\"https:\/\/agora.xtec.cat\/ceip-terranostra\/wp-content\/uploads\/usu1202\/2026\/03\/Preinscripcio_baners_Web_educacio__Preinscripcio_web_educacio_555x431_PRIMARIA.jpg\"><img loading=\"lazy\" decoding=\"async\" class=\"alignnone wp-image-26095\" src=\"https:\/\/agora.xtec.cat\/ceip-terranostra\/wp-content\/uploads\/usu1202\/2026\/03\/Preinscripcio_baners_Web_educacio__Preinscripcio_web_educacio_555x431_PRIMARIA-300x235.jpg\" alt=\"\" width=\"396\" height=\"310\" srcset=\"https:\/\/agora.xtec.cat\/ceip-terranostra\/wp-content\/uploads\/usu1202\/2026\/03\/Preinscripcio_baners_Web_educacio__Preinscripcio_web_educacio_555x431_PRIMARIA-300x235.jpg 300w, https:\/\/agora.xtec.cat\/ceip-terranostra\/wp-content\/uploads\/usu1202\/2026\/03\/Preinscripcio_baners_Web_educacio__Preinscripcio_web_educacio_555x431_PRIMARIA.jpg 572w\" sizes=\"auto, (max-width: 396px) 100vw, 396px\" \/><\/a><\/p>\n<p>Hi podeu accedir clicant el seg\u00fcent enlla\u00e7:<\/p>\n<p><a href=\"https:\/\/preinscripcio.gencat.cat\/ca\/inici\">preinscripcio.gencat.cat<\/a><\/p>\n<p><a href=\"https:\/\/docs.google.com\/document\/d\/1P_22Hri11jBS_pQN2yo5kKyUaFKnsYhe\/edit?usp=sharing&amp;ouid=109612515470631626977&amp;rtpof=true&amp;sd=true\">Carta informativa\u00a0\u00a0<\/a><\/p>\n<p>Trobareu m\u00e9s informaci\u00f3 al seg\u00fcent enlla\u00e7:<\/p>\n<p><a href=\"https:\/\/preinscripcio.gencat.cat\/ca\/estudis\/eso\/inici\/\">https:\/\/preinscripcio.gencat.cat\/ca\/estudis\/eso\/inici\/<\/a><\/p>\n<p>&nbsp;<\/p>\n<p>&#8230;&#8230;&#8230;&#8230;&#8230;&#8230;&#8230;&#8230;&#8230;&#8230;&#8230;&#8230;&#8230;&#8230;&#8230;&#8230;&#8230;&#8230;&#8230;&#8230;&#8230;&#8230;&#8230;&#8230;&#8230;&#8230;&#8230;&#8230;&#8230;&#8230;&#8230;&#8230;&#8230;&#8230;&#8230;&#8230;&#8230;&#8230;&#8230;&#8230;&#8230;&#8230;&#8230;&#8230;&#8230;&#8230;&#8230;&#8230;&#8230;&#8230;&#8230;&#8230;&#8230;&#8230;&#8230;&#8230;&#8230;&#8230;&#8230;&#8230;&#8230;..<\/p>\n<p>En aquests v\u00eddeos podreu veure les <strong>l\u00ednies generals del nostre Programa Educatiu de Centre :<\/strong><\/p>\n<div class=\"ast-oembed-container \" style=\"height: 100%;\"><iframe loading=\"lazy\" title=\"PEC\" width=\"500\" height=\"281\" src=\"https:\/\/www.youtube.com\/embed\/QC339-O8HpQ?feature=oembed\" frameborder=\"0\" allow=\"accelerometer; autoplay; clipboard-write; encrypted-media; gyroscope; picture-in-picture; web-share\" referrerpolicy=\"strict-origin-when-cross-origin\" allowfullscreen><\/iframe><\/div>\n","protected":false},"excerpt":{"rendered":"<p>PREINSCRIPCI\u00d3 26-27 Consulteu la\u00a0\u201cLlista de sol\u00b7licituds que han demanat el centre i l\u2019ensenyament en primera petici\u00f3 amb la puntuaci\u00f3 provisional\u201d \ud83d\udcc5 Calendari de preinscripci\u00f3 Les dates oficials de preinscripci\u00f3 s\u00f3n les seg\u00fcents: Educaci\u00f3 infantil (3-6 anys) i educaci\u00f3 prim\u00e0ria:\ud83d\udccc Del 4 al 18 de mar\u00e7 Educaci\u00f3 secund\u00e0ria obligat\u00f2ria (ESO):\ud83d\udccc Del 6 al 18 de mar\u00e7 [&hellip;]<\/p>\n","protected":false},"author":29,"featured_media":0,"parent":0,"menu_order":0,"comment_status":"closed","ping_status":"closed","template":"","meta":{"_bbp_topic_count":0,"_bbp_reply_count":0,"_bbp_total_topic_count":0,"_bbp_total_reply_count":0,"_bbp_voice_count":0,"_bbp_anonymous_reply_count":0,"_bbp_topic_count_hidden":0,"_bbp_reply_count_hidden":0,"_bbp_forum_subforum_count":0,"site-sidebar-layout":"default","site-content-layout":"","ast-site-content-layout":"default","site-content-style":"default","site-sidebar-style":"default","ast-global-header-display":"","ast-banner-title-visibility":"","ast-main-header-display":"","ast-hfb-above-header-display":"","ast-hfb-below-header-display":"","ast-hfb-mobile-header-display":"","site-post-title":"","ast-breadcrumbs-content":"","ast-featured-img":"","footer-sml-layout":"","theme-transparent-header-meta":"default","adv-header-id-meta":"","stick-header-meta":"","header-above-stick-meta":"","header-main-stick-meta":"","header-below-stick-meta":"","astra-migrate-meta-layouts":"set","ast-page-background-enabled":"default","ast-page-background-meta":{"desktop":{"background-color":"var(--ast-global-color-4)","background-image":"","background-repeat":"repeat","background-position":"center center","background-size":"auto","background-attachment":"scroll","background-type":"","background-media":"","overlay-type":"","overlay-color":"","overlay-opacity":"","overlay-gradient":""},"tablet":{"background-color":"","background-image":"","background-repeat":"repeat","background-position":"center center","background-size":"auto","background-attachment":"scroll","background-type":"","background-media":"","overlay-type":"","overlay-color":"","overlay-opacity":"","overlay-gradient":""},"mobile":{"background-color":"","background-image":"","background-repeat":"repeat","background-position":"center center","background-size":"auto","background-attachment":"scroll","background-type":"","background-media":"","overlay-type":"","overlay-color":"","overlay-opacity":"","overlay-gradient":""}},"ast-content-background-meta":{"desktop":{"background-color":"var(--ast-global-color-5)","background-image":"","background-repeat":"repeat","background-position":"center center","background-size":"auto","background-attachment":"scroll","background-type":"","background-media":"","overlay-type":"","overlay-color":"","overlay-opacity":"","overlay-gradient":""},"tablet":{"background-color":"var(--ast-global-color-5)","background-image":"","background-repeat":"repeat","background-position":"center center","background-size":"auto","background-attachment":"scroll","background-type":"","background-media":"","overlay-type":"","overlay-color":"","overlay-opacity":"","overlay-gradient":""},"mobile":{"background-color":"var(--ast-global-color-5)","background-image":"","background-repeat":"repeat","background-position":"center center","background-size":"auto","background-attachment":"scroll","background-type":"","background-media":"","overlay-type":"","overlay-color":"","overlay-opacity":"","overlay-gradient":""}},"footnotes":""},"class_list":["post-4528","page","type-page","status-publish","hentry"],"post_mailing_queue_ids":[],"_links":{"self":[{"href":"https:\/\/agora.xtec.cat\/ceip-terranostra\/wp-json\/wp\/v2\/pages\/4528","targetHints":{"allow":["GET"]}}],"collection":[{"href":"https:\/\/agora.xtec.cat\/ceip-terranostra\/wp-json\/wp\/v2\/pages"}],"about":[{"href":"https:\/\/agora.xtec.cat\/ceip-terranostra\/wp-json\/wp\/v2\/types\/page"}],"author":[{"embeddable":true,"href":"https:\/\/agora.xtec.cat\/ceip-terranostra\/wp-json\/wp\/v2\/users\/29"}],"replies":[{"embeddable":true,"href":"https:\/\/agora.xtec.cat\/ceip-terranostra\/wp-json\/wp\/v2\/comments?post=4528"}],"version-history":[{"count":7,"href":"https:\/\/agora.xtec.cat\/ceip-terranostra\/wp-json\/wp\/v2\/pages\/4528\/revisions"}],"predecessor-version":[{"id":26246,"href":"https:\/\/agora.xtec.cat\/ceip-terranostra\/wp-json\/wp\/v2\/pages\/4528\/revisions\/26246"}],"wp:attachment":[{"href":"https:\/\/agora.xtec.cat\/ceip-terranostra\/wp-json\/wp\/v2\/media?parent=4528"}],"curies":[{"name":"wp","href":"https:\/\/api.w.org\/{rel}","templated":true}]}}