{"id":206,"date":"2016-08-30T16:16:46","date_gmt":"2016-08-30T15:16:46","guid":{"rendered":"http:\/\/agora.xtec.cat\/ceip-taquigraf-garriga\/?page_id=206"},"modified":"2025-08-01T08:42:44","modified_gmt":"2025-08-01T06:42:44","slug":"sharing-to-learn","status":"publish","type":"page","link":"https:\/\/agora.xtec.cat\/ceip-taquigraf-garriga\/projecte-educatiu\/sharing-to-learn\/","title":{"rendered":"Sharing to Learn"},"content":{"rendered":"<p>El projecte Sharing to Learn (Compartir per aprendre) neix a la zona del Baix Llobregat Sud com a proposta de les Escoles Americana i Anglesa d&#8217;Esplugues de Llobregat i de Castelldefels.<\/p>\n<p>El projecte consisteix en l&#8217;anomenat aprenentatge-servei. L&#8217;alumnat de secud\u00e0ria (4t d&#8217;ESO i 1r de Batxillerat) que t\u00e9 un nivell alt o molt alt de compet\u00e8ncia en llengua anglesa ofereix els seus coneixements a alumnat de prim\u00e0ria. En aquest cas, en el nostre centre es proposa fer-ho als grups de 2n, 3r i 4t.<\/p>\n<p>Les activitats en que participa l&#8217;alumnat de secund\u00e0ria s\u00f3n activitats fonamentalment orals, les quals permeten millorar els &#8220;<em>oral skills<\/em>&#8221; del nostre alumnat. Normalment es treballa en petits grups, la qual cosa permet una exposici\u00f3 m\u00e9s gran a la llengua anglesa i m\u00e9s oportunitats per a fer-la servir.<\/p>\n<p><strong>L\u2019objectiu principal<\/strong>\u00a0\u00e9s afavorir l\u2019intercanvi entre alumnat de diferents etapes educatives i donar suport a la millora de l\u2019expressi\u00f3 oral en llengua anglesa, per tal de facilitar l\u2019acc\u00e9s a entorns pluriling\u00fces i pluriculturals a l\u2019alumnat participant.<\/p>\n<p>A m\u00e9s, altres objectius vinculats al projecte s\u00f3n:<\/p>\n<ul>\n<li>Millorar la compet\u00e8ncia oral comunicativa de l\u2019alumnat.<\/li>\n<li>Promoure els entorns d\u2019aprenentatge ling\u00fc\u00edstic no matern a partir de les interaccions personals entre poblacions escolars de l\u2019entorn.<\/li>\n<\/ul>\n<div id=\"cc-m-11121968372\" class=\"j-module n j-header \"><\/div>\n<p>&nbsp;<\/p>\n","protected":false},"excerpt":{"rendered":"<p>El projecte Sharing to Learn (Compartir per aprendre) neix a la zona del Baix Llobregat Sud com a proposta de les Escoles Americana i Anglesa d&#8217;Esplugues de Llobregat i de Castelldefels. El projecte consisteix en l&#8217;anomenat aprenentatge-servei. L&#8217;alumnat de secud\u00e0ria (4t d&#8217;ESO i 1r de Batxillerat) que t\u00e9 un nivell alt o molt alt de [&hellip;]<\/p>\n","protected":false},"author":3,"featured_media":0,"parent":64,"menu_order":31,"comment_status":"closed","ping_status":"closed","template":"","meta":{"_bbp_topic_count":0,"_bbp_reply_count":0,"_bbp_total_topic_count":0,"_bbp_total_reply_count":0,"_bbp_voice_count":0,"_bbp_anonymous_reply_count":0,"_bbp_topic_count_hidden":0,"_bbp_reply_count_hidden":0,"_bbp_forum_subforum_count":0,"site-sidebar-layout":"default","site-content-layout":"","ast-site-content-layout":"","site-content-style":"default","site-sidebar-style":"default","ast-global-header-display":"","ast-banner-title-visibility":"","ast-main-header-display":"","ast-hfb-above-header-display":"","ast-hfb-below-header-display":"","ast-hfb-mobile-header-display":"","site-post-title":"","ast-breadcrumbs-content":"","ast-featured-img":"","footer-sml-layout":"","theme-transparent-header-meta":"","adv-header-id-meta":"","stick-header-meta":"","header-above-stick-meta":"","header-main-stick-meta":"","header-below-stick-meta":"","astra-migrate-meta-layouts":"default","ast-page-background-enabled":"default","ast-page-background-meta":{"desktop":{"background-color":"var(--ast-global-color-4)","background-image":"","background-repeat":"repeat","background-position":"center center","background-size":"auto","background-attachment":"scroll","background-type":"","background-media":"","overlay-type":"","overlay-color":"","overlay-opacity":"","overlay-gradient":""},"tablet":{"background-color":"","background-image":"","background-repeat":"repeat","background-position":"center center","background-size":"auto","background-attachment":"scroll","background-type":"","background-media":"","overlay-type":"","overlay-color":"","overlay-opacity":"","overlay-gradient":""},"mobile":{"background-color":"","background-image":"","background-repeat":"repeat","background-position":"center center","background-size":"auto","background-attachment":"scroll","background-type":"","background-media":"","overlay-type":"","overlay-color":"","overlay-opacity":"","overlay-gradient":""}},"ast-content-background-meta":{"desktop":{"background-color":"var(--ast-global-color-5)","background-image":"","background-repeat":"repeat","background-position":"center center","background-size":"auto","background-attachment":"scroll","background-type":"","background-media":"","overlay-type":"","overlay-color":"","overlay-opacity":"","overlay-gradient":""},"tablet":{"background-color":"var(--ast-global-color-5)","background-image":"","background-repeat":"repeat","background-position":"center center","background-size":"auto","background-attachment":"scroll","background-type":"","background-media":"","overlay-type":"","overlay-color":"","overlay-opacity":"","overlay-gradient":""},"mobile":{"background-color":"var(--ast-global-color-5)","background-image":"","background-repeat":"repeat","background-position":"center center","background-size":"auto","background-attachment":"scroll","background-type":"","background-media":"","overlay-type":"","overlay-color":"","overlay-opacity":"","overlay-gradient":""}},"footnotes":""},"class_list":["post-206","page","type-page","status-publish","hentry"],"post_mailing_queue_ids":[],"_links":{"self":[{"href":"https:\/\/agora.xtec.cat\/ceip-taquigraf-garriga\/wp-json\/wp\/v2\/pages\/206","targetHints":{"allow":["GET"]}}],"collection":[{"href":"https:\/\/agora.xtec.cat\/ceip-taquigraf-garriga\/wp-json\/wp\/v2\/pages"}],"about":[{"href":"https:\/\/agora.xtec.cat\/ceip-taquigraf-garriga\/wp-json\/wp\/v2\/types\/page"}],"author":[{"embeddable":true,"href":"https:\/\/agora.xtec.cat\/ceip-taquigraf-garriga\/wp-json\/wp\/v2\/users\/3"}],"replies":[{"embeddable":true,"href":"https:\/\/agora.xtec.cat\/ceip-taquigraf-garriga\/wp-json\/wp\/v2\/comments?post=206"}],"version-history":[{"count":4,"href":"https:\/\/agora.xtec.cat\/ceip-taquigraf-garriga\/wp-json\/wp\/v2\/pages\/206\/revisions"}],"predecessor-version":[{"id":13056,"href":"https:\/\/agora.xtec.cat\/ceip-taquigraf-garriga\/wp-json\/wp\/v2\/pages\/206\/revisions\/13056"}],"up":[{"embeddable":true,"href":"https:\/\/agora.xtec.cat\/ceip-taquigraf-garriga\/wp-json\/wp\/v2\/pages\/64"}],"wp:attachment":[{"href":"https:\/\/agora.xtec.cat\/ceip-taquigraf-garriga\/wp-json\/wp\/v2\/media?parent=206"}],"curies":[{"name":"wp","href":"https:\/\/api.w.org\/{rel}","templated":true}]}}