{"id":64,"date":"2014-09-18T12:39:08","date_gmt":"2014-09-18T11:39:08","guid":{"rendered":"http:\/\/agora.xtec.cat\/ceip-sudanell\/?page_id=64"},"modified":"2016-10-11T21:25:47","modified_gmt":"2016-10-11T20:25:47","slug":"projecte-educatiu","status":"publish","type":"page","link":"https:\/\/agora.xtec.cat\/ceip-sudanell\/projecte-educatiu\/","title":{"rendered":"Projecte educatiu"},"content":{"rendered":"<p>En aquest apartat trobareu els diferents documents de gesti\u00f3 pedag\u00f2gica, projecte educatiu, normes d&#8217;organitzaci\u00f3 i funcionament, etc..<\/p>\n<p><a href=\"http:\/\/agora.xtec.cat\/ceip-sudanell\/wp-content\/uploads\/usu1353\/2014\/09\/PEC-NOU-REV.doc\">PROJECTE EDUCATIU<\/a><br \/>\n<a href=\"http:\/\/agora.xtec.cat\/ceip-sudanell\/wp-content\/uploads\/usu1353\/2014\/09\/Projecte-lingu\u0308i\u0301stic-2015.pdf\">PROJECTE LING\u00dc\u00cdSTIC<\/a><br \/>\n<a href=\"http:\/\/agora.xtec.cat\/ceip-sudanell\/wp-content\/uploads\/usu1353\/2014\/09\/NofcZer.pdf\">NORMES D&#8217;ORGANITZACI\u00d3 I FUNCIONAMENT<\/a><br \/>\n<a href=\"http:\/\/agora.xtec.cat\/ceip-sudanell\/wp-content\/uploads\/usu1353\/2014\/09\/pla_avaluacio\u0301.pdf\">PLA D&#8217;AVALUACI\u00d3<\/a><\/p>\n","protected":false},"excerpt":{"rendered":"<p>En aquest apartat trobareu els diferents documents de gesti\u00f3 pedag\u00f2gica, projecte educatiu, normes d&#8217;organitzaci\u00f3 i funcionament, etc..<br \/>\n<a href=\"http:\/\/agora.xtec.cat\/ceip-sudanell\/wp-content\/uploads\/usu1353\/2014\/09\/PEC-NOU-REV.doc\">PROJECTE EDUCATIU<\/a><br \/>\n<a href=\"http:\/\/agora.xtec.cat\/ceip-sudanell\/wp-content\/uploads\/usu1353\/2014\/09\/Projecte-lingu\u0308i\u0301stic-2015.pdf\">PROJECTE LING\u00dc\u00cdSTIC<\/a><br \/>\n<a href=\"http:\/\/agora.xtec.cat\/ceip-sudanell\/wp-content\/uploads\/usu1353\/2014\/09\/NofcZer.pdf\">NORMES D&#8217;ORGANITZACI\u00d3 I FUNCIONAMENT<\/a><br \/>\n<a href=\"http:\/\/agora.xtec.cat\/ceip-sudanell\/wp-content\/uploads\/usu1353\/2014\/09\/pla_avaluacio\u0301.pdf\">PLA D&#8217;AVALUACI\u00d3<\/a><\/p>\n","protected":false},"author":1,"featured_media":0,"parent":0,"menu_order":0,"comment_status":"closed","ping_status":"closed","template":"page-templates\/side-menu.php","meta":{"_bbp_topic_count":0,"_bbp_reply_count":0,"_bbp_total_topic_count":0,"_bbp_total_reply_count":0,"_bbp_voice_count":0,"_bbp_anonymous_reply_count":0,"_bbp_topic_count_hidden":0,"_bbp_reply_count_hidden":0,"_bbp_forum_subforum_count":0,"footnotes":""},"class_list":["post-64","page","type-page","status-publish","hentry"],"post_mailing_queue_ids":[],"_links":{"self":[{"href":"https:\/\/agora.xtec.cat\/ceip-sudanell\/wp-json\/wp\/v2\/pages\/64","targetHints":{"allow":["GET"]}}],"collection":[{"href":"https:\/\/agora.xtec.cat\/ceip-sudanell\/wp-json\/wp\/v2\/pages"}],"about":[{"href":"https:\/\/agora.xtec.cat\/ceip-sudanell\/wp-json\/wp\/v2\/types\/page"}],"author":[{"embeddable":true,"href":"https:\/\/agora.xtec.cat\/ceip-sudanell\/wp-json\/wp\/v2\/users\/1"}],"replies":[{"embeddable":true,"href":"https:\/\/agora.xtec.cat\/ceip-sudanell\/wp-json\/wp\/v2\/comments?post=64"}],"version-history":[{"count":3,"href":"https:\/\/agora.xtec.cat\/ceip-sudanell\/wp-json\/wp\/v2\/pages\/64\/revisions"}],"predecessor-version":[{"id":545,"href":"https:\/\/agora.xtec.cat\/ceip-sudanell\/wp-json\/wp\/v2\/pages\/64\/revisions\/545"}],"wp:attachment":[{"href":"https:\/\/agora.xtec.cat\/ceip-sudanell\/wp-json\/wp\/v2\/media?parent=64"}],"curies":[{"name":"wp","href":"https:\/\/api.w.org\/{rel}","templated":true}]}}