{"id":2783,"date":"2020-03-18T09:39:25","date_gmt":"2020-03-18T08:39:25","guid":{"rendered":"http:\/\/agora.xtec.cat\/ceip-sudanell\/?page_id=2783"},"modified":"2024-09-08T01:23:37","modified_gmt":"2024-09-07T23:23:37","slug":"informacions-covid-19","status":"publish","type":"page","link":"https:\/\/agora.xtec.cat\/ceip-sudanell\/lescola\/informacions-covid-19\/","title":{"rendered":"Preinscripci\u00f3"},"content":{"rendered":"<p>&nbsp;<\/p>\n<p><strong>PREINSCRIPCI\u00d3 ESCOLAR EN L\u00cdNIA<\/strong><\/p>\n<p>Us fem arribar un parell d&#8217;enlla\u00e7os informatius sobre com s&#8217;ha de fer la preinscripci\u00f3 escolar en l\u00ednia i documentaci\u00f3 a presentar (nom\u00e9s alumnes de nova incorporaci\u00f3).<\/p>\n<p>Terminis:<br \/>\nPresentaci\u00f3 sol\u00b7licituds educaci\u00f3 infantil i prim\u00e0ria: Pendent de publicaci\u00f3<br \/>\nPresentaci\u00f3 sol\u00b7licituds: ESO: Pendent fr publicaci\u00f3<\/p>\n<p>&nbsp;<\/p>\n<p><a href=\"https:\/\/preinscripcio.gencat.cat\/ca\/estudis\/infantil-3-6\/inici\/\">Web preinscripci\u00f3 <\/a><\/p>\n<p><a href=\"https:\/\/youtu.be\/5DvAVUSNLCQ\" target=\"_blank\" rel=\"noopener\">Com fer la preinscripci\u00f3 escolar en l\u00ednia<\/a><\/p>\n<p>En cas de que vulgueu concretar una visita a l&#8217;escola El Roser de Sudanell, podeu trucar al 973 258133, tamb\u00e9 podeu enviar un mail a\u00a0<a href=\"mailto:c5004401@xtec.cat\" target=\"_blank\" rel=\"noopener\">c5004401@xtec.cat<\/a><\/p>\n<p>&nbsp;<\/p>\n<div><\/div>\n<div><\/div>\n","protected":false},"excerpt":{"rendered":"<p>&nbsp;<br \/>\nPREINSCRIPCI\u00d3 ESCOLAR EN L\u00cdNIA<br \/>\nUs fem arribar un parell d&#8217;enlla\u00e7os informatius sobre com s&#8217;ha de fer la preinscripci\u00f3 escolar en l\u00ednia i documentaci\u00f3 a presentar (nom\u00e9s alumnes de nova incorporaci\u00f3).<br \/>\nTerminis:<br \/>\nPresentaci\u00f3 sol\u00b7licituds educaci\u00f3 infantil i prim\u00e0ria: Pendent de publicaci\u00f3<br \/>\nPresentaci\u00f3 sol\u00b7licituds: ESO: Pendent fr publicaci\u00f3<br \/>\n&nbsp;<br \/>\n<a href=\"https:\/\/preinscripcio.gencat.cat\/ca\/estudis\/infantil-3-6\/inici\/\">Web preinscripci\u00f3 <\/a><br \/>\n<a&hellip;  <a href=\"https:\/\/agora.xtec.cat\/ceip-sudanell\/lescola\/informacions-covid-19\/\" title=\"Read Preinscripci\u00f3\">Llegeix m\u00e9s\u00bb<\/a><\/p>\n","protected":false},"author":3,"featured_media":0,"parent":22,"menu_order":0,"comment_status":"closed","ping_status":"closed","template":"","meta":{"_bbp_topic_count":0,"_bbp_reply_count":0,"_bbp_total_topic_count":0,"_bbp_total_reply_count":0,"_bbp_voice_count":0,"_bbp_anonymous_reply_count":0,"_bbp_topic_count_hidden":0,"_bbp_reply_count_hidden":0,"_bbp_forum_subforum_count":0,"footnotes":""},"class_list":["post-2783","page","type-page","status-publish","hentry"],"post_mailing_queue_ids":[],"_links":{"self":[{"href":"https:\/\/agora.xtec.cat\/ceip-sudanell\/wp-json\/wp\/v2\/pages\/2783","targetHints":{"allow":["GET"]}}],"collection":[{"href":"https:\/\/agora.xtec.cat\/ceip-sudanell\/wp-json\/wp\/v2\/pages"}],"about":[{"href":"https:\/\/agora.xtec.cat\/ceip-sudanell\/wp-json\/wp\/v2\/types\/page"}],"author":[{"embeddable":true,"href":"https:\/\/agora.xtec.cat\/ceip-sudanell\/wp-json\/wp\/v2\/users\/3"}],"replies":[{"embeddable":true,"href":"https:\/\/agora.xtec.cat\/ceip-sudanell\/wp-json\/wp\/v2\/comments?post=2783"}],"version-history":[{"count":5,"href":"https:\/\/agora.xtec.cat\/ceip-sudanell\/wp-json\/wp\/v2\/pages\/2783\/revisions"}],"predecessor-version":[{"id":5321,"href":"https:\/\/agora.xtec.cat\/ceip-sudanell\/wp-json\/wp\/v2\/pages\/2783\/revisions\/5321"}],"up":[{"embeddable":true,"href":"https:\/\/agora.xtec.cat\/ceip-sudanell\/wp-json\/wp\/v2\/pages\/22"}],"wp:attachment":[{"href":"https:\/\/agora.xtec.cat\/ceip-sudanell\/wp-json\/wp\/v2\/media?parent=2783"}],"curies":[{"name":"wp","href":"https:\/\/api.w.org\/{rel}","templated":true}]}}