{"id":1002,"date":"2017-04-27T11:14:35","date_gmt":"2017-04-27T09:14:35","guid":{"rendered":"http:\/\/agora.xtec.cat\/ceip-sudanell\/?page_id=1002"},"modified":"2024-09-08T01:13:51","modified_gmt":"2024-09-07T23:13:51","slug":"llibres-digitals","status":"publish","type":"page","link":"https:\/\/agora.xtec.cat\/ceip-sudanell\/lescola\/llibres-digitals\/","title":{"rendered":"Llibres digitals"},"content":{"rendered":"<p>En aquest enlla\u00e7 teniu a la vostra disposici\u00f3 la consulta dels llibres de text en format digital.<\/p>\n<p><a href=\"https:\/\/www.macmillaneducationeverywhere.com\/\" target=\"_blank\" rel=\"noopener\">\u00a0ENLLA\u00c7 LLIBRE DIGITAL ANGL\u00c8S<\/a><\/p>\n<p>&nbsp;<\/p>\n<p>Al seg\u00fcent enlla\u00e7 podreu descarregar l&#8217;App de Navio.<\/p>\n<p><a href=\"https:\/\/lms-api-prod-navio.macmillan.education\/PBF\/apps\">DESCARREGUEU L&#8217;APLICACI\u00d3 NAVIO (CLIQUEU AQU\u00cd)<\/a><\/p>\n<p>Descarregueu l&#8217;aplicaci\u00f3 i instal\u00b7leu-la. A continuaci\u00f3 us demanar\u00e0 l&#8217;usuari i la contrasenya (que us hem facilitat). Posteriorment haureu d&#8217;introduir el codi del llibre.<\/p>\n<p>&nbsp;<\/p>\n<p><strong>LLIBRES SANTILLANA\u00a0<\/strong><\/p>\n<p>CICLE MITJ\u00c0 I SUPERIOR (CATAL\u00c0 I CASTELL\u00c0)<\/p>\n<p>Quan cliqueu cadasc\u00fa ha de posar el seu usuari i contrasenya personal que us hem facilitat.<\/p>\n<p><a href=\"http:\/\/aulavirtual.santillana.es\/\">http:\/\/aulavirtual.santillana.es\/<\/a><\/p>\n<p>&nbsp;<\/p>\n<p><a href=\"http:\/\/aulavirtual.santillana.es\/\" target=\"_blank\" rel=\"noopener noreferrer\">LLIBRES SANTILLANA<\/a><\/p>\n<p><a href=\"http:\/\/aulavirtual.santillana.es\/\" target=\"_blank\" rel=\"noopener noreferrer\"> CICLE INICIAL<\/a><\/p>\n<p>Quan cliqueu cadasc\u00fa ha de posar el seu usuari i contrasenya personal que us hem facilitat.<\/p>\n<p><a href=\"http:\/\/aulavirtual.santillana.es\/\">http:\/\/aulavirtual.santillana.es\/<\/a><\/p>\n<p>&nbsp;<\/p>\n<p>&nbsp;<\/p>\n","protected":false},"excerpt":{"rendered":"<p>En aquest enlla\u00e7 teniu a la vostra disposici\u00f3 la consulta dels llibres de text en format digital.<br \/>\n<a href=\"https:\/\/www.macmillaneducationeverywhere.com\/\" target=\"_blank\" rel=\"noopener\">\u00a0ENLLA\u00c7 LLIBRE DIGITAL ANGL\u00c8S<\/a><br \/>\n&nbsp;<br \/>\nAl seg\u00fcent enlla\u00e7 podreu descarregar l&#8217;App de Navio.<br \/>\n<a href=\"https:\/\/lms-api-prod-navio.macmillan.education\/PBF\/apps\">DESCARREGUEU L&#8217;APLICACI\u00d3 NAVIO (CLIQUEU AQU\u00cd)<\/a><br \/>\nDescarregueu l&#8217;aplicaci\u00f3 i instal\u00b7leu-la. A continuaci\u00f3 us demanar\u00e0 l&#8217;usuari i la&hellip;  <a href=\"https:\/\/agora.xtec.cat\/ceip-sudanell\/lescola\/llibres-digitals\/\" title=\"Read Llibres digitals\">Llegeix m\u00e9s\u00bb<\/a><\/p>\n","protected":false},"author":3,"featured_media":0,"parent":22,"menu_order":65,"comment_status":"closed","ping_status":"closed","template":"page-templates\/side-menu.php","meta":{"_bbp_topic_count":0,"_bbp_reply_count":0,"_bbp_total_topic_count":0,"_bbp_total_reply_count":0,"_bbp_voice_count":0,"_bbp_anonymous_reply_count":0,"_bbp_topic_count_hidden":0,"_bbp_reply_count_hidden":0,"_bbp_forum_subforum_count":0,"footnotes":""},"class_list":["post-1002","page","type-page","status-publish","hentry"],"post_mailing_queue_ids":[],"_links":{"self":[{"href":"https:\/\/agora.xtec.cat\/ceip-sudanell\/wp-json\/wp\/v2\/pages\/1002","targetHints":{"allow":["GET"]}}],"collection":[{"href":"https:\/\/agora.xtec.cat\/ceip-sudanell\/wp-json\/wp\/v2\/pages"}],"about":[{"href":"https:\/\/agora.xtec.cat\/ceip-sudanell\/wp-json\/wp\/v2\/types\/page"}],"author":[{"embeddable":true,"href":"https:\/\/agora.xtec.cat\/ceip-sudanell\/wp-json\/wp\/v2\/users\/3"}],"replies":[{"embeddable":true,"href":"https:\/\/agora.xtec.cat\/ceip-sudanell\/wp-json\/wp\/v2\/comments?post=1002"}],"version-history":[{"count":6,"href":"https:\/\/agora.xtec.cat\/ceip-sudanell\/wp-json\/wp\/v2\/pages\/1002\/revisions"}],"predecessor-version":[{"id":5311,"href":"https:\/\/agora.xtec.cat\/ceip-sudanell\/wp-json\/wp\/v2\/pages\/1002\/revisions\/5311"}],"up":[{"embeddable":true,"href":"https:\/\/agora.xtec.cat\/ceip-sudanell\/wp-json\/wp\/v2\/pages\/22"}],"wp:attachment":[{"href":"https:\/\/agora.xtec.cat\/ceip-sudanell\/wp-json\/wp\/v2\/media?parent=1002"}],"curies":[{"name":"wp","href":"https:\/\/api.w.org\/{rel}","templated":true}]}}