{"id":482,"date":"2016-10-11T08:55:08","date_gmt":"2016-10-11T07:55:08","guid":{"rendered":"http:\/\/agora.xtec.cat\/ceip-subirats-lavern-subirats\/?page_id=482"},"modified":"2016-10-11T09:08:36","modified_gmt":"2016-10-11T08:08:36","slug":"cicle-superior","status":"publish","type":"page","link":"https:\/\/agora.xtec.cat\/ceip-subirats-lavern-subirats\/cicle-superior\/","title":{"rendered":"CICLE SUPERIOR"},"content":{"rendered":"<p><a href=\"http:\/\/agora.xtec.cat\/ceip-subirats-lavern-subirats\/wp-content\/uploads\/usu1020\/2016\/10\/IMG_0237.jpg\"><img loading=\"lazy\" decoding=\"async\" class=\"alignnone size-large wp-image-487\" src=\"http:\/\/agora.xtec.cat\/ceip-subirats-lavern-subirats\/wp-content\/uploads\/usu1020\/2016\/10\/IMG_0237-1024x768.jpg\" alt=\"NOIS I NOIES DE CICLES SUPERIOR\" width=\"1024\" height=\"768\" srcset=\"https:\/\/agora.xtec.cat\/ceip-subirats-lavern-subirats\/wp-content\/uploads\/usu1020\/2016\/10\/IMG_0237-1024x768.jpg 1024w, https:\/\/agora.xtec.cat\/ceip-subirats-lavern-subirats\/wp-content\/uploads\/usu1020\/2016\/10\/IMG_0237-300x225.jpg 300w, https:\/\/agora.xtec.cat\/ceip-subirats-lavern-subirats\/wp-content\/uploads\/usu1020\/2016\/10\/IMG_0237-768x576.jpg 768w, https:\/\/agora.xtec.cat\/ceip-subirats-lavern-subirats\/wp-content\/uploads\/usu1020\/2016\/10\/IMG_0237-200x150.jpg 200w\" sizes=\"auto, (max-width: 1024px) 100vw, 1024px\" \/><\/a><\/p>\n<p>Aquest grupet de 24 noiets i noietes s\u00f3n els grans de l&#8217;escola. Un gran any \u00a0\u00fas espera, aix\u00ed que carregueu aquestes energies que com diria en Guardiola, &#8220;Si ens esforcem, segur que ens ho passarem molt b\u00e9&#8221;.<\/p>\n","protected":false},"excerpt":{"rendered":"<p><a href=\"http:\/\/agora.xtec.cat\/ceip-subirats-lavern-subirats\/wp-content\/uploads\/usu1020\/2016\/10\/IMG_0237.jpg\"><\/a><br \/>\nAquest grupet de 24 noiets i noietes s\u00f3n els grans de l&#8217;escola. Un gran any \u00a0\u00fas espera, aix\u00ed que carregueu aquestes energies que com diria en Guardiola, &#8220;Si ens esforcem, segur que ens ho passarem molt b\u00e9&#8221;.<\/p>\n","protected":false},"author":1,"featured_media":0,"parent":0,"menu_order":0,"comment_status":"closed","ping_status":"closed","template":"","meta":{"_bbp_topic_count":0,"_bbp_reply_count":0,"_bbp_total_topic_count":0,"_bbp_total_reply_count":0,"_bbp_voice_count":0,"_bbp_anonymous_reply_count":0,"_bbp_topic_count_hidden":0,"_bbp_reply_count_hidden":0,"_bbp_forum_subforum_count":0,"footnotes":""},"class_list":["post-482","page","type-page","status-publish","hentry"],"post_mailing_queue_ids":[],"_links":{"self":[{"href":"https:\/\/agora.xtec.cat\/ceip-subirats-lavern-subirats\/wp-json\/wp\/v2\/pages\/482","targetHints":{"allow":["GET"]}}],"collection":[{"href":"https:\/\/agora.xtec.cat\/ceip-subirats-lavern-subirats\/wp-json\/wp\/v2\/pages"}],"about":[{"href":"https:\/\/agora.xtec.cat\/ceip-subirats-lavern-subirats\/wp-json\/wp\/v2\/types\/page"}],"author":[{"embeddable":true,"href":"https:\/\/agora.xtec.cat\/ceip-subirats-lavern-subirats\/wp-json\/wp\/v2\/users\/1"}],"replies":[{"embeddable":true,"href":"https:\/\/agora.xtec.cat\/ceip-subirats-lavern-subirats\/wp-json\/wp\/v2\/comments?post=482"}],"version-history":[{"count":3,"href":"https:\/\/agora.xtec.cat\/ceip-subirats-lavern-subirats\/wp-json\/wp\/v2\/pages\/482\/revisions"}],"predecessor-version":[{"id":492,"href":"https:\/\/agora.xtec.cat\/ceip-subirats-lavern-subirats\/wp-json\/wp\/v2\/pages\/482\/revisions\/492"}],"wp:attachment":[{"href":"https:\/\/agora.xtec.cat\/ceip-subirats-lavern-subirats\/wp-json\/wp\/v2\/media?parent=482"}],"curies":[{"name":"wp","href":"https:\/\/api.w.org\/{rel}","templated":true}]}}