{"id":3369,"date":"2025-07-31T21:32:30","date_gmt":"2025-07-31T19:32:30","guid":{"rendered":"https:\/\/agora.xtec.cat\/ceip-subirats-lavern-subirats\/?page_id=3369"},"modified":"2025-07-31T21:44:35","modified_gmt":"2025-07-31T19:44:35","slug":"art","status":"publish","type":"page","link":"https:\/\/agora.xtec.cat\/ceip-subirats-lavern-subirats\/projectes-descola-2\/art\/","title":{"rendered":"Art"},"content":{"rendered":"<p><u>Objectiu:<\/u><\/p>\n<p>&#8211; Millorar la compet\u00e8ncia art\u00edstica promovent l\u2019\u00fas d\u2019aquesta de manera transversal i des de tots els \u00e0mbits art\u00edstics: m\u00fasica i pl\u00e0stica.<\/p>\n<p><u>Alumnat:<\/u><\/p>\n<p>&#8211; Aquest projecte s\u2019inicia a\u00a0<span style=\"color: #0000ff;\"><em>I3 fins a 6\u00e8.<\/em><\/span><\/p>\n<p><u>Activitats:<\/u><\/p>\n<p>&#8211; <strong>Tallers d&#8217;Art<\/strong>. <span style=\"color: #0000ff;\"><em>Tota l&#8217;escola<\/em><\/span>. Grups barrejats entre I3 i 6\u00e8 una tarda a la setmana per a treballar diferent disciplines art\u00edstiques.<\/p>\n<p>&#8211; <strong>Santa Cec\u00edlia.<\/strong><span style=\"color: #0000ff;\"><em> Tota l&#8217;escola.<\/em><\/span> El centre escolar prioritza i celebra aquest dia i el valor de la m\u00fasica. Durant el primer trimestre es coordina i es comparteix amb les fam\u00edlies, l&#8217;alumnat, el poble i l&#8217;EMAP aquest valor, amb la celebraci\u00f3 final compartida del dia de Santa Cec\u00edlia al centre de l&#8217;Ateneu del poble.<\/p>\n<p>&#8211; <strong>Introducci\u00f3 de l&#8217;Ukelele.<\/strong> <span style=\"color: #0000ff;\"><em>Cicle Superior.<\/em><\/span><\/p>\n","protected":false},"excerpt":{"rendered":"<p>Objectiu:<br \/>\n&#8211; Millorar la compet\u00e8ncia art\u00edstica promovent l\u2019\u00fas d\u2019aquesta de manera transversal i des de tots els \u00e0mbits art\u00edstics: m\u00fasica i pl\u00e0stica.<br \/>\nAlumnat:<br \/>\n&#8211; Aquest projecte s\u2019inicia a\u00a0I3 fins a 6\u00e8.<br \/>\nActivitats:<br \/>\n&#8211; Tallers d&#8217;Art. Tota l&#8217;escola. Grups barrejats entre I3 i 6\u00e8 una tarda a la setmana per a&hellip;  <a href=\"https:\/\/agora.xtec.cat\/ceip-subirats-lavern-subirats\/projectes-descola-2\/art\/\" title=\"Read Art\">Llegeix m\u00e9s\u00bb<\/a><\/p>\n","protected":false},"author":1,"featured_media":0,"parent":1135,"menu_order":0,"comment_status":"closed","ping_status":"closed","template":"","meta":{"_bbp_topic_count":0,"_bbp_reply_count":0,"_bbp_total_topic_count":0,"_bbp_total_reply_count":0,"_bbp_voice_count":0,"_bbp_anonymous_reply_count":0,"_bbp_topic_count_hidden":0,"_bbp_reply_count_hidden":0,"_bbp_forum_subforum_count":0,"footnotes":""},"class_list":["post-3369","page","type-page","status-publish","hentry"],"post_mailing_queue_ids":[],"_links":{"self":[{"href":"https:\/\/agora.xtec.cat\/ceip-subirats-lavern-subirats\/wp-json\/wp\/v2\/pages\/3369","targetHints":{"allow":["GET"]}}],"collection":[{"href":"https:\/\/agora.xtec.cat\/ceip-subirats-lavern-subirats\/wp-json\/wp\/v2\/pages"}],"about":[{"href":"https:\/\/agora.xtec.cat\/ceip-subirats-lavern-subirats\/wp-json\/wp\/v2\/types\/page"}],"author":[{"embeddable":true,"href":"https:\/\/agora.xtec.cat\/ceip-subirats-lavern-subirats\/wp-json\/wp\/v2\/users\/1"}],"replies":[{"embeddable":true,"href":"https:\/\/agora.xtec.cat\/ceip-subirats-lavern-subirats\/wp-json\/wp\/v2\/comments?post=3369"}],"version-history":[{"count":5,"href":"https:\/\/agora.xtec.cat\/ceip-subirats-lavern-subirats\/wp-json\/wp\/v2\/pages\/3369\/revisions"}],"predecessor-version":[{"id":3375,"href":"https:\/\/agora.xtec.cat\/ceip-subirats-lavern-subirats\/wp-json\/wp\/v2\/pages\/3369\/revisions\/3375"}],"up":[{"embeddable":true,"href":"https:\/\/agora.xtec.cat\/ceip-subirats-lavern-subirats\/wp-json\/wp\/v2\/pages\/1135"}],"wp:attachment":[{"href":"https:\/\/agora.xtec.cat\/ceip-subirats-lavern-subirats\/wp-json\/wp\/v2\/media?parent=3369"}],"curies":[{"name":"wp","href":"https:\/\/api.w.org\/{rel}","templated":true}]}}