{"id":26,"date":"2014-09-18T12:24:32","date_gmt":"2014-09-18T11:24:32","guid":{"rendered":"http:\/\/agora.xtec.cat\/ceip-subirats-lavern-subirats\/?page_id=26"},"modified":"2026-01-29T23:06:13","modified_gmt":"2026-01-29T22:06:13","slug":"historia","status":"publish","type":"page","link":"https:\/\/agora.xtec.cat\/ceip-subirats-lavern-subirats\/lescola\/historia\/","title":{"rendered":"Hist\u00f2ria"},"content":{"rendered":"<p style=\"text-align: justify;\"><a href=\"http:\/\/agora.xtec.cat\/ceip-subirats-lavern-subirats\/wp-content\/uploads\/usu1020\/2014\/09\/DSC03169.jpg\"><img loading=\"lazy\" decoding=\"async\" class=\" wp-image-962 alignright\" src=\"http:\/\/agora.xtec.cat\/ceip-subirats-lavern-subirats\/wp-content\/uploads\/usu1020\/2014\/09\/DSC03169-300x225.jpg\" alt=\"dsc03169\" width=\"236\" height=\"177\" srcset=\"https:\/\/agora.xtec.cat\/ceip-subirats-lavern-subirats\/wp-content\/uploads\/usu1020\/2014\/09\/DSC03169-300x225.jpg 300w, https:\/\/agora.xtec.cat\/ceip-subirats-lavern-subirats\/wp-content\/uploads\/usu1020\/2014\/09\/DSC03169-768x576.jpg 768w, https:\/\/agora.xtec.cat\/ceip-subirats-lavern-subirats\/wp-content\/uploads\/usu1020\/2014\/09\/DSC03169-1024x768.jpg 1024w, https:\/\/agora.xtec.cat\/ceip-subirats-lavern-subirats\/wp-content\/uploads\/usu1020\/2014\/09\/DSC03169-200x150.jpg 200w\" sizes=\"auto, (max-width: 236px) 100vw, 236px\" \/><\/a>L\u2019Escola El Serral, tal i com ara la coneixem, va ser constru\u00efda a finals dels anys 60, per\u00f2 en el registre municipal hi ha informaci\u00f3 sobre les escoles unit\u00e0ries de nens i nenes de Lavern amb data del 1942\u00a0 i de la construcci\u00f3 de quatre cases per mestres el 1952. Des d\u2019aleshores fins a l\u2019actualitat s\u2019han fet diferents reformes i ampliacions importants que han donat forma a l\u2019escola actual.<\/p>\n<p style=\"text-align: justify;\">A partir del 1986 va comen\u00e7ar un projecte de ZER que implicava un treball conjunt amb l\u2019Escola El Montcau d\u2019Ordal i l\u2019Escola Sant Jordi de Sant Pau d&#8217;Ordal amb 2 mestres itinerants compartits que treballaven projectes comuns de matem\u00e0tiques i naturals.<\/p>\n<p style=\"text-align: justify;\">Durant m\u00e9s de 1<a href=\"http:\/\/agora.xtec.cat\/ceip-subirats-lavern-subirats\/wp-content\/uploads\/usu1020\/2014\/09\/DSC03170.jpg\"><img loading=\"lazy\" decoding=\"async\" class=\" wp-image-963 alignleft\" src=\"http:\/\/agora.xtec.cat\/ceip-subirats-lavern-subirats\/wp-content\/uploads\/usu1020\/2014\/09\/DSC03170-300x225.jpg\" alt=\"dsc03170\" width=\"188\" height=\"141\" srcset=\"https:\/\/agora.xtec.cat\/ceip-subirats-lavern-subirats\/wp-content\/uploads\/usu1020\/2014\/09\/DSC03170-300x225.jpg 300w, https:\/\/agora.xtec.cat\/ceip-subirats-lavern-subirats\/wp-content\/uploads\/usu1020\/2014\/09\/DSC03170-768x576.jpg 768w, https:\/\/agora.xtec.cat\/ceip-subirats-lavern-subirats\/wp-content\/uploads\/usu1020\/2014\/09\/DSC03170-1024x768.jpg 1024w, https:\/\/agora.xtec.cat\/ceip-subirats-lavern-subirats\/wp-content\/uploads\/usu1020\/2014\/09\/DSC03170-200x150.jpg 200w\" sizes=\"auto, (max-width: 188px) 100vw, 188px\" \/><\/a>0 anys l\u2019escola de Lavern va ser el nucli del municipi on s\u2019impartia la 2a etapa d\u2019EGB i l&#8217;alumnat de les 2 escoles de la ZER finalitzaven la EGB al centre de Lavern.<\/p>\n<p style=\"text-align: justify;\">Amb la implementaci\u00f3 de la ESO, l\u2019alumnat de la ZER Subirats ja no va venir a l\u2019Escola El Serral a estudiar la 2a etapa, sin\u00f3 que acabaven la Prim\u00e0ria a sis\u00e8 al seu centre i continuaven l\u2019escolaritat obligat\u00f2ria de secund\u00e0ria a l\u2019IES Intermunicipal del Pened\u00e8s a Sant Sadurn\u00ed d\u2019Anoia.<\/p>\n<p style=\"text-align: justify;\">Durant aquests darrers 30 anys l\u2019escola ha canviat for\u00e7a en molts aspectes, per\u00f2 sempre hem mantingut una metodologia de treball molt relacionada amb el context d\u2019escola rural.<\/p>\n<p style=\"text-align: justify;\">Durant aquests darrers cursos, s\u2019ha assentat i definit una l\u00ednia d\u2019escola encap\u00e7alada per uns projectes pedag\u00f2gics que han fet del nostre centre, un centre escolar singular i de refer\u00e8ncia.<\/p>\n","protected":false},"excerpt":{"rendered":"<p><a href=\"http:\/\/agora.xtec.cat\/ceip-subirats-lavern-subirats\/wp-content\/uploads\/usu1020\/2014\/09\/DSC03169.jpg\"><\/a>L\u2019Escola El Serral, tal i com ara la coneixem, va ser constru\u00efda a finals dels anys 60, per\u00f2 en el registre municipal hi ha informaci\u00f3 sobre les escoles unit\u00e0ries de nens i nenes de Lavern amb data del 1942\u00a0 i de la construcci\u00f3 de&hellip;  <a href=\"https:\/\/agora.xtec.cat\/ceip-subirats-lavern-subirats\/lescola\/historia\/\" title=\"Read Hist\u00f2ria\">Llegeix m\u00e9s\u00bb<\/a><\/p>\n","protected":false},"author":1,"featured_media":0,"parent":22,"menu_order":20,"comment_status":"closed","ping_status":"closed","template":"page-templates\/side-menu.php","meta":{"_bbp_topic_count":0,"_bbp_reply_count":0,"_bbp_total_topic_count":0,"_bbp_total_reply_count":0,"_bbp_voice_count":0,"_bbp_anonymous_reply_count":0,"_bbp_topic_count_hidden":0,"_bbp_reply_count_hidden":0,"_bbp_forum_subforum_count":0,"footnotes":""},"class_list":["post-26","page","type-page","status-publish","hentry"],"post_mailing_queue_ids":[],"_links":{"self":[{"href":"https:\/\/agora.xtec.cat\/ceip-subirats-lavern-subirats\/wp-json\/wp\/v2\/pages\/26","targetHints":{"allow":["GET"]}}],"collection":[{"href":"https:\/\/agora.xtec.cat\/ceip-subirats-lavern-subirats\/wp-json\/wp\/v2\/pages"}],"about":[{"href":"https:\/\/agora.xtec.cat\/ceip-subirats-lavern-subirats\/wp-json\/wp\/v2\/types\/page"}],"author":[{"embeddable":true,"href":"https:\/\/agora.xtec.cat\/ceip-subirats-lavern-subirats\/wp-json\/wp\/v2\/users\/1"}],"replies":[{"embeddable":true,"href":"https:\/\/agora.xtec.cat\/ceip-subirats-lavern-subirats\/wp-json\/wp\/v2\/comments?post=26"}],"version-history":[{"count":5,"href":"https:\/\/agora.xtec.cat\/ceip-subirats-lavern-subirats\/wp-json\/wp\/v2\/pages\/26\/revisions"}],"predecessor-version":[{"id":3506,"href":"https:\/\/agora.xtec.cat\/ceip-subirats-lavern-subirats\/wp-json\/wp\/v2\/pages\/26\/revisions\/3506"}],"up":[{"embeddable":true,"href":"https:\/\/agora.xtec.cat\/ceip-subirats-lavern-subirats\/wp-json\/wp\/v2\/pages\/22"}],"wp:attachment":[{"href":"https:\/\/agora.xtec.cat\/ceip-subirats-lavern-subirats\/wp-json\/wp\/v2\/media?parent=26"}],"curies":[{"name":"wp","href":"https:\/\/api.w.org\/{rel}","templated":true}]}}