{"id":1072,"date":"2017-03-03T16:00:45","date_gmt":"2017-03-03T15:00:45","guid":{"rendered":"http:\/\/agora.xtec.cat\/ceip-subirats-lavern-subirats\/?page_id=1072"},"modified":"2025-07-31T21:51:17","modified_gmt":"2025-07-31T19:51:17","slug":"llibreta-dels-records","status":"publish","type":"page","link":"https:\/\/agora.xtec.cat\/ceip-subirats-lavern-subirats\/projectes-descola-2\/llibreta-dels-records\/","title":{"rendered":"Llibreta dels Records"},"content":{"rendered":"<p><u>Objectiu:<\/u><\/p>\n<p>&#8211; \u00a0Recollir totes les experi\u00e8ncies i viv\u00e8ncies de les diferents activitats complement\u00e0ries que s\u2019han fet durant tota l\u2019escolaritat.<\/p>\n<p><u>Alumnat:<\/u><\/p>\n<p>&#8211; Aquest projecte s\u2019inicia <span style=\"color: #0000ff;\"><em>a I3 fins a 6\u00e8.<\/em><\/span><\/p>\n<p><img decoding=\"async\" src=\"http:\/\/agora.xtec.cat\/ceip-subirats-lavern-subirats\/wp-content\/uploads\/usu1020\/2017\/02\/Fitxer_000.jpeg-2.jpeg\" alt=\"fitxer_000-jpeg-2\" \/><\/p>\n","protected":false},"excerpt":{"rendered":"<p>Objectiu:<br \/>\n&#8211; \u00a0Recollir totes les experi\u00e8ncies i viv\u00e8ncies de les diferents activitats complement\u00e0ries que s\u2019han fet durant tota l\u2019escolaritat.<br \/>\nAlumnat:<br \/>\n&#8211; Aquest projecte s\u2019inicia a I3 fins a 6\u00e8.<\/p>\n","protected":false},"author":1,"featured_media":0,"parent":1135,"menu_order":0,"comment_status":"closed","ping_status":"closed","template":"","meta":{"_bbp_topic_count":0,"_bbp_reply_count":0,"_bbp_total_topic_count":0,"_bbp_total_reply_count":0,"_bbp_voice_count":0,"_bbp_anonymous_reply_count":0,"_bbp_topic_count_hidden":0,"_bbp_reply_count_hidden":0,"_bbp_forum_subforum_count":0,"footnotes":""},"class_list":["post-1072","page","type-page","status-publish","hentry"],"post_mailing_queue_ids":[],"_links":{"self":[{"href":"https:\/\/agora.xtec.cat\/ceip-subirats-lavern-subirats\/wp-json\/wp\/v2\/pages\/1072","targetHints":{"allow":["GET"]}}],"collection":[{"href":"https:\/\/agora.xtec.cat\/ceip-subirats-lavern-subirats\/wp-json\/wp\/v2\/pages"}],"about":[{"href":"https:\/\/agora.xtec.cat\/ceip-subirats-lavern-subirats\/wp-json\/wp\/v2\/types\/page"}],"author":[{"embeddable":true,"href":"https:\/\/agora.xtec.cat\/ceip-subirats-lavern-subirats\/wp-json\/wp\/v2\/users\/1"}],"replies":[{"embeddable":true,"href":"https:\/\/agora.xtec.cat\/ceip-subirats-lavern-subirats\/wp-json\/wp\/v2\/comments?post=1072"}],"version-history":[{"count":5,"href":"https:\/\/agora.xtec.cat\/ceip-subirats-lavern-subirats\/wp-json\/wp\/v2\/pages\/1072\/revisions"}],"predecessor-version":[{"id":3380,"href":"https:\/\/agora.xtec.cat\/ceip-subirats-lavern-subirats\/wp-json\/wp\/v2\/pages\/1072\/revisions\/3380"}],"up":[{"embeddable":true,"href":"https:\/\/agora.xtec.cat\/ceip-subirats-lavern-subirats\/wp-json\/wp\/v2\/pages\/1135"}],"wp:attachment":[{"href":"https:\/\/agora.xtec.cat\/ceip-subirats-lavern-subirats\/wp-json\/wp\/v2\/media?parent=1072"}],"curies":[{"name":"wp","href":"https:\/\/api.w.org\/{rel}","templated":true}]}}