{"id":1066,"date":"2017-03-03T15:57:55","date_gmt":"2017-03-03T14:57:55","guid":{"rendered":"http:\/\/agora.xtec.cat\/ceip-subirats-lavern-subirats\/?page_id=1066"},"modified":"2025-07-31T21:24:02","modified_gmt":"2025-07-31T19:24:02","slug":"arts-and-crafts","status":"publish","type":"page","link":"https:\/\/agora.xtec.cat\/ceip-subirats-lavern-subirats\/projectes-descola-2\/arts-and-crafts\/","title":{"rendered":"Learning about"},"content":{"rendered":"<p><u>Objectiu:<\/u><\/p>\n<p>&#8211; Millorar la compet\u00e8ncia ling\u00fc\u00edstica en llengua anglesa promovent l\u2019\u00fas d\u2019aquesta de manera transversal i des de tots els \u00e0mbits ling\u00fc\u00edstics: listening, speaking, reading, and writing.<\/p>\n<p><u>Alumnat:<\/u><\/p>\n<p>&#8211; Aquest projecte s\u2019inicia a <span style=\"color: #0000ff;\"><em>1er fins a 6\u00e8.<\/em><\/span><\/p>\n<p>&nbsp;<\/p>\n","protected":false},"excerpt":{"rendered":"<p>Objectiu:<br \/>\n&#8211; Millorar la compet\u00e8ncia ling\u00fc\u00edstica en llengua anglesa promovent l\u2019\u00fas d\u2019aquesta de manera transversal i des de tots els \u00e0mbits ling\u00fc\u00edstics: listening, speaking, reading, and writing.<br \/>\nAlumnat:<br \/>\n&#8211; Aquest projecte s\u2019inicia a 1er fins a 6\u00e8.<br \/>\n&nbsp;<\/p>\n","protected":false},"author":1,"featured_media":0,"parent":1135,"menu_order":0,"comment_status":"closed","ping_status":"closed","template":"","meta":{"_bbp_topic_count":0,"_bbp_reply_count":0,"_bbp_total_topic_count":0,"_bbp_total_reply_count":0,"_bbp_voice_count":0,"_bbp_anonymous_reply_count":0,"_bbp_topic_count_hidden":0,"_bbp_reply_count_hidden":0,"_bbp_forum_subforum_count":0,"footnotes":""},"class_list":["post-1066","page","type-page","status-publish","hentry"],"post_mailing_queue_ids":[],"_links":{"self":[{"href":"https:\/\/agora.xtec.cat\/ceip-subirats-lavern-subirats\/wp-json\/wp\/v2\/pages\/1066","targetHints":{"allow":["GET"]}}],"collection":[{"href":"https:\/\/agora.xtec.cat\/ceip-subirats-lavern-subirats\/wp-json\/wp\/v2\/pages"}],"about":[{"href":"https:\/\/agora.xtec.cat\/ceip-subirats-lavern-subirats\/wp-json\/wp\/v2\/types\/page"}],"author":[{"embeddable":true,"href":"https:\/\/agora.xtec.cat\/ceip-subirats-lavern-subirats\/wp-json\/wp\/v2\/users\/1"}],"replies":[{"embeddable":true,"href":"https:\/\/agora.xtec.cat\/ceip-subirats-lavern-subirats\/wp-json\/wp\/v2\/comments?post=1066"}],"version-history":[{"count":4,"href":"https:\/\/agora.xtec.cat\/ceip-subirats-lavern-subirats\/wp-json\/wp\/v2\/pages\/1066\/revisions"}],"predecessor-version":[{"id":3368,"href":"https:\/\/agora.xtec.cat\/ceip-subirats-lavern-subirats\/wp-json\/wp\/v2\/pages\/1066\/revisions\/3368"}],"up":[{"embeddable":true,"href":"https:\/\/agora.xtec.cat\/ceip-subirats-lavern-subirats\/wp-json\/wp\/v2\/pages\/1135"}],"wp:attachment":[{"href":"https:\/\/agora.xtec.cat\/ceip-subirats-lavern-subirats\/wp-json\/wp\/v2\/media?parent=1066"}],"curies":[{"name":"wp","href":"https:\/\/api.w.org\/{rel}","templated":true}]}}