{"id":84,"date":"2014-09-18T14:11:31","date_gmt":"2014-09-18T13:11:31","guid":{"rendered":"http:\/\/agora.xtec.cat\/ceip-splai\/?page_id=84"},"modified":"2019-10-14T15:58:14","modified_gmt":"2019-10-14T13:58:14","slug":"activitats-extraescolars","status":"publish","type":"page","link":"https:\/\/agora.xtec.cat\/ceip-splai\/serveis\/activitats-extraescolars\/","title":{"rendered":"Activitats extraescolars"},"content":{"rendered":"<p><strong>PREUS I DIES D\u2019ACTIVITAT<\/strong><\/p>\n<p><strong>\u00a0<\/strong><\/p>\n<p><strong>(per a tots els cursos)<\/strong><\/p>\n<ul>\n<li><strong><span style=\"color: #ff6600;\">ZumbaKids\/Funky<\/span><\/strong> dimecres de 1r a 6\u00e8\u00a0 \/ 17&#8217;85 \u20ac<\/li>\n<li><strong><span style=\"color: #ff6600;\">Patinatge,<\/span><\/strong> dimarts i dijous de P5 a 6\u00e8\u00a0 \u00a0\/ 25&#8217;75 \u20ac<\/li>\n<li><strong><span style=\"color: #ff6600;\">Teatre,<\/span><\/strong> dilluns de P3 a 6\u00e8 \/ 17&#8217;85 \u20ac<\/li>\n<li><strong><span style=\"color: #ff6600;\">Ballem,<\/span><\/strong> dilluns de P3 a P5\u00a0 \/ 17&#8217;85 \u20ac<\/li>\n<li><strong><span style=\"color: #ff6600;\">Futbol (iniciaci\u00f3),<\/span><\/strong> dilluns de P5 a 2n \/ 17&#8217;85 \u20ac<\/li>\n<li><strong><span style=\"color: #ff6600;\">Juguem en angl\u00e8s,<\/span><\/strong> dimecres de P3 a P5 \/ 17&#8217;85\u20ac<\/li>\n<li><strong><span style=\"color: #ff6600;\">Judo,<\/span><\/strong> dimarts i dijous de 1r a 6\u00e8\u00a0 \/ 25&#8217;75 \u20ac<\/li>\n<li><strong><span style=\"color: #ff6600;\">Multi esport,<\/span><\/strong> dimecres de 1r a 6\u00e8\u00a0 \/ 17&#8217;85 \u20ac<\/li>\n<\/ul>\n<ul>\n<li><strong><span style=\"color: #ff6600;\">Casal de tarda,<\/span><\/strong> de dilluns a divendres 36&#8217;50 \u20ac. Espor\u00e0dics 3\u201950\u20ac<\/li>\n<\/ul>\n<p>&nbsp;<\/p>\n<p>Per a m\u00e9s informaci\u00f3<span style=\"color: #008000;\"><strong> fes clic al nostre LOGO:<\/strong><\/span><\/p>\n<p style=\"text-align: center;\"><a href=\"http:\/\/splaiprojects.wikispaces.com\/file\/view\/ESCOLA+SPLAI-NOVESACTIVITATS2016-2017.docx\/602998966\/ESCOLA%20SPLAI-NOVESACTIVITATS2016-2017.docx\" target=\"_blank\" rel=\"noopener noreferrer\"><img loading=\"lazy\" decoding=\"async\" class=\"aligncenter size-full wp-image-583\" src=\"http:\/\/agora.xtec.cat\/ceip-splai\/wp-content\/uploads\/usu1401\/2014\/09\/1.png\" alt=\"1\" width=\"309\" height=\"97\" srcset=\"https:\/\/agora.xtec.cat\/ceip-splai\/wp-content\/uploads\/usu1401\/2014\/09\/1.png 309w, https:\/\/agora.xtec.cat\/ceip-splai\/wp-content\/uploads\/usu1401\/2014\/09\/1-300x94.png 300w\" sizes=\"auto, (max-width: 309px) 100vw, 309px\" \/><\/a><\/p>\n<p>WEB \u00a0\u00a0\u00a0\u00a0\u00a0\u00a0\u00a0\u00a0\u00a0\u00a0\u00a0\u00a0\u00a0\u00a0\u00a0\u00a0\u00a0\u00a0\u00a0\u00a0 <a href=\"http:\/\/www.fundaciocet10.org\" target=\"_blank\" rel=\"noopener noreferrer\">www.fundaciocet10.org<\/a><\/p>\n<p>BLOG \u00a0\u00a0\u00a0\u00a0\u00a0\u00a0\u00a0\u00a0\u00a0\u00a0\u00a0\u00a0\u00a0\u00a0\u00a0\u00a0\u00a0\u00a0 <a href=\"http:\/\/blogfundaciocet10.org\/\">blogfundaciocet10.org\/<\/a><\/p>\n<p>FACEBOOK \u00a0\u00a0\u00a0\u00a0\u00a0\u00a0\u00a0\u00a0 Fundaci\u00f3 CET10<\/p>\n<p>&nbsp;<\/p>\n<p>A m\u00e9s a m\u00e9s d&#8217;aquestes activitats, l&#8217;AFA de l&#8217;escola organitza:<\/p>\n<ul>\n<li><strong><span style=\"color: #ff6600;\">Piscina (Tur\u00f3 de la Peira),<\/span><\/strong> dimarts de 1r a 6\u00e8\u00a0 \/ 59 \u20ac<\/li>\n<\/ul>\n<p>dijous de P3 a P5 \/ 69 \u20ac<\/p>\n<p><strong><span style=\"color: #ff6600;\">L&#8217;horari ser\u00e0 de 16:45 a 17:30<\/span><\/strong> i cada fam\u00edlia haur\u00e0 de portar i recollir a l&#8217;alumne al CEM Tur\u00f3 de la Peira.<\/p>\n","protected":false},"excerpt":{"rendered":"<p>PREUS I DIES D\u2019ACTIVITAT \u00a0 (per a tots els cursos) ZumbaKids\/Funky dimecres de 1r a 6\u00e8\u00a0 \/ 17&#8217;85 \u20ac Patinatge, dimarts i dijous de P5 a 6\u00e8\u00a0 \u00a0\/ 25&#8217;75 \u20ac Teatre, dilluns de P3 a 6\u00e8 \/ 17&#8217;85 \u20ac Ballem, dilluns de P3 a P5\u00a0 \/ 17&#8217;85 \u20ac Futbol (iniciaci\u00f3), dilluns de P5 a 2n [&hellip;]<\/p>\n","protected":false},"author":1,"featured_media":0,"parent":66,"menu_order":60,"comment_status":"closed","ping_status":"closed","template":"page-templates\/side-menu.php","meta":{"_bbp_topic_count":0,"_bbp_reply_count":0,"_bbp_total_topic_count":0,"_bbp_total_reply_count":0,"_bbp_voice_count":0,"_bbp_anonymous_reply_count":0,"_bbp_topic_count_hidden":0,"_bbp_reply_count_hidden":0,"_bbp_forum_subforum_count":0,"site-sidebar-layout":"default","site-content-layout":"","ast-site-content-layout":"","site-content-style":"default","site-sidebar-style":"default","ast-global-header-display":"","ast-banner-title-visibility":"","ast-main-header-display":"","ast-hfb-above-header-display":"","ast-hfb-below-header-display":"","ast-hfb-mobile-header-display":"","site-post-title":"","ast-breadcrumbs-content":"","ast-featured-img":"","footer-sml-layout":"","theme-transparent-header-meta":"","adv-header-id-meta":"","stick-header-meta":"","header-above-stick-meta":"","header-main-stick-meta":"","header-below-stick-meta":"","astra-migrate-meta-layouts":"default","ast-page-background-enabled":"default","ast-page-background-meta":{"desktop":{"background-color":"var(--ast-global-color-4)","background-image":"","background-repeat":"repeat","background-position":"center center","background-size":"auto","background-attachment":"scroll","background-type":"","background-media":"","overlay-type":"","overlay-color":"","overlay-opacity":"","overlay-gradient":""},"tablet":{"background-color":"","background-image":"","background-repeat":"repeat","background-position":"center center","background-size":"auto","background-attachment":"scroll","background-type":"","background-media":"","overlay-type":"","overlay-color":"","overlay-opacity":"","overlay-gradient":""},"mobile":{"background-color":"","background-image":"","background-repeat":"repeat","background-position":"center center","background-size":"auto","background-attachment":"scroll","background-type":"","background-media":"","overlay-type":"","overlay-color":"","overlay-opacity":"","overlay-gradient":""}},"ast-content-background-meta":{"desktop":{"background-color":"var(--ast-global-color-5)","background-image":"","background-repeat":"repeat","background-position":"center center","background-size":"auto","background-attachment":"scroll","background-type":"","background-media":"","overlay-type":"","overlay-color":"","overlay-opacity":"","overlay-gradient":""},"tablet":{"background-color":"var(--ast-global-color-5)","background-image":"","background-repeat":"repeat","background-position":"center center","background-size":"auto","background-attachment":"scroll","background-type":"","background-media":"","overlay-type":"","overlay-color":"","overlay-opacity":"","overlay-gradient":""},"mobile":{"background-color":"var(--ast-global-color-5)","background-image":"","background-repeat":"repeat","background-position":"center center","background-size":"auto","background-attachment":"scroll","background-type":"","background-media":"","overlay-type":"","overlay-color":"","overlay-opacity":"","overlay-gradient":""}},"footnotes":""},"class_list":["post-84","page","type-page","status-publish","hentry"],"post_mailing_queue_ids":[],"_links":{"self":[{"href":"https:\/\/agora.xtec.cat\/ceip-splai\/wp-json\/wp\/v2\/pages\/84","targetHints":{"allow":["GET"]}}],"collection":[{"href":"https:\/\/agora.xtec.cat\/ceip-splai\/wp-json\/wp\/v2\/pages"}],"about":[{"href":"https:\/\/agora.xtec.cat\/ceip-splai\/wp-json\/wp\/v2\/types\/page"}],"author":[{"embeddable":true,"href":"https:\/\/agora.xtec.cat\/ceip-splai\/wp-json\/wp\/v2\/users\/1"}],"replies":[{"embeddable":true,"href":"https:\/\/agora.xtec.cat\/ceip-splai\/wp-json\/wp\/v2\/comments?post=84"}],"version-history":[{"count":4,"href":"https:\/\/agora.xtec.cat\/ceip-splai\/wp-json\/wp\/v2\/pages\/84\/revisions"}],"predecessor-version":[{"id":1041,"href":"https:\/\/agora.xtec.cat\/ceip-splai\/wp-json\/wp\/v2\/pages\/84\/revisions\/1041"}],"up":[{"embeddable":true,"href":"https:\/\/agora.xtec.cat\/ceip-splai\/wp-json\/wp\/v2\/pages\/66"}],"wp:attachment":[{"href":"https:\/\/agora.xtec.cat\/ceip-splai\/wp-json\/wp\/v2\/media?parent=84"}],"curies":[{"name":"wp","href":"https:\/\/api.w.org\/{rel}","templated":true}]}}