{"id":820,"date":"2018-02-06T15:48:15","date_gmt":"2018-02-06T14:48:15","guid":{"rendered":"http:\/\/agora.xtec.cat\/ceip-splai\/?page_id=820"},"modified":"2026-03-11T11:59:19","modified_gmt":"2026-03-11T10:59:19","slug":"innovacio-xarxes-per-al-canvi","status":"publish","type":"page","link":"https:\/\/agora.xtec.cat\/ceip-splai\/informacio-families\/innovacio-xarxes-per-al-canvi\/","title":{"rendered":"Innovaci\u00f3"},"content":{"rendered":"<div class=\"lead\">\n<h3 style=\"text-align: justify;\">Projecte: &#8220;Xarxes per al canvi&#8221;<\/h3>\n<p style=\"text-align: justify;\">Aquest projecte, impulsat pel <strong><span style=\"color: #ff6600;\">Consorci d\u2019Educaci\u00f3, Escola Nova 21, I\u2019ICE de la UAB i Rosa Sensat<\/span> <\/strong>t\u00e9 el repte d&#8217;aconseguir la millora sostenible des del treball en xarxa.<\/p>\n<\/div>\n<div class=\"e_text\" style=\"text-align: justify;\">\n<p>Amb aquest acord, liderat pel Consorci, es vol ajudar els centres de la ciutat a avan\u00e7ar des del treball conjunt cap a un prop\u00f2sit educatiu competencial i unes pr\u00e0ctiques d\u2019aprenentatge actualitzades.<\/p>\n<p>A la <strong><span style=\"color: #0000ff;\">Xarxa 14 (Centres Educatius de Nou Barris)<\/span><\/strong>, de la qual formem part, es treballen coneixements i procediments sobre l\u2019horitz\u00f3 com\u00fa de canvi, s\u2019impulsen processos de capacitaci\u00f3 de forma col\u00b7laborativa i es comparteixen experi\u00e8ncies dels centres sobre el seu proc\u00e9s de transformaci\u00f3.\u00a0D\u2019aquesta manera es garanteix el treball a nivell del centre, del barri i de la ciutat.<\/p>\n<\/div>\n<h3 style=\"text-align: justify;\"><a href=\"http:\/\/transformacioeducativa.cat\/xxcanvi\"><img loading=\"lazy\" decoding=\"async\" class=\"aligncenter wp-image-1555 size-large\" src=\"https:\/\/agora.xtec.cat\/ceip-splai\/wp-content\/uploads\/usu1401\/2022\/01\/xarxes-1024x723.jpg\" alt=\"\" width=\"1024\" height=\"723\" srcset=\"https:\/\/agora.xtec.cat\/ceip-splai\/wp-content\/uploads\/usu1401\/2022\/01\/xarxes-1024x723.jpg 1024w, https:\/\/agora.xtec.cat\/ceip-splai\/wp-content\/uploads\/usu1401\/2022\/01\/xarxes-300x212.jpg 300w, https:\/\/agora.xtec.cat\/ceip-splai\/wp-content\/uploads\/usu1401\/2022\/01\/xarxes-768x542.jpg 768w, https:\/\/agora.xtec.cat\/ceip-splai\/wp-content\/uploads\/usu1401\/2022\/01\/xarxes.jpg 1095w\" sizes=\"auto, (max-width: 1024px) 100vw, 1024px\" \/><\/a><\/h3>\n<h3><\/h3>\n<p>&nbsp;<\/p>\n<h3 style=\"text-align: justify;\">Projecte: &#8220;Transformaci\u00f3 educativa en Educaci\u00f3 Infantil&#8221;<\/h3>\n<p style=\"text-align: justify;\">El projecte de Transformaci\u00f3 educativa, impulsat pel Consorci d\u2019Educaci\u00f3, \u00e9s el cam\u00ed per donar una nova mirada a l\u2019educaci\u00f3 i canviar la manera d\u2019ensenyar i aprendre. En l\u2019etapa d\u2019Educaci\u00f3 Infantil de la nostra escola treballem a partir de contextos educatius on l\u2019aula es transforma en un espai d\u2019exploraci\u00f3 i descoberta, amb l\u2019objectiu de donar resposta a les necessitats dels infants, tot respectant el seu ritme i evoluci\u00f3 personal. Els nens i les nenes s\u00f3n el motor d&#8217;aprenentatge i \u00e9s el docent qui, amb noves propostes, materials i estrat\u00e8gies, acompanyar\u00e0 i motivar\u00e0 als infants per a que desenvolupin al m\u00e0xim les seves capacitats i habilitats.<\/p>\n<p><a href=\"https:\/\/agora.xtec.cat\/ceip-splai\/wp-content\/uploads\/usu1401\/2022\/01\/Foto2_contextos-scaled.jpg\"><img loading=\"lazy\" decoding=\"async\" class=\"size-large wp-image-1570 aligncenter\" src=\"https:\/\/agora.xtec.cat\/ceip-splai\/wp-content\/uploads\/usu1401\/2022\/01\/Foto2_contextos-1024x766.jpg\" alt=\"\" width=\"1024\" height=\"766\" srcset=\"https:\/\/agora.xtec.cat\/ceip-splai\/wp-content\/uploads\/usu1401\/2022\/01\/Foto2_contextos-1024x766.jpg 1024w, https:\/\/agora.xtec.cat\/ceip-splai\/wp-content\/uploads\/usu1401\/2022\/01\/Foto2_contextos-300x224.jpg 300w, https:\/\/agora.xtec.cat\/ceip-splai\/wp-content\/uploads\/usu1401\/2022\/01\/Foto2_contextos-768x575.jpg 768w, https:\/\/agora.xtec.cat\/ceip-splai\/wp-content\/uploads\/usu1401\/2022\/01\/Foto2_contextos-1536x1149.jpg 1536w, https:\/\/agora.xtec.cat\/ceip-splai\/wp-content\/uploads\/usu1401\/2022\/01\/Foto2_contextos-2048x1532.jpg 2048w, https:\/\/agora.xtec.cat\/ceip-splai\/wp-content\/uploads\/usu1401\/2022\/01\/Foto2_contextos-200x150.jpg 200w\" sizes=\"auto, (max-width: 1024px) 100vw, 1024px\" \/><\/a><\/p>\n<h3><\/h3>\n<p>&nbsp;<\/p>\n<h3 style=\"text-align: justify;\">Projecte: &#8220;Avancem&#8221;<\/h3>\n<p>El programa d\u2019innovaci\u00f3 pedag\u00f2gica del Departament d\u2019Educaci\u00f3 <a href=\"https:\/\/espai.educacio.gencat.cat\/Centres\/Innovacio-pedagogica\/Programes\/Avancem-Ensenyament-Aprenentatge-integrat\/Pagines\/default.aspx\" target=\"_blank\" rel=\"noopener\">Avancem: Ensenyament i Aprenentatge integrat de les lleng\u00fces<\/a> t\u00e9 com a finalitat dotar el nostre alumnat d\u2019una compet\u00e8ncia pluriling\u00fce s\u00f2lida que afavoreixi\u00a0 el seu creixement acad\u00e8mic i posterior inserci\u00f3 laboral. D\u2019altra banda, fomenta un ensenyament de les lleng\u00fces competencial, que parteixi del consens i la cooperaci\u00f3 entre el professorat de llengua i que promogui el disseny de projectes d\u2019aula en qu\u00e8 participen diverses lleng\u00fces.<\/p>\n<div style=\"width: 100%;\">\n<div style=\"position: relative; padding-bottom: 56.25%; padding-top: 0; height: 0;\"><iframe loading=\"lazy\" style=\"position: absolute; top: 0; left: 0; width: 100%; height: 100%;\" src=\"https:\/\/view.genial.ly\/609d5171d601480dc1d8fd55\" width=\"1200px\" height=\"675px\" frameborder=\"0\" scrolling=\"yes\" allowfullscreen=\"allowfullscreen\" data-mce-fragment=\"1\"><\/iframe><\/div>\n<\/div>\n<p>&nbsp;<\/p>\n<p>&nbsp;<\/p>\n<h3 style=\"text-align: justify;\">Projecte: &#8220;Tenim la paraula&#8221;<\/h3>\n<p>El curs 2018-2019 el Departament d&#8217;Educaci\u00f3 impulsa el programa\u00a0<a href=\"http:\/\/xtec.gencat.cat\/web\/.content\/projectes\/llengua-oral\/tenim-la-paraula\/documents\/Document-2.-Presentacio-Programa-de-Comunicacio_oral_.pdf\" target=\"_blank\" rel=\"noopener\">Tenim la paraula!<\/a>, amb el qual s&#8217;estableix com a objectiu millorar la compet\u00e8ncia comunicativa dels alumnes per augmentar-ne la capacitat de comunicaci\u00f3 i el rendiment acad\u00e8mic, i aix\u00ed afavorir-ne l&#8217;\u00e8xit educatiu.<\/p>\n<p>El programa <strong> Tenim la paraula<\/strong> t\u00e9 la finalitat global de millorar les habilitats comunicatives orals de l\u2019alumnat perqu\u00e8 pugui expressar pensaments, sentiments, emocions i viv\u00e8ncies, i participar activament a la societat. En aquest <strong><a href=\"http:\/\/xtec.gencat.cat\/web\/.content\/projectes\/llengua-oral\/tenim-la-paraula\/documents\/Document-1.-Triptic-Tenim-la-paraula.pdf\" target=\"_blank\" rel=\"noopener\">tr\u00edptic<\/a><\/strong> podeu consultar els objectius i les l\u00ednies estrat\u00e8giques.<\/p>\n<p><a href=\"https:\/\/agora.xtec.cat\/ceip-splai\/general\/premio-cervantes-2019\/\" target=\"_blank\" rel=\"noopener\"><img loading=\"lazy\" decoding=\"async\" class=\"size-large wp-image-1562 aligncenter\" src=\"https:\/\/agora.xtec.cat\/ceip-splai\/wp-content\/uploads\/usu1401\/2022\/01\/Sense-titol-1024x576.png\" alt=\"\" width=\"1024\" height=\"576\" srcset=\"https:\/\/agora.xtec.cat\/ceip-splai\/wp-content\/uploads\/usu1401\/2022\/01\/Sense-titol-1024x576.png 1024w, https:\/\/agora.xtec.cat\/ceip-splai\/wp-content\/uploads\/usu1401\/2022\/01\/Sense-titol-300x169.png 300w, https:\/\/agora.xtec.cat\/ceip-splai\/wp-content\/uploads\/usu1401\/2022\/01\/Sense-titol-768x432.png 768w, https:\/\/agora.xtec.cat\/ceip-splai\/wp-content\/uploads\/usu1401\/2022\/01\/Sense-titol.png 1366w\" sizes=\"auto, (max-width: 1024px) 100vw, 1024px\" \/><\/a><\/p>\n","protected":false},"excerpt":{"rendered":"<p>Projecte: &#8220;Xarxes per al canvi&#8221; Aquest projecte, impulsat pel Consorci d\u2019Educaci\u00f3, Escola Nova 21, I\u2019ICE de la UAB i Rosa Sensat t\u00e9 el repte d&#8217;aconseguir la millora sostenible des del treball en xarxa. Amb aquest acord, liderat pel Consorci, es vol ajudar els centres de la ciutat a avan\u00e7ar des del treball conjunt cap a [&hellip;]<\/p>\n","protected":false},"author":3,"featured_media":0,"parent":520,"menu_order":0,"comment_status":"closed","ping_status":"closed","template":"","meta":{"_bbp_topic_count":0,"_bbp_reply_count":0,"_bbp_total_topic_count":0,"_bbp_total_reply_count":0,"_bbp_voice_count":0,"_bbp_anonymous_reply_count":0,"_bbp_topic_count_hidden":0,"_bbp_reply_count_hidden":0,"_bbp_forum_subforum_count":0,"site-sidebar-layout":"default","site-content-layout":"","ast-site-content-layout":"","site-content-style":"default","site-sidebar-style":"default","ast-global-header-display":"","ast-banner-title-visibility":"","ast-main-header-display":"","ast-hfb-above-header-display":"","ast-hfb-below-header-display":"","ast-hfb-mobile-header-display":"","site-post-title":"","ast-breadcrumbs-content":"","ast-featured-img":"","footer-sml-layout":"","theme-transparent-header-meta":"","adv-header-id-meta":"","stick-header-meta":"","header-above-stick-meta":"","header-main-stick-meta":"","header-below-stick-meta":"","astra-migrate-meta-layouts":"default","ast-page-background-enabled":"default","ast-page-background-meta":{"desktop":{"background-color":"var(--ast-global-color-4)","background-image":"","background-repeat":"repeat","background-position":"center center","background-size":"auto","background-attachment":"scroll","background-type":"","background-media":"","overlay-type":"","overlay-color":"","overlay-opacity":"","overlay-gradient":""},"tablet":{"background-color":"","background-image":"","background-repeat":"repeat","background-position":"center center","background-size":"auto","background-attachment":"scroll","background-type":"","background-media":"","overlay-type":"","overlay-color":"","overlay-opacity":"","overlay-gradient":""},"mobile":{"background-color":"","background-image":"","background-repeat":"repeat","background-position":"center center","background-size":"auto","background-attachment":"scroll","background-type":"","background-media":"","overlay-type":"","overlay-color":"","overlay-opacity":"","overlay-gradient":""}},"ast-content-background-meta":{"desktop":{"background-color":"var(--ast-global-color-5)","background-image":"","background-repeat":"repeat","background-position":"center center","background-size":"auto","background-attachment":"scroll","background-type":"","background-media":"","overlay-type":"","overlay-color":"","overlay-opacity":"","overlay-gradient":""},"tablet":{"background-color":"var(--ast-global-color-5)","background-image":"","background-repeat":"repeat","background-position":"center center","background-size":"auto","background-attachment":"scroll","background-type":"","background-media":"","overlay-type":"","overlay-color":"","overlay-opacity":"","overlay-gradient":""},"mobile":{"background-color":"var(--ast-global-color-5)","background-image":"","background-repeat":"repeat","background-position":"center center","background-size":"auto","background-attachment":"scroll","background-type":"","background-media":"","overlay-type":"","overlay-color":"","overlay-opacity":"","overlay-gradient":""}},"footnotes":""},"class_list":["post-820","page","type-page","status-publish","hentry"],"post_mailing_queue_ids":[],"_links":{"self":[{"href":"https:\/\/agora.xtec.cat\/ceip-splai\/wp-json\/wp\/v2\/pages\/820","targetHints":{"allow":["GET"]}}],"collection":[{"href":"https:\/\/agora.xtec.cat\/ceip-splai\/wp-json\/wp\/v2\/pages"}],"about":[{"href":"https:\/\/agora.xtec.cat\/ceip-splai\/wp-json\/wp\/v2\/types\/page"}],"author":[{"embeddable":true,"href":"https:\/\/agora.xtec.cat\/ceip-splai\/wp-json\/wp\/v2\/users\/3"}],"replies":[{"embeddable":true,"href":"https:\/\/agora.xtec.cat\/ceip-splai\/wp-json\/wp\/v2\/comments?post=820"}],"version-history":[{"count":6,"href":"https:\/\/agora.xtec.cat\/ceip-splai\/wp-json\/wp\/v2\/pages\/820\/revisions"}],"predecessor-version":[{"id":1573,"href":"https:\/\/agora.xtec.cat\/ceip-splai\/wp-json\/wp\/v2\/pages\/820\/revisions\/1573"}],"up":[{"embeddable":true,"href":"https:\/\/agora.xtec.cat\/ceip-splai\/wp-json\/wp\/v2\/pages\/520"}],"wp:attachment":[{"href":"https:\/\/agora.xtec.cat\/ceip-splai\/wp-json\/wp\/v2\/media?parent=820"}],"curies":[{"name":"wp","href":"https:\/\/api.w.org\/{rel}","templated":true}]}}