{"id":73,"date":"2014-09-18T14:01:51","date_gmt":"2014-09-18T12:01:51","guid":{"rendered":"http:\/\/agora.xtec.cat\/ceip-splai\/?page_id=73"},"modified":"2026-04-09T13:23:45","modified_gmt":"2026-04-09T11:23:45","slug":"menjador-escolar","status":"publish","type":"page","link":"https:\/\/agora.xtec.cat\/ceip-splai\/serveis\/menjador-escolar\/","title":{"rendered":"Menjador escolar &#8211; Curs 2025-26"},"content":{"rendered":"<p><span style=\"color: #008000;\"><strong>Feu clic a la imatge inferior<\/strong><\/span> per accedir al <span style=\"color: #008000;\"><strong>PDF del Men\u00fa Escolar d&#8217;Abril 2026<\/strong><\/span> i la recomanaci\u00f3 de sopars.<\/p>\n<p><a href=\"https:\/\/agora.xtec.cat\/ceip-splai\/wp-content\/uploads\/usu1401\/2026\/04\/Menu-Escola-Splai-Abril-2026.pdf\" target=\"_blank\" rel=\"noopener\"><img loading=\"lazy\" decoding=\"async\" class=\"aligncenter wp-image-470\" src=\"http:\/\/agora.xtec.cat\/ceip-splai\/wp-content\/uploads\/usu1401\/2014\/09\/arton245-1024x330.gif\" alt=\"Men\u00fa Menjador\" width=\"497\" height=\"160\" srcset=\"https:\/\/agora.xtec.cat\/ceip-splai\/wp-content\/uploads\/usu1401\/2014\/09\/arton245-1024x330.gif 1024w, https:\/\/agora.xtec.cat\/ceip-splai\/wp-content\/uploads\/usu1401\/2014\/09\/arton245-300x97.gif 300w, https:\/\/agora.xtec.cat\/ceip-splai\/wp-content\/uploads\/usu1401\/2014\/09\/arton245-768x248.gif 768w\" sizes=\"auto, (max-width: 497px) 100vw, 497px\" \/><\/a><\/p>\n<h2 style=\"text-align: center;\"><a href=\"https:\/\/view.genial.ly\/61ee76754ddc500013e9ac26\">Genial.ly BarnaLleure<\/a><\/h2>\n<h2><\/h2>\n<ul>\n<li style=\"list-style-type: none;\">\n<ul>\n<li style=\"list-style-type: none;\">\n<ul>\n<li>\n<div align=\"left\"><b><span style=\"font-family: Comic Sans MS; font-size: small;\">El centre disposa del servei de menjador escolar amb cuina pr\u00f2pia. Els usuaris del menjador s\u00f3n tots els alumnes de l&#8217;escola que ho necessitin, aix\u00ed com el personal docent i no docent del centre.<br \/>\nEls men\u00fas escolars s&#8217;elaboren oferint una alimentaci\u00f3 variada, nutritiva i equilibrada.<\/span><\/b><\/div>\n<\/li>\n<li><span style=\"font-family: Comic Sans MS; font-size: small;\"><b>Compta amb un servei de monitoratge especialitzat per atendre l&#8217;alumnat a l&#8217;hora de menjar i en les activitats de lleure que es realitzen abans i despr\u00e9s de dinar. <\/b><\/span><\/li>\n<li><span style=\"font-family: Comic Sans MS; font-size: small;\"><b>L&#8217;empresa BarnaLleure es fa c\u00e0rrec del monitoratge des del curs 2020-21.<\/b><\/span><\/li>\n<\/ul>\n<\/li>\n<\/ul>\n<\/li>\n<\/ul>\n<p>&nbsp;<\/p>\n<h3 style=\"text-align: center;\"><a href=\"https:\/\/agora.xtec.cat\/ceip-splai\/wp-content\/uploads\/usu1401\/2026\/04\/BADALLEURE.pdf\" target=\"_blank\" rel=\"noopener\">PROGRAMACI\u00d3 DE JORNADES GASTRON\u00d2MIQUES<\/a><\/h3>\n<p>&nbsp;<\/p>\n","protected":false},"excerpt":{"rendered":"<p>Feu clic a la imatge inferior per accedir al PDF del Men\u00fa Escolar d&#8217;Abril 2026 i la recomanaci\u00f3 de sopars. Genial.ly BarnaLleure El centre disposa del servei de menjador escolar amb cuina pr\u00f2pia. Els usuaris del menjador s\u00f3n tots els alumnes de l&#8217;escola que ho necessitin, aix\u00ed com el personal docent i no docent del [&hellip;]<\/p>\n","protected":false},"author":1,"featured_media":0,"parent":66,"menu_order":30,"comment_status":"closed","ping_status":"closed","template":"","meta":{"_bbp_topic_count":0,"_bbp_reply_count":0,"_bbp_total_topic_count":0,"_bbp_total_reply_count":0,"_bbp_voice_count":0,"_bbp_anonymous_reply_count":0,"_bbp_topic_count_hidden":0,"_bbp_reply_count_hidden":0,"_bbp_forum_subforum_count":0,"site-sidebar-layout":"default","site-content-layout":"","ast-site-content-layout":"default","site-content-style":"default","site-sidebar-style":"default","ast-global-header-display":"","ast-banner-title-visibility":"","ast-main-header-display":"","ast-hfb-above-header-display":"","ast-hfb-below-header-display":"","ast-hfb-mobile-header-display":"","site-post-title":"","ast-breadcrumbs-content":"","ast-featured-img":"","footer-sml-layout":"","theme-transparent-header-meta":"default","adv-header-id-meta":"","stick-header-meta":"","header-above-stick-meta":"","header-main-stick-meta":"","header-below-stick-meta":"","astra-migrate-meta-layouts":"set","ast-page-background-enabled":"default","ast-page-background-meta":{"desktop":{"background-color":"var(--ast-global-color-4)","background-image":"","background-repeat":"repeat","background-position":"center center","background-size":"auto","background-attachment":"scroll","background-type":"","background-media":"","overlay-type":"","overlay-color":"","overlay-opacity":"","overlay-gradient":""},"tablet":{"background-color":"","background-image":"","background-repeat":"repeat","background-position":"center center","background-size":"auto","background-attachment":"scroll","background-type":"","background-media":"","overlay-type":"","overlay-color":"","overlay-opacity":"","overlay-gradient":""},"mobile":{"background-color":"","background-image":"","background-repeat":"repeat","background-position":"center center","background-size":"auto","background-attachment":"scroll","background-type":"","background-media":"","overlay-type":"","overlay-color":"","overlay-opacity":"","overlay-gradient":""}},"ast-content-background-meta":{"desktop":{"background-color":"var(--ast-global-color-5)","background-image":"","background-repeat":"repeat","background-position":"center center","background-size":"auto","background-attachment":"scroll","background-type":"","background-media":"","overlay-type":"","overlay-color":"","overlay-opacity":"","overlay-gradient":""},"tablet":{"background-color":"var(--ast-global-color-5)","background-image":"","background-repeat":"repeat","background-position":"center center","background-size":"auto","background-attachment":"scroll","background-type":"","background-media":"","overlay-type":"","overlay-color":"","overlay-opacity":"","overlay-gradient":""},"mobile":{"background-color":"var(--ast-global-color-5)","background-image":"","background-repeat":"repeat","background-position":"center center","background-size":"auto","background-attachment":"scroll","background-type":"","background-media":"","overlay-type":"","overlay-color":"","overlay-opacity":"","overlay-gradient":""}},"footnotes":""},"class_list":["post-73","page","type-page","status-publish","hentry"],"post_mailing_queue_ids":[],"_links":{"self":[{"href":"https:\/\/agora.xtec.cat\/ceip-splai\/wp-json\/wp\/v2\/pages\/73","targetHints":{"allow":["GET"]}}],"collection":[{"href":"https:\/\/agora.xtec.cat\/ceip-splai\/wp-json\/wp\/v2\/pages"}],"about":[{"href":"https:\/\/agora.xtec.cat\/ceip-splai\/wp-json\/wp\/v2\/types\/page"}],"author":[{"embeddable":true,"href":"https:\/\/agora.xtec.cat\/ceip-splai\/wp-json\/wp\/v2\/users\/1"}],"replies":[{"embeddable":true,"href":"https:\/\/agora.xtec.cat\/ceip-splai\/wp-json\/wp\/v2\/comments?post=73"}],"version-history":[{"count":6,"href":"https:\/\/agora.xtec.cat\/ceip-splai\/wp-json\/wp\/v2\/pages\/73\/revisions"}],"predecessor-version":[{"id":2785,"href":"https:\/\/agora.xtec.cat\/ceip-splai\/wp-json\/wp\/v2\/pages\/73\/revisions\/2785"}],"up":[{"embeddable":true,"href":"https:\/\/agora.xtec.cat\/ceip-splai\/wp-json\/wp\/v2\/pages\/66"}],"wp:attachment":[{"href":"https:\/\/agora.xtec.cat\/ceip-splai\/wp-json\/wp\/v2\/media?parent=73"}],"curies":[{"name":"wp","href":"https:\/\/api.w.org\/{rel}","templated":true}]}}