{"id":7,"date":"2014-09-17T15:07:41","date_gmt":"2014-09-17T14:07:41","guid":{"rendered":"http:\/\/agora.xtec.cat\/ceip-splai\/?page_id=7"},"modified":"2026-03-11T12:17:50","modified_gmt":"2026-03-11T11:17:50","slug":"pagines-dinici","status":"publish","type":"page","link":"https:\/\/agora.xtec.cat\/ceip-splai\/pagines-dinici\/","title":{"rendered":"0. L&#8217;escola"},"content":{"rendered":"<p>&nbsp;<\/p>\n<p><a href=\"http:\/\/agora.xtec.cat\/ceip-splai\/wp-content\/uploads\/usu1401\/2016\/07\/splai.jpg\"><img loading=\"lazy\" decoding=\"async\" class=\"aligncenter wp-image-442\" src=\"http:\/\/agora.xtec.cat\/ceip-splai\/wp-content\/uploads\/usu1401\/2016\/07\/splai.jpg\" alt=\"splai\" width=\"554\" height=\"277\" srcset=\"https:\/\/agora.xtec.cat\/ceip-splai\/wp-content\/uploads\/usu1401\/2016\/07\/splai.jpg 400w, https:\/\/agora.xtec.cat\/ceip-splai\/wp-content\/uploads\/usu1401\/2016\/07\/splai-300x150.jpg 300w\" sizes=\"auto, (max-width: 554px) 100vw, 554px\" \/><\/a><\/p>\n<p>&nbsp;<\/p>\n<p>L&#8217;Escola Splai va <strong><span style=\"color: #0000ff;\">iniciar-se com a centre privat<\/span><\/strong>, a l&#8217;any 1965, en un edifici situat entre els carrers Dei\u00e0 i Valldemosa.<\/p>\n<p>Durant uns anys va passar a \u00e9sser centre subvencionat. <strong><span style=\"color: #008000;\">L&#8217;any 1976 l&#8217;Estat va comprar l&#8217;edifici<\/span> <\/strong>tal d&#8217;habilitar-lo com a centre de BUP.<\/p>\n<p>Els pares dels alumnes d&#8217;EGB no van trobar correcta aquesta decisi\u00f3. Van comen\u00e7ar una s\u00e8rie de protestes que van propiciar que l&#8217;escola de prim\u00e0ria no desaparegu\u00e8s totalment i que pass\u00e9s a ser filial de CP Calder\u00f3n de la Barca. Els alumnes matriculats van poder acabar la seva escolaritat obligat\u00f2ria, compartint espais amb el nou centre de secund\u00e0ria implantat.<\/p>\n<p>Aquesta mesura tampoc no va acontentar del tot, ni als pares, ni al barri.<\/p>\n<p>El fort moviment generat per l&#8217;APA de l&#8217;escola i per l&#8217;Associaci\u00f3 de Ve\u00efns, va aconseguir que el centre de prim\u00e0ria,<strong><span style=\"color: #ff6600;\"> l&#8217;any 1981, pass\u00e9s a ser escola p\u00fablica depenent de la Generalitat de Catalunya:<\/span><\/strong> el Col\u00b7legi P\u00fablic Splai. El nom de l&#8217;escola correspon a l&#8217;antic nom del centre privat S.P.L.A.I.<\/p>\n<p>A partir d&#8217;aquest any, es comen\u00e7a a construir el nou edifici al carrer Maladeta, 75-77 de Barcelona. <strong><span style=\"color: #ff0000;\">L&#8217;edifici entra en funcionament el curs escolar 1986-1987.<\/span><\/strong><\/p>\n<p>L&#8217;edifici \u00e9s arquitect\u00f2nicament una innovaci\u00f3 en equipaments escolars per la concepci\u00f3 dels espais i la seva intercomunicaci\u00f3 entre d&#8217;altres aspectes, <strong><span style=\"color: #0000ff;\">l&#8217;arquitecte \u00e9s Pere Pujol Paul\u00ed.<\/span><\/strong> L&#8217;edifici <strong><span style=\"color: #993300;\">va rebre un premi d&#8217;arquitectura.<\/span><\/strong><\/p>\n","protected":false},"excerpt":{"rendered":"<p>&nbsp; &nbsp; L&#8217;Escola Splai va iniciar-se com a centre privat, a l&#8217;any 1965, en un edifici situat entre els carrers Dei\u00e0 i Valldemosa. Durant uns anys va passar a \u00e9sser centre subvencionat. L&#8217;any 1976 l&#8217;Estat va comprar l&#8217;edifici tal d&#8217;habilitar-lo com a centre de BUP. Els pares dels alumnes d&#8217;EGB no van trobar correcta aquesta [&hellip;]<\/p>\n","protected":false},"author":1,"featured_media":0,"parent":0,"menu_order":0,"comment_status":"closed","ping_status":"closed","template":"","meta":{"_bbp_topic_count":0,"_bbp_reply_count":0,"_bbp_total_topic_count":0,"_bbp_total_reply_count":0,"_bbp_voice_count":0,"_bbp_anonymous_reply_count":0,"_bbp_topic_count_hidden":0,"_bbp_reply_count_hidden":0,"_bbp_forum_subforum_count":0,"site-sidebar-layout":"default","site-content-layout":"","ast-site-content-layout":"default","site-content-style":"default","site-sidebar-style":"default","ast-global-header-display":"","ast-banner-title-visibility":"","ast-main-header-display":"","ast-hfb-above-header-display":"","ast-hfb-below-header-display":"","ast-hfb-mobile-header-display":"","site-post-title":"","ast-breadcrumbs-content":"","ast-featured-img":"","footer-sml-layout":"","theme-transparent-header-meta":"default","adv-header-id-meta":"","stick-header-meta":"","header-above-stick-meta":"","header-main-stick-meta":"","header-below-stick-meta":"","astra-migrate-meta-layouts":"set","ast-page-background-enabled":"default","ast-page-background-meta":{"desktop":{"background-color":"var(--ast-global-color-4)","background-image":"","background-repeat":"repeat","background-position":"center center","background-size":"auto","background-attachment":"scroll","background-type":"","background-media":"","overlay-type":"","overlay-color":"","overlay-opacity":"","overlay-gradient":""},"tablet":{"background-color":"","background-image":"","background-repeat":"repeat","background-position":"center center","background-size":"auto","background-attachment":"scroll","background-type":"","background-media":"","overlay-type":"","overlay-color":"","overlay-opacity":"","overlay-gradient":""},"mobile":{"background-color":"","background-image":"","background-repeat":"repeat","background-position":"center center","background-size":"auto","background-attachment":"scroll","background-type":"","background-media":"","overlay-type":"","overlay-color":"","overlay-opacity":"","overlay-gradient":""}},"ast-content-background-meta":{"desktop":{"background-color":"var(--ast-global-color-5)","background-image":"","background-repeat":"repeat","background-position":"center center","background-size":"auto","background-attachment":"scroll","background-type":"","background-media":"","overlay-type":"","overlay-color":"","overlay-opacity":"","overlay-gradient":""},"tablet":{"background-color":"var(--ast-global-color-5)","background-image":"","background-repeat":"repeat","background-position":"center center","background-size":"auto","background-attachment":"scroll","background-type":"","background-media":"","overlay-type":"","overlay-color":"","overlay-opacity":"","overlay-gradient":""},"mobile":{"background-color":"var(--ast-global-color-5)","background-image":"","background-repeat":"repeat","background-position":"center center","background-size":"auto","background-attachment":"scroll","background-type":"","background-media":"","overlay-type":"","overlay-color":"","overlay-opacity":"","overlay-gradient":""}},"footnotes":""},"class_list":["post-7","page","type-page","status-publish","hentry"],"post_mailing_queue_ids":[],"_links":{"self":[{"href":"https:\/\/agora.xtec.cat\/ceip-splai\/wp-json\/wp\/v2\/pages\/7","targetHints":{"allow":["GET"]}}],"collection":[{"href":"https:\/\/agora.xtec.cat\/ceip-splai\/wp-json\/wp\/v2\/pages"}],"about":[{"href":"https:\/\/agora.xtec.cat\/ceip-splai\/wp-json\/wp\/v2\/types\/page"}],"author":[{"embeddable":true,"href":"https:\/\/agora.xtec.cat\/ceip-splai\/wp-json\/wp\/v2\/users\/1"}],"replies":[{"embeddable":true,"href":"https:\/\/agora.xtec.cat\/ceip-splai\/wp-json\/wp\/v2\/comments?post=7"}],"version-history":[{"count":5,"href":"https:\/\/agora.xtec.cat\/ceip-splai\/wp-json\/wp\/v2\/pages\/7\/revisions"}],"predecessor-version":[{"id":2767,"href":"https:\/\/agora.xtec.cat\/ceip-splai\/wp-json\/wp\/v2\/pages\/7\/revisions\/2767"}],"wp:attachment":[{"href":"https:\/\/agora.xtec.cat\/ceip-splai\/wp-json\/wp\/v2\/media?parent=7"}],"curies":[{"name":"wp","href":"https:\/\/api.w.org\/{rel}","templated":true}]}}