{"id":28,"date":"2014-09-18T12:29:35","date_gmt":"2014-09-18T11:29:35","guid":{"rendered":"http:\/\/agora.xtec.cat\/ceip-splai\/?page_id=28"},"modified":"2026-03-11T12:16:30","modified_gmt":"2026-03-11T11:16:30","slug":"consell-escolar","status":"publish","type":"page","link":"https:\/\/agora.xtec.cat\/ceip-splai\/pagines-dinici\/consell-escolar\/","title":{"rendered":"Consell escolar"},"content":{"rendered":"<p><span style=\"font-family: Comic Sans MS; font-size: medium;\">El <strong><span style=\"color: #008000;\">Consell Escolar del Centre<\/span><\/strong> \u00e9s l&#8217;\u00f2rgan de participaci\u00f3 de la comunitat escolar en el govern del centre. Una de les seves funcions principals es <strong><span style=\"color: #0000ff;\">aprovar documents rellevants<\/span><\/strong> pel funcionament de l&#8217;escola.<\/span><\/p>\n<p align=\"left\"><span style=\"font-family: Comic Sans MS; font-size: medium;\"> Les comissions espec\u00edfiques del Consell escolar s\u00f3n:<\/span><\/p>\n<p align=\"left\"><span style=\"font-family: Comic Sans MS; font-size: medium;\"><br \/>\n<strong>&#8211; Comissi\u00f3 econ\u00f2mica.<\/strong><br \/>\n<strong> &#8211; Comissi\u00f3 de conviv\u00e8ncia.<\/strong><br \/>\n<strong> &#8211; Comissi\u00f3 permanent.<\/strong><br \/>\n<strong> &#8211; Comissi\u00f3 de menjador.<\/strong><br \/>\n<strong> &#8211; Comissi\u00f3 de seguiment del Projecte de reutilitzaci\u00f3 de llibres de text<\/strong><\/span><\/p>\n","protected":false},"excerpt":{"rendered":"<p>El Consell Escolar del Centre \u00e9s l&#8217;\u00f2rgan de participaci\u00f3 de la comunitat escolar en el govern del centre. Una de les seves funcions principals es aprovar documents rellevants pel funcionament de l&#8217;escola. Les comissions espec\u00edfiques del Consell escolar s\u00f3n: &#8211; Comissi\u00f3 econ\u00f2mica. &#8211; Comissi\u00f3 de conviv\u00e8ncia. &#8211; Comissi\u00f3 permanent. &#8211; Comissi\u00f3 de menjador. &#8211; Comissi\u00f3 [&hellip;]<\/p>\n","protected":false},"author":1,"featured_media":0,"parent":7,"menu_order":4,"comment_status":"closed","ping_status":"closed","template":"","meta":{"_bbp_topic_count":0,"_bbp_reply_count":0,"_bbp_total_topic_count":0,"_bbp_total_reply_count":0,"_bbp_voice_count":0,"_bbp_anonymous_reply_count":0,"_bbp_topic_count_hidden":0,"_bbp_reply_count_hidden":0,"_bbp_forum_subforum_count":0,"site-sidebar-layout":"default","site-content-layout":"","ast-site-content-layout":"","site-content-style":"default","site-sidebar-style":"default","ast-global-header-display":"","ast-banner-title-visibility":"","ast-main-header-display":"","ast-hfb-above-header-display":"","ast-hfb-below-header-display":"","ast-hfb-mobile-header-display":"","site-post-title":"","ast-breadcrumbs-content":"","ast-featured-img":"","footer-sml-layout":"","theme-transparent-header-meta":"","adv-header-id-meta":"","stick-header-meta":"","header-above-stick-meta":"","header-main-stick-meta":"","header-below-stick-meta":"","astra-migrate-meta-layouts":"default","ast-page-background-enabled":"default","ast-page-background-meta":{"desktop":{"background-color":"var(--ast-global-color-4)","background-image":"","background-repeat":"repeat","background-position":"center center","background-size":"auto","background-attachment":"scroll","background-type":"","background-media":"","overlay-type":"","overlay-color":"","overlay-opacity":"","overlay-gradient":""},"tablet":{"background-color":"","background-image":"","background-repeat":"repeat","background-position":"center center","background-size":"auto","background-attachment":"scroll","background-type":"","background-media":"","overlay-type":"","overlay-color":"","overlay-opacity":"","overlay-gradient":""},"mobile":{"background-color":"","background-image":"","background-repeat":"repeat","background-position":"center center","background-size":"auto","background-attachment":"scroll","background-type":"","background-media":"","overlay-type":"","overlay-color":"","overlay-opacity":"","overlay-gradient":""}},"ast-content-background-meta":{"desktop":{"background-color":"var(--ast-global-color-5)","background-image":"","background-repeat":"repeat","background-position":"center center","background-size":"auto","background-attachment":"scroll","background-type":"","background-media":"","overlay-type":"","overlay-color":"","overlay-opacity":"","overlay-gradient":""},"tablet":{"background-color":"var(--ast-global-color-5)","background-image":"","background-repeat":"repeat","background-position":"center center","background-size":"auto","background-attachment":"scroll","background-type":"","background-media":"","overlay-type":"","overlay-color":"","overlay-opacity":"","overlay-gradient":""},"mobile":{"background-color":"var(--ast-global-color-5)","background-image":"","background-repeat":"repeat","background-position":"center center","background-size":"auto","background-attachment":"scroll","background-type":"","background-media":"","overlay-type":"","overlay-color":"","overlay-opacity":"","overlay-gradient":""}},"footnotes":""},"class_list":["post-28","page","type-page","status-publish","hentry"],"post_mailing_queue_ids":[],"_links":{"self":[{"href":"https:\/\/agora.xtec.cat\/ceip-splai\/wp-json\/wp\/v2\/pages\/28","targetHints":{"allow":["GET"]}}],"collection":[{"href":"https:\/\/agora.xtec.cat\/ceip-splai\/wp-json\/wp\/v2\/pages"}],"about":[{"href":"https:\/\/agora.xtec.cat\/ceip-splai\/wp-json\/wp\/v2\/types\/page"}],"author":[{"embeddable":true,"href":"https:\/\/agora.xtec.cat\/ceip-splai\/wp-json\/wp\/v2\/users\/1"}],"replies":[{"embeddable":true,"href":"https:\/\/agora.xtec.cat\/ceip-splai\/wp-json\/wp\/v2\/comments?post=28"}],"version-history":[{"count":2,"href":"https:\/\/agora.xtec.cat\/ceip-splai\/wp-json\/wp\/v2\/pages\/28\/revisions"}],"predecessor-version":[{"id":556,"href":"https:\/\/agora.xtec.cat\/ceip-splai\/wp-json\/wp\/v2\/pages\/28\/revisions\/556"}],"up":[{"embeddable":true,"href":"https:\/\/agora.xtec.cat\/ceip-splai\/wp-json\/wp\/v2\/pages\/7"}],"wp:attachment":[{"href":"https:\/\/agora.xtec.cat\/ceip-splai\/wp-json\/wp\/v2\/media?parent=28"}],"curies":[{"name":"wp","href":"https:\/\/api.w.org\/{rel}","templated":true}]}}