{"id":983,"date":"2018-09-17T13:42:59","date_gmt":"2018-09-17T11:42:59","guid":{"rendered":"http:\/\/agora.xtec.cat\/ceip-sp\/?page_id=983"},"modified":"2018-09-17T14:04:58","modified_gmt":"2018-09-17T12:04:58","slug":"2017-2018","status":"publish","type":"page","link":"https:\/\/agora.xtec.cat\/ceip-sp\/2017-2018\/","title":{"rendered":"2017-2018"},"content":{"rendered":"<table style=\"border-collapse: collapse; width: 100%;\" border=\"1\">\n<tbody>\n<tr style=\"height: 30px;\">\n<td style=\"width: 22.8485%; height: 30px;\">EI 3 anys<\/td>\n<td style=\"width: 77.1515%; height: 30px;\"><a href=\"https:\/\/blogdeei3.blogspot.com\/\">Elefants<\/a><\/td>\n<\/tr>\n<tr style=\"height: 30px;\">\n<td style=\"width: 22.8485%; height: 30px;\">EI 4 anys<\/td>\n<td style=\"width: 77.1515%; height: 30px;\"><a href=\"https:\/\/blogdeei4.blogspot.com\/\">Cargols<\/a><\/td>\n<\/tr>\n<tr style=\"height: 30px;\">\n<td style=\"width: 22.8485%; height: 30px;\">EI 5 anys<\/td>\n<td style=\"width: 77.1515%; height: 30px;\"><a href=\"https:\/\/blogei5.blogspot.com\/\">Dinousaures i Gats<\/a><\/td>\n<\/tr>\n<tr style=\"height: 30px;\">\n<td style=\"width: 22.8485%; height: 30px;\">1r<\/td>\n<td style=\"width: 77.1515%; height: 30px;\"><a href=\"http:\/\/elblogdeprimer1.blogspot.com\/\">Estrelles i Pintors<\/a><\/td>\n<\/tr>\n<tr style=\"height: 30px;\">\n<td style=\"width: 22.8485%; height: 30px;\">2n<\/td>\n<td style=\"width: 77.1515%; height: 30px;\"><a href=\"http:\/\/elblogdesegon2.blogspot.com\/\">Egipcis i Astronautes<\/a><\/td>\n<\/tr>\n<tr style=\"height: 30px;\">\n<td style=\"width: 22.8485%; height: 30px;\">3r<\/td>\n<td style=\"width: 77.1515%; height: 30px;\"><a href=\"http:\/\/elblogdetercer3.blogspot.com\/\">Huracans i Espies<\/a><\/td>\n<\/tr>\n<tr style=\"height: 30px;\">\n<td style=\"width: 22.8485%; height: 30px;\">4t<\/td>\n<td style=\"width: 77.1515%; height: 30px;\"><a href=\"http:\/\/elblogdequart4.blogspot.com\/\">Cinema i Cient\u00edfics<\/a><\/td>\n<\/tr>\n<tr style=\"height: 30px;\">\n<td style=\"width: 22.8485%; height: 30px;\">5\u00e8<\/td>\n<td style=\"width: 77.1515%; height: 30px;\"><a href=\"http:\/\/elblogdecinque5.blogspot.com\/\">Inventors i Dissenyadors<\/a><\/td>\n<\/tr>\n<tr style=\"height: 30px;\">\n<td style=\"width: 22.8485%; height: 30px;\">6\u00e8<\/td>\n<td style=\"width: 77.1515%; height: 30px;\"><a href=\"http:\/\/elblogdesise6.blogspot.com\/\">Simpsons i Chromodoris Lochi<\/a><\/td>\n<\/tr>\n<\/tbody>\n<\/table>\n","protected":false},"excerpt":{"rendered":"<p>EI 3 anys Elefants EI 4 anys Cargols EI 5 anys Dinousaures i Gats 1r Estrelles i Pintors 2n Egipcis i Astronautes 3r Huracans i Espies 4t Cinema i Cient\u00edfics 5\u00e8 Inventors i Dissenyadors 6\u00e8 Simpsons i Chromodoris Lochi<\/p>\n","protected":false},"author":1,"featured_media":0,"parent":0,"menu_order":0,"comment_status":"closed","ping_status":"closed","template":"","meta":{"_bbp_topic_count":0,"_bbp_reply_count":0,"_bbp_total_topic_count":0,"_bbp_total_reply_count":0,"_bbp_voice_count":0,"_bbp_anonymous_reply_count":0,"_bbp_topic_count_hidden":0,"_bbp_reply_count_hidden":0,"_bbp_forum_subforum_count":0,"site-sidebar-layout":"default","site-content-layout":"","ast-site-content-layout":"","site-content-style":"default","site-sidebar-style":"default","ast-global-header-display":"","ast-banner-title-visibility":"","ast-main-header-display":"","ast-hfb-above-header-display":"","ast-hfb-below-header-display":"","ast-hfb-mobile-header-display":"","site-post-title":"","ast-breadcrumbs-content":"","ast-featured-img":"","footer-sml-layout":"","theme-transparent-header-meta":"","adv-header-id-meta":"","stick-header-meta":"","header-above-stick-meta":"","header-main-stick-meta":"","header-below-stick-meta":"","astra-migrate-meta-layouts":"default","ast-page-background-enabled":"default","ast-page-background-meta":{"desktop":{"background-color":"var(--ast-global-color-4)","background-image":"","background-repeat":"repeat","background-position":"center center","background-size":"auto","background-attachment":"scroll","background-type":"","background-media":"","overlay-type":"","overlay-color":"","overlay-opacity":"","overlay-gradient":""},"tablet":{"background-color":"","background-image":"","background-repeat":"repeat","background-position":"center center","background-size":"auto","background-attachment":"scroll","background-type":"","background-media":"","overlay-type":"","overlay-color":"","overlay-opacity":"","overlay-gradient":""},"mobile":{"background-color":"","background-image":"","background-repeat":"repeat","background-position":"center center","background-size":"auto","background-attachment":"scroll","background-type":"","background-media":"","overlay-type":"","overlay-color":"","overlay-opacity":"","overlay-gradient":""}},"ast-content-background-meta":{"desktop":{"background-color":"var(--ast-global-color-5)","background-image":"","background-repeat":"repeat","background-position":"center center","background-size":"auto","background-attachment":"scroll","background-type":"","background-media":"","overlay-type":"","overlay-color":"","overlay-opacity":"","overlay-gradient":""},"tablet":{"background-color":"var(--ast-global-color-5)","background-image":"","background-repeat":"repeat","background-position":"center center","background-size":"auto","background-attachment":"scroll","background-type":"","background-media":"","overlay-type":"","overlay-color":"","overlay-opacity":"","overlay-gradient":""},"mobile":{"background-color":"var(--ast-global-color-5)","background-image":"","background-repeat":"repeat","background-position":"center center","background-size":"auto","background-attachment":"scroll","background-type":"","background-media":"","overlay-type":"","overlay-color":"","overlay-opacity":"","overlay-gradient":""}},"footnotes":""},"class_list":["post-983","page","type-page","status-publish","hentry"],"post_mailing_queue_ids":[],"_links":{"self":[{"href":"https:\/\/agora.xtec.cat\/ceip-sp\/wp-json\/wp\/v2\/pages\/983","targetHints":{"allow":["GET"]}}],"collection":[{"href":"https:\/\/agora.xtec.cat\/ceip-sp\/wp-json\/wp\/v2\/pages"}],"about":[{"href":"https:\/\/agora.xtec.cat\/ceip-sp\/wp-json\/wp\/v2\/types\/page"}],"author":[{"embeddable":true,"href":"https:\/\/agora.xtec.cat\/ceip-sp\/wp-json\/wp\/v2\/users\/1"}],"replies":[{"embeddable":true,"href":"https:\/\/agora.xtec.cat\/ceip-sp\/wp-json\/wp\/v2\/comments?post=983"}],"version-history":[{"count":3,"href":"https:\/\/agora.xtec.cat\/ceip-sp\/wp-json\/wp\/v2\/pages\/983\/revisions"}],"predecessor-version":[{"id":989,"href":"https:\/\/agora.xtec.cat\/ceip-sp\/wp-json\/wp\/v2\/pages\/983\/revisions\/989"}],"wp:attachment":[{"href":"https:\/\/agora.xtec.cat\/ceip-sp\/wp-json\/wp\/v2\/media?parent=983"}],"curies":[{"name":"wp","href":"https:\/\/api.w.org\/{rel}","templated":true}]}}