{"id":9627,"date":"2021-01-14T16:09:11","date_gmt":"2021-01-14T15:09:11","guid":{"rendered":"http:\/\/agora.xtec.cat\/ceip-sp\/?page_id=9627"},"modified":"2024-07-05T10:58:41","modified_gmt":"2024-07-05T08:58:41","slug":"comissions-de-treball","status":"publish","type":"page","link":"https:\/\/agora.xtec.cat\/ceip-sp\/ampainfo\/comissions-de-treball\/","title":{"rendered":"Comissions de treball"},"content":{"rendered":"<p><span style=\"font-weight: 400;\">Una molt bona manera de participar i col\u00b7laborar amb l\u2019AFA \u00e9s formant part d\u2019alguna de les comissions de treball. Hi ha gent molt activa i gent que col\u00b7labora en moments puntuals. Si vols afegir-te a una comissi\u00f3, consultar alguna cosa o fins i tot si vols crear-ne una de nova, escriu-nos.<\/span><\/p>\n<p><span style=\"font-weight: 400;\">Les comissions actives actualment s\u00f3n les seg\u00fcents:<\/span><\/p>\n<p>&nbsp;<\/p>\n<p><strong>Acollida i Activitats extraescolars<\/strong><\/p>\n<p><span style=\"font-weight: 400;\">S\u2019encarrega del seguiment i la gesti\u00f3 de les activitats extraescolars i l&#8217;acollida.<\/span><\/p>\n<p><span style=\"font-weight: 400;\">Per a contactar amb la comissi\u00f3 podeu enviar un correu electr\u00f2nic a <\/span><span style=\"font-weight: 400;\">santaperpetua.extraescolars@gmail.com.\u00a0<\/span><\/p>\n<hr \/>\n<p><b>Comunicaci\u00f3<\/b><\/p>\n<p><span style=\"font-weight: 400;\">Les seves funcions s\u00f3n:<\/span><\/p>\n<ul>\n<li style=\"font-weight: 400;\" aria-level=\"1\"><span style=\"font-weight: 400;\">Gestionar la p\u00e0gina web de l\u2019AFA, actualitzar-la i crear els continguts dels diferents apartats i not\u00edcies publicades.<\/span><\/li>\n<li style=\"font-weight: 400;\" aria-level=\"1\"><span style=\"font-weight: 400;\">Elaborar i fer el seguiment de les publicacions del compte Instagram de l\u2019AFA <a href=\"https:\/\/www.instagram.com\/afasantaperpetua\/\">@afasantaperpetua<\/a>.<\/span><\/li>\n<li style=\"font-weight: 400;\" aria-level=\"1\"><span style=\"font-weight: 400;\">Donar suport comunicatiu a les diferents comissions de l\u2019AFA\u00a0<\/span><\/li>\n<li style=\"font-weight: 400;\" aria-level=\"1\"><span style=\"font-weight: 400;\">Disseny, producci\u00f3 i gesti\u00f3 de campanyes comunicatives<\/span><\/li>\n<li style=\"font-weight: 400;\" aria-level=\"1\"><span style=\"font-weight: 400;\">Canalitzar i gestionar la comunicaci\u00f3 interna (fam\u00edlies i escola) i externa de l\u2019associaci\u00f3<\/span><\/li>\n<\/ul>\n<p><span style=\"font-weight: 400;\">Per a contactar amb la comissi\u00f3 podeu enviar un correu electr\u00f2nic a comunicacio.afasantaperpetua@gmail.com.<br \/>\n<\/span><\/p>\n<hr \/>\n<p><strong>Festes<\/strong><\/p>\n<p><span style=\"font-weight: 400;\">S\u2019encarrega de proposar i organitzar, entre d\u2019altres activitats les festes tradicionals de<\/span><span style=\"font-weight: 400;\">:<\/span><\/p>\n<ul style=\"list-style-type: disc;\">\n<li><span style=\"font-weight: 400;\">La Castanyada<\/span><\/li>\n<li><span style=\"font-weight: 400;\">Cavalcada de Reis<\/span><\/li>\n<li><span style=\"font-weight: 400;\">Carnestoltes<\/span><\/li>\n<li><span style=\"font-weight: 400;\">Festa de la Primavera<\/span><\/li>\n<li><span style=\"font-weight: 400;\">Sopar Ball fi de curs<\/span><\/li>\n<\/ul>\n<p><span style=\"font-weight: 400;\">Les seves funcions s\u00f3n:<\/span><\/p>\n<ul>\n<li style=\"font-weight: 400;\" aria-level=\"1\"><span style=\"font-weight: 400;\">Establir el calendari de festes de l\u2019escola en coordinaci\u00f3 amb la direcci\u00f3 del centre<\/span><\/li>\n<li style=\"font-weight: 400;\" aria-level=\"1\"><span style=\"font-weight: 400;\">Proposar i organitzar diverses activitats al llarg del curs.<\/span><\/li>\n<li style=\"font-weight: 400;\" aria-level=\"1\"><span style=\"font-weight: 400;\">Contractar els serveis necessaris per al desenvolupament de les activitats.<\/span><\/li>\n<li style=\"font-weight: 400;\" aria-level=\"1\"><span style=\"font-weight: 400;\">Guarnir els espais de l\u2019escola en funci\u00f3 de l\u2019activitat.<\/span><\/li>\n<\/ul>\n<p><span style=\"font-weight: 400;\">Per a contactar amb la comissi\u00f3 podeu enviar un correu electr\u00f2nic a <\/span><a href=\"mailto:afasantaperpetua@gmail.com\"><span style=\"font-weight: 400;\">afasantaperpetua@gmail.com<\/span><\/a><span style=\"font-weight: 400;\"> indicant a l\u2019assumpte Comissi\u00f3 de festes.<\/span><\/p>\n<hr \/>\n<p><strong>Formaci\u00f3 a fam\u00edlies<\/strong><\/p>\n<p><span style=\"font-weight: 400;\">Es dedica a escoltar i recollir els interessos de les fam\u00edlies del cen<\/span><span style=\"font-weight: 400;\">tre i a cercar i organitzar activitats, tallers i xerrades d&#8217;acord amb ells.<\/span><\/p>\n<p><span style=\"font-weight: 400;\">Les funcions de la comissi\u00f3 s\u00f3n:<\/span><\/p>\n<ul>\n<li style=\"font-weight: 400;\" aria-level=\"1\"><span style=\"font-weight: 400;\">Fer el seguiment de les demandes i interessos formatius de les fam\u00edlies.<\/span><\/li>\n<li style=\"font-weight: 400;\" aria-level=\"1\"><span style=\"font-weight: 400;\">Organitzar tallers, xerrades i activitats de valor per a les fam\u00edlies.\u00a0<\/span><\/li>\n<li style=\"font-weight: 400;\" aria-level=\"1\"><span style=\"font-weight: 400;\">Encarregar-se de la gesti\u00f3 de les inscripcions.<\/span><\/li>\n<\/ul>\n<p><span style=\"font-weight: 400;\">Per a contactar amb la comissi\u00f3 podeu enviar un correu electr\u00f2nic a afasantaperpetua@gmail.com indicant a l\u2019assumpte Comissi\u00f3 de formaci\u00f3 a fam\u00edlies.<\/span><\/p>\n","protected":false},"excerpt":{"rendered":"<p>Una molt bona manera de participar i col\u00b7laborar amb l\u2019AFA \u00e9s formant part d\u2019alguna de les comissions de treball. Hi ha gent molt activa i gent que col\u00b7labora en moments puntuals. Si vols afegir-te a una comissi\u00f3, consultar alguna cosa o fins i tot si vols crear-ne una de nova, escriu-nos. Les comissions actives actualment [&hellip;]<\/p>\n","protected":false},"author":1,"featured_media":0,"parent":633,"menu_order":0,"comment_status":"closed","ping_status":"closed","template":"","meta":{"_bbp_topic_count":0,"_bbp_reply_count":0,"_bbp_total_topic_count":0,"_bbp_total_reply_count":0,"_bbp_voice_count":0,"_bbp_anonymous_reply_count":0,"_bbp_topic_count_hidden":0,"_bbp_reply_count_hidden":0,"_bbp_forum_subforum_count":0,"site-sidebar-layout":"default","site-content-layout":"","ast-site-content-layout":"","site-content-style":"default","site-sidebar-style":"default","ast-global-header-display":"","ast-banner-title-visibility":"","ast-main-header-display":"","ast-hfb-above-header-display":"","ast-hfb-below-header-display":"","ast-hfb-mobile-header-display":"","site-post-title":"","ast-breadcrumbs-content":"","ast-featured-img":"","footer-sml-layout":"","theme-transparent-header-meta":"","adv-header-id-meta":"","stick-header-meta":"","header-above-stick-meta":"","header-main-stick-meta":"","header-below-stick-meta":"","astra-migrate-meta-layouts":"default","ast-page-background-enabled":"default","ast-page-background-meta":{"desktop":{"background-color":"var(--ast-global-color-4)","background-image":"","background-repeat":"repeat","background-position":"center center","background-size":"auto","background-attachment":"scroll","background-type":"","background-media":"","overlay-type":"","overlay-color":"","overlay-opacity":"","overlay-gradient":""},"tablet":{"background-color":"","background-image":"","background-repeat":"repeat","background-position":"center center","background-size":"auto","background-attachment":"scroll","background-type":"","background-media":"","overlay-type":"","overlay-color":"","overlay-opacity":"","overlay-gradient":""},"mobile":{"background-color":"","background-image":"","background-repeat":"repeat","background-position":"center center","background-size":"auto","background-attachment":"scroll","background-type":"","background-media":"","overlay-type":"","overlay-color":"","overlay-opacity":"","overlay-gradient":""}},"ast-content-background-meta":{"desktop":{"background-color":"var(--ast-global-color-5)","background-image":"","background-repeat":"repeat","background-position":"center center","background-size":"auto","background-attachment":"scroll","background-type":"","background-media":"","overlay-type":"","overlay-color":"","overlay-opacity":"","overlay-gradient":""},"tablet":{"background-color":"var(--ast-global-color-5)","background-image":"","background-repeat":"repeat","background-position":"center center","background-size":"auto","background-attachment":"scroll","background-type":"","background-media":"","overlay-type":"","overlay-color":"","overlay-opacity":"","overlay-gradient":""},"mobile":{"background-color":"var(--ast-global-color-5)","background-image":"","background-repeat":"repeat","background-position":"center center","background-size":"auto","background-attachment":"scroll","background-type":"","background-media":"","overlay-type":"","overlay-color":"","overlay-opacity":"","overlay-gradient":""}},"footnotes":""},"class_list":["post-9627","page","type-page","status-publish","hentry"],"post_mailing_queue_ids":[],"_links":{"self":[{"href":"https:\/\/agora.xtec.cat\/ceip-sp\/wp-json\/wp\/v2\/pages\/9627","targetHints":{"allow":["GET"]}}],"collection":[{"href":"https:\/\/agora.xtec.cat\/ceip-sp\/wp-json\/wp\/v2\/pages"}],"about":[{"href":"https:\/\/agora.xtec.cat\/ceip-sp\/wp-json\/wp\/v2\/types\/page"}],"author":[{"embeddable":true,"href":"https:\/\/agora.xtec.cat\/ceip-sp\/wp-json\/wp\/v2\/users\/1"}],"replies":[{"embeddable":true,"href":"https:\/\/agora.xtec.cat\/ceip-sp\/wp-json\/wp\/v2\/comments?post=9627"}],"version-history":[{"count":4,"href":"https:\/\/agora.xtec.cat\/ceip-sp\/wp-json\/wp\/v2\/pages\/9627\/revisions"}],"predecessor-version":[{"id":15151,"href":"https:\/\/agora.xtec.cat\/ceip-sp\/wp-json\/wp\/v2\/pages\/9627\/revisions\/15151"}],"up":[{"embeddable":true,"href":"https:\/\/agora.xtec.cat\/ceip-sp\/wp-json\/wp\/v2\/pages\/633"}],"wp:attachment":[{"href":"https:\/\/agora.xtec.cat\/ceip-sp\/wp-json\/wp\/v2\/media?parent=9627"}],"curies":[{"name":"wp","href":"https:\/\/api.w.org\/{rel}","templated":true}]}}