{"id":929,"date":"2018-06-25T12:42:01","date_gmt":"2018-06-25T10:42:01","guid":{"rendered":"http:\/\/agora.xtec.cat\/ceip-sp\/?page_id=929"},"modified":"2024-07-03T12:31:00","modified_gmt":"2024-07-03T10:31:00","slug":"mateial-especific-alumnes-deducacio-infantil","status":"publish","type":"page","link":"https:\/\/agora.xtec.cat\/ceip-sp\/lescola\/mateial-especific-alumnes-deducacio-infantil\/","title":{"rendered":"Material espec\u00edfic alumnat d&#8217;Educaci\u00f3 Infantil"},"content":{"rendered":"<p><strong>Material espec\u00edfic per a l&#8217;alumnat d&#8217;Educaci\u00f3 Infantil<\/strong><\/p>\n<p><strong>Tot el material ha d\u2019estar marcat amb el nom del nen\/a de manera ben visible.<\/strong><\/p>\n<ul>\n<li>Cal portar bata sense botons (no cal que sigui nova) per fer pl\u00e0stica.<\/li>\n<li>Les bates i jaquetes cal que <strong><u>estiguin marcades amb el nom<\/u><\/strong>. (A Infantil 5 anys cal que portin una beta apropiada per penjar-les amb comoditat)<\/li>\n<li>Motxilla: petita, sense rodes i amb cremallera, f\u00e0cil d\u2019obrir i tancar, que no sigui r\u00edgida i marcada amb el nom.<\/li>\n<li>Per portar l\u2019esmorzar cal que portin una carmanyola i un tovall\u00f3 de roba a dins d\u2019una bossa tamb\u00e9 de roba i tot marcat amb el nom.<\/li>\n<li>Per esmorzar: Un entrep\u00e0 petit o fruita. <strong><em>No poden portar sucs, iogurs, ni cap aliment l\u00edquid.<\/em><\/strong><\/li>\n<li>Una capsa de mocadors de paper i una de tovalloletes humides.<\/li>\n<li>El dia de psicomotricitat caldr\u00e0 que duguin xandall i bambes amb &#8220;velcro&#8221;.<\/li>\n<li>Els nens i les nenes han de portar sempre roba c\u00f2moda per tal que puguin anar al WC sense ajuda. (eviteu cinturons, botons, \u201cpetos\u201d&#8230;)<\/li>\n<li>Bossa impermeable tipus piscina, o b\u00e9, bossa de roba amb una muda sencera de recanvi, marcada amb el nom, que es quedar\u00e0 a l&#8217;escola. <strong>El nom del nen o de la nena ha d&#8217;estar marcat de manera ben visible a la part de fora de la bossa.<\/strong><\/li>\n<li>Totes les coses que porten els infants han de portar el nom: llen\u00e7ols, plantilles de les sabates, motxilla, jaquetes, cal\u00e7at,\u2026<\/li>\n<li>Cantimplora o ampolla d\u2019aigua petita<\/li>\n<\/ul>\n","protected":false},"excerpt":{"rendered":"<p>Material espec\u00edfic per a l&#8217;alumnat d&#8217;Educaci\u00f3 Infantil Tot el material ha d\u2019estar marcat amb el nom del nen\/a de manera ben visible. Cal portar bata sense botons (no cal que sigui nova) per fer pl\u00e0stica. Les bates i jaquetes cal que estiguin marcades amb el nom. (A Infantil 5 anys cal que portin una beta [&hellip;]<\/p>\n","protected":false},"author":1,"featured_media":0,"parent":22,"menu_order":12,"comment_status":"closed","ping_status":"closed","template":"page-templates\/side-menu.php","meta":{"_bbp_topic_count":0,"_bbp_reply_count":0,"_bbp_total_topic_count":0,"_bbp_total_reply_count":0,"_bbp_voice_count":0,"_bbp_anonymous_reply_count":0,"_bbp_topic_count_hidden":0,"_bbp_reply_count_hidden":0,"_bbp_forum_subforum_count":0,"site-sidebar-layout":"default","site-content-layout":"","ast-site-content-layout":"","site-content-style":"default","site-sidebar-style":"default","ast-global-header-display":"","ast-banner-title-visibility":"","ast-main-header-display":"","ast-hfb-above-header-display":"","ast-hfb-below-header-display":"","ast-hfb-mobile-header-display":"","site-post-title":"","ast-breadcrumbs-content":"","ast-featured-img":"","footer-sml-layout":"","theme-transparent-header-meta":"","adv-header-id-meta":"","stick-header-meta":"","header-above-stick-meta":"","header-main-stick-meta":"","header-below-stick-meta":"","astra-migrate-meta-layouts":"default","ast-page-background-enabled":"default","ast-page-background-meta":{"desktop":{"background-color":"var(--ast-global-color-4)","background-image":"","background-repeat":"repeat","background-position":"center center","background-size":"auto","background-attachment":"scroll","background-type":"","background-media":"","overlay-type":"","overlay-color":"","overlay-opacity":"","overlay-gradient":""},"tablet":{"background-color":"","background-image":"","background-repeat":"repeat","background-position":"center center","background-size":"auto","background-attachment":"scroll","background-type":"","background-media":"","overlay-type":"","overlay-color":"","overlay-opacity":"","overlay-gradient":""},"mobile":{"background-color":"","background-image":"","background-repeat":"repeat","background-position":"center center","background-size":"auto","background-attachment":"scroll","background-type":"","background-media":"","overlay-type":"","overlay-color":"","overlay-opacity":"","overlay-gradient":""}},"ast-content-background-meta":{"desktop":{"background-color":"var(--ast-global-color-5)","background-image":"","background-repeat":"repeat","background-position":"center center","background-size":"auto","background-attachment":"scroll","background-type":"","background-media":"","overlay-type":"","overlay-color":"","overlay-opacity":"","overlay-gradient":""},"tablet":{"background-color":"var(--ast-global-color-5)","background-image":"","background-repeat":"repeat","background-position":"center center","background-size":"auto","background-attachment":"scroll","background-type":"","background-media":"","overlay-type":"","overlay-color":"","overlay-opacity":"","overlay-gradient":""},"mobile":{"background-color":"var(--ast-global-color-5)","background-image":"","background-repeat":"repeat","background-position":"center center","background-size":"auto","background-attachment":"scroll","background-type":"","background-media":"","overlay-type":"","overlay-color":"","overlay-opacity":"","overlay-gradient":""}},"footnotes":""},"class_list":["post-929","page","type-page","status-publish","hentry"],"post_mailing_queue_ids":[],"_links":{"self":[{"href":"https:\/\/agora.xtec.cat\/ceip-sp\/wp-json\/wp\/v2\/pages\/929","targetHints":{"allow":["GET"]}}],"collection":[{"href":"https:\/\/agora.xtec.cat\/ceip-sp\/wp-json\/wp\/v2\/pages"}],"about":[{"href":"https:\/\/agora.xtec.cat\/ceip-sp\/wp-json\/wp\/v2\/types\/page"}],"author":[{"embeddable":true,"href":"https:\/\/agora.xtec.cat\/ceip-sp\/wp-json\/wp\/v2\/users\/1"}],"replies":[{"embeddable":true,"href":"https:\/\/agora.xtec.cat\/ceip-sp\/wp-json\/wp\/v2\/comments?post=929"}],"version-history":[{"count":4,"href":"https:\/\/agora.xtec.cat\/ceip-sp\/wp-json\/wp\/v2\/pages\/929\/revisions"}],"predecessor-version":[{"id":15145,"href":"https:\/\/agora.xtec.cat\/ceip-sp\/wp-json\/wp\/v2\/pages\/929\/revisions\/15145"}],"up":[{"embeddable":true,"href":"https:\/\/agora.xtec.cat\/ceip-sp\/wp-json\/wp\/v2\/pages\/22"}],"wp:attachment":[{"href":"https:\/\/agora.xtec.cat\/ceip-sp\/wp-json\/wp\/v2\/media?parent=929"}],"curies":[{"name":"wp","href":"https:\/\/api.w.org\/{rel}","templated":true}]}}