{"id":8956,"date":"2020-09-24T08:45:47","date_gmt":"2020-09-24T06:45:47","guid":{"rendered":"http:\/\/agora.xtec.cat\/ceip-sp\/?page_id=8956"},"modified":"2020-09-24T08:45:47","modified_gmt":"2020-09-24T06:45:47","slug":"2019-2020","status":"publish","type":"page","link":"https:\/\/agora.xtec.cat\/ceip-sp\/2019-2020\/","title":{"rendered":"2019-2020"},"content":{"rendered":"<p>Aquests s\u00f3n els blocs del curs 2019-2020<\/p>\n<table style=\"width: 485px;\">\n<tbody>\n<tr>\n<td style=\"width: 64px;\">EI3<\/td>\n<td style=\"width: 413px;\"><a href=\"https:\/\/agora.xtec.cat\/ceip-sp\/categoria\/general\/cursos-anteriors\/i31920\/\">Trompetes i Guitarres<\/a><\/td>\n<\/tr>\n<tr>\n<td style=\"width: 64px;\">EI4<\/td>\n<td style=\"width: 413px;\"><a href=\"https:\/\/agora.xtec.cat\/ceip-sp\/categoria\/general\/cursos-anteriors\/ei41920\/\">Pirates i Coets<\/a><\/td>\n<\/tr>\n<tr>\n<td style=\"width: 64px;\">EI5<\/td>\n<td style=\"width: 413px;\"><a href=\"https:\/\/agora.xtec.cat\/ceip-sp\/categoria\/general\/cursos-anteriors\/i51920\/\">Estrelles<\/a><\/td>\n<\/tr>\n<tr>\n<td style=\"width: 64px;\">Primer<\/td>\n<td style=\"width: 413px;\"><a href=\"https:\/\/agora.xtec.cat\/ceip-sp\/categoria\/general\/cursos-anteriors\/1r1920\/\">Arbres<\/a><\/td>\n<\/tr>\n<tr>\n<td style=\"width: 64px;\">Segon<\/td>\n<td style=\"width: 413px;\"><a href=\"https:\/\/agora.xtec.cat\/ceip-sp\/categoria\/general\/cursos-anteriors\/2n1920\/\">M\u00e0gics i Cient\u00edfics<\/a><\/td>\n<\/tr>\n<tr>\n<td style=\"width: 64px;\">Tercer<\/td>\n<td style=\"width: 413px;\"><a href=\"https:\/\/agora.xtec.cat\/ceip-sp\/categoria\/general\/cursos-anteriors\/3r1920\/\">Inventores i Animals marins<\/a><\/td>\n<\/tr>\n<tr>\n<td style=\"width: 64px;\">Quart<\/td>\n<td style=\"width: 413px;\"><a href=\"https:\/\/agora.xtec.cat\/ceip-sp\/categoria\/general\/cursos-anteriors\/4t1920\/\">Emojis i Dinosaures<\/a><\/td>\n<\/tr>\n<tr>\n<td style=\"width: 64px;\">Cinqu\u00e8<\/td>\n<td style=\"width: 413px;\"><a href=\"https:\/\/agora.xtec.cat\/ceip-sp\/categoria\/general\/cursos-anteriors\/5e1920\/\">Minerals i Big Bang<\/a><\/td>\n<\/tr>\n<tr>\n<td style=\"width: 64px;\">Sis\u00e8<\/td>\n<td style=\"width: 413px;\"><a href=\"https:\/\/agora.xtec.cat\/ceip-sp\/categoria\/general\/cursos-anteriors\/6e1920\/\">Tarsius Tarsier i Egipte<\/a><\/td>\n<\/tr>\n<\/tbody>\n<\/table>\n","protected":false},"excerpt":{"rendered":"<p>Aquests s\u00f3n els blocs del curs 2019-2020 EI3 Trompetes i Guitarres EI4 Pirates i Coets EI5 Estrelles Primer Arbres Segon M\u00e0gics i Cient\u00edfics Tercer Inventores i Animals marins Quart Emojis i Dinosaures Cinqu\u00e8 Minerals i Big Bang Sis\u00e8 Tarsius Tarsier i Egipte<\/p>\n","protected":false},"author":1,"featured_media":0,"parent":0,"menu_order":0,"comment_status":"closed","ping_status":"closed","template":"","meta":{"_bbp_topic_count":0,"_bbp_reply_count":0,"_bbp_total_topic_count":0,"_bbp_total_reply_count":0,"_bbp_voice_count":0,"_bbp_anonymous_reply_count":0,"_bbp_topic_count_hidden":0,"_bbp_reply_count_hidden":0,"_bbp_forum_subforum_count":0,"site-sidebar-layout":"default","site-content-layout":"","ast-site-content-layout":"","site-content-style":"default","site-sidebar-style":"default","ast-global-header-display":"","ast-banner-title-visibility":"","ast-main-header-display":"","ast-hfb-above-header-display":"","ast-hfb-below-header-display":"","ast-hfb-mobile-header-display":"","site-post-title":"","ast-breadcrumbs-content":"","ast-featured-img":"","footer-sml-layout":"","theme-transparent-header-meta":"","adv-header-id-meta":"","stick-header-meta":"","header-above-stick-meta":"","header-main-stick-meta":"","header-below-stick-meta":"","astra-migrate-meta-layouts":"default","ast-page-background-enabled":"default","ast-page-background-meta":{"desktop":{"background-color":"var(--ast-global-color-4)","background-image":"","background-repeat":"repeat","background-position":"center center","background-size":"auto","background-attachment":"scroll","background-type":"","background-media":"","overlay-type":"","overlay-color":"","overlay-opacity":"","overlay-gradient":""},"tablet":{"background-color":"","background-image":"","background-repeat":"repeat","background-position":"center center","background-size":"auto","background-attachment":"scroll","background-type":"","background-media":"","overlay-type":"","overlay-color":"","overlay-opacity":"","overlay-gradient":""},"mobile":{"background-color":"","background-image":"","background-repeat":"repeat","background-position":"center center","background-size":"auto","background-attachment":"scroll","background-type":"","background-media":"","overlay-type":"","overlay-color":"","overlay-opacity":"","overlay-gradient":""}},"ast-content-background-meta":{"desktop":{"background-color":"var(--ast-global-color-5)","background-image":"","background-repeat":"repeat","background-position":"center center","background-size":"auto","background-attachment":"scroll","background-type":"","background-media":"","overlay-type":"","overlay-color":"","overlay-opacity":"","overlay-gradient":""},"tablet":{"background-color":"var(--ast-global-color-5)","background-image":"","background-repeat":"repeat","background-position":"center center","background-size":"auto","background-attachment":"scroll","background-type":"","background-media":"","overlay-type":"","overlay-color":"","overlay-opacity":"","overlay-gradient":""},"mobile":{"background-color":"var(--ast-global-color-5)","background-image":"","background-repeat":"repeat","background-position":"center center","background-size":"auto","background-attachment":"scroll","background-type":"","background-media":"","overlay-type":"","overlay-color":"","overlay-opacity":"","overlay-gradient":""}},"footnotes":""},"class_list":["post-8956","page","type-page","status-publish","hentry"],"post_mailing_queue_ids":[],"_links":{"self":[{"href":"https:\/\/agora.xtec.cat\/ceip-sp\/wp-json\/wp\/v2\/pages\/8956","targetHints":{"allow":["GET"]}}],"collection":[{"href":"https:\/\/agora.xtec.cat\/ceip-sp\/wp-json\/wp\/v2\/pages"}],"about":[{"href":"https:\/\/agora.xtec.cat\/ceip-sp\/wp-json\/wp\/v2\/types\/page"}],"author":[{"embeddable":true,"href":"https:\/\/agora.xtec.cat\/ceip-sp\/wp-json\/wp\/v2\/users\/1"}],"replies":[{"embeddable":true,"href":"https:\/\/agora.xtec.cat\/ceip-sp\/wp-json\/wp\/v2\/comments?post=8956"}],"version-history":[{"count":1,"href":"https:\/\/agora.xtec.cat\/ceip-sp\/wp-json\/wp\/v2\/pages\/8956\/revisions"}],"predecessor-version":[{"id":8957,"href":"https:\/\/agora.xtec.cat\/ceip-sp\/wp-json\/wp\/v2\/pages\/8956\/revisions\/8957"}],"wp:attachment":[{"href":"https:\/\/agora.xtec.cat\/ceip-sp\/wp-json\/wp\/v2\/media?parent=8956"}],"curies":[{"name":"wp","href":"https:\/\/api.w.org\/{rel}","templated":true}]}}