{"id":718,"date":"2018-04-06T09:37:17","date_gmt":"2018-04-06T07:37:17","guid":{"rendered":"http:\/\/agora.xtec.cat\/ceip-sp\/?page_id=718"},"modified":"2024-07-05T11:15:28","modified_gmt":"2024-07-05T09:15:28","slug":"formaciofamilies","status":"publish","type":"page","link":"https:\/\/agora.xtec.cat\/ceip-sp\/ampainfo\/formaciofamilies\/","title":{"rendered":"Formaci\u00f3 a fam\u00edlies"},"content":{"rendered":"<p><span style=\"font-weight: 400;\">Des de l&#8217;AFA, creiem que \u00e9s important acompanyar les fam\u00edlies que compartim espais i moments a la nostra escola tamb\u00e9 en altres \u00e0mbits de la nostra vida quotidiana.\u00a0<\/span><\/p>\n<p><span style=\"font-weight: 400;\">La formaci\u00f3 per a fam\u00edlies \u00e9s un espai on compartir moments, cr\u00e9ixer i tamb\u00e9 debatre i reflexionar sobre aspectes i tem\u00e0tiques que poden aportar valor en la millora individual i col\u00b7lectiva.<\/span><\/p>\n<p><span style=\"font-weight: 400;\">Per formaci\u00f3 entenem totes aquelles accions, ja siguin presencials o en l\u00ednia, on es genera un espai d\u2019intercanvi d&#8217;experi\u00e8ncies, aprenentatge o viv\u00e8ncia enriquidora per a fam\u00edlies i\/o infants.<\/span><\/p>\n<p><span style=\"font-weight: 400;\">Entenem que l&#8217;aprenentatge \u00e9s transformador i rellevant quan es fa de manera col\u00b7lectiva i que les formacions no han de ser unidireccionals, sino totalment participatives.<\/span><\/p>\n<p><span style=\"font-weight: 400;\">La <\/span><b>COMISSI\u00d3 DE FORMACI\u00d3 A FAM\u00cdLIES<\/b><span style=\"font-weight: 400;\"> es dedica a escoltar i recollir els interessos de les fam\u00edlies del centre i a cercar activitats, tallers i xerrades d&#8217;acord amb ells.<\/span><\/p>\n<p><span style=\"font-weight: 400;\">Les funcions de la comissi\u00f3 s\u00f3n:<\/span><\/p>\n<ul>\n<li style=\"font-weight: 400;\" aria-level=\"1\"><span style=\"font-weight: 400;\">Fer el seguiment de les demandes i interessos formatius de les fam\u00edlies.<\/span><\/li>\n<li style=\"font-weight: 400;\" aria-level=\"1\"><span style=\"font-weight: 400;\">Organitzar tallers, xerrades i activitats de valor per a les fam\u00edlies.\u00a0<\/span><\/li>\n<li style=\"font-weight: 400;\" aria-level=\"1\"><span style=\"font-weight: 400;\">Encarregar-se de la gesti\u00f3 de les inscripcions.<\/span><\/li>\n<\/ul>\n<p><span style=\"font-weight: 400;\">Per a contactar amb la comissi\u00f3 podeu enviar un correu electr\u00f2nic a afasantaperpetua@gmail.com indicant a l\u2019assumpte Comissi\u00f3 de formaci\u00f3 a fam\u00edlies.<\/span><\/p>\n","protected":false},"excerpt":{"rendered":"<p>Des de l&#8217;AFA, creiem que \u00e9s important acompanyar les fam\u00edlies que compartim espais i moments a la nostra escola tamb\u00e9 en altres \u00e0mbits de la nostra vida quotidiana.\u00a0 La formaci\u00f3 per a fam\u00edlies \u00e9s un espai on compartir moments, cr\u00e9ixer i tamb\u00e9 debatre i reflexionar sobre aspectes i tem\u00e0tiques que poden aportar valor en la [&hellip;]<\/p>\n","protected":false},"author":1,"featured_media":0,"parent":633,"menu_order":0,"comment_status":"closed","ping_status":"closed","template":"page-templates\/side-menu.php","meta":{"_bbp_topic_count":0,"_bbp_reply_count":0,"_bbp_total_topic_count":0,"_bbp_total_reply_count":0,"_bbp_voice_count":0,"_bbp_anonymous_reply_count":0,"_bbp_topic_count_hidden":0,"_bbp_reply_count_hidden":0,"_bbp_forum_subforum_count":0,"site-sidebar-layout":"default","site-content-layout":"","ast-site-content-layout":"","site-content-style":"default","site-sidebar-style":"default","ast-global-header-display":"","ast-banner-title-visibility":"","ast-main-header-display":"","ast-hfb-above-header-display":"","ast-hfb-below-header-display":"","ast-hfb-mobile-header-display":"","site-post-title":"","ast-breadcrumbs-content":"","ast-featured-img":"","footer-sml-layout":"","theme-transparent-header-meta":"","adv-header-id-meta":"","stick-header-meta":"","header-above-stick-meta":"","header-main-stick-meta":"","header-below-stick-meta":"","astra-migrate-meta-layouts":"default","ast-page-background-enabled":"default","ast-page-background-meta":{"desktop":{"background-color":"var(--ast-global-color-4)","background-image":"","background-repeat":"repeat","background-position":"center center","background-size":"auto","background-attachment":"scroll","background-type":"","background-media":"","overlay-type":"","overlay-color":"","overlay-opacity":"","overlay-gradient":""},"tablet":{"background-color":"","background-image":"","background-repeat":"repeat","background-position":"center center","background-size":"auto","background-attachment":"scroll","background-type":"","background-media":"","overlay-type":"","overlay-color":"","overlay-opacity":"","overlay-gradient":""},"mobile":{"background-color":"","background-image":"","background-repeat":"repeat","background-position":"center center","background-size":"auto","background-attachment":"scroll","background-type":"","background-media":"","overlay-type":"","overlay-color":"","overlay-opacity":"","overlay-gradient":""}},"ast-content-background-meta":{"desktop":{"background-color":"var(--ast-global-color-5)","background-image":"","background-repeat":"repeat","background-position":"center center","background-size":"auto","background-attachment":"scroll","background-type":"","background-media":"","overlay-type":"","overlay-color":"","overlay-opacity":"","overlay-gradient":""},"tablet":{"background-color":"var(--ast-global-color-5)","background-image":"","background-repeat":"repeat","background-position":"center center","background-size":"auto","background-attachment":"scroll","background-type":"","background-media":"","overlay-type":"","overlay-color":"","overlay-opacity":"","overlay-gradient":""},"mobile":{"background-color":"var(--ast-global-color-5)","background-image":"","background-repeat":"repeat","background-position":"center center","background-size":"auto","background-attachment":"scroll","background-type":"","background-media":"","overlay-type":"","overlay-color":"","overlay-opacity":"","overlay-gradient":""}},"footnotes":""},"class_list":["post-718","page","type-page","status-publish","hentry"],"post_mailing_queue_ids":[],"_links":{"self":[{"href":"https:\/\/agora.xtec.cat\/ceip-sp\/wp-json\/wp\/v2\/pages\/718","targetHints":{"allow":["GET"]}}],"collection":[{"href":"https:\/\/agora.xtec.cat\/ceip-sp\/wp-json\/wp\/v2\/pages"}],"about":[{"href":"https:\/\/agora.xtec.cat\/ceip-sp\/wp-json\/wp\/v2\/types\/page"}],"author":[{"embeddable":true,"href":"https:\/\/agora.xtec.cat\/ceip-sp\/wp-json\/wp\/v2\/users\/1"}],"replies":[{"embeddable":true,"href":"https:\/\/agora.xtec.cat\/ceip-sp\/wp-json\/wp\/v2\/comments?post=718"}],"version-history":[{"count":5,"href":"https:\/\/agora.xtec.cat\/ceip-sp\/wp-json\/wp\/v2\/pages\/718\/revisions"}],"predecessor-version":[{"id":15157,"href":"https:\/\/agora.xtec.cat\/ceip-sp\/wp-json\/wp\/v2\/pages\/718\/revisions\/15157"}],"up":[{"embeddable":true,"href":"https:\/\/agora.xtec.cat\/ceip-sp\/wp-json\/wp\/v2\/pages\/633"}],"wp:attachment":[{"href":"https:\/\/agora.xtec.cat\/ceip-sp\/wp-json\/wp\/v2\/media?parent=718"}],"curies":[{"name":"wp","href":"https:\/\/api.w.org\/{rel}","templated":true}]}}