{"id":686,"date":"2018-03-14T16:52:49","date_gmt":"2018-03-14T15:52:49","guid":{"rendered":"http:\/\/agora.xtec.cat\/ceip-sp\/?page_id=686"},"modified":"2025-09-05T19:03:32","modified_gmt":"2025-09-05T17:03:32","slug":"acollidaimenjador","status":"publish","type":"page","link":"https:\/\/agora.xtec.cat\/ceip-sp\/ampainfo\/acollidaimenjador\/","title":{"rendered":"Acollida"},"content":{"rendered":"<p><b style=\"font-family: inherit; font-size: 1em;\">ACOLLIDA 2025-2026<\/b><\/p>\n<p><span style=\"font-weight: 400;\">L\u2019AFA ofereix un servei d\u2019acollida de l\u2019alumnat a trav\u00e9s d&#8217;Eina Cooperativa de 7.30 h fins a l\u2019inici de classes. Per al proper curs, l&#8217;acollida s&#8217;iniciar\u00e0 el dia 8 de setembre, coincidint amb l&#8217;inici de les classes.<\/span><\/p>\n<p><span style=\"font-weight: 400;\">El servei t\u00e9 tres modalitats, segons les necessitats de cada fam\u00edlia. Per als alumnes fixes la quota indicada \u00e9s mensual.<\/span><\/p>\n<table style=\"border-collapse: collapse; width: 100%; height: 128px;\">\n<tbody>\n<tr style=\"height: 32px;\">\n<td style=\"width: 25%; text-align: center; height: 32px;\"><\/td>\n<td style=\"width: 25%; text-align: center; height: 32px;\"><strong>7.30h a 9.00h<\/strong><\/td>\n<td style=\"width: 25%; text-align: center; height: 32px;\"><strong>8.00h a 9.00h<\/strong><\/td>\n<td style=\"width: 25%; text-align: center; height: 32px;\"><strong>8.30h a 9.00h<\/strong><\/td>\n<\/tr>\n<tr>\n<td style=\"width: 25%; text-align: center;\"><strong>Fix 5 dies<\/strong><\/td>\n<td style=\"width: 25%; text-align: center;\">43,5\u20ac<\/td>\n<td style=\"width: 25%; text-align: center;\">35\u20ac<\/td>\n<td style=\"width: 25%; text-align: center;\">24,5\u20ac<\/td>\n<\/tr>\n<tr>\n<td style=\"width: 25%; text-align: center;\"><strong>Fix 4 dies<\/strong><\/td>\n<td style=\"width: 25%; text-align: center;\">36,5\u20ac<\/td>\n<td style=\"width: 25%; text-align: center;\">32\u20ac<\/td>\n<td style=\"width: 25%; text-align: center;\">22,5\u20ac<\/td>\n<\/tr>\n<tr style=\"height: 32px;\">\n<td style=\"width: 25%; text-align: center; height: 32px;\"><strong>Fix 3 dies<\/strong><\/td>\n<td style=\"width: 25%; text-align: center; height: 32px;\">34,5\u20ac<\/td>\n<td style=\"width: 25%; text-align: center; height: 32px;\">28,5\u20ac<\/td>\n<td style=\"width: 25%; text-align: center; height: 32px;\">19\u20ac<\/td>\n<\/tr>\n<tr style=\"height: 32px;\">\n<td style=\"width: 25%; text-align: center; height: 32px;\"><strong>Fix 2 dies<\/strong><\/td>\n<td style=\"width: 25%; text-align: center; height: 32px;\">28,5\u20ac<\/td>\n<td style=\"width: 25%; text-align: center; height: 32px;\">24\u20ac<\/td>\n<td style=\"width: 25%; text-align: center; height: 32px;\">16,5\u20ac<\/td>\n<\/tr>\n<tr style=\"height: 32px;\">\n<td style=\"width: 25%; text-align: center; height: 32px;\"><strong>Fix 1 dia<\/strong><\/td>\n<td style=\"width: 25%; text-align: center; height: 32px;\">20,5\u20ac<\/td>\n<td style=\"width: 25%; text-align: center; height: 32px;\">19,5\u20ac<\/td>\n<td style=\"width: 25%; text-align: center; height: 32px;\">13,5\u20ac<\/td>\n<\/tr>\n<tr>\n<td style=\"width: 25%; text-align: center;\"><strong>Espor\u00e0dic<\/strong><\/td>\n<td style=\"width: 25%; text-align: center;\">6\u20ac<\/td>\n<td style=\"width: 25%; text-align: center;\">5\u20ac<\/td>\n<td style=\"width: 25%; text-align: center;\">3\u20ac<\/td>\n<\/tr>\n<\/tbody>\n<\/table>\n<p><span style=\"font-family: inherit; font-size: 1em;\">\u00a0<\/span><\/p>\n<p><span style=\"font-weight: 400;\">Per formalitzar la inscripci\u00f3 al servei d\u2019acollida \u00e9s imprescindible:<\/span><\/p>\n<ul>\n<li style=\"list-style-type: none;\">\n<ul>\n<li><span style=\"font-weight: 400;\">Ser fam\u00edlia associada a l&#8217;AFA per al present curs. Aqu\u00ed teniu l&#8217;enlla\u00e7 al <a href=\"https:\/\/forms.gle\/DM5fssqpYUu5uzvB6\">FORMULARI D&#8217;INSCRIPCI\u00d3<\/a><\/span><\/li>\n<li>Fer la vostra sol\u00b7licitud de preinscripci\u00f3 per acollida a trav\u00e9s del <a href=\"https:\/\/erp.einacooperativa.coop\/Inscripcions?idcenter=19\">formulari Acollida i Extraescolars<\/a><\/li>\n<li>Entendre i acceptar la normativa del servei. Teniu tota la informaci\u00f3 i normativa per a l&#8217;Acollida matinal a l<a href=\"https:\/\/coop.einacooperativa.coop\/s\/zmgj7sTj7KgGiC8?dir=\/&amp;openfile=true\">la informaci\u00f3 d&#8217;Acollida i Extraescolars.<\/a><\/li>\n<\/ul>\n<\/li>\n<\/ul>\n<p>&nbsp;<\/p>\n<p><span style=\"font-weight: 400;\">La <\/span><b>COMISSI\u00d3 D\u2019ACOLLIDA I EXTRAESCOLARS <\/b><span style=\"font-weight: 400;\">es dedica al seguiment i millora del servei d\u2019acollida matinal.<\/span><\/p>\n<p><span style=\"font-weight: 400;\">Per a contactar amb la comissi\u00f3 podeu enviar un correu electr\u00f2nic a afasantaperpetua@gmail.com<\/span><\/p>\n","protected":false},"excerpt":{"rendered":"<p>ACOLLIDA 2025-2026 L\u2019AFA ofereix un servei d\u2019acollida de l\u2019alumnat a trav\u00e9s d&#8217;Eina Cooperativa de 7.30 h fins a l\u2019inici de classes. Per al proper curs, l&#8217;acollida s&#8217;iniciar\u00e0 el dia 8 de setembre, coincidint amb l&#8217;inici de les classes. El servei t\u00e9 tres modalitats, segons les necessitats de cada fam\u00edlia. Per als alumnes fixes la quota [&hellip;]<\/p>\n","protected":false},"author":12,"featured_media":0,"parent":633,"menu_order":1,"comment_status":"closed","ping_status":"closed","template":"","meta":{"_bbp_topic_count":0,"_bbp_reply_count":0,"_bbp_total_topic_count":0,"_bbp_total_reply_count":0,"_bbp_voice_count":0,"_bbp_anonymous_reply_count":0,"_bbp_topic_count_hidden":0,"_bbp_reply_count_hidden":0,"_bbp_forum_subforum_count":0,"site-sidebar-layout":"default","site-content-layout":"","ast-site-content-layout":"","site-content-style":"default","site-sidebar-style":"default","ast-global-header-display":"","ast-banner-title-visibility":"","ast-main-header-display":"","ast-hfb-above-header-display":"","ast-hfb-below-header-display":"","ast-hfb-mobile-header-display":"","site-post-title":"","ast-breadcrumbs-content":"","ast-featured-img":"","footer-sml-layout":"","theme-transparent-header-meta":"","adv-header-id-meta":"","stick-header-meta":"","header-above-stick-meta":"","header-main-stick-meta":"","header-below-stick-meta":"","astra-migrate-meta-layouts":"default","ast-page-background-enabled":"default","ast-page-background-meta":{"desktop":{"background-color":"var(--ast-global-color-4)","background-image":"","background-repeat":"repeat","background-position":"center center","background-size":"auto","background-attachment":"scroll","background-type":"","background-media":"","overlay-type":"","overlay-color":"","overlay-opacity":"","overlay-gradient":""},"tablet":{"background-color":"","background-image":"","background-repeat":"repeat","background-position":"center center","background-size":"auto","background-attachment":"scroll","background-type":"","background-media":"","overlay-type":"","overlay-color":"","overlay-opacity":"","overlay-gradient":""},"mobile":{"background-color":"","background-image":"","background-repeat":"repeat","background-position":"center center","background-size":"auto","background-attachment":"scroll","background-type":"","background-media":"","overlay-type":"","overlay-color":"","overlay-opacity":"","overlay-gradient":""}},"ast-content-background-meta":{"desktop":{"background-color":"var(--ast-global-color-5)","background-image":"","background-repeat":"repeat","background-position":"center center","background-size":"auto","background-attachment":"scroll","background-type":"","background-media":"","overlay-type":"","overlay-color":"","overlay-opacity":"","overlay-gradient":""},"tablet":{"background-color":"var(--ast-global-color-5)","background-image":"","background-repeat":"repeat","background-position":"center center","background-size":"auto","background-attachment":"scroll","background-type":"","background-media":"","overlay-type":"","overlay-color":"","overlay-opacity":"","overlay-gradient":""},"mobile":{"background-color":"var(--ast-global-color-5)","background-image":"","background-repeat":"repeat","background-position":"center center","background-size":"auto","background-attachment":"scroll","background-type":"","background-media":"","overlay-type":"","overlay-color":"","overlay-opacity":"","overlay-gradient":""}},"footnotes":""},"class_list":["post-686","page","type-page","status-publish","hentry"],"post_mailing_queue_ids":[],"_links":{"self":[{"href":"https:\/\/agora.xtec.cat\/ceip-sp\/wp-json\/wp\/v2\/pages\/686","targetHints":{"allow":["GET"]}}],"collection":[{"href":"https:\/\/agora.xtec.cat\/ceip-sp\/wp-json\/wp\/v2\/pages"}],"about":[{"href":"https:\/\/agora.xtec.cat\/ceip-sp\/wp-json\/wp\/v2\/types\/page"}],"author":[{"embeddable":true,"href":"https:\/\/agora.xtec.cat\/ceip-sp\/wp-json\/wp\/v2\/users\/12"}],"replies":[{"embeddable":true,"href":"https:\/\/agora.xtec.cat\/ceip-sp\/wp-json\/wp\/v2\/comments?post=686"}],"version-history":[{"count":6,"href":"https:\/\/agora.xtec.cat\/ceip-sp\/wp-json\/wp\/v2\/pages\/686\/revisions"}],"predecessor-version":[{"id":16115,"href":"https:\/\/agora.xtec.cat\/ceip-sp\/wp-json\/wp\/v2\/pages\/686\/revisions\/16115"}],"up":[{"embeddable":true,"href":"https:\/\/agora.xtec.cat\/ceip-sp\/wp-json\/wp\/v2\/pages\/633"}],"wp:attachment":[{"href":"https:\/\/agora.xtec.cat\/ceip-sp\/wp-json\/wp\/v2\/media?parent=686"}],"curies":[{"name":"wp","href":"https:\/\/api.w.org\/{rel}","templated":true}]}}