{"id":633,"date":"2018-03-05T14:48:32","date_gmt":"2018-03-05T13:48:32","guid":{"rendered":"http:\/\/agora.xtec.cat\/ceip-sp\/?page_id=633"},"modified":"2025-09-05T18:47:57","modified_gmt":"2025-09-05T16:47:57","slug":"ampainfo","status":"publish","type":"page","link":"https:\/\/agora.xtec.cat\/ceip-sp\/ampainfo\/","title":{"rendered":"Junta de l&#8217;AFA"},"content":{"rendered":"<p><span style=\"font-weight: 400;\">Hola!<br \/>\n<\/span><\/p>\n<p><span style=\"font-weight: 400;\">Som l\u2019Associaci\u00f3 de Fam\u00edlies d\u2019Alumnes de l\u2019Escola Santa Perp\u00e8tua (AFA). <strong>Som una entitat sense afany de lucre formada per les fam\u00edlies del centre.<\/strong> Una de les maneres que tenim de formar part i implicar-nos amb l\u2019escola dels nostres fills i filles \u00e9s a trav\u00e9s de la participaci\u00f3 i col\u00b7laboraci\u00f3 amb l\u2019associaci\u00f3.\u00a0 <strong>El nostre objectiu principal \u00e9s contribuir a la millora de la qualitat de l\u2019ensenyament<\/strong> que reben els infants i ho fem establint <strong>espais de di\u00e0leg<\/strong> amb tota la comunitat educativa, organitzant activitats que puguin resultar d\u2019inter\u00e8s i oferint <strong>serveis necessaris per a les fam\u00edlies<\/strong>, com per exemple els serveis d\u2019acollida, menjador o d\u2019activitats extraescolars, entre d\u2019altres.<\/span><\/p>\n<p><strong>La Junta actual est\u00e0 f<\/strong><strong>ormada per les seg\u00fcents persones:<\/strong><\/p>\n<p><strong>President<\/strong><\/p>\n<p>David Fontanet<\/p>\n<p><strong>Secret\u00e0ria<\/strong><\/p>\n<p>Raquel Gim\u00e9nez<\/p>\n<p><strong>Tresorera<\/strong><\/p>\n<p>Sara Carrasc\u00f3n<\/p>\n<p>&nbsp;<\/p>\n<ul>\n<li style=\"list-style-type: none;\"><span style=\"font-family: inherit; font-size: 1em;\">\ud83d\udccc Actualment, les <\/span><strong style=\"font-family: inherit; font-size: 1em;\"><span style=\"text-decoration: underline;\">reunions<\/span><\/strong><span style=\"font-family: inherit; font-size: 1em;\"> de l&#8217;Associaci\u00f3 de Fam\u00edlies d&#8217;Alumnes (AFA) es fan a la caseta de l&#8217;Associaci\u00f3, els divendres estipulats al calendari, <strong>a l<\/strong><\/span><strong style=\"font-family: inherit; font-size: 1em;\">es 18 hores. Tots els socis i s\u00f2cies de l&#8217;AFA hi podeu assistir i participar de totes les decisions.\u00a0<\/strong><\/li>\n<\/ul>\n<p>Si voleu rebre el correu de convocat\u00f2ria de les reunions o qualsevol altra comunicaci\u00f3 que pugui emetre l&#8217;AFA, heu de fer-nos ho saber enviant un correu electr\u00f2nic a l&#8217;adre\u00e7a <strong><em>afasantaperpetua@gmail.com<\/em><\/strong> indicant els cognoms de la fam\u00edlia i el curs del vostre fill o filla m\u00e9s petit. (Per exemple: fam\u00edlia Garc\u00eda L\u00f3pez 3r). D&#8217;aquesta manera formareu part de la nostra llista de distribuci\u00f3.<\/p>\n<p>Tamb\u00e9 \u00e9s important que us subscriviu al canal de difusi\u00f3 exclusiu per a socis i s\u00f2cies de l&#8217;AFA, on traslladem tota la informaci\u00f3 rellevant de manera m\u00e9s inmediata. En fer-vos socis us arribar\u00e0 l&#8217;enlla\u00e7.<\/p>\n<p>Si teniu algun <strong>dubte<\/strong> sobre alguna comissi\u00f3, o voleu traslladar-nos alguna consulta, queixa o proposta de millora, escriviu-nos a afasantaperpetua@gmail.com i us respondrem el m\u00e9s aviat possible.<\/p>\n","protected":false},"excerpt":{"rendered":"<p>Hola! Som l\u2019Associaci\u00f3 de Fam\u00edlies d\u2019Alumnes de l\u2019Escola Santa Perp\u00e8tua (AFA). Som una entitat sense afany de lucre formada per les fam\u00edlies del centre. Una de les maneres que tenim de formar part i implicar-nos amb l\u2019escola dels nostres fills i filles \u00e9s a trav\u00e9s de la participaci\u00f3 i col\u00b7laboraci\u00f3 amb l\u2019associaci\u00f3.\u00a0 El nostre objectiu [&hellip;]<\/p>\n","protected":false},"author":1,"featured_media":0,"parent":0,"menu_order":0,"comment_status":"closed","ping_status":"closed","template":"","meta":{"_bbp_topic_count":0,"_bbp_reply_count":0,"_bbp_total_topic_count":0,"_bbp_total_reply_count":0,"_bbp_voice_count":0,"_bbp_anonymous_reply_count":0,"_bbp_topic_count_hidden":0,"_bbp_reply_count_hidden":0,"_bbp_forum_subforum_count":0,"site-sidebar-layout":"default","site-content-layout":"","ast-site-content-layout":"","site-content-style":"default","site-sidebar-style":"default","ast-global-header-display":"","ast-banner-title-visibility":"","ast-main-header-display":"","ast-hfb-above-header-display":"","ast-hfb-below-header-display":"","ast-hfb-mobile-header-display":"","site-post-title":"","ast-breadcrumbs-content":"","ast-featured-img":"","footer-sml-layout":"","theme-transparent-header-meta":"","adv-header-id-meta":"","stick-header-meta":"","header-above-stick-meta":"","header-main-stick-meta":"","header-below-stick-meta":"","astra-migrate-meta-layouts":"default","ast-page-background-enabled":"default","ast-page-background-meta":{"desktop":{"background-color":"var(--ast-global-color-4)","background-image":"","background-repeat":"repeat","background-position":"center center","background-size":"auto","background-attachment":"scroll","background-type":"","background-media":"","overlay-type":"","overlay-color":"","overlay-opacity":"","overlay-gradient":""},"tablet":{"background-color":"","background-image":"","background-repeat":"repeat","background-position":"center center","background-size":"auto","background-attachment":"scroll","background-type":"","background-media":"","overlay-type":"","overlay-color":"","overlay-opacity":"","overlay-gradient":""},"mobile":{"background-color":"","background-image":"","background-repeat":"repeat","background-position":"center center","background-size":"auto","background-attachment":"scroll","background-type":"","background-media":"","overlay-type":"","overlay-color":"","overlay-opacity":"","overlay-gradient":""}},"ast-content-background-meta":{"desktop":{"background-color":"var(--ast-global-color-5)","background-image":"","background-repeat":"repeat","background-position":"center center","background-size":"auto","background-attachment":"scroll","background-type":"","background-media":"","overlay-type":"","overlay-color":"","overlay-opacity":"","overlay-gradient":""},"tablet":{"background-color":"var(--ast-global-color-5)","background-image":"","background-repeat":"repeat","background-position":"center center","background-size":"auto","background-attachment":"scroll","background-type":"","background-media":"","overlay-type":"","overlay-color":"","overlay-opacity":"","overlay-gradient":""},"mobile":{"background-color":"var(--ast-global-color-5)","background-image":"","background-repeat":"repeat","background-position":"center center","background-size":"auto","background-attachment":"scroll","background-type":"","background-media":"","overlay-type":"","overlay-color":"","overlay-opacity":"","overlay-gradient":""}},"footnotes":""},"class_list":["post-633","page","type-page","status-publish","hentry"],"post_mailing_queue_ids":[],"_links":{"self":[{"href":"https:\/\/agora.xtec.cat\/ceip-sp\/wp-json\/wp\/v2\/pages\/633","targetHints":{"allow":["GET"]}}],"collection":[{"href":"https:\/\/agora.xtec.cat\/ceip-sp\/wp-json\/wp\/v2\/pages"}],"about":[{"href":"https:\/\/agora.xtec.cat\/ceip-sp\/wp-json\/wp\/v2\/types\/page"}],"author":[{"embeddable":true,"href":"https:\/\/agora.xtec.cat\/ceip-sp\/wp-json\/wp\/v2\/users\/1"}],"replies":[{"embeddable":true,"href":"https:\/\/agora.xtec.cat\/ceip-sp\/wp-json\/wp\/v2\/comments?post=633"}],"version-history":[{"count":6,"href":"https:\/\/agora.xtec.cat\/ceip-sp\/wp-json\/wp\/v2\/pages\/633\/revisions"}],"predecessor-version":[{"id":16110,"href":"https:\/\/agora.xtec.cat\/ceip-sp\/wp-json\/wp\/v2\/pages\/633\/revisions\/16110"}],"wp:attachment":[{"href":"https:\/\/agora.xtec.cat\/ceip-sp\/wp-json\/wp\/v2\/media?parent=633"}],"curies":[{"name":"wp","href":"https:\/\/api.w.org\/{rel}","templated":true}]}}