{"id":597,"date":"2018-03-02T11:07:53","date_gmt":"2018-03-02T10:07:53","guid":{"rendered":"http:\/\/agora.xtec.cat\/ceip-sp\/?page_id=597"},"modified":"2024-11-19T15:27:54","modified_gmt":"2024-11-19T14:27:54","slug":"menjador","status":"publish","type":"page","link":"https:\/\/agora.xtec.cat\/ceip-sp\/menjador\/","title":{"rendered":"ESPAI MIGDIA CURS 2024-2025"},"content":{"rendered":"<p>Tel\u00e8fon del menjador (coordinaci\u00f3 i monitoratge): <strong>671 299 573<\/strong><\/p>\n<p><a href=\"https:\/\/agora.xtec.cat\/ceip-sp\/lescola\/inscripcio-menjador-i-acollida\/\">Informaci\u00f3 i inscripci\u00f3 a l&#8217;Espai Migdia<\/a><\/p>\n<p>Els nostres men\u00fas han estat revisats i valorats el marc del Programa de Revisi\u00f3 de Men\u00fas Escolars (PReME). Podeu consultar-ne el resultat aqu\u00ed: <a href=\"https:\/\/agora.xtec.cat\/ceip-sp\/wp-content\/uploads\/usu1709\/2024\/04\/20231201-Santa-Perpetua-de-Mogoda-Escola-Santa-Perpetua-REV.pdf\">2023 &#8211; Escola Santa Perp\u00e8tua-REVISIO MENUS PREME<\/a><\/p>\n<p><img loading=\"lazy\" decoding=\"async\" class=\"wp-image-14780 alignleft\" src=\"https:\/\/agora.xtec.cat\/ceip-sp\/wp-content\/uploads\/usu1709\/2024\/04\/logo-bosadaquis-300x200-1.png\" alt=\"Bo, sa i d'aqu\u00ed\" width=\"168\" height=\"112\" \/>El projecte per a l&#8217;espai Migdia elaborat per Pam i Pipa en col\u00b7laboraci\u00f3 amb l&#8217;AFA va obtenir el juny de 2023 el segell de qualitat Bo, Sa i d&#8217;Aqu\u00ed. Aix\u00f2 implica que som una escola compromesa amb l&#8217;alimentaci\u00f3 saludable i els productes de proximitat.<\/p>\n<p>&nbsp;<\/p>\n<p>L&#8217;escola ofereix l&#8217;Espai Migdia (menjador amb cuina pr\u00f2pia i temps de lleure) en el temps de 12:30 a 15:00. L&#8217;empresa que ofereix aquest servei \u00e9s <strong>SERVEIS EDUCATIUS PAM I PIPA<\/strong><\/p>\n<p>Per poder formalitzar la inscripci\u00f3 ho podeu fer de dues maneres.<\/p>\n<p>Omplint el seg\u00fcent <a href=\"https:\/\/docs.google.com\/forms\/d\/e\/1FAIpQLSdlVjtj9u1fCRmsDfzfv4ENHSmxpgl1hdeCmI651k76et4Ecg\/viewform?urp=gmail_link\">formulari<\/a><\/p>\n<p>De manera f\u00edsica amb el seg\u00fcent full (us el podeu descarregar aqu\u00ed o demanar-lo a secretaria)<\/p>\n<p><a href=\"https:\/\/agora.xtec.cat\/ceip-sp\/wp-content\/uploads\/usu1709\/2024\/09\/INSCR.-STA-PERPETUA-ESPAI-MIGDIA-24-25-.pdf\">INSCR. STA PERPETUA ESPAI MIGDIA 24-25<\/a><\/p>\n<p><a href=\"https:\/\/agora.xtec.cat\/ceip-sp\/wp-content\/uploads\/usu1709\/2024\/09\/INICI-CURS-I3-SANTA-PERPETUA-24-25.pdf\">INICI CURS I3 SANTA PERPETUA 24-25<\/a><\/p>\n<p>Preu del servei<\/p>\n<p>ALUMNAT FIX: 7,19 \u20ac<\/p>\n<p>ALUMNAT ESPOR\u00c0DIC: 7,34\u20ac<\/p>\n<p>Us podeu comunicar amb a l&#8217;Empresa per informar de si fareu, o no, \u00fas del servei via whastapp o trucada al seg\u00fcent tel\u00e8fon: <strong>671.299.573<\/strong><\/p>\n<p>Podeu consultar aqu\u00ed la\u00a0<a href=\"https:\/\/agora.xtec.cat\/ceip-sp\/wp-content\/uploads\/usu1709\/2024\/09\/normativa-menjador-24-25-sta-pp.pdf\">normativa menjador 24-25 <\/a>del servei de migdia.<\/p>\n<p>&nbsp;<\/p>\n<p>El men\u00fa del mes de novembre \u00e9s:<\/p>\n<p><a href=\"https:\/\/agora.xtec.cat\/ceip-sp\/wp-content\/uploads\/usu1709\/2024\/11\/NOV-24-STA-PERPETUA-BASAL.pdf\">NOV 24 STA PERPETUA BASAL<\/a><\/p>\n","protected":false},"excerpt":{"rendered":"<p>Tel\u00e8fon del menjador (coordinaci\u00f3 i monitoratge): 671 299 573 Informaci\u00f3 i inscripci\u00f3 a l&#8217;Espai Migdia Els nostres men\u00fas han estat revisats i valorats el marc del Programa de Revisi\u00f3 de Men\u00fas Escolars (PReME). Podeu consultar-ne el resultat aqu\u00ed: 2023 &#8211; Escola Santa Perp\u00e8tua-REVISIO MENUS PREME El projecte per a l&#8217;espai Migdia elaborat per Pam i [&hellip;]<\/p>\n","protected":false},"author":1,"featured_media":0,"parent":0,"menu_order":0,"comment_status":"closed","ping_status":"closed","template":"page-templates\/side-menu.php","meta":{"_bbp_topic_count":0,"_bbp_reply_count":0,"_bbp_total_topic_count":0,"_bbp_total_reply_count":0,"_bbp_voice_count":0,"_bbp_anonymous_reply_count":0,"_bbp_topic_count_hidden":0,"_bbp_reply_count_hidden":0,"_bbp_forum_subforum_count":0,"site-sidebar-layout":"default","site-content-layout":"","ast-site-content-layout":"","site-content-style":"default","site-sidebar-style":"default","ast-global-header-display":"","ast-banner-title-visibility":"","ast-main-header-display":"","ast-hfb-above-header-display":"","ast-hfb-below-header-display":"","ast-hfb-mobile-header-display":"","site-post-title":"","ast-breadcrumbs-content":"","ast-featured-img":"","footer-sml-layout":"","theme-transparent-header-meta":"","adv-header-id-meta":"","stick-header-meta":"","header-above-stick-meta":"","header-main-stick-meta":"","header-below-stick-meta":"","astra-migrate-meta-layouts":"default","ast-page-background-enabled":"default","ast-page-background-meta":{"desktop":{"background-color":"var(--ast-global-color-4)","background-image":"","background-repeat":"repeat","background-position":"center center","background-size":"auto","background-attachment":"scroll","background-type":"","background-media":"","overlay-type":"","overlay-color":"","overlay-opacity":"","overlay-gradient":""},"tablet":{"background-color":"","background-image":"","background-repeat":"repeat","background-position":"center center","background-size":"auto","background-attachment":"scroll","background-type":"","background-media":"","overlay-type":"","overlay-color":"","overlay-opacity":"","overlay-gradient":""},"mobile":{"background-color":"","background-image":"","background-repeat":"repeat","background-position":"center center","background-size":"auto","background-attachment":"scroll","background-type":"","background-media":"","overlay-type":"","overlay-color":"","overlay-opacity":"","overlay-gradient":""}},"ast-content-background-meta":{"desktop":{"background-color":"var(--ast-global-color-5)","background-image":"","background-repeat":"repeat","background-position":"center center","background-size":"auto","background-attachment":"scroll","background-type":"","background-media":"","overlay-type":"","overlay-color":"","overlay-opacity":"","overlay-gradient":""},"tablet":{"background-color":"var(--ast-global-color-5)","background-image":"","background-repeat":"repeat","background-position":"center center","background-size":"auto","background-attachment":"scroll","background-type":"","background-media":"","overlay-type":"","overlay-color":"","overlay-opacity":"","overlay-gradient":""},"mobile":{"background-color":"var(--ast-global-color-5)","background-image":"","background-repeat":"repeat","background-position":"center center","background-size":"auto","background-attachment":"scroll","background-type":"","background-media":"","overlay-type":"","overlay-color":"","overlay-opacity":"","overlay-gradient":""}},"footnotes":""},"class_list":["post-597","page","type-page","status-publish","hentry"],"post_mailing_queue_ids":[],"_links":{"self":[{"href":"https:\/\/agora.xtec.cat\/ceip-sp\/wp-json\/wp\/v2\/pages\/597","targetHints":{"allow":["GET"]}}],"collection":[{"href":"https:\/\/agora.xtec.cat\/ceip-sp\/wp-json\/wp\/v2\/pages"}],"about":[{"href":"https:\/\/agora.xtec.cat\/ceip-sp\/wp-json\/wp\/v2\/types\/page"}],"author":[{"embeddable":true,"href":"https:\/\/agora.xtec.cat\/ceip-sp\/wp-json\/wp\/v2\/users\/1"}],"replies":[{"embeddable":true,"href":"https:\/\/agora.xtec.cat\/ceip-sp\/wp-json\/wp\/v2\/comments?post=597"}],"version-history":[{"count":7,"href":"https:\/\/agora.xtec.cat\/ceip-sp\/wp-json\/wp\/v2\/pages\/597\/revisions"}],"predecessor-version":[{"id":15451,"href":"https:\/\/agora.xtec.cat\/ceip-sp\/wp-json\/wp\/v2\/pages\/597\/revisions\/15451"}],"wp:attachment":[{"href":"https:\/\/agora.xtec.cat\/ceip-sp\/wp-json\/wp\/v2\/media?parent=597"}],"curies":[{"name":"wp","href":"https:\/\/api.w.org\/{rel}","templated":true}]}}