{"id":523,"date":"2017-11-26T08:50:30","date_gmt":"2017-11-26T07:50:30","guid":{"rendered":"http:\/\/agora.xtec.cat\/ceip-sp\/?page_id=523"},"modified":"2024-07-09T10:12:57","modified_gmt":"2024-07-09T08:12:57","slug":"questions-generals","status":"publish","type":"page","link":"https:\/\/agora.xtec.cat\/ceip-sp\/lescola\/questions-generals\/","title":{"rendered":"Q\u00fcestions generals"},"content":{"rendered":"<p><strong>Educaci\u00f3 f\u00edsica i psicomotricitat<\/strong><\/p>\n<p>Per fer l\u2019educaci\u00f3 f\u00edsica \u00e9s imprescindible que l&#8217;alumnat vinguin de casa vestits amb la roba adient:<\/p>\n<p><strong>Educaci\u00f3 Infantil: <\/strong>xandall i sabatilles esportives amb <em>velcro<\/em>.<\/p>\n<p><strong>De 1r a 6\u00e8: <\/strong>xandall o pantalons curts i sabatilles esportives.<br \/>\n<strong>De 3r a 6\u00e8: <\/strong>a m\u00e9s a m\u00e9s, han de portar una samarreta i una tovallola dins d\u2019una bossa que facilita l\u2019escola quan els\/les alumnes comencen 3er.<em>\u00a0<\/em><\/p>\n<p>L&#8217;alumnat que no porti la roba adient el dia d\u2019E.F. no podr\u00e0 fer la classe pr\u00e0ctica. Quan toqui utilitzar el gimn\u00e0s, i amb la finalitat de protegir-ne el paviment, els infants s\u2019hauran de canviar el cal\u00e7at. Aquest cal\u00e7at pot ser unes altres sabatilles esportives o b\u00e9 unes sabatilles \u201cxineses\u201d sense cordons que guardarem durant el curs a l\u2019escola.<\/p>\n<p><strong>Esmorzars<\/strong><\/p>\n<p>A l\u2019escola volem col\u00b7laborar en l\u2019adquisici\u00f3 d\u2019uns h\u00e0bits alimentaris saludables. Per aquest motiu, els <strong><u>dimecres<\/u> <\/strong>esmorzem fruita; no es poden portar sucs ni batuts.<br \/>\nD\u2019altra banda, per contribuir en la reducci\u00f3 de residus, cal portar l\u2019esmorzar dins d\u2019una carmanyola.<\/p>\n<p><strong>Atenci\u00f3 de l&#8217;Equip Directiu<\/strong><\/p>\n<p>Per parlar amb les persones de l\u2019equip directiu caldr\u00e0 que pr\u00e8viament concerteu visita personalment o per tel\u00e8fon.<br \/>\nL\u2019horari d\u2019atenci\u00f3 pel curs 2024-2025 est\u00e0 pendent de confirmaci\u00f3<\/p>\n<p><strong>Bates\u00a0<\/strong><\/p>\n<p>L\u2019alumnat de la nostra escola cal que porti una bata i la deixi a l\u2019escola per \u00a0utilitzar-la els dies de pl\u00e0stica, tallers,&#8230;<br \/>\nLes bates, aix\u00ed com jerseis i abrics, han de dur beta per a poder-los penjar.<\/p>\n<p><strong><u>Cal<\/u><\/strong><strong> <u>que a la roba de l\u2019infant (bates, anoracs&#8230;) hi figuri el nom per identificar-la en cas de p\u00e8rdua.<\/u><\/strong><\/p>\n<p><strong>Assist\u00e8ncia<\/strong><\/p>\n<p>L\u2019assist\u00e8ncia a l\u2019escola \u00e9s obligat\u00f2ria i us preguem que la puntualitat sigui habitual. Quan un nen\/a hagi de sortir en una hora diferent de la indicada caldr\u00e0 que porti una nota per escrit per poder-la lliurar al mestre corresponent. <u>En cap cas marxar\u00e0 un infant sol<\/u>.<\/p>\n<p>Quan vingueu a portar o recollir a un nen\/a en horari de classe, aviseu al conserge o a secretaria per tal que l\u2019acompanyi o el vagi a buscar a classe.<\/p>\n<p><strong>Espai migdia<\/strong><\/p>\n<p>El servei de l&#8217;Espai migdia funciona durant tots els dies lectius a partir del mateix dia d\u2019inici del curs escolar.<br \/>\nEl pot utilitzar tot l&#8217;alumnat, ja sigui de manera fixa o espor\u00e0dica.<br \/>\nAl menjador, la bata \u00e9s opcional a Prim\u00e0ria. A Educaci\u00f3 Infantil 3 la bata \u00e9s obligat\u00f2ria i a Educaci\u00f3 Infantil 4 i 5 \u00e9s opcional.<br \/>\nAl setembre es far\u00e0 una reuni\u00f3 on s\u2019explicar\u00e0 el funcionament dels pagaments i del servei de menjador.<\/p>\n<p><strong>Medicaci\u00f3<\/strong><\/p>\n<p>Des de l\u2019escola no sempre podem atendre la dosificaci\u00f3 dels medicaments de l&#8217;alumnat. Per aix\u00f2 us agrairem que sempre que sigui possible, adeq\u00fceu els horaris de la medicaci\u00f3 per tal que no coincideixi en horari escolar.<\/p>\n<p>En cas que sigui imprescindible prendre la medicaci\u00f3 a l\u2019escola, cal portar la <strong>recepta del metge, la indicaci\u00f3 per escrit del dia, l\u2019hora i la dosi i omplir l\u2019autoritzaci\u00f3 que us lliuraran a secretaria.<\/strong><\/p>\n<p><strong>Servei d&#8217;acollida\u00a0<\/strong><\/p>\n<p>L&#8217;AFA ofereix un servei d&#8217;acollida de 7:30 a 9 del mati des del 6 de setembre al 21 de juny. Si hi ha un m\u00ednim de fam\u00edlies interessades, es podria organitzar un servei d&#8217;acollida a la tarda. Per fer \u00fas d&#8217;aquest servei cal ser soci de l&#8217;associaci\u00f3.<\/p>\n<p><strong>Objectes perduts<\/strong><\/p>\n<p>Els objectes perduts es dipositen en un contenidor que hi ha a l&#8217;entrada de l&#8217;escola. Aquest objectes, per\u00f2, no els podem guardar indefinidament i al cap d&#8217;un temps se&#8217;n far\u00e0 donaci\u00f3.<\/p>\n<p><strong>Llaminadures<\/strong><\/p>\n<p>Cal que entre tots mentalitzem als nens i a les nenes que hem de reduir el consum de llaminadures. A l&#8217;escola i a les excursions no hem de menjar xiclets, pipes ni llaminadures.<\/p>\n<p><strong>Aniversaris<\/strong><\/p>\n<p>Les al\u00b7l\u00e8rgies i les intoler\u00e0ncies aliment\u00e0ries s\u00f3n un tema molt seri\u00f3s i important.<br \/>\nPer aquest motiu us demanem que a l\u2019hora de celebrar l\u2019aniversari de l&#8217;infant a l\u2019escola, porteu aliments que han estat processats pr\u00e8viament (no elaborats a casa).<br \/>\nUna capsa de galetes \u00e9s una opci\u00f3 f\u00e0cil i pr\u00e0ctica. No es poden repartir llaminadures ni invitacions a aniversaris.<\/p>\n<p><strong>Altres<\/strong><\/p>\n<p><strong>Est\u00e0 prohibit fumar a l\u2019escola<\/strong>. Per higiene, per salut, per oferir un bon exemple als nens i nenes i perqu\u00e8 ho diu la llei, no s\u2019ha de fumar a l\u2019escola, ni a dins de l\u2019edifici ni al pati.<\/p>\n<p><strong>L\u2019acc\u00e9s d\u2019animals dom\u00e8stics <\/strong>al recinte escolar no est\u00e0 perm\u00e8s per la normativa.<\/p>\n<p><strong>Sortides: <\/strong>L\u2019alumnat <strong>NO <\/strong>es pot quedar al pati de l\u2019escola un cop finalitzat l\u2019horari escolar.<\/p>\n<p><strong>Motxilles: <\/strong>a Educaci\u00f3 Infantil i cicle Inicial <strong>NO <\/strong>poden portar rodetes.<\/p>\n","protected":false},"excerpt":{"rendered":"<p>Educaci\u00f3 f\u00edsica i psicomotricitat Per fer l\u2019educaci\u00f3 f\u00edsica \u00e9s imprescindible que l&#8217;alumnat vinguin de casa vestits amb la roba adient: Educaci\u00f3 Infantil: xandall i sabatilles esportives amb velcro. De 1r a 6\u00e8: xandall o pantalons curts i sabatilles esportives. De 3r a 6\u00e8: a m\u00e9s a m\u00e9s, han de portar una samarreta i una tovallola [&hellip;]<\/p>\n","protected":false},"author":1,"featured_media":0,"parent":22,"menu_order":9,"comment_status":"closed","ping_status":"closed","template":"page-templates\/side-menu.php","meta":{"_bbp_topic_count":0,"_bbp_reply_count":0,"_bbp_total_topic_count":0,"_bbp_total_reply_count":0,"_bbp_voice_count":0,"_bbp_anonymous_reply_count":0,"_bbp_topic_count_hidden":0,"_bbp_reply_count_hidden":0,"_bbp_forum_subforum_count":0,"site-sidebar-layout":"default","site-content-layout":"","ast-site-content-layout":"","site-content-style":"default","site-sidebar-style":"default","ast-global-header-display":"","ast-banner-title-visibility":"","ast-main-header-display":"","ast-hfb-above-header-display":"","ast-hfb-below-header-display":"","ast-hfb-mobile-header-display":"","site-post-title":"","ast-breadcrumbs-content":"","ast-featured-img":"","footer-sml-layout":"","theme-transparent-header-meta":"","adv-header-id-meta":"","stick-header-meta":"","header-above-stick-meta":"","header-main-stick-meta":"","header-below-stick-meta":"","astra-migrate-meta-layouts":"default","ast-page-background-enabled":"default","ast-page-background-meta":{"desktop":{"background-color":"var(--ast-global-color-4)","background-image":"","background-repeat":"repeat","background-position":"center center","background-size":"auto","background-attachment":"scroll","background-type":"","background-media":"","overlay-type":"","overlay-color":"","overlay-opacity":"","overlay-gradient":""},"tablet":{"background-color":"","background-image":"","background-repeat":"repeat","background-position":"center center","background-size":"auto","background-attachment":"scroll","background-type":"","background-media":"","overlay-type":"","overlay-color":"","overlay-opacity":"","overlay-gradient":""},"mobile":{"background-color":"","background-image":"","background-repeat":"repeat","background-position":"center center","background-size":"auto","background-attachment":"scroll","background-type":"","background-media":"","overlay-type":"","overlay-color":"","overlay-opacity":"","overlay-gradient":""}},"ast-content-background-meta":{"desktop":{"background-color":"var(--ast-global-color-5)","background-image":"","background-repeat":"repeat","background-position":"center center","background-size":"auto","background-attachment":"scroll","background-type":"","background-media":"","overlay-type":"","overlay-color":"","overlay-opacity":"","overlay-gradient":""},"tablet":{"background-color":"var(--ast-global-color-5)","background-image":"","background-repeat":"repeat","background-position":"center center","background-size":"auto","background-attachment":"scroll","background-type":"","background-media":"","overlay-type":"","overlay-color":"","overlay-opacity":"","overlay-gradient":""},"mobile":{"background-color":"var(--ast-global-color-5)","background-image":"","background-repeat":"repeat","background-position":"center center","background-size":"auto","background-attachment":"scroll","background-type":"","background-media":"","overlay-type":"","overlay-color":"","overlay-opacity":"","overlay-gradient":""}},"footnotes":""},"class_list":["post-523","page","type-page","status-publish","hentry"],"post_mailing_queue_ids":[],"_links":{"self":[{"href":"https:\/\/agora.xtec.cat\/ceip-sp\/wp-json\/wp\/v2\/pages\/523","targetHints":{"allow":["GET"]}}],"collection":[{"href":"https:\/\/agora.xtec.cat\/ceip-sp\/wp-json\/wp\/v2\/pages"}],"about":[{"href":"https:\/\/agora.xtec.cat\/ceip-sp\/wp-json\/wp\/v2\/types\/page"}],"author":[{"embeddable":true,"href":"https:\/\/agora.xtec.cat\/ceip-sp\/wp-json\/wp\/v2\/users\/1"}],"replies":[{"embeddable":true,"href":"https:\/\/agora.xtec.cat\/ceip-sp\/wp-json\/wp\/v2\/comments?post=523"}],"version-history":[{"count":5,"href":"https:\/\/agora.xtec.cat\/ceip-sp\/wp-json\/wp\/v2\/pages\/523\/revisions"}],"predecessor-version":[{"id":15193,"href":"https:\/\/agora.xtec.cat\/ceip-sp\/wp-json\/wp\/v2\/pages\/523\/revisions\/15193"}],"up":[{"embeddable":true,"href":"https:\/\/agora.xtec.cat\/ceip-sp\/wp-json\/wp\/v2\/pages\/22"}],"wp:attachment":[{"href":"https:\/\/agora.xtec.cat\/ceip-sp\/wp-json\/wp\/v2\/media?parent=523"}],"curies":[{"name":"wp","href":"https:\/\/api.w.org\/{rel}","templated":true}]}}