{"id":38,"date":"2014-09-18T12:34:08","date_gmt":"2014-09-18T10:34:08","guid":{"rendered":"http:\/\/agora.xtec.cat\/ceip-sp\/?page_id=38"},"modified":"2025-06-30T11:57:45","modified_gmt":"2025-06-30T09:57:45","slug":"material","status":"publish","type":"page","link":"https:\/\/agora.xtec.cat\/ceip-sp\/lescola\/material\/","title":{"rendered":"Material socialitzat i sortides"},"content":{"rendered":"<p class=\"hojas\"><strong>LLIBRES, MATERIAL SOCIALITZAT I SORTIDES<\/strong><\/p>\n<p class=\"hojas\">L&#8217;escola funciona amb material socialitzat. Les aportacions inclouen: material, agendes, llibres i quaderns i ordinadors port\u00e0tils, pissarres digitals&#8230;<\/p>\n<p class=\"hojas\"><strong>Socialitzaci\u00f3:<\/strong><\/p>\n<table style=\"height: 131px;\" border=\"0\" width=\"325\" cellpadding=\"0\">\n<tbody>\n<tr style=\"height: 32px;\">\n<td style=\"height: 32px; width: 192.812px;\"><span class=\"hojas\">EDUCACI\u00d3 INFANTIL:<\/span><\/td>\n<td style=\"height: 32px; width: 124.188px;\"><span class=\"hojas\">120<\/span><span class=\"hojas\">\u00a0euros<\/span><\/td>\n<\/tr>\n<tr style=\"height: 35px;\">\n<td style=\"height: 35px; width: 192.812px;\"><span class=\"hojas\">EDUCACI\u00d3 PRIM\u00c0RIA<\/span><\/td>\n<td style=\"height: 35px; width: 124.188px;\"><span class=\"hojas\">150 euros*<\/span><\/td>\n<\/tr>\n<\/tbody>\n<\/table>\n<p><span class=\"hojas\">Aquesta aportaci\u00f3 es pot abonar de la seg\u00fcents maneres:<\/span><\/p>\n<p><span class=\"hojas\">Pagament \u00fanic abans<\/span><span class=\"hojas\"> del dia 1 d&#8217;octubre 2025.<br \/>\n<\/span><\/p>\n<p>Pagament fraccionat: 1r termini abans del <span class=\"hojas\">del dia 1 d&#8217;octubre 2025<\/span> i 2n termini abans del dia 1 de febrer de 2026<\/p>\n<p><span class=\"hojas\">L&#8217;ingr\u00e9s s&#8217;haur\u00e0 de fer\u00a0a CaixaBank, al n\u00ba de compte: <\/span><\/p>\n<p style=\"text-align: center;\"><strong><span class=\"hojas\">ES15-2100-0153-12020049-4173 <\/span><\/strong><\/p>\n<p><span class=\"hojas\">(recordeu que al full d&#8217;ingr\u00e9s hi ha de constar el nom i el curs del nen\/a).<\/span><\/p>\n<p>&nbsp;<\/p>\n<p><span class=\"hojas\">Durant el curs 2024-2025 les sortides s&#8217;abonaran puntualment uns dies abans d&#8217;aquesta. El pagament es realitzar\u00e0 a\u00a0<\/span><\/p>\n<p style=\"text-align: center;\"><strong><span class=\"hojas\">ES15-2100-0153-12020049-4173<\/span><\/strong><\/p>\n<p><span class=\"hojas\"><strong>Cal indicar el nom de l&#8217;infant i el curs i caldr\u00e0 portar a la secretaria de l&#8217;escola o enviar un correu electr\u00f2nic amb els comprovants de pagament.<\/strong><\/span><\/p>\n<p>&nbsp;<\/p>\n<p>*Si la fam\u00edlia cedeix el val escolar al centre, es reduir\u00e0 l&#8217;import corresponent en aquest.<\/p>\n","protected":false},"excerpt":{"rendered":"<p>LLIBRES, MATERIAL SOCIALITZAT I SORTIDES L&#8217;escola funciona amb material socialitzat. Les aportacions inclouen: material, agendes, llibres i quaderns i ordinadors port\u00e0tils, pissarres digitals&#8230; Socialitzaci\u00f3: EDUCACI\u00d3 INFANTIL: 120\u00a0euros EDUCACI\u00d3 PRIM\u00c0RIA 150 euros* Aquesta aportaci\u00f3 es pot abonar de la seg\u00fcents maneres: Pagament \u00fanic abans del dia 1 d&#8217;octubre 2025. Pagament fraccionat: 1r termini abans del del [&hellip;]<\/p>\n","protected":false},"author":1,"featured_media":0,"parent":22,"menu_order":8,"comment_status":"closed","ping_status":"closed","template":"page-templates\/side-menu.php","meta":{"_bbp_topic_count":0,"_bbp_reply_count":0,"_bbp_total_topic_count":0,"_bbp_total_reply_count":0,"_bbp_voice_count":0,"_bbp_anonymous_reply_count":0,"_bbp_topic_count_hidden":0,"_bbp_reply_count_hidden":0,"_bbp_forum_subforum_count":0,"site-sidebar-layout":"default","site-content-layout":"","ast-site-content-layout":"","site-content-style":"default","site-sidebar-style":"default","ast-global-header-display":"","ast-banner-title-visibility":"","ast-main-header-display":"","ast-hfb-above-header-display":"","ast-hfb-below-header-display":"","ast-hfb-mobile-header-display":"","site-post-title":"","ast-breadcrumbs-content":"","ast-featured-img":"","footer-sml-layout":"","theme-transparent-header-meta":"","adv-header-id-meta":"","stick-header-meta":"","header-above-stick-meta":"","header-main-stick-meta":"","header-below-stick-meta":"","astra-migrate-meta-layouts":"default","ast-page-background-enabled":"default","ast-page-background-meta":{"desktop":{"background-color":"var(--ast-global-color-4)","background-image":"","background-repeat":"repeat","background-position":"center center","background-size":"auto","background-attachment":"scroll","background-type":"","background-media":"","overlay-type":"","overlay-color":"","overlay-opacity":"","overlay-gradient":""},"tablet":{"background-color":"","background-image":"","background-repeat":"repeat","background-position":"center center","background-size":"auto","background-attachment":"scroll","background-type":"","background-media":"","overlay-type":"","overlay-color":"","overlay-opacity":"","overlay-gradient":""},"mobile":{"background-color":"","background-image":"","background-repeat":"repeat","background-position":"center center","background-size":"auto","background-attachment":"scroll","background-type":"","background-media":"","overlay-type":"","overlay-color":"","overlay-opacity":"","overlay-gradient":""}},"ast-content-background-meta":{"desktop":{"background-color":"var(--ast-global-color-5)","background-image":"","background-repeat":"repeat","background-position":"center center","background-size":"auto","background-attachment":"scroll","background-type":"","background-media":"","overlay-type":"","overlay-color":"","overlay-opacity":"","overlay-gradient":""},"tablet":{"background-color":"var(--ast-global-color-5)","background-image":"","background-repeat":"repeat","background-position":"center center","background-size":"auto","background-attachment":"scroll","background-type":"","background-media":"","overlay-type":"","overlay-color":"","overlay-opacity":"","overlay-gradient":""},"mobile":{"background-color":"var(--ast-global-color-5)","background-image":"","background-repeat":"repeat","background-position":"center center","background-size":"auto","background-attachment":"scroll","background-type":"","background-media":"","overlay-type":"","overlay-color":"","overlay-opacity":"","overlay-gradient":""}},"footnotes":""},"class_list":["post-38","page","type-page","status-publish","hentry"],"post_mailing_queue_ids":[],"_links":{"self":[{"href":"https:\/\/agora.xtec.cat\/ceip-sp\/wp-json\/wp\/v2\/pages\/38","targetHints":{"allow":["GET"]}}],"collection":[{"href":"https:\/\/agora.xtec.cat\/ceip-sp\/wp-json\/wp\/v2\/pages"}],"about":[{"href":"https:\/\/agora.xtec.cat\/ceip-sp\/wp-json\/wp\/v2\/types\/page"}],"author":[{"embeddable":true,"href":"https:\/\/agora.xtec.cat\/ceip-sp\/wp-json\/wp\/v2\/users\/1"}],"replies":[{"embeddable":true,"href":"https:\/\/agora.xtec.cat\/ceip-sp\/wp-json\/wp\/v2\/comments?post=38"}],"version-history":[{"count":7,"href":"https:\/\/agora.xtec.cat\/ceip-sp\/wp-json\/wp\/v2\/pages\/38\/revisions"}],"predecessor-version":[{"id":16080,"href":"https:\/\/agora.xtec.cat\/ceip-sp\/wp-json\/wp\/v2\/pages\/38\/revisions\/16080"}],"up":[{"embeddable":true,"href":"https:\/\/agora.xtec.cat\/ceip-sp\/wp-json\/wp\/v2\/pages\/22"}],"wp:attachment":[{"href":"https:\/\/agora.xtec.cat\/ceip-sp\/wp-json\/wp\/v2\/media?parent=38"}],"curies":[{"name":"wp","href":"https:\/\/api.w.org\/{rel}","templated":true}]}}