{"id":36,"date":"2014-09-18T12:33:11","date_gmt":"2014-09-18T10:33:11","guid":{"rendered":"http:\/\/agora.xtec.cat\/ceip-sp\/?page_id=36"},"modified":"2025-09-03T13:48:59","modified_gmt":"2025-09-03T11:48:59","slug":"reunions","status":"publish","type":"page","link":"https:\/\/agora.xtec.cat\/ceip-sp\/lescola\/reunions\/","title":{"rendered":"Reunions, entrevistes i informes"},"content":{"rendered":"<p>&nbsp;<\/p>\n<p class=\"hojas\" style=\"text-align: justify;\"><strong>Reuni\u00f3 de classe<\/strong><\/p>\n<p>Les reunions de classe d&#8217;inici de curs es faran a les 17:00.<\/p>\n<p><strong>Dates:<\/strong><\/p>\n<p><strong>COMUNITAT DE GRANS: <\/strong>Dimecres 01 d&#8217;octubre de 2025<br \/>\n<strong>COMUNITAT DE MITJANS\/ES: <\/strong>Dimarts 30 de setembre de 2025<br \/>\n<b>COMUNITAT DE PETITS: <\/b>Dilluns 29 de setembre de 2025<\/p>\n<p style=\"text-align: justify;\"><strong>Entrevistes<\/strong><\/p>\n<p style=\"text-align: justify;\">Durant el curs, el\/la tutor\/a us convocar\u00e0, una vegada com a m\u00ednim, a una entrevista abans d&#8217;acabar el 2n trimestre. Si una fam\u00edlia ho creu convenient podr\u00e0 sol\u00b7licitar una entrevista amb el\/la tutor\/a. Aquestes entrevistes es duran a terme <strong>sempre<\/strong> dins l&#8217;horari establert per a tal fi<\/p>\n<p class=\"hojas\" style=\"text-align: justify;\"><strong>Informes<\/strong><\/p>\n<p class=\"hojas\" style=\"text-align: justify;\">Peri\u00f2dicament es lliurar\u00e0 a cada fam\u00edlia un informe per escrit detallant l&#8217;evoluci\u00f3 del proc\u00e9s d&#8217;aprenentatge de l&#8217;alumnat.<\/p>\n<p class=\"hojas\" style=\"text-align: justify;\">Les dates de lliurament dels informes seran les seg\u00fcents:<\/p>\n<p class=\"hojas\" style=\"text-align: justify;\"><strong>Educaci\u00f3 Infantil:<\/strong> a finals de gener i a finals de juny.<br \/>\n<strong>Educaci\u00f3 Prim\u00e0ria:<\/strong> abans de vacances de Nadal, de Setmana Santa i de l&#8217;estiu.<\/p>\n<p><strong>Atenci\u00f3 de l&#8217;Equip Directiu<\/strong><\/p>\n<p>L&#8217;horari d&#8217;atenci\u00f3 a les fam\u00edlies del curs 24-25 est\u00e0 per concretar. Caldr\u00e0 demanar cita.<\/p>\n","protected":false},"excerpt":{"rendered":"<p>&nbsp; Reuni\u00f3 de classe Les reunions de classe d&#8217;inici de curs es faran a les 17:00. Dates: COMUNITAT DE GRANS: Dimecres 01 d&#8217;octubre de 2025 COMUNITAT DE MITJANS\/ES: Dimarts 30 de setembre de 2025 COMUNITAT DE PETITS: Dilluns 29 de setembre de 2025 Entrevistes Durant el curs, el\/la tutor\/a us convocar\u00e0, una vegada com a [&hellip;]<\/p>\n","protected":false},"author":1,"featured_media":0,"parent":22,"menu_order":7,"comment_status":"closed","ping_status":"closed","template":"page-templates\/side-menu.php","meta":{"_bbp_topic_count":0,"_bbp_reply_count":0,"_bbp_total_topic_count":0,"_bbp_total_reply_count":0,"_bbp_voice_count":0,"_bbp_anonymous_reply_count":0,"_bbp_topic_count_hidden":0,"_bbp_reply_count_hidden":0,"_bbp_forum_subforum_count":0,"site-sidebar-layout":"default","site-content-layout":"","ast-site-content-layout":"","site-content-style":"default","site-sidebar-style":"default","ast-global-header-display":"","ast-banner-title-visibility":"","ast-main-header-display":"","ast-hfb-above-header-display":"","ast-hfb-below-header-display":"","ast-hfb-mobile-header-display":"","site-post-title":"","ast-breadcrumbs-content":"","ast-featured-img":"","footer-sml-layout":"","theme-transparent-header-meta":"","adv-header-id-meta":"","stick-header-meta":"","header-above-stick-meta":"","header-main-stick-meta":"","header-below-stick-meta":"","astra-migrate-meta-layouts":"default","ast-page-background-enabled":"default","ast-page-background-meta":{"desktop":{"background-color":"var(--ast-global-color-4)","background-image":"","background-repeat":"repeat","background-position":"center center","background-size":"auto","background-attachment":"scroll","background-type":"","background-media":"","overlay-type":"","overlay-color":"","overlay-opacity":"","overlay-gradient":""},"tablet":{"background-color":"","background-image":"","background-repeat":"repeat","background-position":"center center","background-size":"auto","background-attachment":"scroll","background-type":"","background-media":"","overlay-type":"","overlay-color":"","overlay-opacity":"","overlay-gradient":""},"mobile":{"background-color":"","background-image":"","background-repeat":"repeat","background-position":"center center","background-size":"auto","background-attachment":"scroll","background-type":"","background-media":"","overlay-type":"","overlay-color":"","overlay-opacity":"","overlay-gradient":""}},"ast-content-background-meta":{"desktop":{"background-color":"var(--ast-global-color-5)","background-image":"","background-repeat":"repeat","background-position":"center center","background-size":"auto","background-attachment":"scroll","background-type":"","background-media":"","overlay-type":"","overlay-color":"","overlay-opacity":"","overlay-gradient":""},"tablet":{"background-color":"var(--ast-global-color-5)","background-image":"","background-repeat":"repeat","background-position":"center center","background-size":"auto","background-attachment":"scroll","background-type":"","background-media":"","overlay-type":"","overlay-color":"","overlay-opacity":"","overlay-gradient":""},"mobile":{"background-color":"var(--ast-global-color-5)","background-image":"","background-repeat":"repeat","background-position":"center center","background-size":"auto","background-attachment":"scroll","background-type":"","background-media":"","overlay-type":"","overlay-color":"","overlay-opacity":"","overlay-gradient":""}},"footnotes":""},"class_list":["post-36","page","type-page","status-publish","hentry"],"post_mailing_queue_ids":[],"_links":{"self":[{"href":"https:\/\/agora.xtec.cat\/ceip-sp\/wp-json\/wp\/v2\/pages\/36","targetHints":{"allow":["GET"]}}],"collection":[{"href":"https:\/\/agora.xtec.cat\/ceip-sp\/wp-json\/wp\/v2\/pages"}],"about":[{"href":"https:\/\/agora.xtec.cat\/ceip-sp\/wp-json\/wp\/v2\/types\/page"}],"author":[{"embeddable":true,"href":"https:\/\/agora.xtec.cat\/ceip-sp\/wp-json\/wp\/v2\/users\/1"}],"replies":[{"embeddable":true,"href":"https:\/\/agora.xtec.cat\/ceip-sp\/wp-json\/wp\/v2\/comments?post=36"}],"version-history":[{"count":6,"href":"https:\/\/agora.xtec.cat\/ceip-sp\/wp-json\/wp\/v2\/pages\/36\/revisions"}],"predecessor-version":[{"id":16105,"href":"https:\/\/agora.xtec.cat\/ceip-sp\/wp-json\/wp\/v2\/pages\/36\/revisions\/16105"}],"up":[{"embeddable":true,"href":"https:\/\/agora.xtec.cat\/ceip-sp\/wp-json\/wp\/v2\/pages\/22"}],"wp:attachment":[{"href":"https:\/\/agora.xtec.cat\/ceip-sp\/wp-json\/wp\/v2\/media?parent=36"}],"curies":[{"name":"wp","href":"https:\/\/api.w.org\/{rel}","templated":true}]}}