{"id":34,"date":"2014-09-18T12:32:18","date_gmt":"2014-09-18T10:32:18","guid":{"rendered":"http:\/\/agora.xtec.cat\/ceip-sp\/?page_id=34"},"modified":"2024-01-29T10:19:08","modified_gmt":"2024-01-29T09:19:08","slug":"entrades-i-sortides","status":"publish","type":"page","link":"https:\/\/agora.xtec.cat\/ceip-sp\/lescola\/entrades-i-sortides\/","title":{"rendered":"Entrades i sortides"},"content":{"rendered":"<p class=\"hojas\" style=\"text-align: justify;\"><strong>Entrades i sortides al recinte<\/strong><\/p>\n<p>Tot l&#8217;alumnat entra per la porta principal del centre.<br \/>\nLes fam\u00edlies de l&#8217;alumnat d&#8217;I3 i d&#8217;I4 els acompanyar\u00e0 fins a la porta de l&#8217;aula.<br \/>\nLes mestres d&#8217;Infantil 5 anys esperaran a l&#8217;alumnat al pati<br \/>\nL&#8217;alumnat de Cicle Inicial entrar\u00e0 sol per l&#8217;escola exterior, per\u00f2 es recollir\u00e0 a un lloc espec\u00edfic del pati.<br \/>\nEls i les alumnes de 3r pujaran sols a l&#8217;aula fent servir la porta B (davant de les escales de l&#8217;AFA) i pujaran per l&#8217;escala interior. Les fam\u00edlies de 3r podran recollir els infants dins del recinte escolar davant del porxo.<br \/>\nL&#8217;alumnat de 4t, 5\u00e8 i 6\u00e8 entrar\u00e0 sol per l&#8217;escala exterior.<\/p>\n<p><strong>Horaris d&#8217;entrada i de sortida<\/strong><\/p>\n<p>Entrada: La portes de l&#8217;escola s&#8217;obrir\u00e0 a les 9:00 i a les 15:00 i es tancar\u00e0 5 minuts m\u00e9s tard.<br \/>\nSortida: La portes de l&#8217;escola s&#8217;obrir\u00e0 a les 12:25 i a les 16:25. Durant la jornada intensiva aquesta s&#8217;obrir\u00e0 a les 12:55<\/p>\n<p class=\"hojas\" style=\"text-align: justify;\"><strong>Entrades i sortides dels dies de pluja\u00a0<\/strong><\/p>\n<p><strong><u>ENTRADES:<\/u><\/strong><\/p>\n<ul>\n<li>La portes d\u2019entrada ser\u00e0 la mateixa<\/li>\n<li>L&#8217;alumnat de de prim\u00e0ria pujar\u00e0 sol a les aules per les seves entrades habituals.<\/li>\n<li>I3 i I4 entrar\u00e0 pel lloc habitual<\/li>\n<li>I5 s\u2019esperar\u00e0 a banda i banda del porxo.<\/li>\n<\/ul>\n<p><strong><u>SORTIDES<\/u><\/strong><\/p>\n<ul>\n<li>I3 i I4 sortir\u00e0 pel lloc habitual<\/li>\n<li>I5 a banda i banda del porxo<\/li>\n<li>1r i 2n els aniran a buscar a l\u2019aula (Entrant per l\u2019escala exterior i sortiran per l&#8217;escala exterior)<\/li>\n<li>CM i CS sortiran quan la resta dels cursos hagin enllestit.<\/li>\n<\/ul>\n<p>&nbsp;<\/p>\n<p>&nbsp;<\/p>\n","protected":false},"excerpt":{"rendered":"<p>Entrades i sortides al recinte Tot l&#8217;alumnat entra per la porta principal del centre. Les fam\u00edlies de l&#8217;alumnat d&#8217;I3 i d&#8217;I4 els acompanyar\u00e0 fins a la porta de l&#8217;aula. Les mestres d&#8217;Infantil 5 anys esperaran a l&#8217;alumnat al pati L&#8217;alumnat de Cicle Inicial entrar\u00e0 sol per l&#8217;escola exterior, per\u00f2 es recollir\u00e0 a un lloc espec\u00edfic [&hellip;]<\/p>\n","protected":false},"author":1,"featured_media":0,"parent":22,"menu_order":6,"comment_status":"closed","ping_status":"closed","template":"page-templates\/side-menu.php","meta":{"_bbp_topic_count":0,"_bbp_reply_count":0,"_bbp_total_topic_count":0,"_bbp_total_reply_count":0,"_bbp_voice_count":0,"_bbp_anonymous_reply_count":0,"_bbp_topic_count_hidden":0,"_bbp_reply_count_hidden":0,"_bbp_forum_subforum_count":0,"site-sidebar-layout":"default","site-content-layout":"","ast-site-content-layout":"","site-content-style":"default","site-sidebar-style":"default","ast-global-header-display":"","ast-banner-title-visibility":"","ast-main-header-display":"","ast-hfb-above-header-display":"","ast-hfb-below-header-display":"","ast-hfb-mobile-header-display":"","site-post-title":"","ast-breadcrumbs-content":"","ast-featured-img":"","footer-sml-layout":"","theme-transparent-header-meta":"","adv-header-id-meta":"","stick-header-meta":"","header-above-stick-meta":"","header-main-stick-meta":"","header-below-stick-meta":"","astra-migrate-meta-layouts":"default","ast-page-background-enabled":"default","ast-page-background-meta":{"desktop":{"background-color":"var(--ast-global-color-4)","background-image":"","background-repeat":"repeat","background-position":"center center","background-size":"auto","background-attachment":"scroll","background-type":"","background-media":"","overlay-type":"","overlay-color":"","overlay-opacity":"","overlay-gradient":""},"tablet":{"background-color":"","background-image":"","background-repeat":"repeat","background-position":"center center","background-size":"auto","background-attachment":"scroll","background-type":"","background-media":"","overlay-type":"","overlay-color":"","overlay-opacity":"","overlay-gradient":""},"mobile":{"background-color":"","background-image":"","background-repeat":"repeat","background-position":"center center","background-size":"auto","background-attachment":"scroll","background-type":"","background-media":"","overlay-type":"","overlay-color":"","overlay-opacity":"","overlay-gradient":""}},"ast-content-background-meta":{"desktop":{"background-color":"var(--ast-global-color-5)","background-image":"","background-repeat":"repeat","background-position":"center center","background-size":"auto","background-attachment":"scroll","background-type":"","background-media":"","overlay-type":"","overlay-color":"","overlay-opacity":"","overlay-gradient":""},"tablet":{"background-color":"var(--ast-global-color-5)","background-image":"","background-repeat":"repeat","background-position":"center center","background-size":"auto","background-attachment":"scroll","background-type":"","background-media":"","overlay-type":"","overlay-color":"","overlay-opacity":"","overlay-gradient":""},"mobile":{"background-color":"var(--ast-global-color-5)","background-image":"","background-repeat":"repeat","background-position":"center center","background-size":"auto","background-attachment":"scroll","background-type":"","background-media":"","overlay-type":"","overlay-color":"","overlay-opacity":"","overlay-gradient":""}},"footnotes":""},"class_list":["post-34","page","type-page","status-publish","hentry"],"post_mailing_queue_ids":[],"_links":{"self":[{"href":"https:\/\/agora.xtec.cat\/ceip-sp\/wp-json\/wp\/v2\/pages\/34","targetHints":{"allow":["GET"]}}],"collection":[{"href":"https:\/\/agora.xtec.cat\/ceip-sp\/wp-json\/wp\/v2\/pages"}],"about":[{"href":"https:\/\/agora.xtec.cat\/ceip-sp\/wp-json\/wp\/v2\/types\/page"}],"author":[{"embeddable":true,"href":"https:\/\/agora.xtec.cat\/ceip-sp\/wp-json\/wp\/v2\/users\/1"}],"replies":[{"embeddable":true,"href":"https:\/\/agora.xtec.cat\/ceip-sp\/wp-json\/wp\/v2\/comments?post=34"}],"version-history":[{"count":4,"href":"https:\/\/agora.xtec.cat\/ceip-sp\/wp-json\/wp\/v2\/pages\/34\/revisions"}],"predecessor-version":[{"id":14419,"href":"https:\/\/agora.xtec.cat\/ceip-sp\/wp-json\/wp\/v2\/pages\/34\/revisions\/14419"}],"up":[{"embeddable":true,"href":"https:\/\/agora.xtec.cat\/ceip-sp\/wp-json\/wp\/v2\/pages\/22"}],"wp:attachment":[{"href":"https:\/\/agora.xtec.cat\/ceip-sp\/wp-json\/wp\/v2\/media?parent=34"}],"curies":[{"name":"wp","href":"https:\/\/api.w.org\/{rel}","templated":true}]}}