{"id":30,"date":"2014-09-18T12:30:23","date_gmt":"2014-09-18T10:30:23","guid":{"rendered":"http:\/\/agora.xtec.cat\/ceip-sp\/?page_id=30"},"modified":"2024-02-06T13:33:34","modified_gmt":"2024-02-06T12:33:34","slug":"instal%c2%b7lacions","status":"publish","type":"page","link":"https:\/\/agora.xtec.cat\/ceip-sp\/lescola\/instal%c2%b7lacions\/","title":{"rendered":"Instal\u00b7lacions"},"content":{"rendered":"<p>L&#8217;escola gaudeix de les seg\u00fcents instal\u00b7lacions:<\/p>\n<table style=\"height: 1044px; width: 67.4402%; border-collapse: collapse; border-style: hidden;\">\n<tbody>\n<tr style=\"height: 327px;\">\n<td style=\"width: 33.0312%; height: 275px;\">\n<p style=\"text-align: center;\">Entrada<a href=\"https:\/\/agora.xtec.cat\/ceip-sp\/wp-content\/uploads\/usu1709\/2024\/02\/WhatsApp-Image-2024-02-06-at-13.03.47.jpeg\"><br \/>\n<\/a><img loading=\"lazy\" decoding=\"async\" class=\"wp-image-14456 aligncenter\" src=\"https:\/\/agora.xtec.cat\/ceip-sp\/wp-content\/uploads\/usu1709\/2024\/02\/WhatsApp-Image-2024-02-06-at-13.03.47.jpeg\" alt=\"\" width=\"477\" height=\"358\" srcset=\"https:\/\/agora.xtec.cat\/ceip-sp\/wp-content\/uploads\/usu1709\/2024\/02\/WhatsApp-Image-2024-02-06-at-13.03.47.jpeg 1024w, https:\/\/agora.xtec.cat\/ceip-sp\/wp-content\/uploads\/usu1709\/2024\/02\/WhatsApp-Image-2024-02-06-at-13.03.47-300x225.jpeg 300w, https:\/\/agora.xtec.cat\/ceip-sp\/wp-content\/uploads\/usu1709\/2024\/02\/WhatsApp-Image-2024-02-06-at-13.03.47-768x576.jpeg 768w, https:\/\/agora.xtec.cat\/ceip-sp\/wp-content\/uploads\/usu1709\/2024\/02\/WhatsApp-Image-2024-02-06-at-13.03.47-200x150.jpeg 200w\" sizes=\"auto, (max-width: 477px) 100vw, 477px\" \/><\/p>\n<\/td>\n<\/tr>\n<tr style=\"height: 352px;\">\n<td style=\"width: 33.0312%; height: 352px;\">\n<p style=\"text-align: center;\">Biblioteca<\/p>\n<p style=\"text-align: center;\"><a href=\"https:\/\/agora.xtec.cat\/ceip-sp\/wp-content\/uploads\/usu1709\/2024\/02\/WhatsApp-Image-2024-02-06-at-13.03.47-1.jpeg\"><img loading=\"lazy\" decoding=\"async\" class=\"wp-image-14455 aligncenter\" src=\"https:\/\/agora.xtec.cat\/ceip-sp\/wp-content\/uploads\/usu1709\/2024\/02\/WhatsApp-Image-2024-02-06-at-13.03.47-1.jpeg\" alt=\"\" width=\"489\" height=\"367\" srcset=\"https:\/\/agora.xtec.cat\/ceip-sp\/wp-content\/uploads\/usu1709\/2024\/02\/WhatsApp-Image-2024-02-06-at-13.03.47-1.jpeg 1024w, https:\/\/agora.xtec.cat\/ceip-sp\/wp-content\/uploads\/usu1709\/2024\/02\/WhatsApp-Image-2024-02-06-at-13.03.47-1-300x225.jpeg 300w, https:\/\/agora.xtec.cat\/ceip-sp\/wp-content\/uploads\/usu1709\/2024\/02\/WhatsApp-Image-2024-02-06-at-13.03.47-1-768x576.jpeg 768w, https:\/\/agora.xtec.cat\/ceip-sp\/wp-content\/uploads\/usu1709\/2024\/02\/WhatsApp-Image-2024-02-06-at-13.03.47-1-200x150.jpeg 200w\" sizes=\"auto, (max-width: 489px) 100vw, 489px\" \/><\/a> <a href=\"https:\/\/agora.xtec.cat\/ceip-sp\/wp-content\/uploads\/usu1709\/2024\/02\/WhatsApp-Image-2024-02-06-at-13.03.47-2.jpeg\"><img loading=\"lazy\" decoding=\"async\" class=\"wp-image-14454 aligncenter\" src=\"https:\/\/agora.xtec.cat\/ceip-sp\/wp-content\/uploads\/usu1709\/2024\/02\/WhatsApp-Image-2024-02-06-at-13.03.47-2.jpeg\" alt=\"\" width=\"489\" height=\"367\" srcset=\"https:\/\/agora.xtec.cat\/ceip-sp\/wp-content\/uploads\/usu1709\/2024\/02\/WhatsApp-Image-2024-02-06-at-13.03.47-2.jpeg 1024w, https:\/\/agora.xtec.cat\/ceip-sp\/wp-content\/uploads\/usu1709\/2024\/02\/WhatsApp-Image-2024-02-06-at-13.03.47-2-300x225.jpeg 300w, https:\/\/agora.xtec.cat\/ceip-sp\/wp-content\/uploads\/usu1709\/2024\/02\/WhatsApp-Image-2024-02-06-at-13.03.47-2-768x576.jpeg 768w, https:\/\/agora.xtec.cat\/ceip-sp\/wp-content\/uploads\/usu1709\/2024\/02\/WhatsApp-Image-2024-02-06-at-13.03.47-2-200x150.jpeg 200w\" sizes=\"auto, (max-width: 489px) 100vw, 489px\" \/><\/a><img loading=\"lazy\" decoding=\"async\" class=\"wp-image-14453 aligncenter\" style=\"border: none; color: #2795b6; text-align: center;\" src=\"https:\/\/agora.xtec.cat\/ceip-sp\/wp-content\/uploads\/usu1709\/2024\/02\/WhatsApp-Image-2024-02-06-at-13.03.47-3.jpeg\" alt=\"\" width=\"486\" height=\"365\" srcset=\"https:\/\/agora.xtec.cat\/ceip-sp\/wp-content\/uploads\/usu1709\/2024\/02\/WhatsApp-Image-2024-02-06-at-13.03.47-3.jpeg 1024w, https:\/\/agora.xtec.cat\/ceip-sp\/wp-content\/uploads\/usu1709\/2024\/02\/WhatsApp-Image-2024-02-06-at-13.03.47-3-300x225.jpeg 300w, https:\/\/agora.xtec.cat\/ceip-sp\/wp-content\/uploads\/usu1709\/2024\/02\/WhatsApp-Image-2024-02-06-at-13.03.47-3-768x576.jpeg 768w, https:\/\/agora.xtec.cat\/ceip-sp\/wp-content\/uploads\/usu1709\/2024\/02\/WhatsApp-Image-2024-02-06-at-13.03.47-3-200x150.jpeg 200w\" sizes=\"auto, (max-width: 486px) 100vw, 486px\" \/><\/p>\n<\/td>\n<\/tr>\n<tr style=\"height: 417px;\">\n<td style=\"width: 33.0312%; height: 417px;\">\n<p style=\"text-align: center;\">Teatre\/Sala de Psicomotricitat<\/p>\n<p><a href=\"https:\/\/agora.xtec.cat\/ceip-sp\/wp-content\/uploads\/usu1709\/2024\/02\/WhatsApp-Image-2024-02-06-at-13.03.48-1.jpeg\"><img loading=\"lazy\" decoding=\"async\" class=\"wp-image-14450 aligncenter\" src=\"https:\/\/agora.xtec.cat\/ceip-sp\/wp-content\/uploads\/usu1709\/2024\/02\/WhatsApp-Image-2024-02-06-at-13.03.48-1.jpeg\" alt=\"\" width=\"487\" height=\"365\" srcset=\"https:\/\/agora.xtec.cat\/ceip-sp\/wp-content\/uploads\/usu1709\/2024\/02\/WhatsApp-Image-2024-02-06-at-13.03.48-1.jpeg 1024w, https:\/\/agora.xtec.cat\/ceip-sp\/wp-content\/uploads\/usu1709\/2024\/02\/WhatsApp-Image-2024-02-06-at-13.03.48-1-300x225.jpeg 300w, https:\/\/agora.xtec.cat\/ceip-sp\/wp-content\/uploads\/usu1709\/2024\/02\/WhatsApp-Image-2024-02-06-at-13.03.48-1-768x576.jpeg 768w, https:\/\/agora.xtec.cat\/ceip-sp\/wp-content\/uploads\/usu1709\/2024\/02\/WhatsApp-Image-2024-02-06-at-13.03.48-1-200x150.jpeg 200w\" sizes=\"auto, (max-width: 487px) 100vw, 487px\" \/><\/a><\/td>\n<\/tr>\n<tr>\n<td style=\"width: 33.0312%;\">\n<p style=\"text-align: center;\">Passadissos amplis i vest\u00edbuls lluminosos<\/p>\n<p><a style=\"color: #2795b6;\" href=\"https:\/\/agora.xtec.cat\/ceip-sp\/wp-content\/uploads\/usu1709\/2024\/02\/WhatsApp-Image-2024-02-06-at-13.03.48-4.jpeg\"><img loading=\"lazy\" decoding=\"async\" class=\"wp-image-14447 aligncenter\" src=\"https:\/\/agora.xtec.cat\/ceip-sp\/wp-content\/uploads\/usu1709\/2024\/02\/WhatsApp-Image-2024-02-06-at-13.03.48-4.jpeg\" alt=\"\" width=\"489\" height=\"367\" srcset=\"https:\/\/agora.xtec.cat\/ceip-sp\/wp-content\/uploads\/usu1709\/2024\/02\/WhatsApp-Image-2024-02-06-at-13.03.48-4.jpeg 1024w, https:\/\/agora.xtec.cat\/ceip-sp\/wp-content\/uploads\/usu1709\/2024\/02\/WhatsApp-Image-2024-02-06-at-13.03.48-4-300x225.jpeg 300w, https:\/\/agora.xtec.cat\/ceip-sp\/wp-content\/uploads\/usu1709\/2024\/02\/WhatsApp-Image-2024-02-06-at-13.03.48-4-768x576.jpeg 768w, https:\/\/agora.xtec.cat\/ceip-sp\/wp-content\/uploads\/usu1709\/2024\/02\/WhatsApp-Image-2024-02-06-at-13.03.48-4-200x150.jpeg 200w\" sizes=\"auto, (max-width: 489px) 100vw, 489px\" \/><\/a><a href=\"https:\/\/agora.xtec.cat\/ceip-sp\/wp-content\/uploads\/usu1709\/2024\/02\/WhatsApp-Image-2024-02-06-at-13.03.47-4.jpeg\"><img loading=\"lazy\" decoding=\"async\" class=\"wp-image-14452 aligncenter\" src=\"https:\/\/agora.xtec.cat\/ceip-sp\/wp-content\/uploads\/usu1709\/2024\/02\/WhatsApp-Image-2024-02-06-at-13.03.47-4.jpeg\" alt=\"\" width=\"346\" height=\"461\" srcset=\"https:\/\/agora.xtec.cat\/ceip-sp\/wp-content\/uploads\/usu1709\/2024\/02\/WhatsApp-Image-2024-02-06-at-13.03.47-4.jpeg 768w, https:\/\/agora.xtec.cat\/ceip-sp\/wp-content\/uploads\/usu1709\/2024\/02\/WhatsApp-Image-2024-02-06-at-13.03.47-4-225x300.jpeg 225w\" sizes=\"auto, (max-width: 346px) 100vw, 346px\" \/><\/a><\/p>\n<p><img loading=\"lazy\" decoding=\"async\" class=\"wp-image-14451 aligncenter\" src=\"https:\/\/agora.xtec.cat\/ceip-sp\/wp-content\/uploads\/usu1709\/2024\/02\/WhatsApp-Image-2024-02-06-at-13.03.48.jpeg\" alt=\"\" width=\"518\" height=\"389\" srcset=\"https:\/\/agora.xtec.cat\/ceip-sp\/wp-content\/uploads\/usu1709\/2024\/02\/WhatsApp-Image-2024-02-06-at-13.03.48.jpeg 1024w, https:\/\/agora.xtec.cat\/ceip-sp\/wp-content\/uploads\/usu1709\/2024\/02\/WhatsApp-Image-2024-02-06-at-13.03.48-300x225.jpeg 300w, https:\/\/agora.xtec.cat\/ceip-sp\/wp-content\/uploads\/usu1709\/2024\/02\/WhatsApp-Image-2024-02-06-at-13.03.48-768x576.jpeg 768w, https:\/\/agora.xtec.cat\/ceip-sp\/wp-content\/uploads\/usu1709\/2024\/02\/WhatsApp-Image-2024-02-06-at-13.03.48-200x150.jpeg 200w\" sizes=\"auto, (max-width: 518px) 100vw, 518px\" \/><\/p>\n<p><a href=\"https:\/\/agora.xtec.cat\/ceip-sp\/wp-content\/uploads\/usu1709\/2024\/02\/WhatsApp-Image-2024-02-06-at-13.03.48-2.jpeg\"><img loading=\"lazy\" decoding=\"async\" class=\"wp-image-14449 aligncenter\" src=\"https:\/\/agora.xtec.cat\/ceip-sp\/wp-content\/uploads\/usu1709\/2024\/02\/WhatsApp-Image-2024-02-06-at-13.03.48-2.jpeg\" alt=\"\" width=\"518\" height=\"389\" srcset=\"https:\/\/agora.xtec.cat\/ceip-sp\/wp-content\/uploads\/usu1709\/2024\/02\/WhatsApp-Image-2024-02-06-at-13.03.48-2.jpeg 1024w, https:\/\/agora.xtec.cat\/ceip-sp\/wp-content\/uploads\/usu1709\/2024\/02\/WhatsApp-Image-2024-02-06-at-13.03.48-2-300x225.jpeg 300w, https:\/\/agora.xtec.cat\/ceip-sp\/wp-content\/uploads\/usu1709\/2024\/02\/WhatsApp-Image-2024-02-06-at-13.03.48-2-768x576.jpeg 768w, https:\/\/agora.xtec.cat\/ceip-sp\/wp-content\/uploads\/usu1709\/2024\/02\/WhatsApp-Image-2024-02-06-at-13.03.48-2-200x150.jpeg 200w\" sizes=\"auto, (max-width: 518px) 100vw, 518px\" \/><\/a> <a href=\"https:\/\/agora.xtec.cat\/ceip-sp\/wp-content\/uploads\/usu1709\/2024\/02\/WhatsApp-Image-2024-02-06-at-13.03.48-3.jpeg\"><img loading=\"lazy\" decoding=\"async\" class=\"wp-image-14448 aligncenter\" src=\"https:\/\/agora.xtec.cat\/ceip-sp\/wp-content\/uploads\/usu1709\/2024\/02\/WhatsApp-Image-2024-02-06-at-13.03.48-3.jpeg\" alt=\"\" width=\"516\" height=\"387\" srcset=\"https:\/\/agora.xtec.cat\/ceip-sp\/wp-content\/uploads\/usu1709\/2024\/02\/WhatsApp-Image-2024-02-06-at-13.03.48-3.jpeg 1024w, https:\/\/agora.xtec.cat\/ceip-sp\/wp-content\/uploads\/usu1709\/2024\/02\/WhatsApp-Image-2024-02-06-at-13.03.48-3-300x225.jpeg 300w, https:\/\/agora.xtec.cat\/ceip-sp\/wp-content\/uploads\/usu1709\/2024\/02\/WhatsApp-Image-2024-02-06-at-13.03.48-3-768x576.jpeg 768w, https:\/\/agora.xtec.cat\/ceip-sp\/wp-content\/uploads\/usu1709\/2024\/02\/WhatsApp-Image-2024-02-06-at-13.03.48-3-200x150.jpeg 200w\" sizes=\"auto, (max-width: 516px) 100vw, 516px\" \/><\/a><\/td>\n<\/tr>\n<\/tbody>\n<\/table>\n<p>-Aula de m\u00fasica<br \/>\n-Gimn\u00e0s<br \/>\n-Aula de rob\u00f2tica<br \/>\n-Aules d&#8217;idiomes<br \/>\n-Aules d&#8217;educaci\u00f3 especial i logop\u00e8dia<br \/>\n-Pati<\/p>\n<p>&#8211; Menjador<\/p>\n<p><em>Espai en construcci\u00f3&#8230;<\/em><\/p>\n","protected":false},"excerpt":{"rendered":"<p>L&#8217;escola gaudeix de les seg\u00fcents instal\u00b7lacions: Entrada Biblioteca Teatre\/Sala de Psicomotricitat Passadissos amplis i vest\u00edbuls lluminosos -Aula de m\u00fasica -Gimn\u00e0s -Aula de rob\u00f2tica -Aules d&#8217;idiomes -Aules d&#8217;educaci\u00f3 especial i logop\u00e8dia -Pati &#8211; Menjador Espai en construcci\u00f3&#8230;<\/p>\n","protected":false},"author":1,"featured_media":0,"parent":22,"menu_order":4,"comment_status":"closed","ping_status":"closed","template":"page-templates\/side-menu.php","meta":{"_bbp_topic_count":0,"_bbp_reply_count":0,"_bbp_total_topic_count":0,"_bbp_total_reply_count":0,"_bbp_voice_count":0,"_bbp_anonymous_reply_count":0,"_bbp_topic_count_hidden":0,"_bbp_reply_count_hidden":0,"_bbp_forum_subforum_count":0,"site-sidebar-layout":"default","site-content-layout":"","ast-site-content-layout":"","site-content-style":"default","site-sidebar-style":"default","ast-global-header-display":"","ast-banner-title-visibility":"","ast-main-header-display":"","ast-hfb-above-header-display":"","ast-hfb-below-header-display":"","ast-hfb-mobile-header-display":"","site-post-title":"","ast-breadcrumbs-content":"","ast-featured-img":"","footer-sml-layout":"","theme-transparent-header-meta":"","adv-header-id-meta":"","stick-header-meta":"","header-above-stick-meta":"","header-main-stick-meta":"","header-below-stick-meta":"","astra-migrate-meta-layouts":"default","ast-page-background-enabled":"default","ast-page-background-meta":{"desktop":{"background-color":"var(--ast-global-color-4)","background-image":"","background-repeat":"repeat","background-position":"center center","background-size":"auto","background-attachment":"scroll","background-type":"","background-media":"","overlay-type":"","overlay-color":"","overlay-opacity":"","overlay-gradient":""},"tablet":{"background-color":"","background-image":"","background-repeat":"repeat","background-position":"center center","background-size":"auto","background-attachment":"scroll","background-type":"","background-media":"","overlay-type":"","overlay-color":"","overlay-opacity":"","overlay-gradient":""},"mobile":{"background-color":"","background-image":"","background-repeat":"repeat","background-position":"center center","background-size":"auto","background-attachment":"scroll","background-type":"","background-media":"","overlay-type":"","overlay-color":"","overlay-opacity":"","overlay-gradient":""}},"ast-content-background-meta":{"desktop":{"background-color":"var(--ast-global-color-5)","background-image":"","background-repeat":"repeat","background-position":"center center","background-size":"auto","background-attachment":"scroll","background-type":"","background-media":"","overlay-type":"","overlay-color":"","overlay-opacity":"","overlay-gradient":""},"tablet":{"background-color":"var(--ast-global-color-5)","background-image":"","background-repeat":"repeat","background-position":"center center","background-size":"auto","background-attachment":"scroll","background-type":"","background-media":"","overlay-type":"","overlay-color":"","overlay-opacity":"","overlay-gradient":""},"mobile":{"background-color":"var(--ast-global-color-5)","background-image":"","background-repeat":"repeat","background-position":"center center","background-size":"auto","background-attachment":"scroll","background-type":"","background-media":"","overlay-type":"","overlay-color":"","overlay-opacity":"","overlay-gradient":""}},"footnotes":""},"class_list":["post-30","page","type-page","status-publish","hentry"],"post_mailing_queue_ids":[],"_links":{"self":[{"href":"https:\/\/agora.xtec.cat\/ceip-sp\/wp-json\/wp\/v2\/pages\/30","targetHints":{"allow":["GET"]}}],"collection":[{"href":"https:\/\/agora.xtec.cat\/ceip-sp\/wp-json\/wp\/v2\/pages"}],"about":[{"href":"https:\/\/agora.xtec.cat\/ceip-sp\/wp-json\/wp\/v2\/types\/page"}],"author":[{"embeddable":true,"href":"https:\/\/agora.xtec.cat\/ceip-sp\/wp-json\/wp\/v2\/users\/1"}],"replies":[{"embeddable":true,"href":"https:\/\/agora.xtec.cat\/ceip-sp\/wp-json\/wp\/v2\/comments?post=30"}],"version-history":[{"count":7,"href":"https:\/\/agora.xtec.cat\/ceip-sp\/wp-json\/wp\/v2\/pages\/30\/revisions"}],"predecessor-version":[{"id":14462,"href":"https:\/\/agora.xtec.cat\/ceip-sp\/wp-json\/wp\/v2\/pages\/30\/revisions\/14462"}],"up":[{"embeddable":true,"href":"https:\/\/agora.xtec.cat\/ceip-sp\/wp-json\/wp\/v2\/pages\/22"}],"wp:attachment":[{"href":"https:\/\/agora.xtec.cat\/ceip-sp\/wp-json\/wp\/v2\/media?parent=30"}],"curies":[{"name":"wp","href":"https:\/\/api.w.org\/{rel}","templated":true}]}}