{"id":28,"date":"2014-09-18T12:29:35","date_gmt":"2014-09-18T10:29:35","guid":{"rendered":"http:\/\/agora.xtec.cat\/ceip-sp\/?page_id=28"},"modified":"2025-09-01T14:49:43","modified_gmt":"2025-09-01T12:49:43","slug":"equip","status":"publish","type":"page","link":"https:\/\/agora.xtec.cat\/ceip-sp\/lescola\/equip\/","title":{"rendered":"L&#8217;Equip 2025-2026"},"content":{"rendered":"<p>&nbsp;<\/p>\n<table class=\" aligncenter\" style=\"width: 62.7063%; height: 1499px;\">\n<tbody>\n<tr style=\"height: 57px;\">\n<td style=\"width: 106.047%; height: 57px;\" colspan=\"3\">\n<p style=\"text-align: center;\"><strong>Equip Directiu<\/strong><\/p>\n<\/td>\n<\/tr>\n<tr style=\"height: 97px;\">\n<td style=\"width: 33.2558%; height: 97px;\"><strong>Director<\/strong><\/p>\n<p>Jordi L\u00f3pez<\/td>\n<td style=\"width: 36.2791%; height: 97px;\"><strong>Cap d&#8217;Estudis<\/strong><\/p>\n<p>Viqui Fern\u00e1ndez<\/td>\n<td style=\"width: 36.5116%; height: 97px;\"><strong>Secret\u00e0ria<\/strong><\/p>\n<p>Elena Ozaez<\/td>\n<\/tr>\n<tr style=\"height: 33px;\">\n<td style=\"width: 106.047%; height: 33px;\" colspan=\"3\"><strong>\u00a0 \u00a0 \u00a0 \u00a0 \u00a0 \u00a0 \u00a0 \u00a0 \u00a0 \u00a0 \u00a0 \u00a0 \u00a0 \u00a0 \u00a0 \u00a0 \u00a0 \u00a0 \u00a0 \u00a0 \u00a0 \u00a0 \u00a0 \u00a0 \u00a0 \u00a0 \u00a0 \u00a0 \u00a0 \u00a0 \u00a0 \u00a0 \u00a0 \u00a0 \u00a0 \u00a0 \u00a0 \u00a0 \u00a0 \u00a0 \u00a0 \u00a0 \u00a0 \u00a0 \u00a0Equip Docent<\/strong><\/td>\n<\/tr>\n<tr style=\"height: 33px;\">\n<td style=\"width: 106.047%; height: 33px;\" colspan=\"3\"><strong>\u00a0 \u00a0 \u00a0 \u00a0 \u00a0 \u00a0 \u00a0 \u00a0 \u00a0 \u00a0 \u00a0 \u00a0 \u00a0 \u00a0 \u00a0 \u00a0 \u00a0 \u00a0 \u00a0 \u00a0 \u00a0 \u00a0 \u00a0 \u00a0 \u00a0 \u00a0 \u00a0 \u00a0 \u00a0 \u00a0 \u00a0 \u00a0 \u00a0 \u00a0 \u00a0 \u00a0 \u00a0 \u00a0 \u00a0 \u00a0 \u00a0 \u00a0 \u00a0 Educaci\u00f3 Infantil<\/strong><\/td>\n<\/tr>\n<tr style=\"height: 119px;\">\n<td style=\"width: 33.2558%; height: 119px;\"><strong>EI 3 anys<\/strong><\/p>\n<p>Lidia Cerd\u00e0<\/td>\n<td style=\"width: 36.2791%; height: 119px;\"><strong>EI 4 anys<\/strong><\/p>\n<p>Miriam Serrano<\/td>\n<td style=\"width: 36.5116%; height: 119px;\"><strong>EI 5 anys<\/strong><\/p>\n<p>In\u00e9s Santiago<\/td>\n<\/tr>\n<tr style=\"height: 57px;\">\n<td style=\"width: 106.047%; height: 57px;\" colspan=\"3\">\n<p style=\"text-align: center;\"><strong>Educaci\u00f3 prim\u00e0ria<\/strong><\/p>\n<\/td>\n<\/tr>\n<tr style=\"height: 222px;\">\n<td style=\"width: 33.2558%; height: 222px;\"><strong>Primer<\/strong><\/p>\n<p>Carlos Sanchez<\/p>\n<p><strong>Segon<\/strong><\/p>\n<p>Anna Torrents(A)<br \/>\nLaura Rueda (B)<\/td>\n<td style=\"width: 36.2791%; height: 222px;\"><strong>Tercer<\/strong><\/p>\n<p>Albert Ferrer (A)<br \/>\nMarta Mart\u00edn (B)<\/p>\n<p><strong>Quart<\/strong><\/p>\n<p>Olga Arias (A)<br \/>\nMaite Vidal (B)<\/td>\n<td style=\"width: 36.5116%; text-align: left; height: 222px;\"><strong>Cinqu\u00e8<\/strong><\/p>\n<p>Ana \u00c1lava (A)<br \/>\nDavid Gil (B)<\/p>\n<p><strong>Sis\u00e8<\/strong><\/p>\n<p>Elisabeth Fadrique<\/td>\n<\/tr>\n<tr style=\"height: 57px;\">\n<td style=\"width: 106.047%; height: 57px;\" colspan=\"3\">\n<p style=\"text-align: center;\"><strong>Especialitats<\/strong><\/p>\n<\/td>\n<\/tr>\n<tr style=\"height: 244px;\">\n<td style=\"width: 33.2558%; height: 244px;\"><strong>Angl\u00e8s<\/strong><\/p>\n<p>Marta Fern\u00e1ndez<br \/>\nMaria Calderon<\/p>\n<p><strong>TEEI<br \/>\n<\/strong><\/p>\n<p>Cristina Tello<\/p>\n<p><strong>Refor\u00e7<\/strong><\/p>\n<p>Alexandra Pulido<br \/>\nViqui Fern\u00e1ndez<br \/>\nJordi L\u00f3pez<\/td>\n<td style=\"width: 36.2791%; height: 244px;\"><strong>Educaci\u00f3 Especial<\/strong><\/p>\n<p>Esperanza Murillo<br \/>\nGeorgina Jim\u00e9nez<br \/>\nElena Ozaez<br \/>\nJordi Dur\u00e0<\/p>\n<p><strong>Educadora<br \/>\n<\/strong><\/p>\n<p>Sofia Oliv\u00e9<\/td>\n<td style=\"width: 36.5116%; height: 244px;\"><strong>Educaci\u00f3 f\u00edsica<\/strong><\/p>\n<p>Jose \u00c1ngel Venero<\/p>\n<p><strong>M\u00fasica<\/strong><\/p>\n<p>Montse Botella<\/td>\n<\/tr>\n<tr style=\"height: 57px;\">\n<td style=\"width: 106.047%; height: 57px;\" colspan=\"3\">\n<p style=\"text-align: center;\"><strong>Coordinacions<\/strong><\/p>\n<\/td>\n<\/tr>\n<tr style=\"height: 177px;\">\n<td style=\"width: 33.2558%; height: 177px;\"><strong>Comunitat de petits:<\/strong><\/p>\n<p>Miriam Serrano<\/p>\n<p><strong>Comunitat de mitjans:<br \/>\n<\/strong><\/p>\n<p>Albert Ferrer<\/td>\n<td style=\"width: 36.2791%; height: 177px;\"><b>Comunitat de grans:<\/b><\/p>\n<p>Ana \u00c1lava<\/p>\n<p><strong>COCOBE:<\/strong><\/p>\n<p>Esperanza Murillo<\/td>\n<td style=\"width: 36.5116%; height: 177px;\"><strong>Cultura Digital<\/strong><\/p>\n<p>Carlos S\u00e1nchez<\/p>\n<p><strong>Riscos laborals<\/strong><\/p>\n<p>Olga Arias<\/p>\n<p><strong>LIC<\/strong><\/p>\n<p>Maite Vidal<\/td>\n<\/tr>\n<tr style=\"height: 33px;\">\n<td style=\"width: 106.047%; height: 33px;\" colspan=\"3\"><strong>Personal de suport<\/strong><\/td>\n<\/tr>\n<tr style=\"height: 159px;\">\n<td style=\"width: 33.2558%; height: 159px;\"><strong>Logopeda<\/strong><\/p>\n<p>&nbsp;<\/p>\n<p>&nbsp;<\/td>\n<td style=\"width: 36.2791%; height: 159px;\"><strong>Equip Assessorament Pedag\u00f2gic<\/strong><\/p>\n<p>Susana Romero<\/p>\n<p>&nbsp;<\/td>\n<td style=\"width: 36.5116%; height: 159px;\"><strong>Vetlladora<\/strong><\/p>\n<p>&nbsp;<\/p>\n<p>&nbsp;<\/td>\n<\/tr>\n<tr style=\"height: 57px;\">\n<td style=\"width: 106.047%; height: 57px;\" colspan=\"3\">\n<p style=\"text-align: center;\"><strong>Personal d&#8217;Administraci\u00f3 i Serveis<\/strong><\/p>\n<\/td>\n<\/tr>\n<tr style=\"height: 97px;\">\n<td style=\"width: 33.2558%; height: 97px;\"><strong>Administrativa<\/strong><\/p>\n<p>Inma V\u00edboras<\/td>\n<td style=\"width: 36.2791%; height: 97px;\"><\/td>\n<td style=\"width: 36.5116%; height: 97px;\"><strong>Conserge<\/strong><\/p>\n<p>Jose \u00c1ngel Moreno<\/td>\n<\/tr>\n<\/tbody>\n<\/table>\n","protected":false},"excerpt":{"rendered":"<p>&nbsp; Equip Directiu Director Jordi L\u00f3pez Cap d&#8217;Estudis Viqui Fern\u00e1ndez Secret\u00e0ria Elena Ozaez \u00a0 \u00a0 \u00a0 \u00a0 \u00a0 \u00a0 \u00a0 \u00a0 \u00a0 \u00a0 \u00a0 \u00a0 \u00a0 \u00a0 \u00a0 \u00a0 \u00a0 \u00a0 \u00a0 \u00a0 \u00a0 \u00a0 \u00a0 \u00a0 \u00a0 \u00a0 \u00a0 \u00a0 \u00a0 \u00a0 \u00a0 \u00a0 \u00a0 \u00a0 \u00a0 \u00a0 \u00a0 \u00a0 \u00a0 \u00a0 \u00a0 \u00a0 [&hellip;]<\/p>\n","protected":false},"author":1,"featured_media":0,"parent":22,"menu_order":3,"comment_status":"closed","ping_status":"closed","template":"page-templates\/side-menu.php","meta":{"_bbp_topic_count":0,"_bbp_reply_count":0,"_bbp_total_topic_count":0,"_bbp_total_reply_count":0,"_bbp_voice_count":0,"_bbp_anonymous_reply_count":0,"_bbp_topic_count_hidden":0,"_bbp_reply_count_hidden":0,"_bbp_forum_subforum_count":0,"site-sidebar-layout":"default","site-content-layout":"","ast-site-content-layout":"","site-content-style":"default","site-sidebar-style":"default","ast-global-header-display":"","ast-banner-title-visibility":"","ast-main-header-display":"","ast-hfb-above-header-display":"","ast-hfb-below-header-display":"","ast-hfb-mobile-header-display":"","site-post-title":"","ast-breadcrumbs-content":"","ast-featured-img":"","footer-sml-layout":"","theme-transparent-header-meta":"","adv-header-id-meta":"","stick-header-meta":"","header-above-stick-meta":"","header-main-stick-meta":"","header-below-stick-meta":"","astra-migrate-meta-layouts":"default","ast-page-background-enabled":"default","ast-page-background-meta":{"desktop":{"background-color":"var(--ast-global-color-4)","background-image":"","background-repeat":"repeat","background-position":"center center","background-size":"auto","background-attachment":"scroll","background-type":"","background-media":"","overlay-type":"","overlay-color":"","overlay-opacity":"","overlay-gradient":""},"tablet":{"background-color":"","background-image":"","background-repeat":"repeat","background-position":"center center","background-size":"auto","background-attachment":"scroll","background-type":"","background-media":"","overlay-type":"","overlay-color":"","overlay-opacity":"","overlay-gradient":""},"mobile":{"background-color":"","background-image":"","background-repeat":"repeat","background-position":"center center","background-size":"auto","background-attachment":"scroll","background-type":"","background-media":"","overlay-type":"","overlay-color":"","overlay-opacity":"","overlay-gradient":""}},"ast-content-background-meta":{"desktop":{"background-color":"var(--ast-global-color-5)","background-image":"","background-repeat":"repeat","background-position":"center center","background-size":"auto","background-attachment":"scroll","background-type":"","background-media":"","overlay-type":"","overlay-color":"","overlay-opacity":"","overlay-gradient":""},"tablet":{"background-color":"var(--ast-global-color-5)","background-image":"","background-repeat":"repeat","background-position":"center center","background-size":"auto","background-attachment":"scroll","background-type":"","background-media":"","overlay-type":"","overlay-color":"","overlay-opacity":"","overlay-gradient":""},"mobile":{"background-color":"var(--ast-global-color-5)","background-image":"","background-repeat":"repeat","background-position":"center center","background-size":"auto","background-attachment":"scroll","background-type":"","background-media":"","overlay-type":"","overlay-color":"","overlay-opacity":"","overlay-gradient":""}},"footnotes":""},"class_list":["post-28","page","type-page","status-publish","hentry"],"post_mailing_queue_ids":[],"_links":{"self":[{"href":"https:\/\/agora.xtec.cat\/ceip-sp\/wp-json\/wp\/v2\/pages\/28","targetHints":{"allow":["GET"]}}],"collection":[{"href":"https:\/\/agora.xtec.cat\/ceip-sp\/wp-json\/wp\/v2\/pages"}],"about":[{"href":"https:\/\/agora.xtec.cat\/ceip-sp\/wp-json\/wp\/v2\/types\/page"}],"author":[{"embeddable":true,"href":"https:\/\/agora.xtec.cat\/ceip-sp\/wp-json\/wp\/v2\/users\/1"}],"replies":[{"embeddable":true,"href":"https:\/\/agora.xtec.cat\/ceip-sp\/wp-json\/wp\/v2\/comments?post=28"}],"version-history":[{"count":6,"href":"https:\/\/agora.xtec.cat\/ceip-sp\/wp-json\/wp\/v2\/pages\/28\/revisions"}],"predecessor-version":[{"id":16091,"href":"https:\/\/agora.xtec.cat\/ceip-sp\/wp-json\/wp\/v2\/pages\/28\/revisions\/16091"}],"up":[{"embeddable":true,"href":"https:\/\/agora.xtec.cat\/ceip-sp\/wp-json\/wp\/v2\/pages\/22"}],"wp:attachment":[{"href":"https:\/\/agora.xtec.cat\/ceip-sp\/wp-json\/wp\/v2\/media?parent=28"}],"curies":[{"name":"wp","href":"https:\/\/api.w.org\/{rel}","templated":true}]}}