{"id":16134,"date":"2025-09-12T10:13:55","date_gmt":"2025-09-12T08:13:55","guid":{"rendered":"https:\/\/agora.xtec.cat\/ceip-sp\/?page_id=16134"},"modified":"2025-09-12T10:14:49","modified_gmt":"2025-09-12T08:14:49","slug":"2024-2025-2","status":"publish","type":"page","link":"https:\/\/agora.xtec.cat\/ceip-sp\/2024-2025-2\/","title":{"rendered":"2024-2025"},"content":{"rendered":"<table style=\"border-collapse: collapse; width: 100%; height: 282px;\" border=\"1\">\n<tbody>\n<tr style=\"height: 32px;\">\n<td style=\"width: 99.7947%; text-align: center; height: 32px;\" colspan=\"4\"><strong>EDUCACI\u00d3 INFANTIL<\/strong><\/td>\n<\/tr>\n<tr style=\"height: 32px;\">\n<td style=\"width: 25%; height: 32px;\">Infantil 3 anys<\/td>\n<td style=\"width: 25%; height: 32px;\"><a href=\"https:\/\/agora.xtec.cat\/ceip-sp\/categoria\/I32425\/\" target=\"_blank\" rel=\"noopener\">ESQUIROLS<\/a><\/td>\n<td style=\"width: 25.145%; height: 32px;\">Infantil 4 anys<\/td>\n<td style=\"width: 24.6497%; height: 32px;\"><a href=\"https:\/\/agora.xtec.cat\/ceip-sp\/categoria\/I42425\/\">PAPALLONES<\/a><\/td>\n<\/tr>\n<tr style=\"height: 32px;\">\n<td style=\"width: 25%; height: 32px;\">Infantil 5 anys<\/td>\n<td style=\"width: 25%; height: 32px;\"><a href=\"https:\/\/agora.xtec.cat\/ceip-sp\/categoria\/I52425\/\">DOFINS<\/a><\/td>\n<td style=\"width: 25.145%; height: 32px;\"><\/td>\n<td style=\"width: 24.6497%; height: 32px;\"><\/td>\n<\/tr>\n<tr style=\"height: 32px;\">\n<td style=\"width: 99.7947%; height: 32px; text-align: center;\" colspan=\"4\"><strong>EDUCACI\u00d3 PRIM\u00c0RIA<\/strong><\/td>\n<\/tr>\n<tr style=\"height: 32px;\">\n<td style=\"width: 25%; height: 30px;\">1r<\/td>\n<td style=\"width: 25%; height: 30px;\"><a href=\"https:\/\/agora.xtec.cat\/ceip-sp\/categoria\/1r2425\/\">ELS PLANETES I PAR\u00cdS<\/a><\/td>\n<td style=\"width: 25.145%; height: 30px;\">2n<\/td>\n<td style=\"width: 24.6497%; height: 30px;\"><a href=\"https:\/\/agora.xtec.cat\/ceip-sp\/categoria\/2n2425\/\" target=\"_blank\" rel=\"noopener\">CIENT\u00cdFICS I CIENT\u00cdFIQUES I CLASSE DEL MAR<\/a><\/td>\n<\/tr>\n<tr style=\"height: 32px;\">\n<td style=\"width: 25%; height: 32px;\">3r<\/td>\n<td style=\"width: 25%; height: 32px;\"><a href=\"https:\/\/agora.xtec.cat\/ceip-sp\/categoria\/3r2425\/\">ELS SENTIMENTS I CAPIBARES<\/a><\/td>\n<td style=\"width: 25.145%; height: 32px;\">4t<\/td>\n<td style=\"width: 24.6497%; height: 32px;\"><a href=\"https:\/\/agora.xtec.cat\/ceip-sp\/categoria\/4t2425\/\" target=\"_blank\" rel=\"noopener\">EL M\u00d3N I TARD\u00cdGRADS<\/a><\/td>\n<\/tr>\n<tr style=\"height: 32px;\">\n<td style=\"width: 25%; height: 32px;\">5\u00e8<\/td>\n<td style=\"width: 25%; height: 32px;\"><a href=\"https:\/\/agora.xtec.cat\/ceip-sp\/categoria\/5e2425\/\" target=\"_blank\" rel=\"noopener\">BACTERIS<\/a><\/td>\n<td style=\"width: 25.145%; height: 32px;\">6\u00e8<\/td>\n<td style=\"width: 24.6497%; height: 32px;\"><a href=\"https:\/\/agora.xtec.cat\/ceip-sp\/categoria\/6e2425\/\" target=\"_blank\" rel=\"noopener\">HESPERIA<\/a><\/td>\n<\/tr>\n<tr style=\"height: 30px;\">\n<td style=\"width: 99.7947%; text-align: center; height: 30px;\" colspan=\"4\"><strong>ESPECIALITATS<\/strong><\/td>\n<\/tr>\n<tr style=\"height: 30px;\">\n<td style=\"width: 25%; height: 30px;\"><a href=\"https:\/\/agora.xtec.cat\/ceip-sp\/categoria\/especialitats\/english\/\">LONDON AND MIAMI<\/a><\/td>\n<td style=\"width: 25%; height: 30px;\"><a href=\"https:\/\/agora.xtec.cat\/ceip-sp\/categoria\/especialitats\/ef\/\">Educaci\u00f3 F\u00edsica<\/a><\/td>\n<td style=\"width: 25.145%; height: 30px;\"><a href=\"https:\/\/agora.xtec.cat\/ceip-sp\/categoria\/especialitats\/psicomotricitat\/\">Psicomotricitat<\/a><\/td>\n<td style=\"width: 24.6497%; height: 30px;\"><a href=\"https:\/\/agora.xtec.cat\/ceip-sp\/categoria\/especialitats\/musica\/\">M\u00fasica<\/a><\/td>\n<\/tr>\n<tr>\n<td style=\"text-align: center; width: 99.7947%;\" colspan=\"4\"><strong>ESPAIS D&#8217;APRENENTATGE<\/strong><\/td>\n<\/tr>\n<tr>\n<td style=\"text-align: center; width: 25%;\" colspan=\"2\"><a href=\"https:\/\/agora.xtec.cat\/ceip-sp\/categoria\/espaispetits\/\">Comunitat de petites i petits (Ed. infantil)<\/a><\/td>\n<td style=\"text-align: center; width: 25.145%;\" colspan=\"2\"><a href=\"https:\/\/agora.xtec.cat\/ceip-sp\/espaismitjans\/espais-de-la-comunitat-de-mitjans-i-mitjanes\/\">Comunitat de mitjans i mitjanes<\/a><\/td>\n<\/tr>\n<\/tbody>\n<\/table>\n","protected":false},"excerpt":{"rendered":"<p>EDUCACI\u00d3 INFANTIL Infantil 3 anys ESQUIROLS Infantil 4 anys PAPALLONES Infantil 5 anys DOFINS EDUCACI\u00d3 PRIM\u00c0RIA 1r ELS PLANETES I PAR\u00cdS 2n CIENT\u00cdFICS I CIENT\u00cdFIQUES I CLASSE DEL MAR 3r ELS SENTIMENTS I CAPIBARES 4t EL M\u00d3N I TARD\u00cdGRADS 5\u00e8 BACTERIS 6\u00e8 HESPERIA ESPECIALITATS LONDON AND MIAMI Educaci\u00f3 F\u00edsica Psicomotricitat M\u00fasica ESPAIS D&#8217;APRENENTATGE Comunitat de [&hellip;]<\/p>\n","protected":false},"author":1,"featured_media":0,"parent":0,"menu_order":0,"comment_status":"closed","ping_status":"closed","template":"","meta":{"_bbp_topic_count":0,"_bbp_reply_count":0,"_bbp_total_topic_count":0,"_bbp_total_reply_count":0,"_bbp_voice_count":0,"_bbp_anonymous_reply_count":0,"_bbp_topic_count_hidden":0,"_bbp_reply_count_hidden":0,"_bbp_forum_subforum_count":0,"site-sidebar-layout":"default","site-content-layout":"","ast-site-content-layout":"default","site-content-style":"default","site-sidebar-style":"default","ast-global-header-display":"","ast-banner-title-visibility":"","ast-main-header-display":"","ast-hfb-above-header-display":"","ast-hfb-below-header-display":"","ast-hfb-mobile-header-display":"","site-post-title":"","ast-breadcrumbs-content":"","ast-featured-img":"","footer-sml-layout":"","theme-transparent-header-meta":"default","adv-header-id-meta":"","stick-header-meta":"","header-above-stick-meta":"","header-main-stick-meta":"","header-below-stick-meta":"","astra-migrate-meta-layouts":"set","ast-page-background-enabled":"default","ast-page-background-meta":{"desktop":{"background-color":"var(--ast-global-color-4)","background-image":"","background-repeat":"repeat","background-position":"center center","background-size":"auto","background-attachment":"scroll","background-type":"","background-media":"","overlay-type":"","overlay-color":"","overlay-opacity":"","overlay-gradient":""},"tablet":{"background-color":"","background-image":"","background-repeat":"repeat","background-position":"center center","background-size":"auto","background-attachment":"scroll","background-type":"","background-media":"","overlay-type":"","overlay-color":"","overlay-opacity":"","overlay-gradient":""},"mobile":{"background-color":"","background-image":"","background-repeat":"repeat","background-position":"center center","background-size":"auto","background-attachment":"scroll","background-type":"","background-media":"","overlay-type":"","overlay-color":"","overlay-opacity":"","overlay-gradient":""}},"ast-content-background-meta":{"desktop":{"background-color":"var(--ast-global-color-5)","background-image":"","background-repeat":"repeat","background-position":"center center","background-size":"auto","background-attachment":"scroll","background-type":"","background-media":"","overlay-type":"","overlay-color":"","overlay-opacity":"","overlay-gradient":""},"tablet":{"background-color":"var(--ast-global-color-5)","background-image":"","background-repeat":"repeat","background-position":"center center","background-size":"auto","background-attachment":"scroll","background-type":"","background-media":"","overlay-type":"","overlay-color":"","overlay-opacity":"","overlay-gradient":""},"mobile":{"background-color":"var(--ast-global-color-5)","background-image":"","background-repeat":"repeat","background-position":"center center","background-size":"auto","background-attachment":"scroll","background-type":"","background-media":"","overlay-type":"","overlay-color":"","overlay-opacity":"","overlay-gradient":""}},"footnotes":""},"class_list":["post-16134","page","type-page","status-publish","hentry"],"post_mailing_queue_ids":[],"_links":{"self":[{"href":"https:\/\/agora.xtec.cat\/ceip-sp\/wp-json\/wp\/v2\/pages\/16134","targetHints":{"allow":["GET"]}}],"collection":[{"href":"https:\/\/agora.xtec.cat\/ceip-sp\/wp-json\/wp\/v2\/pages"}],"about":[{"href":"https:\/\/agora.xtec.cat\/ceip-sp\/wp-json\/wp\/v2\/types\/page"}],"author":[{"embeddable":true,"href":"https:\/\/agora.xtec.cat\/ceip-sp\/wp-json\/wp\/v2\/users\/1"}],"replies":[{"embeddable":true,"href":"https:\/\/agora.xtec.cat\/ceip-sp\/wp-json\/wp\/v2\/comments?post=16134"}],"version-history":[{"count":2,"href":"https:\/\/agora.xtec.cat\/ceip-sp\/wp-json\/wp\/v2\/pages\/16134\/revisions"}],"predecessor-version":[{"id":16138,"href":"https:\/\/agora.xtec.cat\/ceip-sp\/wp-json\/wp\/v2\/pages\/16134\/revisions\/16138"}],"wp:attachment":[{"href":"https:\/\/agora.xtec.cat\/ceip-sp\/wp-json\/wp\/v2\/media?parent=16134"}],"curies":[{"name":"wp","href":"https:\/\/api.w.org\/{rel}","templated":true}]}}