{"id":13852,"date":"2023-09-08T09:28:37","date_gmt":"2023-09-08T07:28:37","guid":{"rendered":"https:\/\/agora.xtec.cat\/ceip-sp\/?page_id=13852"},"modified":"2023-09-08T09:38:24","modified_gmt":"2023-09-08T07:38:24","slug":"curs-2022-2023","status":"publish","type":"page","link":"https:\/\/agora.xtec.cat\/ceip-sp\/curs-2022-2023\/","title":{"rendered":"curs 2022-2023"},"content":{"rendered":"<table style=\"border-collapse: collapse; width: 33.5025%; height: 288px;\">\n<tbody>\n<tr style=\"height: 32px;\">\n<td style=\"width: 7.72299%; height: 32px;\">I3<\/td>\n<td style=\"width: 25.7795%; height: 32px;\"><a href=\"https:\/\/agora.xtec.cat\/ceip-sp\/categoria\/general\/i320222023\/\">Papallones<\/a><\/td>\n<\/tr>\n<tr style=\"height: 32px;\">\n<td style=\"width: 7.72299%; height: 32px;\">I4<\/td>\n<td style=\"width: 25.7795%; height: 32px;\"><a href=\"https:\/\/agora.xtec.cat\/ceip-sp\/categoria\/general\/ei420212022-general\/\">Cavallets de mar i dinosaures<\/a><\/td>\n<\/tr>\n<tr style=\"height: 32px;\">\n<td style=\"width: 7.72299%; height: 32px;\">I5<\/td>\n<td style=\"width: 25.7795%; height: 32px;\"><a href=\"https:\/\/agora.xtec.cat\/ceip-sp\/categoria\/general\/ei520212022-general\/\">Robots i Disney<\/a><\/td>\n<\/tr>\n<tr style=\"height: 32px;\">\n<td style=\"width: 7.72299%; height: 32px;\">1r<\/td>\n<td style=\"width: 25.7795%; height: 32px;\"><a href=\"https:\/\/agora.xtec.cat\/ceip-sp\/categoria\/general\/1r20222023\/\">Abelles i taurons<\/a><\/td>\n<\/tr>\n<tr style=\"height: 32px;\">\n<td style=\"width: 7.72299%; height: 32px;\">2n<\/td>\n<td style=\"width: 25.7795%; height: 32px;\"><a href=\"https:\/\/agora.xtec.cat\/ceip-sp\/categoria\/general\/2n20212022\/\">Camaleons i cient\u00edfics i cient\u00edfiques<\/a><\/td>\n<\/tr>\n<tr style=\"height: 32px;\">\n<td style=\"width: 7.72299%; height: 32px;\">3r<\/td>\n<td style=\"width: 25.7795%; height: 32px;\"><a href=\"https:\/\/agora.xtec.cat\/ceip-sp\/categoria\/general\/3r20222023\/\">Pastissos<\/a><\/td>\n<\/tr>\n<tr style=\"height: 32px;\">\n<td style=\"width: 7.72299%; height: 32px;\">4t<\/td>\n<td style=\"width: 25.7795%; height: 32px;\"><a href=\"https:\/\/agora.xtec.cat\/ceip-sp\/categoria\/general\/la-selva-amazonica\/\">La Selva Amaz\u00f2nica<\/a><\/td>\n<\/tr>\n<tr style=\"height: 32px;\">\n<td style=\"width: 7.72299%; height: 32px;\">5\u00e8<\/td>\n<td style=\"width: 25.7795%; height: 32px;\"><a href=\"https:\/\/agora.xtec.cat\/ceip-sp\/categoria\/general\/5e202202023\/\">It\u00e0lia i Pers\u00e8fone<\/a><\/td>\n<\/tr>\n<tr style=\"height: 32px;\">\n<td style=\"width: 7.72299%; height: 32px;\">6\u00e8<\/td>\n<td style=\"width: 25.7795%; height: 32px;\"><a href=\"https:\/\/agora.xtec.cat\/ceip-sp\/categoria\/general\/6e20222023\/\">Programadors i programadores i animals mitol\u00f2gics<\/a><\/td>\n<\/tr>\n<\/tbody>\n<\/table>\n","protected":false},"excerpt":{"rendered":"<p>I3 Papallones I4 Cavallets de mar i dinosaures I5 Robots i Disney 1r Abelles i taurons 2n Camaleons i cient\u00edfics i cient\u00edfiques 3r Pastissos 4t La Selva Amaz\u00f2nica 5\u00e8 It\u00e0lia i Pers\u00e8fone 6\u00e8 Programadors i programadores i animals mitol\u00f2gics<\/p>\n","protected":false},"author":1,"featured_media":0,"parent":0,"menu_order":0,"comment_status":"closed","ping_status":"closed","template":"","meta":{"_bbp_topic_count":0,"_bbp_reply_count":0,"_bbp_total_topic_count":0,"_bbp_total_reply_count":0,"_bbp_voice_count":0,"_bbp_anonymous_reply_count":0,"_bbp_topic_count_hidden":0,"_bbp_reply_count_hidden":0,"_bbp_forum_subforum_count":0,"site-sidebar-layout":"default","site-content-layout":"","ast-site-content-layout":"","site-content-style":"default","site-sidebar-style":"default","ast-global-header-display":"","ast-banner-title-visibility":"","ast-main-header-display":"","ast-hfb-above-header-display":"","ast-hfb-below-header-display":"","ast-hfb-mobile-header-display":"","site-post-title":"","ast-breadcrumbs-content":"","ast-featured-img":"","footer-sml-layout":"","theme-transparent-header-meta":"","adv-header-id-meta":"","stick-header-meta":"","header-above-stick-meta":"","header-main-stick-meta":"","header-below-stick-meta":"","astra-migrate-meta-layouts":"default","ast-page-background-enabled":"default","ast-page-background-meta":{"desktop":{"background-color":"var(--ast-global-color-4)","background-image":"","background-repeat":"repeat","background-position":"center center","background-size":"auto","background-attachment":"scroll","background-type":"","background-media":"","overlay-type":"","overlay-color":"","overlay-opacity":"","overlay-gradient":""},"tablet":{"background-color":"","background-image":"","background-repeat":"repeat","background-position":"center center","background-size":"auto","background-attachment":"scroll","background-type":"","background-media":"","overlay-type":"","overlay-color":"","overlay-opacity":"","overlay-gradient":""},"mobile":{"background-color":"","background-image":"","background-repeat":"repeat","background-position":"center center","background-size":"auto","background-attachment":"scroll","background-type":"","background-media":"","overlay-type":"","overlay-color":"","overlay-opacity":"","overlay-gradient":""}},"ast-content-background-meta":{"desktop":{"background-color":"var(--ast-global-color-5)","background-image":"","background-repeat":"repeat","background-position":"center center","background-size":"auto","background-attachment":"scroll","background-type":"","background-media":"","overlay-type":"","overlay-color":"","overlay-opacity":"","overlay-gradient":""},"tablet":{"background-color":"var(--ast-global-color-5)","background-image":"","background-repeat":"repeat","background-position":"center center","background-size":"auto","background-attachment":"scroll","background-type":"","background-media":"","overlay-type":"","overlay-color":"","overlay-opacity":"","overlay-gradient":""},"mobile":{"background-color":"var(--ast-global-color-5)","background-image":"","background-repeat":"repeat","background-position":"center center","background-size":"auto","background-attachment":"scroll","background-type":"","background-media":"","overlay-type":"","overlay-color":"","overlay-opacity":"","overlay-gradient":""}},"footnotes":""},"class_list":["post-13852","page","type-page","status-publish","hentry"],"post_mailing_queue_ids":[],"_links":{"self":[{"href":"https:\/\/agora.xtec.cat\/ceip-sp\/wp-json\/wp\/v2\/pages\/13852","targetHints":{"allow":["GET"]}}],"collection":[{"href":"https:\/\/agora.xtec.cat\/ceip-sp\/wp-json\/wp\/v2\/pages"}],"about":[{"href":"https:\/\/agora.xtec.cat\/ceip-sp\/wp-json\/wp\/v2\/types\/page"}],"author":[{"embeddable":true,"href":"https:\/\/agora.xtec.cat\/ceip-sp\/wp-json\/wp\/v2\/users\/1"}],"replies":[{"embeddable":true,"href":"https:\/\/agora.xtec.cat\/ceip-sp\/wp-json\/wp\/v2\/comments?post=13852"}],"version-history":[{"count":3,"href":"https:\/\/agora.xtec.cat\/ceip-sp\/wp-json\/wp\/v2\/pages\/13852\/revisions"}],"predecessor-version":[{"id":13855,"href":"https:\/\/agora.xtec.cat\/ceip-sp\/wp-json\/wp\/v2\/pages\/13852\/revisions\/13855"}],"wp:attachment":[{"href":"https:\/\/agora.xtec.cat\/ceip-sp\/wp-json\/wp\/v2\/media?parent=13852"}],"curies":[{"name":"wp","href":"https:\/\/api.w.org\/{rel}","templated":true}]}}