{"id":12840,"date":"2022-11-22T15:05:56","date_gmt":"2022-11-22T14:05:56","guid":{"rendered":"https:\/\/agora.xtec.cat\/ceip-sp\/?page_id=12840"},"modified":"2025-09-05T19:09:53","modified_gmt":"2025-09-05T17:09:53","slug":"comercos-collaboradors","status":"publish","type":"page","link":"https:\/\/agora.xtec.cat\/ceip-sp\/ampainfo\/comercos-collaboradors\/","title":{"rendered":"Comer\u00e7os col\u00b7laboradors"},"content":{"rendered":"<p><span style=\"font-weight: 400;\">Amb el carnet de familia associada diversos comer\u00e7os del municipi i voltants ofereixen descomptes i nombrosos avantatges. Estem pendents de confirmar el curs 2025-2026 quins comer\u00e7os col\u00b7laboraran amb l&#8217;AFA, pr\u00f2ximament publicarem aquesta informaci\u00f3.<\/span><\/p>\n<p>Tens un comer\u00e7 local i vols promocionar-lo entre les nostres fam\u00edlies? Contacta amb nosaltres a trav\u00e9s del mail afasantaperpetua@gmail.com<\/p>\n","protected":false},"excerpt":{"rendered":"<p>Amb el carnet de familia associada diversos comer\u00e7os del municipi i voltants ofereixen descomptes i nombrosos avantatges. Estem pendents de confirmar el curs 2025-2026 quins comer\u00e7os col\u00b7laboraran amb l&#8217;AFA, pr\u00f2ximament publicarem aquesta informaci\u00f3. Tens un comer\u00e7 local i vols promocionar-lo entre les nostres fam\u00edlies? Contacta amb nosaltres a trav\u00e9s del mail afasantaperpetua@gmail.com<\/p>\n","protected":false},"author":12,"featured_media":0,"parent":633,"menu_order":0,"comment_status":"closed","ping_status":"closed","template":"","meta":{"_bbp_topic_count":0,"_bbp_reply_count":0,"_bbp_total_topic_count":0,"_bbp_total_reply_count":0,"_bbp_voice_count":0,"_bbp_anonymous_reply_count":0,"_bbp_topic_count_hidden":0,"_bbp_reply_count_hidden":0,"_bbp_forum_subforum_count":0,"site-sidebar-layout":"default","site-content-layout":"","ast-site-content-layout":"","site-content-style":"default","site-sidebar-style":"default","ast-global-header-display":"","ast-banner-title-visibility":"","ast-main-header-display":"","ast-hfb-above-header-display":"","ast-hfb-below-header-display":"","ast-hfb-mobile-header-display":"","site-post-title":"","ast-breadcrumbs-content":"","ast-featured-img":"","footer-sml-layout":"","theme-transparent-header-meta":"","adv-header-id-meta":"","stick-header-meta":"","header-above-stick-meta":"","header-main-stick-meta":"","header-below-stick-meta":"","astra-migrate-meta-layouts":"default","ast-page-background-enabled":"default","ast-page-background-meta":{"desktop":{"background-color":"var(--ast-global-color-4)","background-image":"","background-repeat":"repeat","background-position":"center center","background-size":"auto","background-attachment":"scroll","background-type":"","background-media":"","overlay-type":"","overlay-color":"","overlay-opacity":"","overlay-gradient":""},"tablet":{"background-color":"","background-image":"","background-repeat":"repeat","background-position":"center center","background-size":"auto","background-attachment":"scroll","background-type":"","background-media":"","overlay-type":"","overlay-color":"","overlay-opacity":"","overlay-gradient":""},"mobile":{"background-color":"","background-image":"","background-repeat":"repeat","background-position":"center center","background-size":"auto","background-attachment":"scroll","background-type":"","background-media":"","overlay-type":"","overlay-color":"","overlay-opacity":"","overlay-gradient":""}},"ast-content-background-meta":{"desktop":{"background-color":"var(--ast-global-color-5)","background-image":"","background-repeat":"repeat","background-position":"center center","background-size":"auto","background-attachment":"scroll","background-type":"","background-media":"","overlay-type":"","overlay-color":"","overlay-opacity":"","overlay-gradient":""},"tablet":{"background-color":"var(--ast-global-color-5)","background-image":"","background-repeat":"repeat","background-position":"center center","background-size":"auto","background-attachment":"scroll","background-type":"","background-media":"","overlay-type":"","overlay-color":"","overlay-opacity":"","overlay-gradient":""},"mobile":{"background-color":"var(--ast-global-color-5)","background-image":"","background-repeat":"repeat","background-position":"center center","background-size":"auto","background-attachment":"scroll","background-type":"","background-media":"","overlay-type":"","overlay-color":"","overlay-opacity":"","overlay-gradient":""}},"footnotes":""},"class_list":["post-12840","page","type-page","status-publish","hentry"],"post_mailing_queue_ids":[],"_links":{"self":[{"href":"https:\/\/agora.xtec.cat\/ceip-sp\/wp-json\/wp\/v2\/pages\/12840","targetHints":{"allow":["GET"]}}],"collection":[{"href":"https:\/\/agora.xtec.cat\/ceip-sp\/wp-json\/wp\/v2\/pages"}],"about":[{"href":"https:\/\/agora.xtec.cat\/ceip-sp\/wp-json\/wp\/v2\/types\/page"}],"author":[{"embeddable":true,"href":"https:\/\/agora.xtec.cat\/ceip-sp\/wp-json\/wp\/v2\/users\/12"}],"replies":[{"embeddable":true,"href":"https:\/\/agora.xtec.cat\/ceip-sp\/wp-json\/wp\/v2\/comments?post=12840"}],"version-history":[{"count":5,"href":"https:\/\/agora.xtec.cat\/ceip-sp\/wp-json\/wp\/v2\/pages\/12840\/revisions"}],"predecessor-version":[{"id":16118,"href":"https:\/\/agora.xtec.cat\/ceip-sp\/wp-json\/wp\/v2\/pages\/12840\/revisions\/16118"}],"up":[{"embeddable":true,"href":"https:\/\/agora.xtec.cat\/ceip-sp\/wp-json\/wp\/v2\/pages\/633"}],"wp:attachment":[{"href":"https:\/\/agora.xtec.cat\/ceip-sp\/wp-json\/wp\/v2\/media?parent=12840"}],"curies":[{"name":"wp","href":"https:\/\/api.w.org\/{rel}","templated":true}]}}