{"id":12319,"date":"2022-09-12T10:30:47","date_gmt":"2022-09-12T08:30:47","guid":{"rendered":"https:\/\/agora.xtec.cat\/ceip-sp\/?page_id=12319"},"modified":"2022-09-12T10:39:34","modified_gmt":"2022-09-12T08:39:34","slug":"2021-2022","status":"publish","type":"page","link":"https:\/\/agora.xtec.cat\/ceip-sp\/2021-2022\/","title":{"rendered":"2021-2022"},"content":{"rendered":"<p>Aquests s\u00f3n els blocs del curs 2021-2022<\/p>\n<table style=\"border-collapse: collapse; width: 44.38%;\">\n<tbody>\n<tr>\n<td style=\"width: 3.20617%;\">I3<\/td>\n<td style=\"width: 30.0585%;\"><a href=\"https:\/\/agora.xtec.cat\/ceip-sp\/categoria\/general\/cursos-anteriors\/infantil\/cargols-i-formigues\/\">Cargols i Formigues<\/a><\/td>\n<\/tr>\n<tr>\n<td style=\"width: 3.20617%;\">I4<\/td>\n<td style=\"width: 30.0585%;\"><a href=\"https:\/\/agora.xtec.cat\/ceip-sp\/categoria\/general\/cursos-anteriors\/infantil\/ei420212022\/\">Arc de Sant Mart\u00ed i Xocolata<\/a><\/td>\n<\/tr>\n<tr>\n<td style=\"width: 3.20617%;\">I5<\/td>\n<td style=\"width: 30.0585%;\"><a href=\"https:\/\/agora.xtec.cat\/ceip-sp\/categoria\/general\/cursos-anteriors\/infantil\/ei520212022\/\">Dofins i Sirenes<\/a><\/td>\n<\/tr>\n<tr>\n<td style=\"width: 3.20617%;\">1r<\/td>\n<td style=\"width: 30.0585%;\"><a href=\"https:\/\/agora.xtec.cat\/ceip-sp\/categoria\/primaria\/primer20212022\/\">Estrelles i Natura<\/a><\/td>\n<\/tr>\n<tr>\n<td style=\"width: 3.20617%;\">2n<\/td>\n<td style=\"width: 30.0585%;\"><a href=\"https:\/\/agora.xtec.cat\/ceip-sp\/categoria\/general\/cursos-anteriors\/infantil\/segon20212022\/\">Els animals<\/a><\/td>\n<\/tr>\n<tr>\n<td style=\"width: 3.20617%;\">3r<\/td>\n<td style=\"width: 30.0585%;\"><a href=\"https:\/\/agora.xtec.cat\/ceip-sp\/categoria\/general\/cursos-anteriors\/infantil\/tercer20212022\/\">Egipte<\/a><\/td>\n<\/tr>\n<tr>\n<td style=\"width: 3.20617%;\">4t<\/td>\n<td style=\"width: 30.0585%;\"><a href=\"https:\/\/agora.xtec.cat\/ceip-sp\/categoria\/primaria\/artistes-i-fons-del-mar\/\">Artistes i Fons del Mar<\/a><\/td>\n<\/tr>\n<tr>\n<td style=\"width: 3.20617%;\">5\u00e8<\/td>\n<td style=\"width: 30.0585%;\"><a href=\"https:\/\/agora.xtec.cat\/ceip-sp\/categoria\/primaria\/cinque20212022\/\">Dinosaures i Les F\u00f2bies<\/a><\/td>\n<\/tr>\n<tr>\n<td style=\"width: 3.20617%;\">6\u00e8<\/td>\n<td style=\"width: 30.0585%;\"><a href=\"https:\/\/agora.xtec.cat\/ceip-sp\/categoria\/primaria\/sise20212022\/\">Marie Curie i T\u00f2kio<\/a><\/td>\n<\/tr>\n<\/tbody>\n<\/table>\n","protected":false},"excerpt":{"rendered":"<p>Aquests s\u00f3n els blocs del curs 2021-2022 I3 Cargols i Formigues I4 Arc de Sant Mart\u00ed i Xocolata I5 Dofins i Sirenes 1r Estrelles i Natura 2n Els animals 3r Egipte 4t Artistes i Fons del Mar 5\u00e8 Dinosaures i Les F\u00f2bies 6\u00e8 Marie Curie i T\u00f2kio<\/p>\n","protected":false},"author":1,"featured_media":0,"parent":0,"menu_order":0,"comment_status":"closed","ping_status":"closed","template":"","meta":{"_bbp_topic_count":0,"_bbp_reply_count":0,"_bbp_total_topic_count":0,"_bbp_total_reply_count":0,"_bbp_voice_count":0,"_bbp_anonymous_reply_count":0,"_bbp_topic_count_hidden":0,"_bbp_reply_count_hidden":0,"_bbp_forum_subforum_count":0,"site-sidebar-layout":"default","site-content-layout":"","ast-site-content-layout":"","site-content-style":"default","site-sidebar-style":"default","ast-global-header-display":"","ast-banner-title-visibility":"","ast-main-header-display":"","ast-hfb-above-header-display":"","ast-hfb-below-header-display":"","ast-hfb-mobile-header-display":"","site-post-title":"","ast-breadcrumbs-content":"","ast-featured-img":"","footer-sml-layout":"","theme-transparent-header-meta":"","adv-header-id-meta":"","stick-header-meta":"","header-above-stick-meta":"","header-main-stick-meta":"","header-below-stick-meta":"","astra-migrate-meta-layouts":"default","ast-page-background-enabled":"default","ast-page-background-meta":{"desktop":{"background-color":"var(--ast-global-color-4)","background-image":"","background-repeat":"repeat","background-position":"center center","background-size":"auto","background-attachment":"scroll","background-type":"","background-media":"","overlay-type":"","overlay-color":"","overlay-opacity":"","overlay-gradient":""},"tablet":{"background-color":"","background-image":"","background-repeat":"repeat","background-position":"center center","background-size":"auto","background-attachment":"scroll","background-type":"","background-media":"","overlay-type":"","overlay-color":"","overlay-opacity":"","overlay-gradient":""},"mobile":{"background-color":"","background-image":"","background-repeat":"repeat","background-position":"center center","background-size":"auto","background-attachment":"scroll","background-type":"","background-media":"","overlay-type":"","overlay-color":"","overlay-opacity":"","overlay-gradient":""}},"ast-content-background-meta":{"desktop":{"background-color":"var(--ast-global-color-5)","background-image":"","background-repeat":"repeat","background-position":"center center","background-size":"auto","background-attachment":"scroll","background-type":"","background-media":"","overlay-type":"","overlay-color":"","overlay-opacity":"","overlay-gradient":""},"tablet":{"background-color":"var(--ast-global-color-5)","background-image":"","background-repeat":"repeat","background-position":"center center","background-size":"auto","background-attachment":"scroll","background-type":"","background-media":"","overlay-type":"","overlay-color":"","overlay-opacity":"","overlay-gradient":""},"mobile":{"background-color":"var(--ast-global-color-5)","background-image":"","background-repeat":"repeat","background-position":"center center","background-size":"auto","background-attachment":"scroll","background-type":"","background-media":"","overlay-type":"","overlay-color":"","overlay-opacity":"","overlay-gradient":""}},"footnotes":""},"class_list":["post-12319","page","type-page","status-publish","hentry"],"post_mailing_queue_ids":[],"_links":{"self":[{"href":"https:\/\/agora.xtec.cat\/ceip-sp\/wp-json\/wp\/v2\/pages\/12319","targetHints":{"allow":["GET"]}}],"collection":[{"href":"https:\/\/agora.xtec.cat\/ceip-sp\/wp-json\/wp\/v2\/pages"}],"about":[{"href":"https:\/\/agora.xtec.cat\/ceip-sp\/wp-json\/wp\/v2\/types\/page"}],"author":[{"embeddable":true,"href":"https:\/\/agora.xtec.cat\/ceip-sp\/wp-json\/wp\/v2\/users\/1"}],"replies":[{"embeddable":true,"href":"https:\/\/agora.xtec.cat\/ceip-sp\/wp-json\/wp\/v2\/comments?post=12319"}],"version-history":[{"count":3,"href":"https:\/\/agora.xtec.cat\/ceip-sp\/wp-json\/wp\/v2\/pages\/12319\/revisions"}],"predecessor-version":[{"id":12322,"href":"https:\/\/agora.xtec.cat\/ceip-sp\/wp-json\/wp\/v2\/pages\/12319\/revisions\/12322"}],"wp:attachment":[{"href":"https:\/\/agora.xtec.cat\/ceip-sp\/wp-json\/wp\/v2\/media?parent=12319"}],"curies":[{"name":"wp","href":"https:\/\/api.w.org\/{rel}","templated":true}]}}