{"id":10773,"date":"2021-09-17T14:42:06","date_gmt":"2021-09-17T12:42:06","guid":{"rendered":"https:\/\/agora.xtec.cat\/ceip-sp\/?page_id=10773"},"modified":"2021-09-17T14:42:06","modified_gmt":"2021-09-17T12:42:06","slug":"2020-2021","status":"publish","type":"page","link":"https:\/\/agora.xtec.cat\/ceip-sp\/2020-2021\/","title":{"rendered":"2020-2021"},"content":{"rendered":"<p>Aquests s\u00f3n els blocs del curs 2020-2021<\/p>\n<table style=\"border-collapse: collapse; width: 31.3259%;\">\n<tbody>\n<tr>\n<td style=\"width: 7.72299%;\">EI3<\/td>\n<td style=\"width: 40.8071%;\"><a href=\"https:\/\/agora.xtec.cat\/ceip-sp\/categoria\/general\/cursos-anteriors\/infantil\/ei3202021\/\">enciams i pastanagues<\/a><\/td>\n<\/tr>\n<tr>\n<td style=\"width: 7.72299%;\">EI4<\/td>\n<td style=\"width: 40.8071%;\"><a href=\"https:\/\/agora.xtec.cat\/ceip-sp\/categoria\/general\/cursos-anteriors\/infantil\/ei420202021\/\">vaques i conills<\/a><\/td>\n<\/tr>\n<tr>\n<td style=\"width: 7.72299%;\">EI5<\/td>\n<td style=\"width: 40.8071%;\"><a href=\"https:\/\/agora.xtec.cat\/ceip-sp\/categoria\/general\/cursos-anteriors\/infantil\/ei520202021\/\">unicorns i gats<\/a><\/td>\n<\/tr>\n<tr>\n<td style=\"width: 7.72299%;\">1r<\/td>\n<td style=\"width: 40.8071%;\"><a href=\"https:\/\/agora.xtec.cat\/ceip-sp\/categoria\/primaria\/primer20202021\/\">els planetes<\/a><\/td>\n<\/tr>\n<tr>\n<td style=\"width: 7.72299%;\">2n<\/td>\n<td style=\"width: 40.8071%;\"><a href=\"https:\/\/agora.xtec.cat\/ceip-sp\/categoria\/primaria\/segon20202021\/\">el mar<\/a><\/td>\n<\/tr>\n<tr>\n<td style=\"width: 7.72299%;\">3r<\/td>\n<td style=\"width: 40.8071%;\"><a href=\"https:\/\/agora.xtec.cat\/ceip-sp\/categoria\/primaria\/tercer20202021\/\">robots, el m\u00f3n i les gal\u00e0xies<\/a><\/td>\n<\/tr>\n<tr>\n<td style=\"width: 7.72299%;\">4t<\/td>\n<td style=\"width: 40.8071%;\"><a href=\"https:\/\/agora.xtec.cat\/ceip-sp\/categoria\/primaria\/quart20202021\/\">cient\u00edfics\/ques i virus<\/a><\/td>\n<\/tr>\n<tr>\n<td style=\"width: 7.72299%;\">5\u00e8<\/td>\n<td style=\"width: 40.8071%;\"><a href=\"https:\/\/agora.xtec.cat\/ceip-sp\/categoria\/primaria\/cinque20202021\/\">artist tecn\u00e9 i glaucus atlanticus<\/a><\/td>\n<\/tr>\n<tr>\n<td style=\"width: 7.72299%;\">6\u00e8<\/td>\n<td style=\"width: 40.8071%;\"><a href=\"https:\/\/agora.xtec.cat\/ceip-sp\/categoria\/primaria\/sise20202021\/\">fen\u00f2mens natural, artistes i fossa de les marianes<\/a><\/td>\n<\/tr>\n<\/tbody>\n<\/table>\n","protected":false},"excerpt":{"rendered":"<p>Aquests s\u00f3n els blocs del curs 2020-2021 EI3 enciams i pastanagues EI4 vaques i conills EI5 unicorns i gats 1r els planetes 2n el mar 3r robots, el m\u00f3n i les gal\u00e0xies 4t cient\u00edfics\/ques i virus 5\u00e8 artist tecn\u00e9 i glaucus atlanticus 6\u00e8 fen\u00f2mens natural, artistes i fossa de les marianes<\/p>\n","protected":false},"author":1,"featured_media":0,"parent":0,"menu_order":0,"comment_status":"closed","ping_status":"closed","template":"","meta":{"_bbp_topic_count":0,"_bbp_reply_count":0,"_bbp_total_topic_count":0,"_bbp_total_reply_count":0,"_bbp_voice_count":0,"_bbp_anonymous_reply_count":0,"_bbp_topic_count_hidden":0,"_bbp_reply_count_hidden":0,"_bbp_forum_subforum_count":0,"site-sidebar-layout":"default","site-content-layout":"","ast-site-content-layout":"","site-content-style":"default","site-sidebar-style":"default","ast-global-header-display":"","ast-banner-title-visibility":"","ast-main-header-display":"","ast-hfb-above-header-display":"","ast-hfb-below-header-display":"","ast-hfb-mobile-header-display":"","site-post-title":"","ast-breadcrumbs-content":"","ast-featured-img":"","footer-sml-layout":"","theme-transparent-header-meta":"","adv-header-id-meta":"","stick-header-meta":"","header-above-stick-meta":"","header-main-stick-meta":"","header-below-stick-meta":"","astra-migrate-meta-layouts":"default","ast-page-background-enabled":"default","ast-page-background-meta":{"desktop":{"background-color":"var(--ast-global-color-4)","background-image":"","background-repeat":"repeat","background-position":"center center","background-size":"auto","background-attachment":"scroll","background-type":"","background-media":"","overlay-type":"","overlay-color":"","overlay-opacity":"","overlay-gradient":""},"tablet":{"background-color":"","background-image":"","background-repeat":"repeat","background-position":"center center","background-size":"auto","background-attachment":"scroll","background-type":"","background-media":"","overlay-type":"","overlay-color":"","overlay-opacity":"","overlay-gradient":""},"mobile":{"background-color":"","background-image":"","background-repeat":"repeat","background-position":"center center","background-size":"auto","background-attachment":"scroll","background-type":"","background-media":"","overlay-type":"","overlay-color":"","overlay-opacity":"","overlay-gradient":""}},"ast-content-background-meta":{"desktop":{"background-color":"var(--ast-global-color-5)","background-image":"","background-repeat":"repeat","background-position":"center center","background-size":"auto","background-attachment":"scroll","background-type":"","background-media":"","overlay-type":"","overlay-color":"","overlay-opacity":"","overlay-gradient":""},"tablet":{"background-color":"var(--ast-global-color-5)","background-image":"","background-repeat":"repeat","background-position":"center center","background-size":"auto","background-attachment":"scroll","background-type":"","background-media":"","overlay-type":"","overlay-color":"","overlay-opacity":"","overlay-gradient":""},"mobile":{"background-color":"var(--ast-global-color-5)","background-image":"","background-repeat":"repeat","background-position":"center center","background-size":"auto","background-attachment":"scroll","background-type":"","background-media":"","overlay-type":"","overlay-color":"","overlay-opacity":"","overlay-gradient":""}},"footnotes":""},"class_list":["post-10773","page","type-page","status-publish","hentry"],"post_mailing_queue_ids":[],"_links":{"self":[{"href":"https:\/\/agora.xtec.cat\/ceip-sp\/wp-json\/wp\/v2\/pages\/10773","targetHints":{"allow":["GET"]}}],"collection":[{"href":"https:\/\/agora.xtec.cat\/ceip-sp\/wp-json\/wp\/v2\/pages"}],"about":[{"href":"https:\/\/agora.xtec.cat\/ceip-sp\/wp-json\/wp\/v2\/types\/page"}],"author":[{"embeddable":true,"href":"https:\/\/agora.xtec.cat\/ceip-sp\/wp-json\/wp\/v2\/users\/1"}],"replies":[{"embeddable":true,"href":"https:\/\/agora.xtec.cat\/ceip-sp\/wp-json\/wp\/v2\/comments?post=10773"}],"version-history":[{"count":2,"href":"https:\/\/agora.xtec.cat\/ceip-sp\/wp-json\/wp\/v2\/pages\/10773\/revisions"}],"predecessor-version":[{"id":10775,"href":"https:\/\/agora.xtec.cat\/ceip-sp\/wp-json\/wp\/v2\/pages\/10773\/revisions\/10775"}],"wp:attachment":[{"href":"https:\/\/agora.xtec.cat\/ceip-sp\/wp-json\/wp\/v2\/media?parent=10773"}],"curies":[{"name":"wp","href":"https:\/\/api.w.org\/{rel}","templated":true}]}}