{"id":10740,"date":"2021-09-09T08:29:48","date_gmt":"2021-09-09T06:29:48","guid":{"rendered":"https:\/\/agora.xtec.cat\/ceip-sp\/?page_id=10740"},"modified":"2025-02-21T08:55:55","modified_gmt":"2025-02-21T07:55:55","slug":"documents-de-centre","status":"publish","type":"page","link":"https:\/\/agora.xtec.cat\/ceip-sp\/documents-de-centre\/","title":{"rendered":"Documents de centre"},"content":{"rendered":"<p>A continuaci\u00f3 es detallen els documents de gesti\u00f3 i organitzaci\u00f3 de centre de l&#8217;Escola Santa Perp\u00e8tua<\/p>\n<table style=\"border-collapse: collapse; width: 100%;\">\n<tbody>\n<tr>\n<td style=\"width: 50%;\">Projecte Educatiu de Centre<\/td>\n<td style=\"width: 50%;\"><a href=\"https:\/\/agora.xtec.cat\/ceip-sp\/wp-content\/uploads\/usu1709\/2025\/02\/PEC-definitiu.pdf\">PEC- definitiu<\/a><\/p>\n<p><a href=\"https:\/\/www.canva.com\/design\/DAGdwEhyeVs\/oBzu7Wl7iPkOHUOYNbBKbg\/view?utm_content=DAGdwEhyeVs&amp;utm_campaign=designshare&amp;utm_medium=link2&amp;utm_source=uniquelinks&amp;utlId=h72677132c1\">Presentaci\u00f3 del Projecte Educatiu de Centre (aprovaci\u00f3 20\/02\/2025)<\/a><\/td>\n<\/tr>\n<tr>\n<td style=\"width: 50%;\">Normes d&#8217;Organitzaci\u00f3 i Funcionament de Centre<\/td>\n<td style=\"width: 50%;\"><a href=\"https:\/\/agora.xtec.cat\/ceip-sp\/wp-content\/uploads\/usu1709\/2024\/04\/NOFC.pdf\">NOFC<\/a><br \/>\n<a href=\"https:\/\/agora.xtec.cat\/ceip-sp\/wp-content\/uploads\/usu1709\/2024\/04\/Desperfectes-portatil-1.pdf\">Desperfectes port\u00e0til (1)<\/a><\/td>\n<\/tr>\n<tr>\n<td style=\"width: 50%;\">Projecte de Conviv\u00e8ncia<\/td>\n<td style=\"width: 50%;\">En revisi\u00f3<\/td>\n<\/tr>\n<tr>\n<td style=\"width: 50%;\">Projecte Ling\u00fc\u00edstic de Centre<\/td>\n<td style=\"width: 50%;\"><a href=\"https:\/\/agora.xtec.cat\/ceip-sp\/wp-content\/uploads\/usu1709\/2024\/04\/PLC-2021-esc.pdf\">PLC 2021 esc<\/a><\/td>\n<\/tr>\n<tr>\n<td style=\"width: 50%;\">Pla de Tecnologies de l&#8217;Aprenentatge i la Comunicaci\u00f3<\/td>\n<td style=\"width: 50%;\"><a href=\"https:\/\/agora.xtec.cat\/ceip-sp\/wp-content\/uploads\/usu1709\/2024\/04\/PLA-TAC-Escola-Santa-Perpetua2019.pdf\">PLA TAC Escola Santa Perp\u00e8tua2019<\/a><\/td>\n<\/tr>\n<tr>\n<td style=\"width: 50%;\">Estrat\u00e8gia Digital de Centre<\/td>\n<td style=\"width: 50%;\">En redacci\u00f3<\/td>\n<\/tr>\n<\/tbody>\n<\/table>\n","protected":false},"excerpt":{"rendered":"<p>A continuaci\u00f3 es detallen els documents de gesti\u00f3 i organitzaci\u00f3 de centre de l&#8217;Escola Santa Perp\u00e8tua Projecte Educatiu de Centre PEC- definitiu Presentaci\u00f3 del Projecte Educatiu de Centre (aprovaci\u00f3 20\/02\/2025) Normes d&#8217;Organitzaci\u00f3 i Funcionament de Centre NOFC Desperfectes port\u00e0til (1) Projecte de Conviv\u00e8ncia En revisi\u00f3 Projecte Ling\u00fc\u00edstic de Centre PLC 2021 esc Pla de Tecnologies [&hellip;]<\/p>\n","protected":false},"author":1,"featured_media":0,"parent":0,"menu_order":0,"comment_status":"closed","ping_status":"closed","template":"","meta":{"_bbp_topic_count":0,"_bbp_reply_count":0,"_bbp_total_topic_count":0,"_bbp_total_reply_count":0,"_bbp_voice_count":0,"_bbp_anonymous_reply_count":0,"_bbp_topic_count_hidden":0,"_bbp_reply_count_hidden":0,"_bbp_forum_subforum_count":0,"site-sidebar-layout":"default","site-content-layout":"","ast-site-content-layout":"","site-content-style":"default","site-sidebar-style":"default","ast-global-header-display":"","ast-banner-title-visibility":"","ast-main-header-display":"","ast-hfb-above-header-display":"","ast-hfb-below-header-display":"","ast-hfb-mobile-header-display":"","site-post-title":"","ast-breadcrumbs-content":"","ast-featured-img":"","footer-sml-layout":"","theme-transparent-header-meta":"","adv-header-id-meta":"","stick-header-meta":"","header-above-stick-meta":"","header-main-stick-meta":"","header-below-stick-meta":"","astra-migrate-meta-layouts":"default","ast-page-background-enabled":"default","ast-page-background-meta":{"desktop":{"background-color":"var(--ast-global-color-4)","background-image":"","background-repeat":"repeat","background-position":"center center","background-size":"auto","background-attachment":"scroll","background-type":"","background-media":"","overlay-type":"","overlay-color":"","overlay-opacity":"","overlay-gradient":""},"tablet":{"background-color":"","background-image":"","background-repeat":"repeat","background-position":"center center","background-size":"auto","background-attachment":"scroll","background-type":"","background-media":"","overlay-type":"","overlay-color":"","overlay-opacity":"","overlay-gradient":""},"mobile":{"background-color":"","background-image":"","background-repeat":"repeat","background-position":"center center","background-size":"auto","background-attachment":"scroll","background-type":"","background-media":"","overlay-type":"","overlay-color":"","overlay-opacity":"","overlay-gradient":""}},"ast-content-background-meta":{"desktop":{"background-color":"var(--ast-global-color-5)","background-image":"","background-repeat":"repeat","background-position":"center center","background-size":"auto","background-attachment":"scroll","background-type":"","background-media":"","overlay-type":"","overlay-color":"","overlay-opacity":"","overlay-gradient":""},"tablet":{"background-color":"var(--ast-global-color-5)","background-image":"","background-repeat":"repeat","background-position":"center center","background-size":"auto","background-attachment":"scroll","background-type":"","background-media":"","overlay-type":"","overlay-color":"","overlay-opacity":"","overlay-gradient":""},"mobile":{"background-color":"var(--ast-global-color-5)","background-image":"","background-repeat":"repeat","background-position":"center center","background-size":"auto","background-attachment":"scroll","background-type":"","background-media":"","overlay-type":"","overlay-color":"","overlay-opacity":"","overlay-gradient":""}},"footnotes":""},"class_list":["post-10740","page","type-page","status-publish","hentry"],"post_mailing_queue_ids":[],"_links":{"self":[{"href":"https:\/\/agora.xtec.cat\/ceip-sp\/wp-json\/wp\/v2\/pages\/10740","targetHints":{"allow":["GET"]}}],"collection":[{"href":"https:\/\/agora.xtec.cat\/ceip-sp\/wp-json\/wp\/v2\/pages"}],"about":[{"href":"https:\/\/agora.xtec.cat\/ceip-sp\/wp-json\/wp\/v2\/types\/page"}],"author":[{"embeddable":true,"href":"https:\/\/agora.xtec.cat\/ceip-sp\/wp-json\/wp\/v2\/users\/1"}],"replies":[{"embeddable":true,"href":"https:\/\/agora.xtec.cat\/ceip-sp\/wp-json\/wp\/v2\/comments?post=10740"}],"version-history":[{"count":6,"href":"https:\/\/agora.xtec.cat\/ceip-sp\/wp-json\/wp\/v2\/pages\/10740\/revisions"}],"predecessor-version":[{"id":15730,"href":"https:\/\/agora.xtec.cat\/ceip-sp\/wp-json\/wp\/v2\/pages\/10740\/revisions\/15730"}],"wp:attachment":[{"href":"https:\/\/agora.xtec.cat\/ceip-sp\/wp-json\/wp\/v2\/media?parent=10740"}],"curies":[{"name":"wp","href":"https:\/\/api.w.org\/{rel}","templated":true}]}}