{"id":10737,"date":"2021-09-08T08:27:07","date_gmt":"2021-09-08T06:27:07","guid":{"rendered":"https:\/\/agora.xtec.cat\/ceip-sp\/?page_id=10737"},"modified":"2023-07-05T09:10:50","modified_gmt":"2023-07-05T07:10:50","slug":"material-especific-alumnat-de-primer","status":"publish","type":"page","link":"https:\/\/agora.xtec.cat\/ceip-sp\/lescola\/material-especific-alumnat-de-primer\/","title":{"rendered":"Material espec\u00edfic alumnat de prim\u00e0ria"},"content":{"rendered":"<p>El material de l&#8217;alumnat de tota l&#8217;escola \u00e9s socialitzat i es proporciona des del centre. Tot i aix\u00f2, s&#8217;ha de portar de casa:<\/p>\n<ul>\n<li>Una motxilla on c\u00e0piga una carpeta.<\/li>\n<li>L&#8217;esmorzar ha d&#8217;anar dins d&#8217;una carmanyola o b\u00e9 un boc&#8217;n&#8217;roll. <strong><em>No poden portar sucs, iogurts, ni cap aliment l\u00edquid.<\/em><\/strong><\/li>\n<li>Un estoig petit amb cremallera per a l&#8217;alumnat de 4t, 5\u00e8 i 6\u00e8 de prim\u00e0ria.<\/li>\n<li>Una ampolla d&#8217;aigua (que no sigui de vidre), plena, que tanqui b\u00e9. \u00c9s recomanable posar-hi el nom.<\/li>\n<li>Cal portar xandall i sabatilles esportives per realitzar les sessions d&#8217;Educaci\u00f3 F\u00edsica. Tamb\u00e9, \u00e9s necessari dur una tovalloleta i samarreta de recanvi.<\/li>\n<li>No es pot portar m\u00f2bils ni rellotges intel\u00b7ligents.<\/li>\n<\/ul>\n<p>&nbsp;<\/p>\n","protected":false},"excerpt":{"rendered":"<p>El material de l&#8217;alumnat de tota l&#8217;escola \u00e9s socialitzat i es proporciona des del centre. Tot i aix\u00f2, s&#8217;ha de portar de casa: Una motxilla on c\u00e0piga una carpeta. L&#8217;esmorzar ha d&#8217;anar dins d&#8217;una carmanyola o b\u00e9 un boc&#8217;n&#8217;roll. No poden portar sucs, iogurts, ni cap aliment l\u00edquid. Un estoig petit amb cremallera per a [&hellip;]<\/p>\n","protected":false},"author":1,"featured_media":0,"parent":22,"menu_order":13,"comment_status":"closed","ping_status":"closed","template":"","meta":{"_bbp_topic_count":0,"_bbp_reply_count":0,"_bbp_total_topic_count":0,"_bbp_total_reply_count":0,"_bbp_voice_count":0,"_bbp_anonymous_reply_count":0,"_bbp_topic_count_hidden":0,"_bbp_reply_count_hidden":0,"_bbp_forum_subforum_count":0,"site-sidebar-layout":"default","site-content-layout":"","ast-site-content-layout":"","site-content-style":"default","site-sidebar-style":"default","ast-global-header-display":"","ast-banner-title-visibility":"","ast-main-header-display":"","ast-hfb-above-header-display":"","ast-hfb-below-header-display":"","ast-hfb-mobile-header-display":"","site-post-title":"","ast-breadcrumbs-content":"","ast-featured-img":"","footer-sml-layout":"","theme-transparent-header-meta":"","adv-header-id-meta":"","stick-header-meta":"","header-above-stick-meta":"","header-main-stick-meta":"","header-below-stick-meta":"","astra-migrate-meta-layouts":"default","ast-page-background-enabled":"default","ast-page-background-meta":{"desktop":{"background-color":"var(--ast-global-color-4)","background-image":"","background-repeat":"repeat","background-position":"center center","background-size":"auto","background-attachment":"scroll","background-type":"","background-media":"","overlay-type":"","overlay-color":"","overlay-opacity":"","overlay-gradient":""},"tablet":{"background-color":"","background-image":"","background-repeat":"repeat","background-position":"center center","background-size":"auto","background-attachment":"scroll","background-type":"","background-media":"","overlay-type":"","overlay-color":"","overlay-opacity":"","overlay-gradient":""},"mobile":{"background-color":"","background-image":"","background-repeat":"repeat","background-position":"center center","background-size":"auto","background-attachment":"scroll","background-type":"","background-media":"","overlay-type":"","overlay-color":"","overlay-opacity":"","overlay-gradient":""}},"ast-content-background-meta":{"desktop":{"background-color":"var(--ast-global-color-5)","background-image":"","background-repeat":"repeat","background-position":"center center","background-size":"auto","background-attachment":"scroll","background-type":"","background-media":"","overlay-type":"","overlay-color":"","overlay-opacity":"","overlay-gradient":""},"tablet":{"background-color":"var(--ast-global-color-5)","background-image":"","background-repeat":"repeat","background-position":"center center","background-size":"auto","background-attachment":"scroll","background-type":"","background-media":"","overlay-type":"","overlay-color":"","overlay-opacity":"","overlay-gradient":""},"mobile":{"background-color":"var(--ast-global-color-5)","background-image":"","background-repeat":"repeat","background-position":"center center","background-size":"auto","background-attachment":"scroll","background-type":"","background-media":"","overlay-type":"","overlay-color":"","overlay-opacity":"","overlay-gradient":""}},"footnotes":""},"class_list":["post-10737","page","type-page","status-publish","hentry"],"post_mailing_queue_ids":[],"_links":{"self":[{"href":"https:\/\/agora.xtec.cat\/ceip-sp\/wp-json\/wp\/v2\/pages\/10737","targetHints":{"allow":["GET"]}}],"collection":[{"href":"https:\/\/agora.xtec.cat\/ceip-sp\/wp-json\/wp\/v2\/pages"}],"about":[{"href":"https:\/\/agora.xtec.cat\/ceip-sp\/wp-json\/wp\/v2\/types\/page"}],"author":[{"embeddable":true,"href":"https:\/\/agora.xtec.cat\/ceip-sp\/wp-json\/wp\/v2\/users\/1"}],"replies":[{"embeddable":true,"href":"https:\/\/agora.xtec.cat\/ceip-sp\/wp-json\/wp\/v2\/comments?post=10737"}],"version-history":[{"count":3,"href":"https:\/\/agora.xtec.cat\/ceip-sp\/wp-json\/wp\/v2\/pages\/10737\/revisions"}],"predecessor-version":[{"id":13808,"href":"https:\/\/agora.xtec.cat\/ceip-sp\/wp-json\/wp\/v2\/pages\/10737\/revisions\/13808"}],"up":[{"embeddable":true,"href":"https:\/\/agora.xtec.cat\/ceip-sp\/wp-json\/wp\/v2\/pages\/22"}],"wp:attachment":[{"href":"https:\/\/agora.xtec.cat\/ceip-sp\/wp-json\/wp\/v2\/media?parent=10737"}],"curies":[{"name":"wp","href":"https:\/\/api.w.org\/{rel}","templated":true}]}}