{"id":22,"date":"2014-09-18T12:19:57","date_gmt":"2014-09-18T10:19:57","guid":{"rendered":"http:\/\/agora.xtec.cat\/ceip-sjordi-santpau-subirats\/?page_id=22"},"modified":"2022-10-05T09:30:34","modified_gmt":"2022-10-05T07:30:34","slug":"lescola","status":"publish","type":"page","link":"https:\/\/agora.xtec.cat\/ceip-sjordi-santpau-subirats\/lescola\/","title":{"rendered":"L&#8217;escola"},"content":{"rendered":"<p style=\"text-align: justify;\"><span lang=\"EN-US\"><span style=\"color: #000000; font-size: medium;\">La nostra escola est\u00e0\u00a0<b>situada al poble de Sant Pau d&#8217;Ordal<\/b>, envoltada de vinyes i de pins, paisatge t\u00edpic del Pened\u00e8s. Aquest entorn tan natural fa que totes les persones que estem en aquesta escola <b>gaudim d&#8217;una tranquil\u00b7litat i harmonia que ens ajuda a tirar endavant tots els nostres prop\u00f2sits. Estem per una escola arrelada al medi:<\/b><\/span><\/span><\/p>\n<ul style=\"text-align: justify;\">\n<li><span lang=\"EN-US\"><span style=\"color: #000000; font-size: medium;\">On l&#8217;infant sigui protagonista dels seus aprenentatges.<\/span><\/span><\/li>\n<li><span lang=\"EN-US\"><span style=\"color: #000000; font-size: medium;\">Diversa i plural.<\/span><\/span><\/li>\n<li><span lang=\"EN-US\"><span style=\"color: #000000; font-size: medium;\">Que s&#8217;esfor\u00e7a perqu\u00e8 l&#8217;alumnat gaudeixi aprenent.<\/span><\/span><\/li>\n<li><span lang=\"EN-US\"><span style=\"color: #000000; font-size: medium;\">Que ens permet treballar conjuntament, fent activitats de caire divers.<\/span><\/span><\/li>\n<li><span lang=\"EN-US\"><span style=\"color: #000000; font-size: medium;\">Que vetlla per la integraci\u00f3 de tothom, fomentant el treball de grup, la solidaritat i la cooperaci\u00f3 entre totes i tots.<\/span><\/span><\/li>\n<li><span lang=\"EN-US\"><span style=\"color: #000000; font-size: medium;\">Que respecta les difer\u00e8ncies ideol\u00f2giques, f\u00edsiques, racials, culturals i religioses&#8230; essent tolerants entre nosaltres.<\/span><\/span><\/li>\n<\/ul>\n<p style=\"text-align: justify;\"><span style=\"color: #000000; font-size: medium;\"><span lang=\"EN-US\">L&#8217;escola Sant Jordi \u00e9s una escola rural. Aix\u00ed doncs, s<\/span><\/span><span style=\"color: #000000; font-size: medium;\"><span lang=\"EN-US\">om una escola arrelada al poble i aix\u00f2 ens permet crear un ambient familiar on tota la comunitat educativa es coneix. Mica en mica ens anem fent grans ara ja hi ha 111 alumnes i catorze mestres.<br \/>\n<\/span><\/span><\/p>\n<p style=\"text-align: justify;\"><strong><span style=\"color: #000000; font-size: medium;\"><span lang=\"EN-US\">Com ens agrupem?<\/span><\/span><\/strong><\/p>\n<ul style=\"text-align: justify;\">\n<li><span style=\"color: #000000; font-size: medium;\"><span lang=\"EN-US\">Una Llar d&#8217;infants municipal (0-3 anys)<\/span><\/span><\/li>\n<li><span style=\"color: #000000; font-size: medium;\"><span lang=\"EN-US\">Tres aules d&#8217;Educaci\u00f3 Infantil<\/span><\/span>\n<ul>\n<li><span style=\"color: #000000; font-size: medium;\"><span lang=\"EN-US\">Farigoles<\/span><\/span><\/li>\n<li><span style=\"color: #000000; font-size: medium;\"><span lang=\"EN-US\">Esp\u00edgols<\/span><\/span><\/li>\n<li><span style=\"color: #000000; font-size: medium;\"><span lang=\"EN-US\">Roman\u00eds<\/span><\/span><\/li>\n<\/ul>\n<\/li>\n<\/ul>\n<ul style=\"text-align: justify;\">\n<li><span style=\"color: #000000; font-size: medium;\"><span lang=\"EN-US\">Sis aules de prim\u00e0ria<\/span><\/span>\n<ul>\n<li><span style=\"color: #000000; font-size: medium;\"><span lang=\"EN-US\">Alzines i Moreres<\/span><\/span><\/li>\n<li><span style=\"color: #000000; font-size: medium;\"><span lang=\"EN-US\">Pollancres i Roures<\/span><\/span><\/li>\n<li><span style=\"color: #000000; font-size: medium;\">Oliveres i Ceps<\/span><\/li>\n<\/ul>\n<\/li>\n<\/ul>\n<p style=\"text-align: justify;\"><strong><span style=\"color: #000000; font-size: medium;\"><span lang=\"EN-US\">Com aprenem?<\/span><\/span><\/strong><\/p>\n<p style=\"text-align: justify;\"><span style=\"color: #000000; font-size: medium;\"><span lang=\"EN-US\">El nostre objectiu \u00e9s que l&#8217;alumnat aprengui de forma significativa, aix\u00f2 vol dir, que siguin protagonistes del seu aprenentatge, que entenguin el que estan fent i perqu\u00e8 els serveix. Som escola d&#8217;una l\u00ednia, per\u00f2, en la majoria d&#8217;aules, sovint, hi conviuen alumnes de diferents edats. Som molt conscients de les possibilitats d&#8217;aprenentatge i de relaci\u00f3 que ofereix el grup per aix\u00f2, fomentem el treball en equip i el de gran grup amb assemblees, sortides, festes, projectes, racons, grups cooperatius&#8230; Volem formar alumnes aut\u00f2noms i responsables, alumnes que respectin i estimin els companys, les persones que els envolten i l&#8217;entorn, que aprenguin a compartir i a conviure de manera positiva.<\/span><\/span><\/p>\n<p style=\"text-align: justify;\"><strong><span style=\"color: #000000; font-size: medium;\"><span lang=\"EN-US\">Com ens comuniquem amb les fam\u00edlies?<\/span><\/span><\/strong><\/p>\n<p style=\"text-align: justify;\"><span style=\"color: #000000; font-size: medium;\"><span lang=\"EN-US\">Trobades amb els pares i mares<\/span><\/span><\/p>\n<ul style=\"text-align: justify;\">\n<li><span style=\"color: #000000; font-size: medium;\"><span lang=\"EN-US\">Reunions generals.<\/span><\/span><\/li>\n<li><span style=\"color: #000000; font-size: medium;\"><span lang=\"EN-US\">Entrevistes individuals.<\/span><\/span><\/li>\n<li><span style=\"color: #000000; font-size: medium;\"><span lang=\"EN-US\">Reunions de classe.<\/span><\/span><\/li>\n<li><span style=\"color: #000000; font-size: medium;\"><span lang=\"EN-US\">Xerrades berenar.<\/span><\/span><\/li>\n<li><span style=\"color: #000000; font-size: medium;\"><span lang=\"EN-US\">I sempre que la fam\u00edlia necessiti parlar amb el tutor\/a del seu fill\/a o amb la direcci\u00f3 de l&#8217;escola pot sol\u00b7licitar una trobada.<\/span><\/span><\/li>\n<\/ul>\n<p style=\"text-align: justify;\"><span style=\"color: #000000; font-size: medium;\"><span lang=\"EN-US\">Participaci\u00f3 de les fam\u00edlies a l&#8217;escola<\/span><\/span><\/p>\n<ul>\n<li style=\"text-align: justify;\"><span style=\"color: #000000; font-size: medium;\"><span lang=\"EN-US\">Consell Escolar<\/span><\/span><\/li>\n<li style=\"text-align: justify;\"><span lang=\"EN-US\"><span style=\"color: #000000; font-size: medium;\">AMPA<\/span><\/span><\/li>\n<\/ul>\n","protected":false},"excerpt":{"rendered":"<p>La nostra escola est\u00e0\u00a0situada al poble de Sant Pau d&#8217;Ordal, envoltada de vinyes i de pins, paisatge t\u00edpic del Pened\u00e8s. Aquest entorn tan natural fa que totes les persones que estem en aquesta escola gaudim d&#8217;una tranquil\u00b7litat i harmonia que ens ajuda a tirar endavant&hellip;  <a href=\"https:\/\/agora.xtec.cat\/ceip-sjordi-santpau-subirats\/lescola\/\" title=\"Read L&#8217;escola\">Llegeix m\u00e9s\u00bb<\/a><\/p>\n","protected":false},"author":1,"featured_media":0,"parent":0,"menu_order":0,"comment_status":"closed","ping_status":"closed","template":"page-templates\/side-menu.php","meta":{"_bbp_topic_count":0,"_bbp_reply_count":0,"_bbp_total_topic_count":0,"_bbp_total_reply_count":0,"_bbp_voice_count":0,"_bbp_anonymous_reply_count":0,"_bbp_topic_count_hidden":0,"_bbp_reply_count_hidden":0,"_bbp_forum_subforum_count":0,"footnotes":""},"class_list":["post-22","page","type-page","status-publish","hentry"],"post_mailing_queue_ids":[],"_links":{"self":[{"href":"https:\/\/agora.xtec.cat\/ceip-sjordi-santpau-subirats\/wp-json\/wp\/v2\/pages\/22","targetHints":{"allow":["GET"]}}],"collection":[{"href":"https:\/\/agora.xtec.cat\/ceip-sjordi-santpau-subirats\/wp-json\/wp\/v2\/pages"}],"about":[{"href":"https:\/\/agora.xtec.cat\/ceip-sjordi-santpau-subirats\/wp-json\/wp\/v2\/types\/page"}],"author":[{"embeddable":true,"href":"https:\/\/agora.xtec.cat\/ceip-sjordi-santpau-subirats\/wp-json\/wp\/v2\/users\/1"}],"replies":[{"embeddable":true,"href":"https:\/\/agora.xtec.cat\/ceip-sjordi-santpau-subirats\/wp-json\/wp\/v2\/comments?post=22"}],"version-history":[{"count":3,"href":"https:\/\/agora.xtec.cat\/ceip-sjordi-santpau-subirats\/wp-json\/wp\/v2\/pages\/22\/revisions"}],"predecessor-version":[{"id":20891,"href":"https:\/\/agora.xtec.cat\/ceip-sjordi-santpau-subirats\/wp-json\/wp\/v2\/pages\/22\/revisions\/20891"}],"wp:attachment":[{"href":"https:\/\/agora.xtec.cat\/ceip-sjordi-santpau-subirats\/wp-json\/wp\/v2\/media?parent=22"}],"curies":[{"name":"wp","href":"https:\/\/api.w.org\/{rel}","templated":true}]}}