{"id":14625,"date":"2019-03-14T10:24:26","date_gmt":"2019-03-14T09:24:26","guid":{"rendered":"http:\/\/agora.xtec.cat\/ceip-sjordi-santpau-subirats\/?page_id=14625"},"modified":"2023-10-09T12:21:20","modified_gmt":"2023-10-09T10:21:20","slug":"projecte-educatiu","status":"publish","type":"page","link":"https:\/\/agora.xtec.cat\/ceip-sjordi-santpau-subirats\/lescola\/projecte-educatiu\/","title":{"rendered":"Projectes: Educatiu i Ling\u00fc\u00edstic"},"content":{"rendered":"<p><a href=\"https:\/\/drive.google.com\/file\/d\/1UoLHnS36fRwhwKw-AAu31oA3Psh-_lJW\/view?usp=sharing\" target=\"_blank\" rel=\"noopener noreferrer\"><img loading=\"lazy\" decoding=\"async\" class=\"aligncenter wp-image-17483 size-large\" src=\"https:\/\/agora.xtec.cat\/ceip-sjordi-santpau-subirats\/wp-content\/uploads\/usu693\/2020\/09\/IMG_5253_5184x3456_1024x683-1024x683.jpg\" alt=\"\" width=\"1024\" height=\"683\" srcset=\"https:\/\/agora.xtec.cat\/ceip-sjordi-santpau-subirats\/wp-content\/uploads\/usu693\/2020\/09\/IMG_5253_5184x3456_1024x683.jpg 1024w, https:\/\/agora.xtec.cat\/ceip-sjordi-santpau-subirats\/wp-content\/uploads\/usu693\/2020\/09\/IMG_5253_5184x3456_1024x683-300x200.jpg 300w, https:\/\/agora.xtec.cat\/ceip-sjordi-santpau-subirats\/wp-content\/uploads\/usu693\/2020\/09\/IMG_5253_5184x3456_1024x683-768x512.jpg 768w\" sizes=\"auto, (max-width: 1024px) 100vw, 1024px\" \/><\/a><\/p>\n<h2 style=\"text-align: center;\">PROJECTE EDUCATIU (en revisi\u00f3)<\/h2>\n<p>&nbsp;<\/p>\n<h2 style=\"text-align: center;\"><a href=\"https:\/\/agora.xtec.cat\/ceip-sjordi-santpau-subirats\/wp-content\/uploads\/usu693\/2021\/01\/Projecte-lingu\u0308i\u0301stic-de-centre..pdf\"><img loading=\"lazy\" decoding=\"async\" class=\"alignnone\" src=\"https:\/\/agora.xtec.cat\/ceip-sjordi-santpau-subirats\/wp-content\/uploads\/usu693\/2018\/09\/IMG_2332.jpg\" alt=\"\" width=\"640\" height=\"480\" \/><\/a><br \/>\nPROJECTE LING\u00dc\u00cdSTIC (en revisi\u00f3)<\/h2>\n","protected":false},"excerpt":{"rendered":"<p><a href=\"https:\/\/drive.google.com\/file\/d\/1UoLHnS36fRwhwKw-AAu31oA3Psh-_lJW\/view?usp=sharing\" target=\"_blank\" rel=\"noopener noreferrer\"><\/a><br \/>\nPROJECTE EDUCATIU (en revisi\u00f3)<br \/>\n&nbsp;<br \/>\n<a href=\"https:\/\/agora.xtec.cat\/ceip-sjordi-santpau-subirats\/wp-content\/uploads\/usu693\/2021\/01\/Projecte-lingu\u0308i\u0301stic-de-centre..pdf\"><\/a><br \/>\nPROJECTE LING\u00dc\u00cdSTIC (en revisi\u00f3)<\/p>\n","protected":false},"author":54,"featured_media":0,"parent":22,"menu_order":40,"comment_status":"closed","ping_status":"closed","template":"page-templates\/side-menu.php","meta":{"_bbp_topic_count":0,"_bbp_reply_count":0,"_bbp_total_topic_count":0,"_bbp_total_reply_count":0,"_bbp_voice_count":0,"_bbp_anonymous_reply_count":0,"_bbp_topic_count_hidden":0,"_bbp_reply_count_hidden":0,"_bbp_forum_subforum_count":0,"footnotes":""},"class_list":["post-14625","page","type-page","status-publish","hentry"],"post_mailing_queue_ids":[],"_links":{"self":[{"href":"https:\/\/agora.xtec.cat\/ceip-sjordi-santpau-subirats\/wp-json\/wp\/v2\/pages\/14625","targetHints":{"allow":["GET"]}}],"collection":[{"href":"https:\/\/agora.xtec.cat\/ceip-sjordi-santpau-subirats\/wp-json\/wp\/v2\/pages"}],"about":[{"href":"https:\/\/agora.xtec.cat\/ceip-sjordi-santpau-subirats\/wp-json\/wp\/v2\/types\/page"}],"author":[{"embeddable":true,"href":"https:\/\/agora.xtec.cat\/ceip-sjordi-santpau-subirats\/wp-json\/wp\/v2\/users\/54"}],"replies":[{"embeddable":true,"href":"https:\/\/agora.xtec.cat\/ceip-sjordi-santpau-subirats\/wp-json\/wp\/v2\/comments?post=14625"}],"version-history":[{"count":6,"href":"https:\/\/agora.xtec.cat\/ceip-sjordi-santpau-subirats\/wp-json\/wp\/v2\/pages\/14625\/revisions"}],"predecessor-version":[{"id":21335,"href":"https:\/\/agora.xtec.cat\/ceip-sjordi-santpau-subirats\/wp-json\/wp\/v2\/pages\/14625\/revisions\/21335"}],"up":[{"embeddable":true,"href":"https:\/\/agora.xtec.cat\/ceip-sjordi-santpau-subirats\/wp-json\/wp\/v2\/pages\/22"}],"wp:attachment":[{"href":"https:\/\/agora.xtec.cat\/ceip-sjordi-santpau-subirats\/wp-json\/wp\/v2\/media?parent=14625"}],"curies":[{"name":"wp","href":"https:\/\/api.w.org\/{rel}","templated":true}]}}