{"id":1364,"date":"2017-04-03T15:35:57","date_gmt":"2017-04-03T13:35:57","guid":{"rendered":"http:\/\/agora.xtec.cat\/ceip-sjordi-santpau-subirats\/?page_id=1364"},"modified":"2025-07-07T09:13:28","modified_gmt":"2025-07-07T07:13:28","slug":"calendari-escolar","status":"publish","type":"page","link":"https:\/\/agora.xtec.cat\/ceip-sjordi-santpau-subirats\/lescola\/calendari-escolar\/","title":{"rendered":"Calendari escolar"},"content":{"rendered":"<p><span style=\"font-size: medium;\"><span lang=\"CA\">El calendari d&#8217;aquest curs per a l\u2019alumnat ser\u00e0 del 8<strong> de setembre del 2025 al 19 de juny del 2026<\/strong><b>.<\/b><\/span><\/span><\/p>\n<p><span style=\"font-size: medium;\"><span lang=\"CA\">L&#8217;horari de les classes d&#8217;<b>educaci\u00f3 infantil<\/b><\/span><span lang=\"CA\"> <b>i prim\u00e0ria<\/b><\/span><span lang=\"CA\"> ser\u00e0 de 9 a 12:30\u202fh i de 15 a 16:30 h.\u00a0\u00a0<\/span><\/span><\/p>\n<hr \/>\n<ul>\n<li><strong>FESTES DE LLIURE DISPOSICI\u00d3<\/strong><\/li>\n<\/ul>\n<p><span style=\"font-size: medium;\"><span lang=\"CA\">Dilluns 3 de novembre de 2025.<\/span><\/span><\/p>\n<p>Divendres 5 de desembre de 2025.<\/p>\n<p>Dilluns 16 de febrer de 2026.<\/p>\n<p>Divendres 30 d&#8217;abril de 2026.<\/p>\n<p>Dilluns 25 de maig de 2026-<\/p>\n<p>&nbsp;<\/p>\n<ul>\n<li><strong>FESTA LOCAL<\/strong><\/li>\n<\/ul>\n<p><span style=\"font-size: medium;\"><span lang=\"CA\">Dilluns 26 de gener del 2026.<\/span><\/span><\/p>\n<p>&nbsp;<\/p>\n<ul>\n<li><strong>JORNADA INTENSIVA<\/strong><\/li>\n<\/ul>\n<p>Divendres 19 de desembre de 2025.<\/p>\n<p>Del dilluns 8 de juny al divendres 19 de juny de 2026.<\/p>\n<p>&nbsp;<\/p>\n<ul>\n<li><strong>VACANCES ESCOLARS<\/strong><\/li>\n<\/ul>\n<div>\n<p><span style=\"font-size: medium;\"><span lang=\"CA\"><b>Vacances d&#8217;hivern<\/b><\/span><span lang=\"CA\">, del 22 de desembre del 2025 al 7 de gener de 2026, ambd\u00f3s inclosos.<\/span><\/span><\/p>\n<p><span style=\"font-size: medium;\"><span lang=\"CA\"><b>Vacances de primavera<\/b><\/span><\/span><span lang=\"CA\"><span style=\"font-size: medium;\">, del 30 de mar\u00e7 al 6 d&#8217;abril de 2026, ambd\u00f3s inclosos.<\/span><\/span><\/p>\n<\/div>\n","protected":false},"excerpt":{"rendered":"<p>El calendari d&#8217;aquest curs per a l\u2019alumnat ser\u00e0 del 8 de setembre del 2025 al 19 de juny del 2026.<br \/>\nL&#8217;horari de les classes d&#8217;educaci\u00f3 infantil i prim\u00e0ria ser\u00e0 de 9 a 12:30\u202fh i de 15 a 16:30 h.\u00a0\u00a0<\/p>\n<ul>\n<li>FESTES DE LLIURE DISPOSICI\u00d3<\/li>\n<\/ul>\n<p>Dilluns 3 de novembre de&hellip;  <a href=\"https:\/\/agora.xtec.cat\/ceip-sjordi-santpau-subirats\/lescola\/calendari-escolar\/\" title=\"Read Calendari escolar\">Llegeix m\u00e9s\u00bb<\/a><\/p>\n","protected":false},"author":1,"featured_media":0,"parent":22,"menu_order":20,"comment_status":"closed","ping_status":"closed","template":"","meta":{"_bbp_topic_count":0,"_bbp_reply_count":0,"_bbp_total_topic_count":0,"_bbp_total_reply_count":0,"_bbp_voice_count":0,"_bbp_anonymous_reply_count":0,"_bbp_topic_count_hidden":0,"_bbp_reply_count_hidden":0,"_bbp_forum_subforum_count":0,"footnotes":""},"class_list":["post-1364","page","type-page","status-publish","hentry"],"post_mailing_queue_ids":[],"_links":{"self":[{"href":"https:\/\/agora.xtec.cat\/ceip-sjordi-santpau-subirats\/wp-json\/wp\/v2\/pages\/1364","targetHints":{"allow":["GET"]}}],"collection":[{"href":"https:\/\/agora.xtec.cat\/ceip-sjordi-santpau-subirats\/wp-json\/wp\/v2\/pages"}],"about":[{"href":"https:\/\/agora.xtec.cat\/ceip-sjordi-santpau-subirats\/wp-json\/wp\/v2\/types\/page"}],"author":[{"embeddable":true,"href":"https:\/\/agora.xtec.cat\/ceip-sjordi-santpau-subirats\/wp-json\/wp\/v2\/users\/1"}],"replies":[{"embeddable":true,"href":"https:\/\/agora.xtec.cat\/ceip-sjordi-santpau-subirats\/wp-json\/wp\/v2\/comments?post=1364"}],"version-history":[{"count":6,"href":"https:\/\/agora.xtec.cat\/ceip-sjordi-santpau-subirats\/wp-json\/wp\/v2\/pages\/1364\/revisions"}],"predecessor-version":[{"id":22059,"href":"https:\/\/agora.xtec.cat\/ceip-sjordi-santpau-subirats\/wp-json\/wp\/v2\/pages\/1364\/revisions\/22059"}],"up":[{"embeddable":true,"href":"https:\/\/agora.xtec.cat\/ceip-sjordi-santpau-subirats\/wp-json\/wp\/v2\/pages\/22"}],"wp:attachment":[{"href":"https:\/\/agora.xtec.cat\/ceip-sjordi-santpau-subirats\/wp-json\/wp\/v2\/media?parent=1364"}],"curies":[{"name":"wp","href":"https:\/\/api.w.org\/{rel}","templated":true}]}}