{"id":10808,"date":"2018-01-19T19:18:34","date_gmt":"2018-01-19T18:18:34","guid":{"rendered":"http:\/\/agora.xtec.cat\/ceip-sjordi-santpau-subirats\/?page_id=10808"},"modified":"2024-09-10T12:11:44","modified_gmt":"2024-09-10T10:11:44","slug":"menjador","status":"publish","type":"page","link":"https:\/\/agora.xtec.cat\/ceip-sjordi-santpau-subirats\/ampa\/menjador\/","title":{"rendered":"Menjador"},"content":{"rendered":"<p>L&#8217;AFA gestiona el menjador a trav\u00e9s de l&#8217;empresa <strong>FUNDESPLAI<\/strong>.<\/p>\n<p>Hi ha dos torns de menjador:<\/p>\n<ul>\n<li>Primer torn Educaci\u00f3 Infantil i Cicle Inicial: 12:30 a 13:30<\/li>\n<li>Segon torn Cicle Mitj\u00e0 i Cicle Superior: 13:30 a 14:30<\/li>\n<\/ul>\n<p>Les <strong>QUOTES<\/strong> de menjador<\/p>\n<ul>\n<li>Fixes: \u20ac\/dia (el rebut es gira entre el dia 1 i el 5 mes corrent)<\/li>\n<li>Espor\u00e0dics:\u00a0 \u20ac\/dia (el rebut es gira a mes ven\u00e7ut)<\/li>\n<\/ul>\n<p><strong><em>Important espor\u00e0dics: cal avisar abans de les 9:30 h. del mat\u00ed a l&#8217;App de Fundesplai o al m\u00f2bil 617 854 205 (Aida)<\/em><\/strong><\/p>\n<h5>Recordeu descarregar l&#8217;Aplicaci\u00f3 de Fundesplai tant per donar d&#8217;alta a cada nen\/a com per a visualitzar els men\u00fas de cada mes<\/h5>\n<p>&nbsp;<\/p>\n<p><strong>Comissi\u00f3 Menjador:<\/strong> B\u00e0rbara Meneses, Laia Pedrola, Nurddin i Raquel Mart\u00ed<\/p>\n","protected":false},"excerpt":{"rendered":"<p>L&#8217;AFA gestiona el menjador a trav\u00e9s de l&#8217;empresa FUNDESPLAI.<br \/>\nHi ha dos torns de menjador:<\/p>\n<ul>\n<li>Primer torn Educaci\u00f3 Infantil i Cicle Inicial: 12:30 a 13:30<\/li>\n<li>Segon torn Cicle Mitj\u00e0 i Cicle Superior: 13:30 a 14:30<\/li>\n<\/ul>\n<p>Les QUOTES de menjador<\/p>\n<ul>\n<li>Fixes: \u20ac\/dia (el rebut es gira entre el dia 1 i&hellip;  <a href=\"https:\/\/agora.xtec.cat\/ceip-sjordi-santpau-subirats\/ampa\/menjador\/\" title=\"Read Menjador\">Llegeix m\u00e9s\u00bb<\/a><br \/>\n","protected":false},"author":55,"featured_media":0,"parent":10823,"menu_order":4,"comment_status":"closed","ping_status":"closed","template":"page-templates\/side-menu.php","meta":{"_bbp_topic_count":0,"_bbp_reply_count":0,"_bbp_total_topic_count":0,"_bbp_total_reply_count":0,"_bbp_voice_count":0,"_bbp_anonymous_reply_count":0,"_bbp_topic_count_hidden":0,"_bbp_reply_count_hidden":0,"_bbp_forum_subforum_count":0,"footnotes":""},"class_list":["post-10808","page","type-page","status-publish","hentry"],"post_mailing_queue_ids":[],"_links":{"self":[{"href":"https:\/\/agora.xtec.cat\/ceip-sjordi-santpau-subirats\/wp-json\/wp\/v2\/pages\/10808","targetHints":{"allow":["GET"]}}],"collection":[{"href":"https:\/\/agora.xtec.cat\/ceip-sjordi-santpau-subirats\/wp-json\/wp\/v2\/pages"}],"about":[{"href":"https:\/\/agora.xtec.cat\/ceip-sjordi-santpau-subirats\/wp-json\/wp\/v2\/types\/page"}],"author":[{"embeddable":true,"href":"https:\/\/agora.xtec.cat\/ceip-sjordi-santpau-subirats\/wp-json\/wp\/v2\/users\/55"}],"replies":[{"embeddable":true,"href":"https:\/\/agora.xtec.cat\/ceip-sjordi-santpau-subirats\/wp-json\/wp\/v2\/comments?post=10808"}],"version-history":[{"count":8,"href":"https:\/\/agora.xtec.cat\/ceip-sjordi-santpau-subirats\/wp-json\/wp\/v2\/pages\/10808\/revisions"}],"predecessor-version":[{"id":21686,"href":"https:\/\/agora.xtec.cat\/ceip-sjordi-santpau-subirats\/wp-json\/wp\/v2\/pages\/10808\/revisions\/21686"}],"up":[{"embeddable":true,"href":"https:\/\/agora.xtec.cat\/ceip-sjordi-santpau-subirats\/wp-json\/wp\/v2\/pages\/10823"}],"wp:attachment":[{"href":"https:\/\/agora.xtec.cat\/ceip-sjordi-santpau-subirats\/wp-json\/wp\/v2\/media?parent=10808"}],"curies":[{"name":"wp","href":"https:\/\/api.w.org\/{rel}","templated":true}]}}