{"id":5779,"date":"2023-10-04T16:30:39","date_gmt":"2023-10-04T14:30:39","guid":{"rendered":"https:\/\/agora.xtec.cat\/ceip-simeo-rabasa\/?page_id=5779"},"modified":"2025-10-22T13:31:59","modified_gmt":"2025-10-22T11:31:59","slug":"horari-i-correu-atencio-families","status":"publish","type":"page","link":"https:\/\/agora.xtec.cat\/ceip-simeo-rabasa\/horari-i-correu-atencio-families\/","title":{"rendered":"Horari i correu d&#8217;atenci\u00f3 a les fam\u00edlies"},"content":{"rendered":"<table style=\"border-collapse: collapse; width: 86.0437%; height: 542px;\">\n<tbody>\n<tr style=\"height: 32px;\">\n<td style=\"width: 10.9311%; height: 32px; text-align: center;\"><strong>Curs\/<\/strong><strong>especialitats<\/strong><\/td>\n<td style=\"width: 70.5558%; height: 32px; text-align: center;\"><strong>Horari d&#8217;atenci\u00f3 fam\u00edlies\u00a0<\/strong><\/td>\n<td style=\"width: 32.2786%; height: 32px; text-align: center;\"><strong>Correu electr\u00f2nic<\/strong><\/td>\n<\/tr>\n<tr style=\"height: 46px;\">\n<td style=\"width: 10.9311%; text-align: center; height: 46px;\">Direcci\u00f3<\/td>\n<td style=\"width: 70.5558%; text-align: center; height: 46px;\">Dimecres 15h-16&#8217;30h<\/td>\n<td style=\"width: 32.2786%; text-align: center; height: 46px;\">a8020656<span class=\"atwho-query\">@xtec.cat<\/span><\/td>\n<\/tr>\n<tr style=\"height: 32px;\">\n<td style=\"width: 10.9311%; height: 32px; text-align: center;\">i3<\/td>\n<td style=\"width: 70.5558%; height: 32px; text-align: center;\">Dimarts 10h-11&#8217;30h<\/td>\n<td style=\"width: 32.2786%; height: 32px; text-align: center;\">promo2022@escolasimeorabasa.net<\/td>\n<\/tr>\n<tr style=\"height: 32px;\">\n<td style=\"width: 10.9311%; height: 32px; text-align: center;\">i4<\/td>\n<td style=\"width: 70.5558%; height: 32px; text-align: center;\">Dilluns 15h-16&#8217;30h<\/td>\n<td style=\"width: 32.2786%; height: 32px; text-align: center;\">promo2021@escolasimeorabasa.net<\/td>\n<\/tr>\n<tr style=\"height: 32px;\">\n<td style=\"width: 10.9311%; height: 32px; text-align: center;\">i5<\/td>\n<td style=\"width: 70.5558%; height: 32px; text-align: center;\">Dilluns 15h-16&#8217;30h<\/td>\n<td style=\"width: 32.2786%; height: 32px; text-align: center;\">promo2020@escolasimeorabasa.net<\/td>\n<\/tr>\n<tr style=\"height: 32px;\">\n<td style=\"width: 10.9311%; height: 32px; text-align: center;\">1r<\/td>\n<td style=\"width: 70.5558%; height: 32px; text-align: center;\">Dimarts 11h-12&#8217;30h<\/td>\n<td style=\"width: 32.2786%; height: 32px; text-align: center;\">promo2019@escolasimeorabasa.net<\/td>\n<\/tr>\n<tr style=\"height: 32px;\">\n<td style=\"width: 10.9311%; height: 32px; text-align: center;\">2n<\/td>\n<td style=\"width: 70.5558%; height: 32px; text-align: center;\">Dijous 11h-12&#8217;30h<\/td>\n<td style=\"width: 32.2786%; height: 32px; text-align: center;\">promo2018@escolasimeorabasa.net<\/td>\n<\/tr>\n<tr style=\"height: 32px;\">\n<td style=\"width: 10.9311%; height: 32px; text-align: center;\">3r<\/td>\n<td style=\"width: 70.5558%; height: 32px; text-align: center;\">Dimecres 11h-12:30h<\/td>\n<td style=\"width: 32.2786%; height: 32px; text-align: center;\">promo2017@escolasimeorabasa.net<\/td>\n<\/tr>\n<tr style=\"height: 32px;\">\n<td style=\"width: 10.9311%; height: 32px; text-align: center;\">4t<\/td>\n<td style=\"width: 70.5558%; height: 32px; text-align: center;\">Dilluns 10h-11&#8217;30h<\/td>\n<td style=\"width: 32.2786%; height: 32px; text-align: center;\">promo2016@escolasimeorabasa.net<\/td>\n<\/tr>\n<tr style=\"height: 32px;\">\n<td style=\"width: 10.9311%; height: 32px; text-align: center;\">5\u00e8<\/td>\n<td style=\"width: 70.5558%; height: 32px; text-align: center;\">Dijous 9h-10h<\/td>\n<td style=\"width: 32.2786%; height: 32px; text-align: center;\">promo2015@escolasimeorabasa.net<\/td>\n<\/tr>\n<tr style=\"height: 46px;\">\n<td style=\"width: 10.9311%; text-align: center; height: 46px;\">6\u00e8<\/td>\n<td style=\"width: 70.5558%; text-align: center; height: 46px;\">Dimarts 10h-11&#8217;30h<\/td>\n<td style=\"width: 32.2786%; text-align: center; height: 46px;\">promo2014@escolasimeorabasa.net<\/td>\n<\/tr>\n<tr style=\"height: 46px;\">\n<td style=\"width: 10.9311%; text-align: center; height: 46px;\">Angl\u00e8s<\/td>\n<td style=\"width: 70.5558%; text-align: center; height: 46px;\">Dimecres 11h- 1230h<\/td>\n<td style=\"width: 32.2786%; text-align: center; height: 46px;\">angles@escolasimeorabasa.net<\/td>\n<\/tr>\n<tr style=\"height: 46px;\">\n<td style=\"width: 10.9311%; text-align: center; height: 46px;\">Art\u00edstic (m\u00fasica i pl\u00e0stica)<\/td>\n<td style=\"width: 70.5558%; text-align: center; height: 46px;\">Dilluns 10h-11h<\/td>\n<td style=\"width: 32.2786%; text-align: center; height: 46px;\">artistic@escolasimeorabasa.net<\/td>\n<\/tr>\n<tr style=\"height: 70px;\">\n<td style=\"width: 10.9311%; text-align: center; height: 70px;\">Educaci\u00f3 f\u00edsica<\/td>\n<td style=\"width: 70.5558%; text-align: center; height: 70px;\">Divendres 15h-16&#8217;30h<\/td>\n<td style=\"width: 32.2786%; text-align: center; height: 70px;\">efisica@escolasimeorabasa.net<\/td>\n<\/tr>\n<\/tbody>\n<\/table>\n","protected":false},"excerpt":{"rendered":"<p>Curs\/especialitats Horari d&#8217;atenci\u00f3 fam\u00edlies\u00a0 Correu electr\u00f2nic Direcci\u00f3 Dimecres 15h-16&#8217;30h a8020656@xtec.cat i3 Dimarts 10h-11&#8217;30h promo2022@escolasimeorabasa.net i4 Dilluns 15h-16&#8217;30h promo2021@escolasimeorabasa.net i5 Dilluns 15h-16&#8217;30h promo2020@escolasimeorabasa.net 1r Dimarts 11h-12&#8217;30h promo2019@escolasimeorabasa.net 2n Dijous 11h-12&#8217;30h promo2018@escolasimeorabasa.net 3r Dimecres 11h-12:30h promo2017@escolasimeorabasa.net 4t Dilluns 10h-11&#8217;30h promo2016@escolasimeorabasa.net 5\u00e8 Dijous 9h-10h promo2015@escolasimeorabasa.net 6\u00e8 Dimarts 10h-11&#8217;30h promo2014@escolasimeorabasa.net Angl\u00e8s Dimecres 11h- 1230h angles@escolasimeorabasa.net Art\u00edstic (m\u00fasica i pl\u00e0stica) [&hellip;]<\/p>\n","protected":false},"author":1,"featured_media":0,"parent":0,"menu_order":0,"comment_status":"closed","ping_status":"closed","template":"","meta":{"_bbp_topic_count":0,"_bbp_reply_count":0,"_bbp_total_topic_count":0,"_bbp_total_reply_count":0,"_bbp_voice_count":0,"_bbp_anonymous_reply_count":0,"_bbp_topic_count_hidden":0,"_bbp_reply_count_hidden":0,"_bbp_forum_subforum_count":0,"site-sidebar-layout":"default","site-content-layout":"","ast-site-content-layout":"default","site-content-style":"default","site-sidebar-style":"default","ast-global-header-display":"","ast-banner-title-visibility":"","ast-main-header-display":"","ast-hfb-above-header-display":"","ast-hfb-below-header-display":"","ast-hfb-mobile-header-display":"","site-post-title":"","ast-breadcrumbs-content":"","ast-featured-img":"","footer-sml-layout":"","theme-transparent-header-meta":"default","adv-header-id-meta":"","stick-header-meta":"","header-above-stick-meta":"","header-main-stick-meta":"","header-below-stick-meta":"","astra-migrate-meta-layouts":"set","ast-page-background-enabled":"default","ast-page-background-meta":{"desktop":{"background-color":"var(--ast-global-color-4)","background-image":"","background-repeat":"repeat","background-position":"center center","background-size":"auto","background-attachment":"scroll","background-type":"","background-media":"","overlay-type":"","overlay-color":"","overlay-opacity":"","overlay-gradient":""},"tablet":{"background-color":"","background-image":"","background-repeat":"repeat","background-position":"center center","background-size":"auto","background-attachment":"scroll","background-type":"","background-media":"","overlay-type":"","overlay-color":"","overlay-opacity":"","overlay-gradient":""},"mobile":{"background-color":"","background-image":"","background-repeat":"repeat","background-position":"center center","background-size":"auto","background-attachment":"scroll","background-type":"","background-media":"","overlay-type":"","overlay-color":"","overlay-opacity":"","overlay-gradient":""}},"ast-content-background-meta":{"desktop":{"background-color":"var(--ast-global-color-5)","background-image":"","background-repeat":"repeat","background-position":"center center","background-size":"auto","background-attachment":"scroll","background-type":"","background-media":"","overlay-type":"","overlay-color":"","overlay-opacity":"","overlay-gradient":""},"tablet":{"background-color":"var(--ast-global-color-5)","background-image":"","background-repeat":"repeat","background-position":"center center","background-size":"auto","background-attachment":"scroll","background-type":"","background-media":"","overlay-type":"","overlay-color":"","overlay-opacity":"","overlay-gradient":""},"mobile":{"background-color":"var(--ast-global-color-5)","background-image":"","background-repeat":"repeat","background-position":"center center","background-size":"auto","background-attachment":"scroll","background-type":"","background-media":"","overlay-type":"","overlay-color":"","overlay-opacity":"","overlay-gradient":""}},"footnotes":""},"class_list":["post-5779","page","type-page","status-publish","hentry"],"post_mailing_queue_ids":[],"_links":{"self":[{"href":"https:\/\/agora.xtec.cat\/ceip-simeo-rabasa\/wp-json\/wp\/v2\/pages\/5779","targetHints":{"allow":["GET"]}}],"collection":[{"href":"https:\/\/agora.xtec.cat\/ceip-simeo-rabasa\/wp-json\/wp\/v2\/pages"}],"about":[{"href":"https:\/\/agora.xtec.cat\/ceip-simeo-rabasa\/wp-json\/wp\/v2\/types\/page"}],"author":[{"embeddable":true,"href":"https:\/\/agora.xtec.cat\/ceip-simeo-rabasa\/wp-json\/wp\/v2\/users\/1"}],"replies":[{"embeddable":true,"href":"https:\/\/agora.xtec.cat\/ceip-simeo-rabasa\/wp-json\/wp\/v2\/comments?post=5779"}],"version-history":[{"count":6,"href":"https:\/\/agora.xtec.cat\/ceip-simeo-rabasa\/wp-json\/wp\/v2\/pages\/5779\/revisions"}],"predecessor-version":[{"id":6974,"href":"https:\/\/agora.xtec.cat\/ceip-simeo-rabasa\/wp-json\/wp\/v2\/pages\/5779\/revisions\/6974"}],"wp:attachment":[{"href":"https:\/\/agora.xtec.cat\/ceip-simeo-rabasa\/wp-json\/wp\/v2\/media?parent=5779"}],"curies":[{"name":"wp","href":"https:\/\/api.w.org\/{rel}","templated":true}]}}