{"id":554,"date":"2017-09-10T21:53:39","date_gmt":"2017-09-10T19:53:39","guid":{"rendered":"http:\/\/agora.xtec.cat\/ceip-simeo-rabasa\/?page_id=554"},"modified":"2025-10-27T15:12:46","modified_gmt":"2025-10-27T14:12:46","slug":"informacions-de-lescola","status":"publish","type":"page","link":"https:\/\/agora.xtec.cat\/ceip-simeo-rabasa\/lescola\/informacions-de-lescola\/","title":{"rendered":"Informacions"},"content":{"rendered":"<p>Cliqueu les imatges<\/p>\n<table style=\"height: 171px; width: 42.3784%; border-style: none;\">\n<tbody>\n<tr style=\"height: 30px;\">\n<td style=\"width: 18.443%; height: 10px; border-style: none; text-align: center;\"><a href=\"https:\/\/agora.xtec.cat\/ceip-simeo-rabasa\/lescola\/informacions-de-lescola\/on-som\/\"><img loading=\"lazy\" decoding=\"async\" class=\"wp-image-3874 aligncenter\" src=\"https:\/\/agora.xtec.cat\/ceip-simeo-rabasa\/wp-content\/uploads\/usu903\/2020\/10\/ubicACIO.jpg\" alt=\"\" width=\"88\" height=\"88\" srcset=\"https:\/\/agora.xtec.cat\/ceip-simeo-rabasa\/wp-content\/uploads\/usu903\/2020\/10\/ubicACIO.jpg 225w, https:\/\/agora.xtec.cat\/ceip-simeo-rabasa\/wp-content\/uploads\/usu903\/2020\/10\/ubicACIO-150x150.jpg 150w\" sizes=\"auto, (max-width: 88px) 100vw, 88px\" \/><\/a>\n<p style=\"text-align: center;\">\u00a0<\/p>\n<\/td>\n<td style=\"width: 18.1719%; height: 10px; border-style: none; text-align: center;\"><img loading=\"lazy\" decoding=\"async\" class=\"alignnone wp-image-3880 size-full\" src=\"https:\/\/agora.xtec.cat\/ceip-simeo-rabasa\/wp-content\/uploads\/usu903\/2020\/10\/calendar1.jpg\" alt=\"\" width=\"220\" height=\"230\" \/>\n<p style=\"text-align: center;\">\u00a0<\/p>\n<\/td>\n<td style=\"width: 20.7254%; height: 10px; border-style: none; text-align: center;\"><img loading=\"lazy\" decoding=\"async\" class=\"aligncenter wp-image-3876\" src=\"https:\/\/agora.xtec.cat\/ceip-simeo-rabasa\/wp-content\/uploads\/usu903\/2020\/10\/EQUIP-DE-MESTRES.png\" alt=\"\" width=\"86\" height=\"86\" srcset=\"https:\/\/agora.xtec.cat\/ceip-simeo-rabasa\/wp-content\/uploads\/usu903\/2020\/10\/EQUIP-DE-MESTRES.png 200w, https:\/\/agora.xtec.cat\/ceip-simeo-rabasa\/wp-content\/uploads\/usu903\/2020\/10\/EQUIP-DE-MESTRES-150x150.png 150w\" sizes=\"auto, (max-width: 86px) 100vw, 86px\" \/>\n<p style=\"text-align: center;\">\u00a0<\/p>\n<\/td>\n<td style=\"width: 20.38%; border-style: none; height: 10px; text-align: center;\"><a href=\"https:\/\/agora.xtec.cat\/ceip-simeo-rabasa\/lescola\/informacions-de-lescola\/consell-escolar\/\"><img loading=\"lazy\" decoding=\"async\" class=\"aligncenter wp-image-3879 size-full\" src=\"https:\/\/agora.xtec.cat\/ceip-simeo-rabasa\/wp-content\/uploads\/usu903\/2020\/10\/consell-escolar.jpg\" alt=\"\" width=\"233\" height=\"216\" \/><\/a><\/td>\n<td style=\"width: 20.2073%; border-style: none; text-align: center; height: 10px;\"><a href=\"https:\/\/agora.xtec.cat\/ceip-simeo-rabasa\/lescola\/informacions-de-lescola\/historia\/\"><img loading=\"lazy\" decoding=\"async\" class=\"aligncenter wp-image-3878 size-full\" src=\"https:\/\/agora.xtec.cat\/ceip-simeo-rabasa\/wp-content\/uploads\/usu903\/2020\/10\/DON-VENIM.jpg\" alt=\"\" width=\"300\" height=\"168\" \/><\/a><\/td>\n<\/tr>\n<tr style=\"height: 23px;\">\n<td style=\"width: 18.443%; border-style: none; height: 23px; text-align: center;\"><a href=\"https:\/\/agora.xtec.cat\/ceip-simeo-rabasa\/lescola\/informacions-de-lescola\/on-som\/\">\u00a0On som?<\/a><\/td>\n<td style=\"width: 18.1719%; border-style: none; height: 23px; text-align: center;\"><a href=\"https:\/\/drive.google.com\/file\/d\/17uBhr047GjmxWcZOMa1GSCLC-cR0vo9R\/view?usp=sharing\">Calendari<\/a><\/td>\n<td style=\"width: 20.7254%; border-style: none; height: 23px; text-align: center;\"><a href=\"https:\/\/drive.google.com\/file\/d\/1N8glDZGu4uOZyynUAmFOdRUBMe30pUbT\/view?usp=sharing\">Equip de mestres<\/a><\/td>\n<td style=\"width: 20.38%; border-style: none; height: 23px; text-align: center;\"><a href=\"https:\/\/agora.xtec.cat\/ceip-simeo-rabasa\/lescola\/informacions-de-lescola\/consell-escolar\/\">Consell Escolar<\/a><\/td>\n<td style=\"width: 20.2073%; border-style: none; text-align: center; height: 23px;\"><a href=\"https:\/\/agora.xtec.cat\/ceip-simeo-rabasa\/lescola\/informacions-de-lescola\/historia\/\">D&#8217;on venim?<\/a><\/td>\n<\/tr>\n<tr style=\"height: 27px;\">\n<td style=\"height: 27px; border-style: none; width: 36.6149%;\" colspan=\"2\">\n<p style=\"text-align: center;\"><a href=\"https:\/\/agora.xtec.cat\/ceip-simeo-rabasa\/lescola\/informacions-de-lescola\/horaris-atencio-a-les-families\/\"><img loading=\"lazy\" decoding=\"async\" class=\"aligncenter wp-image-3877\" src=\"https:\/\/agora.xtec.cat\/ceip-simeo-rabasa\/wp-content\/uploads\/usu903\/2020\/10\/HORARI-ED.jpg\" alt=\"\" width=\"298\" height=\"84\" srcset=\"https:\/\/agora.xtec.cat\/ceip-simeo-rabasa\/wp-content\/uploads\/usu903\/2020\/10\/HORARI-ED.jpg 423w, https:\/\/agora.xtec.cat\/ceip-simeo-rabasa\/wp-content\/uploads\/usu903\/2020\/10\/HORARI-ED-300x84.jpg 300w\" sizes=\"auto, (max-width: 298px) 100vw, 298px\" \/><\/a><\/p>\n<\/td>\n<td style=\"width: 20.7254%; height: 27px; border-style: none;\"><a href=\"https:\/\/agora.xtec.cat\/ceip-simeo-rabasa\/wp-content\/uploads\/usu903\/2024\/11\/ed.jpg\"><img loading=\"lazy\" decoding=\"async\" class=\"alignnone size-full wp-image-6685\" src=\"https:\/\/agora.xtec.cat\/ceip-simeo-rabasa\/wp-content\/uploads\/usu903\/2024\/11\/ed.jpg\" alt=\"\" width=\"271\" height=\"186\" \/><\/a><\/td>\n<td style=\"width: 20.38%; border-style: none; height: 27px;\"><a href=\"https:\/\/agora.xtec.cat\/ceip-simeo-rabasa\/lescola\/informacions-de-lescola\/serveis\/\"><img loading=\"lazy\" decoding=\"async\" class=\"alignnone wp-image-3885\" src=\"https:\/\/agora.xtec.cat\/ceip-simeo-rabasa\/wp-content\/uploads\/usu903\/2020\/10\/serveis.png\" alt=\"\" width=\"81\" height=\"160\" \/><\/a><\/td>\n<td style=\"width: 20.2073%; border-style: none; height: 27px;\"><a href=\"https:\/\/agora.xtec.cat\/ceip-simeo-rabasa\/lescola\/informacions-de-lescola\/personal-dadministracio-conserge-neteja-monitorses\/\"><img loading=\"lazy\" decoding=\"async\" class=\"alignnone wp-image-3881 size-full\" src=\"https:\/\/agora.xtec.cat\/ceip-simeo-rabasa\/wp-content\/uploads\/usu903\/2020\/10\/serveis.jpg\" alt=\"\" width=\"295\" height=\"171\" \/><\/a><\/td>\n<\/tr>\n<tr style=\"height: 111px;\">\n<td style=\"width: 36.6149%; border-style: none; text-align: center; height: 111px;\" colspan=\"2\">\n<p style=\"text-align: center;\"><a href=\"https:\/\/docs.google.com\/document\/d\/1bP-dPyW54v4SNYcAwbORY7u5KSuYJguyTOIuAEFbFYs\/edit?usp=sharing\">Horari atenci\u00f3 fam\u00edlies E. D<\/a><\/p>\n<\/td>\n<td style=\"width: 20.7254%; border-style: none; text-align: center; height: 111px;\"><a href=\"https:\/\/drive.google.com\/file\/d\/1WCzI8z0LNLFx1xAwScjP2nfl3MruJs09\/view?usp=sharing\">Traject\u00f2ria professional Equip directiu<\/a><\/td>\n<td style=\"width: 20.38%; border-style: none; text-align: center; height: 111px;\"><a href=\"https:\/\/agora.xtec.cat\/ceip-simeo-rabasa\/lescola\/informacions-de-lescola\/serveis\/\">Serveis<\/a><\/td>\n<td style=\"width: 20.2073%; border-style: none; text-align: center; height: 111px;\"><a href=\"https:\/\/agora.xtec.cat\/ceip-simeo-rabasa\/lescola\/informacions-de-lescola\/personal-dadministracio-conserge-neteja-monitorses\/\">Personal PAS<\/a><\/td>\n<\/tr>\n<\/tbody>\n<\/table>\n\n\n<p><\/p>\n","protected":false},"excerpt":{"rendered":"<p>Cliqueu les imatges \u00a0 \u00a0 \u00a0 \u00a0On som? Calendari Equip de mestres Consell Escolar D&#8217;on venim? Horari atenci\u00f3 fam\u00edlies E. D Traject\u00f2ria professional Equip directiu Serveis Personal PAS<\/p>\n","protected":false},"author":1,"featured_media":0,"parent":22,"menu_order":5,"comment_status":"closed","ping_status":"closed","template":"","meta":{"_bbp_topic_count":0,"_bbp_reply_count":0,"_bbp_total_topic_count":0,"_bbp_total_reply_count":0,"_bbp_voice_count":0,"_bbp_anonymous_reply_count":0,"_bbp_topic_count_hidden":0,"_bbp_reply_count_hidden":0,"_bbp_forum_subforum_count":0,"site-sidebar-layout":"default","site-content-layout":"","ast-site-content-layout":"default","site-content-style":"default","site-sidebar-style":"default","ast-global-header-display":"","ast-banner-title-visibility":"","ast-main-header-display":"","ast-hfb-above-header-display":"","ast-hfb-below-header-display":"","ast-hfb-mobile-header-display":"","site-post-title":"","ast-breadcrumbs-content":"","ast-featured-img":"","footer-sml-layout":"","theme-transparent-header-meta":"default","adv-header-id-meta":"","stick-header-meta":"","header-above-stick-meta":"","header-main-stick-meta":"","header-below-stick-meta":"","astra-migrate-meta-layouts":"set","ast-page-background-enabled":"default","ast-page-background-meta":{"desktop":{"background-color":"var(--ast-global-color-4)","background-image":"","background-repeat":"repeat","background-position":"center center","background-size":"auto","background-attachment":"scroll","background-type":"","background-media":"","overlay-type":"","overlay-color":"","overlay-opacity":"","overlay-gradient":""},"tablet":{"background-color":"","background-image":"","background-repeat":"repeat","background-position":"center center","background-size":"auto","background-attachment":"scroll","background-type":"","background-media":"","overlay-type":"","overlay-color":"","overlay-opacity":"","overlay-gradient":""},"mobile":{"background-color":"","background-image":"","background-repeat":"repeat","background-position":"center center","background-size":"auto","background-attachment":"scroll","background-type":"","background-media":"","overlay-type":"","overlay-color":"","overlay-opacity":"","overlay-gradient":""}},"ast-content-background-meta":{"desktop":{"background-color":"var(--ast-global-color-5)","background-image":"","background-repeat":"repeat","background-position":"center center","background-size":"auto","background-attachment":"scroll","background-type":"","background-media":"","overlay-type":"","overlay-color":"","overlay-opacity":"","overlay-gradient":""},"tablet":{"background-color":"var(--ast-global-color-5)","background-image":"","background-repeat":"repeat","background-position":"center center","background-size":"auto","background-attachment":"scroll","background-type":"","background-media":"","overlay-type":"","overlay-color":"","overlay-opacity":"","overlay-gradient":""},"mobile":{"background-color":"var(--ast-global-color-5)","background-image":"","background-repeat":"repeat","background-position":"center center","background-size":"auto","background-attachment":"scroll","background-type":"","background-media":"","overlay-type":"","overlay-color":"","overlay-opacity":"","overlay-gradient":""}},"footnotes":""},"class_list":["post-554","page","type-page","status-publish","hentry"],"post_mailing_queue_ids":[],"_links":{"self":[{"href":"https:\/\/agora.xtec.cat\/ceip-simeo-rabasa\/wp-json\/wp\/v2\/pages\/554","targetHints":{"allow":["GET"]}}],"collection":[{"href":"https:\/\/agora.xtec.cat\/ceip-simeo-rabasa\/wp-json\/wp\/v2\/pages"}],"about":[{"href":"https:\/\/agora.xtec.cat\/ceip-simeo-rabasa\/wp-json\/wp\/v2\/types\/page"}],"author":[{"embeddable":true,"href":"https:\/\/agora.xtec.cat\/ceip-simeo-rabasa\/wp-json\/wp\/v2\/users\/1"}],"replies":[{"embeddable":true,"href":"https:\/\/agora.xtec.cat\/ceip-simeo-rabasa\/wp-json\/wp\/v2\/comments?post=554"}],"version-history":[{"count":6,"href":"https:\/\/agora.xtec.cat\/ceip-simeo-rabasa\/wp-json\/wp\/v2\/pages\/554\/revisions"}],"predecessor-version":[{"id":6995,"href":"https:\/\/agora.xtec.cat\/ceip-simeo-rabasa\/wp-json\/wp\/v2\/pages\/554\/revisions\/6995"}],"up":[{"embeddable":true,"href":"https:\/\/agora.xtec.cat\/ceip-simeo-rabasa\/wp-json\/wp\/v2\/pages\/22"}],"wp:attachment":[{"href":"https:\/\/agora.xtec.cat\/ceip-simeo-rabasa\/wp-json\/wp\/v2\/media?parent=554"}],"curies":[{"name":"wp","href":"https:\/\/api.w.org\/{rel}","templated":true}]}}