{"id":4202,"date":"2021-06-08T15:26:17","date_gmt":"2021-06-08T13:26:17","guid":{"rendered":"http:\/\/agora.xtec.cat\/ceip-simeo-rabasa\/?page_id=4202"},"modified":"2025-10-29T15:07:56","modified_gmt":"2025-10-29T14:07:56","slug":"transparencia","status":"publish","type":"page","link":"https:\/\/agora.xtec.cat\/ceip-simeo-rabasa\/transparencia\/","title":{"rendered":"Transpar\u00e8ncia"},"content":{"rendered":"<p><strong>Curs 2024-2025:<\/strong><\/p>\n<p><a href=\"https:\/\/drive.google.com\/file\/d\/13kjt2cxkK-yBYQryh1ysuMXbHutTm2qA\/view?usp=sharing\">Acords Consell Escolar 24-25<\/a><\/p>\n<p><a href=\"https:\/\/drive.google.com\/file\/d\/1Y5fLPWkLILBLNydFGqsbEePtGXliCg3S\/view?usp=sharing\">Compte general de rendes p\u00fabliques<\/a><\/p>\n<p><a href=\"https:\/\/drive.google.com\/file\/d\/1QHkj_a2YJ8T0EHMjECQgLyFvOfNMKpT4\/view?usp=sharing\">Compte general de despeses<\/a><\/p>\n<p><strong>Curs 2023-2024:<\/strong><\/p>\n<p><a href=\"https:\/\/drive.google.com\/file\/d\/1KK-Pt9P8VsJ0-qeL4g7n9cM5cYC3Us9J\/view?usp=sharing\">Acords Consell Escolar 23-24<\/a><\/p>\n<p><a href=\"https:\/\/drive.google.com\/file\/d\/1xyAHEc8cklSFS37FQhT8oyn_QCCbI4C-\/view?usp=sharing\">Compte general de rendes p\u00fabliques<\/a><\/p>\n<p><a href=\"https:\/\/drive.google.com\/file\/d\/12UgqvY1L_ZnKaswv6Xvn9GIyfqy3LiHj\/view?usp=sharing\">Compte general de despeses<\/a><\/p>\n<p><strong>Curs 2022-2023:<\/strong><\/p>\n<p><a href=\"https:\/\/drive.google.com\/file\/d\/1MUrmig7E_G4TZTEW7QWbrqmlpYyKgSQi\/view?usp=sharing\">Acords Consell escolar 22-23<\/a><\/p>\n<p><a href=\"https:\/\/agora.xtec.cat\/ceip-simeo-rabasa\/wp-content\/uploads\/usu903\/2023\/01\/Compte-general-de-rendes-publiques-.pdf\">Compte general de rendes p\u00fabliques<\/a><\/p>\n<p><a href=\"https:\/\/agora.xtec.cat\/ceip-simeo-rabasa\/wp-content\/uploads\/usu903\/2023\/01\/Compte-general-de-despeses-.pdf\">Compte general de despeses<\/a><\/p>\n<p><strong>Curs 2021-2022:<\/strong><\/p>\n<p><a href=\"https:\/\/drive.google.com\/file\/d\/1uyyd4qLj65y3azY5JELt6U_n6vSSzV1U\/view?usp=sharing\">Comptes curs 21-22<\/a><\/p>\n<p><a href=\"https:\/\/drive.google.com\/file\/d\/1Q4YAP6PjwQtHz92KHXMI4MV-tif5XGdF\/view?usp=sharing\">Acords Consell Escolar 21-22<\/a><\/p>\n<p><strong>Curs 2020-2021:<\/strong><\/p>\n<p><a href=\"https:\/\/drive.google.com\/file\/d\/1dkbRk6DUGZTNUvmC-s1vjyc9PI7-3yk_\/view?usp=sharing\">Comptes curs 20-21<\/a><\/p>\n<p><a href=\"https:\/\/drive.google.com\/file\/d\/1Ls6LruuJtSuk-okMvmmYz88oLqRURamU\/view?usp=sharing\">Acords Consell Escolar 20-21<\/a><\/p>\n","protected":false},"excerpt":{"rendered":"<p>Curs 2024-2025: Acords Consell Escolar 24-25 Compte general de rendes p\u00fabliques Compte general de despeses Curs 2023-2024: Acords Consell Escolar 23-24 Compte general de rendes p\u00fabliques Compte general de despeses Curs 2022-2023: Acords Consell escolar 22-23 Compte general de rendes p\u00fabliques Compte general de despeses Curs 2021-2022: Comptes curs 21-22 Acords Consell Escolar 21-22 Curs [&hellip;]<\/p>\n","protected":false},"author":1,"featured_media":0,"parent":0,"menu_order":0,"comment_status":"closed","ping_status":"closed","template":"","meta":{"_bbp_topic_count":0,"_bbp_reply_count":0,"_bbp_total_topic_count":0,"_bbp_total_reply_count":0,"_bbp_voice_count":0,"_bbp_anonymous_reply_count":0,"_bbp_topic_count_hidden":0,"_bbp_reply_count_hidden":0,"_bbp_forum_subforum_count":0,"site-sidebar-layout":"default","site-content-layout":"","ast-site-content-layout":"default","site-content-style":"default","site-sidebar-style":"default","ast-global-header-display":"","ast-banner-title-visibility":"","ast-main-header-display":"","ast-hfb-above-header-display":"","ast-hfb-below-header-display":"","ast-hfb-mobile-header-display":"","site-post-title":"","ast-breadcrumbs-content":"","ast-featured-img":"","footer-sml-layout":"","theme-transparent-header-meta":"","adv-header-id-meta":"","stick-header-meta":"","header-above-stick-meta":"","header-main-stick-meta":"","header-below-stick-meta":"","astra-migrate-meta-layouts":"set","ast-page-background-enabled":"default","ast-page-background-meta":{"desktop":{"background-color":"var(--ast-global-color-4)","background-image":"","background-repeat":"repeat","background-position":"center center","background-size":"auto","background-attachment":"scroll","background-type":"","background-media":"","overlay-type":"","overlay-color":"","overlay-opacity":"","overlay-gradient":""},"tablet":{"background-color":"","background-image":"","background-repeat":"repeat","background-position":"center center","background-size":"auto","background-attachment":"scroll","background-type":"","background-media":"","overlay-type":"","overlay-color":"","overlay-opacity":"","overlay-gradient":""},"mobile":{"background-color":"","background-image":"","background-repeat":"repeat","background-position":"center center","background-size":"auto","background-attachment":"scroll","background-type":"","background-media":"","overlay-type":"","overlay-color":"","overlay-opacity":"","overlay-gradient":""}},"ast-content-background-meta":{"desktop":{"background-color":"var(--ast-global-color-5)","background-image":"","background-repeat":"repeat","background-position":"center center","background-size":"auto","background-attachment":"scroll","background-type":"","background-media":"","overlay-type":"","overlay-color":"","overlay-opacity":"","overlay-gradient":""},"tablet":{"background-color":"var(--ast-global-color-5)","background-image":"","background-repeat":"repeat","background-position":"center center","background-size":"auto","background-attachment":"scroll","background-type":"","background-media":"","overlay-type":"","overlay-color":"","overlay-opacity":"","overlay-gradient":""},"mobile":{"background-color":"var(--ast-global-color-5)","background-image":"","background-repeat":"repeat","background-position":"center center","background-size":"auto","background-attachment":"scroll","background-type":"","background-media":"","overlay-type":"","overlay-color":"","overlay-opacity":"","overlay-gradient":""}},"footnotes":""},"class_list":["post-4202","page","type-page","status-publish","hentry"],"post_mailing_queue_ids":[],"_links":{"self":[{"href":"https:\/\/agora.xtec.cat\/ceip-simeo-rabasa\/wp-json\/wp\/v2\/pages\/4202","targetHints":{"allow":["GET"]}}],"collection":[{"href":"https:\/\/agora.xtec.cat\/ceip-simeo-rabasa\/wp-json\/wp\/v2\/pages"}],"about":[{"href":"https:\/\/agora.xtec.cat\/ceip-simeo-rabasa\/wp-json\/wp\/v2\/types\/page"}],"author":[{"embeddable":true,"href":"https:\/\/agora.xtec.cat\/ceip-simeo-rabasa\/wp-json\/wp\/v2\/users\/1"}],"replies":[{"embeddable":true,"href":"https:\/\/agora.xtec.cat\/ceip-simeo-rabasa\/wp-json\/wp\/v2\/comments?post=4202"}],"version-history":[{"count":5,"href":"https:\/\/agora.xtec.cat\/ceip-simeo-rabasa\/wp-json\/wp\/v2\/pages\/4202\/revisions"}],"predecessor-version":[{"id":6996,"href":"https:\/\/agora.xtec.cat\/ceip-simeo-rabasa\/wp-json\/wp\/v2\/pages\/4202\/revisions\/6996"}],"wp:attachment":[{"href":"https:\/\/agora.xtec.cat\/ceip-simeo-rabasa\/wp-json\/wp\/v2\/media?parent=4202"}],"curies":[{"name":"wp","href":"https:\/\/api.w.org\/{rel}","templated":true}]}}