{"id":386,"date":"2016-03-02T21:40:36","date_gmt":"2016-03-02T20:40:36","guid":{"rendered":"http:\/\/agora.xtec.cat\/ceip-simeo-rabasa\/?page_id=386"},"modified":"2024-03-05T12:15:31","modified_gmt":"2024-03-05T11:15:31","slug":"preinscripcio-matriculacio","status":"publish","type":"page","link":"https:\/\/agora.xtec.cat\/ceip-simeo-rabasa\/lescola\/preinscripcio-matriculacio\/","title":{"rendered":"Preinscripci\u00f3 i matr\u00edcula"},"content":{"rendered":"<table style=\"border-collapse: collapse; width: 71.7912%; height: 136px;\">\n<tbody>\n<tr style=\"height: 32px;\">\n<td style=\"width: 15.1529%; height: 32px; text-align: center;\"><strong>INFORMACI\u00d3 PREINSCRIPCI\u00d3 &#8211; MATR\u00edCULA<\/strong><\/td>\n<td style=\"width: 15.9386%; height: 32px; text-align: center;\"><strong>CALENDARI<\/strong><\/td>\n<td style=\"width: 26.5402%; height: 32px; text-align: center;\"><strong>INFORME OFERTA INICIAL<\/strong><\/td>\n<td style=\"width: 21.6922%; height: 32px; text-align: center;\"><strong>PORTES OBERTES<\/strong><\/td>\n<\/tr>\n<tr style=\"height: 373px;\">\n<td style=\"width: 15.1529%; height: 104px;\"><a class=\"https:\/\/preinscripcio.gencat.cat\/ca\/inici\/\" href=\"https:\/\/preinscripcio.gencat.cat\/ca\/inici\/\" target=\"_blank\" rel=\"https:\/\/preinscripcio.gencat.cat\/ca\/inici\/ noopener\"><img loading=\"lazy\" decoding=\"async\" class=\"wp-image-6171 size-full alignnone\" src=\"https:\/\/agora.xtec.cat\/ceip-simeo-rabasa\/wp-content\/uploads\/usu903\/2024\/03\/cartell-gene-e1709637153267.jpg\" alt=\"\" width=\"460\" height=\"468\" srcset=\"https:\/\/agora.xtec.cat\/ceip-simeo-rabasa\/wp-content\/uploads\/usu903\/2024\/03\/cartell-gene-e1709637153267.jpg 460w, https:\/\/agora.xtec.cat\/ceip-simeo-rabasa\/wp-content\/uploads\/usu903\/2024\/03\/cartell-gene-e1709637153267-295x300.jpg 295w\" sizes=\"auto, (max-width: 460px) 100vw, 460px\" \/><\/a><\/p>\n<p>&nbsp;<\/td>\n<td style=\"width: 15.9386%; height: 104px;\"><a href=\"https:\/\/agora.xtec.cat\/ceip-simeo-rabasa\/wp-content\/uploads\/usu903\/2024\/03\/calendari-preins.png\"><img loading=\"lazy\" decoding=\"async\" class=\"wp-image-6170 aligncenter\" src=\"https:\/\/agora.xtec.cat\/ceip-simeo-rabasa\/wp-content\/uploads\/usu903\/2024\/03\/calendari-preins.png\" alt=\"\" width=\"182\" height=\"257\" srcset=\"https:\/\/agora.xtec.cat\/ceip-simeo-rabasa\/wp-content\/uploads\/usu903\/2024\/03\/calendari-preins.png 1587w, https:\/\/agora.xtec.cat\/ceip-simeo-rabasa\/wp-content\/uploads\/usu903\/2024\/03\/calendari-preins-212x300.png 212w, https:\/\/agora.xtec.cat\/ceip-simeo-rabasa\/wp-content\/uploads\/usu903\/2024\/03\/calendari-preins-724x1024.png 724w, https:\/\/agora.xtec.cat\/ceip-simeo-rabasa\/wp-content\/uploads\/usu903\/2024\/03\/calendari-preins-768x1086.png 768w, https:\/\/agora.xtec.cat\/ceip-simeo-rabasa\/wp-content\/uploads\/usu903\/2024\/03\/calendari-preins-1086x1536.png 1086w, https:\/\/agora.xtec.cat\/ceip-simeo-rabasa\/wp-content\/uploads\/usu903\/2024\/03\/calendari-preins-1448x2048.png 1448w\" sizes=\"auto, (max-width: 182px) 100vw, 182px\" \/><\/a><\/td>\n<td style=\"width: 26.5402%; height: 104px;\"><a href=\"https:\/\/agora.xtec.cat\/ceip-simeo-rabasa\/wp-content\/uploads\/usu903\/2024\/03\/INFORME_OFERTA_OME_INFORME_OFERTA-1_page-0001-e1709637108601.jpg\"><img loading=\"lazy\" decoding=\"async\" class=\"wp-image-6174 size-full aligncenter\" src=\"https:\/\/agora.xtec.cat\/ceip-simeo-rabasa\/wp-content\/uploads\/usu903\/2024\/03\/INFORME_OFERTA_OME_INFORME_OFERTA-1_page-0001-e1709637108601.jpg\" alt=\"\" width=\"1059\" height=\"723\" srcset=\"https:\/\/agora.xtec.cat\/ceip-simeo-rabasa\/wp-content\/uploads\/usu903\/2024\/03\/INFORME_OFERTA_OME_INFORME_OFERTA-1_page-0001-e1709637108601.jpg 1059w, https:\/\/agora.xtec.cat\/ceip-simeo-rabasa\/wp-content\/uploads\/usu903\/2024\/03\/INFORME_OFERTA_OME_INFORME_OFERTA-1_page-0001-e1709637108601-300x205.jpg 300w, https:\/\/agora.xtec.cat\/ceip-simeo-rabasa\/wp-content\/uploads\/usu903\/2024\/03\/INFORME_OFERTA_OME_INFORME_OFERTA-1_page-0001-e1709637108601-1024x699.jpg 1024w, https:\/\/agora.xtec.cat\/ceip-simeo-rabasa\/wp-content\/uploads\/usu903\/2024\/03\/INFORME_OFERTA_OME_INFORME_OFERTA-1_page-0001-e1709637108601-768x524.jpg 768w\" sizes=\"auto, (max-width: 1059px) 100vw, 1059px\" \/><\/a><\/td>\n<td style=\"width: 21.6922%; height: 104px;\"><a href=\"https:\/\/agora.xtec.cat\/ceip-simeo-rabasa\/wp-content\/uploads\/usu903\/2024\/03\/portes-obertes-1-min.png\"><img loading=\"lazy\" decoding=\"async\" class=\"wp-image-6168 aligncenter\" src=\"https:\/\/agora.xtec.cat\/ceip-simeo-rabasa\/wp-content\/uploads\/usu903\/2024\/03\/portes-obertes-1-min.png\" alt=\"\" width=\"250\" height=\"176\" srcset=\"https:\/\/agora.xtec.cat\/ceip-simeo-rabasa\/wp-content\/uploads\/usu903\/2024\/03\/portes-obertes-1-min.png 2245w, https:\/\/agora.xtec.cat\/ceip-simeo-rabasa\/wp-content\/uploads\/usu903\/2024\/03\/portes-obertes-1-min-300x212.png 300w, https:\/\/agora.xtec.cat\/ceip-simeo-rabasa\/wp-content\/uploads\/usu903\/2024\/03\/portes-obertes-1-min-1024x724.png 1024w, https:\/\/agora.xtec.cat\/ceip-simeo-rabasa\/wp-content\/uploads\/usu903\/2024\/03\/portes-obertes-1-min-768x543.png 768w, https:\/\/agora.xtec.cat\/ceip-simeo-rabasa\/wp-content\/uploads\/usu903\/2024\/03\/portes-obertes-1-min-1536x1086.png 1536w, https:\/\/agora.xtec.cat\/ceip-simeo-rabasa\/wp-content\/uploads\/usu903\/2024\/03\/portes-obertes-1-min-2048x1448.png 2048w\" sizes=\"auto, (max-width: 250px) 100vw, 250px\" \/><\/a><\/td>\n<\/tr>\n<\/tbody>\n<\/table>\n<p>&nbsp;<\/p>\n<p>&nbsp;<\/p>\n<p>&nbsp;<\/p>\n<p>:<\/p>\n<p>&nbsp;<\/p>\n<p>&nbsp;<\/p>\n<p>&nbsp;<\/p>\n<p>&nbsp;<\/p>\n<p>&nbsp;<\/p>\n","protected":false},"excerpt":{"rendered":"<p>INFORMACI\u00d3 PREINSCRIPCI\u00d3 &#8211; MATR\u00edCULA CALENDARI INFORME OFERTA INICIAL PORTES OBERTES &nbsp; &nbsp; &nbsp; &nbsp; : &nbsp; &nbsp; &nbsp; &nbsp; &nbsp;<\/p>\n","protected":false},"author":1,"featured_media":0,"parent":22,"menu_order":15,"comment_status":"closed","ping_status":"closed","template":"page-templates\/side-menu.php","meta":{"_bbp_topic_count":0,"_bbp_reply_count":0,"_bbp_total_topic_count":0,"_bbp_total_reply_count":0,"_bbp_voice_count":0,"_bbp_anonymous_reply_count":0,"_bbp_topic_count_hidden":0,"_bbp_reply_count_hidden":0,"_bbp_forum_subforum_count":0,"site-sidebar-layout":"default","site-content-layout":"","ast-site-content-layout":"","site-content-style":"default","site-sidebar-style":"default","ast-global-header-display":"","ast-banner-title-visibility":"","ast-main-header-display":"","ast-hfb-above-header-display":"","ast-hfb-below-header-display":"","ast-hfb-mobile-header-display":"","site-post-title":"","ast-breadcrumbs-content":"","ast-featured-img":"","footer-sml-layout":"","theme-transparent-header-meta":"","adv-header-id-meta":"","stick-header-meta":"","header-above-stick-meta":"","header-main-stick-meta":"","header-below-stick-meta":"","astra-migrate-meta-layouts":"default","ast-page-background-enabled":"default","ast-page-background-meta":{"desktop":{"background-color":"var(--ast-global-color-4)","background-image":"","background-repeat":"repeat","background-position":"center center","background-size":"auto","background-attachment":"scroll","background-type":"","background-media":"","overlay-type":"","overlay-color":"","overlay-opacity":"","overlay-gradient":""},"tablet":{"background-color":"","background-image":"","background-repeat":"repeat","background-position":"center center","background-size":"auto","background-attachment":"scroll","background-type":"","background-media":"","overlay-type":"","overlay-color":"","overlay-opacity":"","overlay-gradient":""},"mobile":{"background-color":"","background-image":"","background-repeat":"repeat","background-position":"center center","background-size":"auto","background-attachment":"scroll","background-type":"","background-media":"","overlay-type":"","overlay-color":"","overlay-opacity":"","overlay-gradient":""}},"ast-content-background-meta":{"desktop":{"background-color":"var(--ast-global-color-5)","background-image":"","background-repeat":"repeat","background-position":"center center","background-size":"auto","background-attachment":"scroll","background-type":"","background-media":"","overlay-type":"","overlay-color":"","overlay-opacity":"","overlay-gradient":""},"tablet":{"background-color":"var(--ast-global-color-5)","background-image":"","background-repeat":"repeat","background-position":"center center","background-size":"auto","background-attachment":"scroll","background-type":"","background-media":"","overlay-type":"","overlay-color":"","overlay-opacity":"","overlay-gradient":""},"mobile":{"background-color":"var(--ast-global-color-5)","background-image":"","background-repeat":"repeat","background-position":"center center","background-size":"auto","background-attachment":"scroll","background-type":"","background-media":"","overlay-type":"","overlay-color":"","overlay-opacity":"","overlay-gradient":""}},"footnotes":""},"class_list":["post-386","page","type-page","status-publish","hentry"],"post_mailing_queue_ids":[],"_links":{"self":[{"href":"https:\/\/agora.xtec.cat\/ceip-simeo-rabasa\/wp-json\/wp\/v2\/pages\/386","targetHints":{"allow":["GET"]}}],"collection":[{"href":"https:\/\/agora.xtec.cat\/ceip-simeo-rabasa\/wp-json\/wp\/v2\/pages"}],"about":[{"href":"https:\/\/agora.xtec.cat\/ceip-simeo-rabasa\/wp-json\/wp\/v2\/types\/page"}],"author":[{"embeddable":true,"href":"https:\/\/agora.xtec.cat\/ceip-simeo-rabasa\/wp-json\/wp\/v2\/users\/1"}],"replies":[{"embeddable":true,"href":"https:\/\/agora.xtec.cat\/ceip-simeo-rabasa\/wp-json\/wp\/v2\/comments?post=386"}],"version-history":[{"count":5,"href":"https:\/\/agora.xtec.cat\/ceip-simeo-rabasa\/wp-json\/wp\/v2\/pages\/386\/revisions"}],"predecessor-version":[{"id":6179,"href":"https:\/\/agora.xtec.cat\/ceip-simeo-rabasa\/wp-json\/wp\/v2\/pages\/386\/revisions\/6179"}],"up":[{"embeddable":true,"href":"https:\/\/agora.xtec.cat\/ceip-simeo-rabasa\/wp-json\/wp\/v2\/pages\/22"}],"wp:attachment":[{"href":"https:\/\/agora.xtec.cat\/ceip-simeo-rabasa\/wp-json\/wp\/v2\/media?parent=386"}],"curies":[{"name":"wp","href":"https:\/\/api.w.org\/{rel}","templated":true}]}}