{"id":28,"date":"2016-02-21T13:52:35","date_gmt":"2016-02-21T12:52:35","guid":{"rendered":"http:\/\/agora.xtec.cat\/ceip-simeo-rabasa\/?page_id=28"},"modified":"2026-01-13T16:21:45","modified_gmt":"2026-01-13T15:21:45","slug":"consell-escolar","status":"publish","type":"page","link":"https:\/\/agora.xtec.cat\/ceip-simeo-rabasa\/lescola\/informacions-de-lescola\/consell-escolar\/","title":{"rendered":"Consell Escolar"},"content":{"rendered":"<p style=\"text-align: left;\">El consell escolar del centre \u00e9s l&#8217;<strong>\u00f2rgan col\u00b7legiat de participaci\u00f3<\/strong> de la comunitat escolar en el govern del centre. En el consell escolar hi ha representats tots els col\u00b7lectius que intervenen en la comunitat educativa: equip directiu, mestres, pares i mares, AFA, representant de l&#8217;Ajuntament i personal d&#8217;administraci\u00f3 i\/o serveis.<\/p>\n<p style=\"text-align: left;\">La funci\u00f3 principal del Consell Escolar \u00e9s participar en la presa de decisions en relaci\u00f3 amb aquells temes importants per al funcionament i l&#8217;organitzaci\u00f3 del centre: el projecte educatiu, la programaci\u00f3 general, la gesti\u00f3 econ\u00f2mica &#8230;<\/p>\n<p style=\"text-align: left;\">Els membres del consell escolar s\u00f3n elegits per un per\u00edode de quatre anys i es renoven per meitats cada dos anys.<\/p>\n<p style=\"text-align: left;\">El Consell Escolar actual de la nostra escola, constitu\u00eft el 10 de desembre de 2023, est\u00e0 format per:<\/p>\n<table style=\"height: 376px; width: 60.3248%;\">\n<tbody>\n<tr style=\"height: 82px;\">\n<td style=\"width: 41.2195%; height: 82px;\">EQUIP DIRECTIU<\/td>\n<td style=\"width: 56.8293%; height: 82px;\">Desire\u00e9 Jaria (directora),\u00a0 \u00a0 \u00a0 \u00a0 \u00a0 \u00a0 \u00a0Rut Altimira (cap d&#8217;estudis) i Carlos Gonz\u00e1lez (secretari)<\/td>\n<\/tr>\n<tr style=\"height: 53px;\">\n<td style=\"width: 41.2195%; height: 53px;\">SECTOR MESTRES<\/td>\n<td style=\"width: 56.8293%; height: 53px;\">\u00a0Rosana Montalvo, Ylenia G\u00f3mez, Geni Pastor i N\u00faria Sahuquillo.<\/td>\n<\/tr>\n<tr style=\"height: 53px;\">\n<td style=\"width: 41.2195%; height: 53px;\">SECTOR PARES\/MARES<\/td>\n<td style=\"width: 56.8293%; height: 53px;\">Luisa Exp\u00f3sito, Anna Gras, Ada Magriny\u00e0 i Lydia Ruiz<\/td>\n<\/tr>\n<tr style=\"height: 53px;\">\n<td style=\"width: 41.2195%; height: 53px;\">REPRESENTANT AFA<\/td>\n<td style=\"width: 56.8293%; height: 53px;\">Carlos Fern\u00e1ndez<\/td>\n<\/tr>\n<tr style=\"height: 82px;\">\n<td style=\"width: 41.2195%; height: 82px;\">REPRESENTANT AJUNTAMENT<\/td>\n<td style=\"width: 56.8293%; height: 82px;\">Marc Candela<\/td>\n<\/tr>\n<tr style=\"height: 53px;\">\n<td style=\"width: 41.2195%; height: 53px;\">PERSONAL NO DOCENT<\/td>\n<td style=\"width: 56.8293%; height: 53px;\">M\u00aa Jos\u00e9 Trujillo<\/td>\n<\/tr>\n<\/tbody>\n<\/table>\n","protected":false},"excerpt":{"rendered":"<p>El consell escolar del centre \u00e9s l&#8217;\u00f2rgan col\u00b7legiat de participaci\u00f3 de la comunitat escolar en el govern del centre. En el consell escolar hi ha representats tots els col\u00b7lectius que intervenen en la comunitat educativa: equip directiu, mestres, pares i mares, AFA, representant de l&#8217;Ajuntament i personal d&#8217;administraci\u00f3 i\/o serveis. La funci\u00f3 principal del Consell [&hellip;]<\/p>\n","protected":false},"author":1,"featured_media":0,"parent":554,"menu_order":13,"comment_status":"closed","ping_status":"closed","template":"","meta":{"_bbp_topic_count":0,"_bbp_reply_count":0,"_bbp_total_topic_count":0,"_bbp_total_reply_count":0,"_bbp_voice_count":0,"_bbp_anonymous_reply_count":0,"_bbp_topic_count_hidden":0,"_bbp_reply_count_hidden":0,"_bbp_forum_subforum_count":0,"site-sidebar-layout":"default","site-content-layout":"","ast-site-content-layout":"default","site-content-style":"default","site-sidebar-style":"default","ast-global-header-display":"","ast-banner-title-visibility":"","ast-main-header-display":"","ast-hfb-above-header-display":"","ast-hfb-below-header-display":"","ast-hfb-mobile-header-display":"","site-post-title":"","ast-breadcrumbs-content":"","ast-featured-img":"","footer-sml-layout":"","theme-transparent-header-meta":"default","adv-header-id-meta":"","stick-header-meta":"","header-above-stick-meta":"","header-main-stick-meta":"","header-below-stick-meta":"","astra-migrate-meta-layouts":"set","ast-page-background-enabled":"default","ast-page-background-meta":{"desktop":{"background-color":"var(--ast-global-color-4)","background-image":"","background-repeat":"repeat","background-position":"center center","background-size":"auto","background-attachment":"scroll","background-type":"","background-media":"","overlay-type":"","overlay-color":"","overlay-opacity":"","overlay-gradient":""},"tablet":{"background-color":"","background-image":"","background-repeat":"repeat","background-position":"center center","background-size":"auto","background-attachment":"scroll","background-type":"","background-media":"","overlay-type":"","overlay-color":"","overlay-opacity":"","overlay-gradient":""},"mobile":{"background-color":"","background-image":"","background-repeat":"repeat","background-position":"center center","background-size":"auto","background-attachment":"scroll","background-type":"","background-media":"","overlay-type":"","overlay-color":"","overlay-opacity":"","overlay-gradient":""}},"ast-content-background-meta":{"desktop":{"background-color":"var(--ast-global-color-5)","background-image":"","background-repeat":"repeat","background-position":"center center","background-size":"auto","background-attachment":"scroll","background-type":"","background-media":"","overlay-type":"","overlay-color":"","overlay-opacity":"","overlay-gradient":""},"tablet":{"background-color":"var(--ast-global-color-5)","background-image":"","background-repeat":"repeat","background-position":"center center","background-size":"auto","background-attachment":"scroll","background-type":"","background-media":"","overlay-type":"","overlay-color":"","overlay-opacity":"","overlay-gradient":""},"mobile":{"background-color":"var(--ast-global-color-5)","background-image":"","background-repeat":"repeat","background-position":"center center","background-size":"auto","background-attachment":"scroll","background-type":"","background-media":"","overlay-type":"","overlay-color":"","overlay-opacity":"","overlay-gradient":""}},"footnotes":""},"class_list":["post-28","page","type-page","status-publish","hentry"],"post_mailing_queue_ids":[],"_links":{"self":[{"href":"https:\/\/agora.xtec.cat\/ceip-simeo-rabasa\/wp-json\/wp\/v2\/pages\/28","targetHints":{"allow":["GET"]}}],"collection":[{"href":"https:\/\/agora.xtec.cat\/ceip-simeo-rabasa\/wp-json\/wp\/v2\/pages"}],"about":[{"href":"https:\/\/agora.xtec.cat\/ceip-simeo-rabasa\/wp-json\/wp\/v2\/types\/page"}],"author":[{"embeddable":true,"href":"https:\/\/agora.xtec.cat\/ceip-simeo-rabasa\/wp-json\/wp\/v2\/users\/1"}],"replies":[{"embeddable":true,"href":"https:\/\/agora.xtec.cat\/ceip-simeo-rabasa\/wp-json\/wp\/v2\/comments?post=28"}],"version-history":[{"count":6,"href":"https:\/\/agora.xtec.cat\/ceip-simeo-rabasa\/wp-json\/wp\/v2\/pages\/28\/revisions"}],"predecessor-version":[{"id":6999,"href":"https:\/\/agora.xtec.cat\/ceip-simeo-rabasa\/wp-json\/wp\/v2\/pages\/28\/revisions\/6999"}],"up":[{"embeddable":true,"href":"https:\/\/agora.xtec.cat\/ceip-simeo-rabasa\/wp-json\/wp\/v2\/pages\/554"}],"wp:attachment":[{"href":"https:\/\/agora.xtec.cat\/ceip-simeo-rabasa\/wp-json\/wp\/v2\/media?parent=28"}],"curies":[{"name":"wp","href":"https:\/\/api.w.org\/{rel}","templated":true}]}}