{"id":24,"date":"2016-02-21T13:41:15","date_gmt":"2016-02-21T12:41:15","guid":{"rendered":"http:\/\/agora.xtec.cat\/ceip-simeo-rabasa\/?page_id=24"},"modified":"2020-11-03T08:44:19","modified_gmt":"2020-11-03T07:44:19","slug":"on-som","status":"publish","type":"page","link":"https:\/\/agora.xtec.cat\/ceip-simeo-rabasa\/lescola\/informacions-de-lescola\/on-som\/","title":{"rendered":"On som"},"content":{"rendered":"<p style=\"color: #666666;\"><strong>Escola Sime\u00f3 Rabasa<\/strong><br \/>\nCarrer Pompeu Fabra s\/n<br \/>\n08107 &#8211; Martorelles (Barcelona)<\/p>\n<p>Tel. 935934617 \/ 659834194<br \/>\nceip-simeo-rabasa@xtec.cat<\/p>\n<p>&nbsp;<\/p>\n<p><a href=\"https:\/\/www.google.es\/maps\/place\/C+E+I+P+Sime%C3%B3+Rabasa\/@41.529625,2.2425693,17z\/data=!3m1!4b1!4m2!3m1!1s0x12a4b922964e84e7:0x9854f8fbab780cf7\" target=\"_blank\" rel=\"noopener noreferrer\">MAPA DE LOCALITZACI\u00d3<\/a><\/p>\n<p><strong>Com arribar-hi:<\/strong><\/p>\n<p><strong>Tren:<\/strong> Tren rodalies R2 direcci\u00f3 Granollers- Sant Celoni, estaci\u00f3 \u00a0Mollet-St. Fost.<br \/>\n<strong>Bus:<\/strong> l\u00ednia Santa Maria de Martorelles. Agafar autob\u00fas direcci\u00f3 Santa Maria de Martorelles i baixar a la parada supermercat Condis.<\/p>\n<p>&nbsp;<\/p>\n","protected":false},"excerpt":{"rendered":"<p>Escola Sime\u00f3 Rabasa Carrer Pompeu Fabra s\/n 08107 &#8211; Martorelles (Barcelona) Tel. 935934617 \/ 659834194 ceip-simeo-rabasa@xtec.cat &nbsp; MAPA DE LOCALITZACI\u00d3 Com arribar-hi: Tren: Tren rodalies R2 direcci\u00f3 Granollers- Sant Celoni, estaci\u00f3 \u00a0Mollet-St. Fost. Bus: l\u00ednia Santa Maria de Martorelles. Agafar autob\u00fas direcci\u00f3 Santa Maria de Martorelles i baixar a la parada supermercat Condis. &nbsp;<\/p>\n","protected":false},"author":1,"featured_media":0,"parent":554,"menu_order":5,"comment_status":"closed","ping_status":"closed","template":"page-templates\/side-menu.php","meta":{"_bbp_topic_count":0,"_bbp_reply_count":0,"_bbp_total_topic_count":0,"_bbp_total_reply_count":0,"_bbp_voice_count":0,"_bbp_anonymous_reply_count":0,"_bbp_topic_count_hidden":0,"_bbp_reply_count_hidden":0,"_bbp_forum_subforum_count":0,"site-sidebar-layout":"default","site-content-layout":"","ast-site-content-layout":"","site-content-style":"default","site-sidebar-style":"default","ast-global-header-display":"","ast-banner-title-visibility":"","ast-main-header-display":"","ast-hfb-above-header-display":"","ast-hfb-below-header-display":"","ast-hfb-mobile-header-display":"","site-post-title":"","ast-breadcrumbs-content":"","ast-featured-img":"","footer-sml-layout":"","theme-transparent-header-meta":"","adv-header-id-meta":"","stick-header-meta":"","header-above-stick-meta":"","header-main-stick-meta":"","header-below-stick-meta":"","astra-migrate-meta-layouts":"default","ast-page-background-enabled":"default","ast-page-background-meta":{"desktop":{"background-color":"var(--ast-global-color-4)","background-image":"","background-repeat":"repeat","background-position":"center center","background-size":"auto","background-attachment":"scroll","background-type":"","background-media":"","overlay-type":"","overlay-color":"","overlay-opacity":"","overlay-gradient":""},"tablet":{"background-color":"","background-image":"","background-repeat":"repeat","background-position":"center center","background-size":"auto","background-attachment":"scroll","background-type":"","background-media":"","overlay-type":"","overlay-color":"","overlay-opacity":"","overlay-gradient":""},"mobile":{"background-color":"","background-image":"","background-repeat":"repeat","background-position":"center center","background-size":"auto","background-attachment":"scroll","background-type":"","background-media":"","overlay-type":"","overlay-color":"","overlay-opacity":"","overlay-gradient":""}},"ast-content-background-meta":{"desktop":{"background-color":"var(--ast-global-color-5)","background-image":"","background-repeat":"repeat","background-position":"center center","background-size":"auto","background-attachment":"scroll","background-type":"","background-media":"","overlay-type":"","overlay-color":"","overlay-opacity":"","overlay-gradient":""},"tablet":{"background-color":"var(--ast-global-color-5)","background-image":"","background-repeat":"repeat","background-position":"center center","background-size":"auto","background-attachment":"scroll","background-type":"","background-media":"","overlay-type":"","overlay-color":"","overlay-opacity":"","overlay-gradient":""},"mobile":{"background-color":"var(--ast-global-color-5)","background-image":"","background-repeat":"repeat","background-position":"center center","background-size":"auto","background-attachment":"scroll","background-type":"","background-media":"","overlay-type":"","overlay-color":"","overlay-opacity":"","overlay-gradient":""}},"footnotes":""},"class_list":["post-24","page","type-page","status-publish","hentry"],"post_mailing_queue_ids":[],"_links":{"self":[{"href":"https:\/\/agora.xtec.cat\/ceip-simeo-rabasa\/wp-json\/wp\/v2\/pages\/24","targetHints":{"allow":["GET"]}}],"collection":[{"href":"https:\/\/agora.xtec.cat\/ceip-simeo-rabasa\/wp-json\/wp\/v2\/pages"}],"about":[{"href":"https:\/\/agora.xtec.cat\/ceip-simeo-rabasa\/wp-json\/wp\/v2\/types\/page"}],"author":[{"embeddable":true,"href":"https:\/\/agora.xtec.cat\/ceip-simeo-rabasa\/wp-json\/wp\/v2\/users\/1"}],"replies":[{"embeddable":true,"href":"https:\/\/agora.xtec.cat\/ceip-simeo-rabasa\/wp-json\/wp\/v2\/comments?post=24"}],"version-history":[{"count":4,"href":"https:\/\/agora.xtec.cat\/ceip-simeo-rabasa\/wp-json\/wp\/v2\/pages\/24\/revisions"}],"predecessor-version":[{"id":179,"href":"https:\/\/agora.xtec.cat\/ceip-simeo-rabasa\/wp-json\/wp\/v2\/pages\/24\/revisions\/179"}],"up":[{"embeddable":true,"href":"https:\/\/agora.xtec.cat\/ceip-simeo-rabasa\/wp-json\/wp\/v2\/pages\/554"}],"wp:attachment":[{"href":"https:\/\/agora.xtec.cat\/ceip-simeo-rabasa\/wp-json\/wp\/v2\/media?parent=24"}],"curies":[{"name":"wp","href":"https:\/\/api.w.org\/{rel}","templated":true}]}}